{"id":1032,"date":"2025-05-25T22:35:02","date_gmt":"2025-05-26T06:35:02","guid":{"rendered":"https:\/\/taichytomato.com\/?post_type=product&#038;p=1032"},"modified":"2026-01-12T22:41:31","modified_gmt":"2026-01-13T06:41:31","slug":"36g-tomato-paste-sachet-taichy-food","status":"publish","type":"product","link":"https:\/\/taichytomato.com\/tr\/urun\/36g-tomato-paste-sachet-taichy-food\/","title":{"rendered":"36g Domates Sal\u00e7as\u0131 Po\u015feti"},"content":{"rendered":"<h2 data-start=\"174\" data-end=\"245\">\u00c7in'de 36g Domates Sal\u00e7as\u0131 Po\u015fet Fabrikas\u0131 | OEM ve Toplu \u0130hracat Tedarik\u00e7isi<\/h2>\n<p data-start=\"247\" data-end=\"607\">The <strong data-start=\"251\" data-end=\"278\">36g domates sal\u00e7as\u0131 po\u015feti<\/strong> yo\u011fun t\u00fcketim pazarlar\u0131nda yayg\u0131n olarak kullan\u0131lan kompakt, maliyet etkin ambalaj format\u0131d\u0131r ve fiyat hassasiyeti ile porsiyon kontrol\u00fc kritik \u00f6nemdedir. Profesyonel olarak <strong data-start=\"441\" data-end=\"471\">\u00c7in domates sal\u00e7as\u0131 fabrikas\u0131<\/strong>, olarak Taichy, do\u011frudan fabrikadan <strong data-start=\"489\" data-end=\"517\">36g domates sal\u00e7as\u0131 po\u015fetleri<\/strong> \u00fcretimden do\u011frudan, toplu sipari\u015fleri destekleyerek, OEM markala\u015fma ve istikrarl\u0131 ihracat tedariki sa\u011flar.<\/p>\n<p data-start=\"609\" data-end=\"789\">Bu boyut, geleneksel perakende kanallar\u0131, a\u00e7\u0131k pazarlar ve yiyecek hizmetleri distrib\u00fct\u00f6rleri taraf\u0131ndan \u00f6zellikle tercih edilir; bu al\u0131c\u0131lar <strong data-start=\"747\" data-end=\"788\">y\u00fcksek karton yo\u011funlu\u011fu ve h\u0131zl\u0131 devir ister<\/strong>.<\/p>\n<hr data-start=\"791\" data-end=\"794\" \/>\n<h2 data-start=\"796\" data-end=\"833\">36g Domates Sal\u00e7as\u0131 Po\u015feti Nedir?<\/h2>\n<p data-start=\"835\" data-end=\"1047\">A <strong data-start=\"837\" data-end=\"864\">36g domates sal\u00e7as\u0131 po\u015feti<\/strong> tek kullan\u0131ml\u0131k veya k\u00fc\u00e7\u00fck aile mutfa\u011f\u0131 i\u00e7in tasarlanm\u0131\u015f olup, yo\u011fun domates aromas\u0131 sunan hafif ve uygun fiyatl\u0131 bir formatt\u0131r. Daha b\u00fcy\u00fck po\u015fetlere k\u0131yasla, 36g boyut \u015fu konulara odaklan\u0131r:<\/p>\n<ul data-start=\"1049\" data-end=\"1173\">\n<li data-start=\"1049\" data-end=\"1069\">\n<p data-start=\"1051\" data-end=\"1069\">Daha d\u00fc\u015f\u00fck birim fiyat\u0131<\/p>\n<\/li>\n<li data-start=\"1070\" data-end=\"1098\">\n<p data-start=\"1072\" data-end=\"1098\">G\u00fcnl\u00fck t\u00fcketimi kolayla\u015ft\u0131r\u0131r<\/p>\n<\/li>\n<li data-start=\"1099\" data-end=\"1130\">\n<p data-start=\"1101\" data-end=\"1130\">Daha y\u00fcksek tekrar sat\u0131n alma s\u0131kl\u0131\u011f\u0131<\/p>\n<\/li>\n<li data-start=\"1131\" data-end=\"1173\">\n<p data-start=\"1133\" data-end=\"1173\">Optimize edilmi\u015f kap y\u00fckleme verimlili\u011fi<\/p>\n<\/li>\n<\/ul>\n<p data-start=\"1175\" data-end=\"1288\">Distrib\u00fct\u00f6rler i\u00e7in, <strong data-start=\"1193\" data-end=\"1230\">36g domates sal\u00e7as\u0131 po\u015feti toptan<\/strong> genellikle giri\u015f seviyesi veya kitlesel pazar SKU'su olarak konumland\u0131r\u0131l\u0131r.<\/p>\n<hr data-start=\"1290\" data-end=\"1293\" \/>\n<h2 data-start=\"1295\" data-end=\"1346\">36g Domates Sal\u00e7as\u0131 Po\u015feti \u2013 \u00dcr\u00fcn \u00d6zellikleri<\/h2>\n<ul data-start=\"1348\" data-end=\"1771\">\n<li data-start=\"1348\" data-end=\"1393\">\n<p data-start=\"1350\" data-end=\"1393\"><strong data-start=\"1350\" data-end=\"1367\">\u00dcr\u00fcn Ad\u0131:<\/strong> 36g Domates Sal\u00e7as\u0131 Po\u015feti<\/p>\n<\/li>\n<li data-start=\"1394\" data-end=\"1424\">\n<p data-start=\"1396\" data-end=\"1424\"><strong data-start=\"1396\" data-end=\"1407\">Men\u015fei:<\/strong> Kuzey \u00c7in<\/p>\n<\/li>\n<li data-start=\"1425\" data-end=\"1461\">\n<p data-start=\"1427\" data-end=\"1461\"><strong data-start=\"1427\" data-end=\"1444\">Hammadde:<\/strong> Taze domatesler<\/p>\n<\/li>\n<li data-start=\"1462\" data-end=\"1519\">\n<p data-start=\"1464\" data-end=\"1519\"><strong data-start=\"1464\" data-end=\"1483\">Ambalaj Tipi:<\/strong> Po\u015fet (d\u00fcz \/ iste\u011fe ba\u011fl\u0131 ayakta durabilen)<\/p>\n<\/li>\n<li data-start=\"1520\" data-end=\"1553\">\n<p data-start=\"1522\" data-end=\"1553\"><strong data-start=\"1522\" data-end=\"1542\">\u0130\u015fleme T\u00fcr\u00fc:<\/strong> Baharatl\u0131<\/p>\n<\/li>\n<li data-start=\"1554\" data-end=\"1577\">\n<p data-start=\"1556\" data-end=\"1577\"><strong data-start=\"1556\" data-end=\"1571\">Net A\u011f\u0131rl\u0131k:<\/strong> 36g<\/p>\n<\/li>\n<li data-start=\"1578\" data-end=\"1605\">\n<p data-start=\"1580\" data-end=\"1605\"><strong data-start=\"1580\" data-end=\"1590\">Tad:<\/strong> Tatl\u0131 &amp; ek\u015fi<\/p>\n<\/li>\n<li data-start=\"1606\" data-end=\"1642\">\n<p data-start=\"1608\" data-end=\"1642\"><strong data-start=\"1608\" data-end=\"1618\">Renk:<\/strong> Parlak k\u0131rm\u0131z\u0131 \/ koyu k\u0131rm\u0131z\u0131<\/p>\n<\/li>\n<li data-start=\"1643\" data-end=\"1662\">\n<p data-start=\"1645\" data-end=\"1662\"><strong data-start=\"1645\" data-end=\"1652\">pH:<\/strong> 4.0\u20134.4<\/p>\n<\/li>\n<li data-start=\"1663\" data-end=\"1684\">\n<p data-start=\"1665\" data-end=\"1684\"><strong data-start=\"1665\" data-end=\"1679\">A\/B Oran\u0131:<\/strong> \u22652<\/p>\n<\/li>\n<li data-start=\"1685\" data-end=\"1702\">\n<p data-start=\"1687\" data-end=\"1702\"><strong data-start=\"1687\" data-end=\"1695\">HMC:<\/strong> \u226450%<\/p>\n<\/li>\n<li data-start=\"1703\" data-end=\"1732\">\n<p data-start=\"1705\" data-end=\"1732\"><strong data-start=\"1705\" data-end=\"1720\">\u0130\u015flem S\u00fcresi:<\/strong> 2\u20133 y\u0131l<\/p>\n<\/li>\n<li data-start=\"1733\" data-end=\"1771\">\n<p data-start=\"1735\" data-end=\"1771\"><strong data-start=\"1735\" data-end=\"1747\">Depolama:<\/strong> Kuru, kapal\u0131 depo<\/p>\n<\/li>\n<\/ul>\n<p data-start=\"1773\" data-end=\"1799\"><strong data-start=\"1773\" data-end=\"1799\">Brix Se\u00e7enekleri Mevcut<\/strong><\/p>\n<ul data-start=\"1800\" data-end=\"1853\">\n<li data-start=\"1800\" data-end=\"1809\">\n<p data-start=\"1802\" data-end=\"1809\">9\u201311%<\/p>\n<\/li>\n<li data-start=\"1810\" data-end=\"1820\">\n<p data-start=\"1812\" data-end=\"1820\">18\u201320%<\/p>\n<\/li>\n<li data-start=\"1821\" data-end=\"1831\">\n<p data-start=\"1823\" data-end=\"1831\">22\u201324%<\/p>\n<\/li>\n<li data-start=\"1832\" data-end=\"1842\">\n<p data-start=\"1834\" data-end=\"1842\">26\u201328%<\/p>\n<\/li>\n<li data-start=\"1843\" data-end=\"1853\">\n<p data-start=\"1845\" data-end=\"1853\">28\u201330\u00b0Brix<\/p>\n<\/li>\n<\/ul>\n<p data-start=\"1855\" data-end=\"1940\"><strong data-start=\"1855\" data-end=\"1874\">Sertifikalar:<\/strong> FDA, HACCP, ISO, QS<br data-start=\"1894\" data-end=\"1897\" \/><strong data-start=\"1897\" data-end=\"1910\">Markala\u015fma:<\/strong> OEM ve \u00f6zel etiket desteklidir<\/p>\n<hr data-start=\"1942\" data-end=\"1945\" \/>\n<h2 data-start=\"1947\" data-end=\"2010\">36g Domates Sal\u00e7as\u0131 Po\u015feti i\u00e7in Fabrika \u00dcretim Avantajlar\u0131<\/h2>\n<p data-start=\"2012\" data-end=\"2104\">Bir <strong data-start=\"2017\" data-end=\"2064\">do\u011frudan 36g domates sal\u00e7as\u0131 po\u015feti \u00fcreticisi<\/strong>, tam fabrika kontrol\u00fc alt\u0131nda \u00e7al\u0131\u015f\u0131yoruz:<\/p>\n<h3 data-start=\"2106\" data-end=\"2132\">\u00c7i\u011f Domates Se\u00e7imi<\/h3>\n<p data-start=\"2133\" data-end=\"2184\">Domatesler Kuzey \u00c7in'den tedarik edilmektedir, \u015funlar\u0131 sa\u011flar:<\/p>\n<ul data-start=\"2185\" data-end=\"2268\">\n<li data-start=\"2185\" data-end=\"2210\">\n<p data-start=\"2187\" data-end=\"2210\">Stabil \u00e7\u00f6z\u00fcnebilir kat\u0131 maddeler<\/p>\n<\/li>\n<li data-start=\"2211\" data-end=\"2239\">\n<p data-start=\"2213\" data-end=\"2239\">G\u00fc\u00e7l\u00fc do\u011fal k\u0131rm\u0131z\u0131 renk<\/p>\n<\/li>\n<li data-start=\"2240\" data-end=\"2268\">\n<p data-start=\"2242\" data-end=\"2268\">Tutarl\u0131 tat profili<\/p>\n<\/li>\n<\/ul>\n<h3 data-start=\"2270\" data-end=\"2307\">Konsantrasyon ve Kalite Kontrol\u00fc<\/h3>\n<p data-start=\"2308\" data-end=\"2373\">Kontroll\u00fc buharla\u015ft\u0131rma ve aseptik i\u015flemle \u015funlar\u0131 sa\u011fl\u0131yoruz:<\/p>\n<ul data-start=\"2374\" data-end=\"2490\">\n<li data-start=\"2374\" data-end=\"2401\">\n<p data-start=\"2376\" data-end=\"2401\">Do\u011fru Brix hedeflemesi<\/p>\n<\/li>\n<li data-start=\"2402\" data-end=\"2450\">\n<p data-start=\"2404\" data-end=\"2450\">\u0130hracat pazarlar\u0131na uygun d\u00fc\u015f\u00fck asit dengesi<\/p>\n<\/li>\n<li data-start=\"2451\" data-end=\"2490\">\n<p data-start=\"2453\" data-end=\"2490\">\u0130ste\u011fe ba\u011fl\u0131 katk\u0131s\u0131z form\u00fclasyonlar<\/p>\n<\/li>\n<\/ul>\n<h3 data-start=\"2492\" data-end=\"2525\">Y\u00fcksek Yo\u011funluklu Po\u015fet Ambalaj<\/h3>\n<p data-start=\"2526\" data-end=\"2651\">Hatlar\u0131m\u0131z optimize edilmi\u015ftir <strong data-start=\"2554\" data-end=\"2597\">36g po\u015fet domates sal\u00e7as\u0131 b\u00fcy\u00fck \u00fcretim i\u00e7in<\/strong>, verimli karton ve konteyner kullan\u0131m\u0131 sa\u011flar.<\/p>\n<hr data-start=\"2653\" data-end=\"2656\" \/>\n<h2 data-start=\"2658\" data-end=\"2719\">36g Domates Sal\u00e7as\u0131 Po\u015fetleri i\u00e7in OEM ve \u00d6zel Etiket \u00c7\u00f6z\u00fcmleri<\/h2>\n<p data-start=\"2721\" data-end=\"2864\">Sa\u011fl\u0131yoruz <strong data-start=\"2732\" data-end=\"2772\">OEM 36g domates sal\u00e7as\u0131 po\u015feti hizmetleri<\/strong> fabrika seviyesinde \u00f6zelle\u015ftirme isteyen ithalat\u00e7\u0131lar ve marka sahipleri i\u00e7in, a\u015f\u0131r\u0131 MOQ olmadan.<\/p>\n<p data-start=\"2866\" data-end=\"2891\">OEM yetenekleri \u015funlar\u0131 i\u00e7erir:<\/p>\n<ul data-start=\"2892\" data-end=\"3098\">\n<li data-start=\"2892\" data-end=\"2925\">\n<p data-start=\"2894\" data-end=\"2925\">\u00d6zel marka logosu ve tasar\u0131m\u0131<\/p>\n<\/li>\n<li data-start=\"2926\" data-end=\"2992\">\n<p data-start=\"2928\" data-end=\"2992\">\u00c7ok dilli etiketleme (\u0130ngilizce, Frans\u0131zca, Arap\u00e7a, Rus\u00e7a, vb.)<\/p>\n<\/li>\n<li data-start=\"2993\" data-end=\"3036\">\n<p data-start=\"2995\" data-end=\"3036\">Al\u00fcminyum folyo veya lamine film po\u015fetler<\/p>\n<\/li>\n<li data-start=\"3037\" data-end=\"3098\">\n<p data-start=\"3039\" data-end=\"3098\">Karton boyutu ve yap\u0131s\u0131 yerel perakende al\u0131\u015fkanl\u0131klar\u0131na g\u00f6re ayarland\u0131<\/p>\n<\/li>\n<\/ul>\n<p data-start=\"3100\" data-end=\"3244\">Bu, bizim <strong data-start=\"3115\" data-end=\"3159\">\u00c7in 36g domates sal\u00e7as\u0131 po\u015fet OEM tedariki<\/strong> Afrika, Orta Do\u011fu, G\u00fcneydo\u011fu Asya ve geli\u015fmekte olan perakende pazarlar\u0131na uygun.<\/p>\n<hr data-start=\"3246\" data-end=\"3249\" \/>\n<h2 data-start=\"3251\" data-end=\"3297\">Ambalaj Konfig\u00fcrasyonu ve Konteyner Y\u00fckleme<\/h2>\n<p data-start=\"3299\" data-end=\"3326\"><strong data-start=\"3299\" data-end=\"3326\">Standart \u0130hracat Paketi<\/strong><\/p>\n<ul data-start=\"3327\" data-end=\"3361\">\n<li data-start=\"3327\" data-end=\"3361\">\n<p data-start=\"3329\" data-end=\"3361\"><strong data-start=\"3329\" data-end=\"3359\">36g \u00d7 250 po\u015fet \/ karton<\/strong><\/p>\n<\/li>\n<\/ul>\n<p data-start=\"3363\" data-end=\"3389\">Bu konfig\u00fcrasyon \u015funlara olanak tan\u0131r:<\/p>\n<ul data-start=\"3390\" data-end=\"3505\">\n<li data-start=\"3390\" data-end=\"3425\">\n<p data-start=\"3392\" data-end=\"3425\">Konteyner ba\u015f\u0131na y\u00fcksek karton say\u0131s\u0131<\/p>\n<\/li>\n<li data-start=\"3426\" data-end=\"3457\">\n<p data-start=\"3428\" data-end=\"3457\">Birim ba\u015f\u0131na daha d\u00fc\u015f\u00fck navlun maliyeti<\/p>\n<\/li>\n<li data-start=\"3458\" data-end=\"3505\">\n<p data-start=\"3460\" data-end=\"3505\">Toptan fiyatland\u0131rmada g\u00fc\u00e7l\u00fc rekabet\u00e7ilik<\/p>\n<\/li>\n<\/ul>\n<p data-start=\"3507\" data-end=\"3629\"><strong data-start=\"3507\" data-end=\"3515\">Asgari Sipari\u015f Miktar\u0131:<\/strong> 1 \u00d7 20\u2019 FCL<br data-start=\"3527\" data-end=\"3530\" \/><strong data-start=\"3530\" data-end=\"3546\">Ticaret \u015eartlar\u0131:<\/strong> FOB \/ CFR \/ CIF \u00c7in liman\u0131<br data-start=\"3573\" data-end=\"3576\" \/>Toplu sipari\u015fler fabrika do\u011frudan maliyet kontrol\u00fcnden faydalan\u0131r.<\/p>\n<hr data-start=\"3631\" data-end=\"3634\" \/>\n<h2 data-start=\"3636\" data-end=\"3681\">36g Domates Sal\u00e7as\u0131 Po\u015feti \u0130hracat Pazarlar\u0131<\/h2>\n<p data-start=\"3683\" data-end=\"3744\">Bizim <strong data-start=\"3687\" data-end=\"3729\">36g domates sal\u00e7as\u0131 po\u015fet fabrikas\u0131 tedariki<\/strong> \u015fu yerlere sevk edilir:<\/p>\n<ul data-start=\"3746\" data-end=\"3901\">\n<li data-start=\"3746\" data-end=\"3771\">\n<p data-start=\"3748\" data-end=\"3771\">Bat\u0131 ve Orta Afrika<\/p>\n<\/li>\n<li data-start=\"3772\" data-end=\"3821\">\n<p data-start=\"3774\" data-end=\"3821\">Orta Do\u011fu toptan ve perakende distrib\u00fct\u00f6rleri<\/p>\n<\/li>\n<li data-start=\"3822\" data-end=\"3861\">\n<p data-start=\"3824\" data-end=\"3861\">G\u00fcneydo\u011fu Asya geleneksel pazarlar\u0131<\/p>\n<\/li>\n<li data-start=\"3862\" data-end=\"3901\">\n<p data-start=\"3864\" data-end=\"3901\">Se\u00e7ili BDT ve geli\u015fmekte olan b\u00f6lgeler<\/p>\n<\/li>\n<\/ul>\n<p data-start=\"3903\" data-end=\"3940\">Yerelle\u015ftirilmi\u015f ayarlamalara destek veriyoruz:<\/p>\n<ul data-start=\"3941\" data-end=\"4010\">\n<li data-start=\"3941\" data-end=\"3955\">\n<p data-start=\"3943\" data-end=\"3955\">Brix seviyesine<\/p>\n<\/li>\n<li data-start=\"3956\" data-end=\"3974\">\n<p data-start=\"3958\" data-end=\"3974\">Etiket dili<\/p>\n<\/li>\n<li data-start=\"3975\" data-end=\"4010\">\n<p data-start=\"3977\" data-end=\"4010\">Karton i\u015faretlemeleri ve d\u00fczenlemeleri<\/p>\n<\/li>\n<\/ul>\n<hr data-start=\"4012\" data-end=\"4015\" \/>\n<h2 data-start=\"4017\" data-end=\"4071\">Tek Fabrikadan Komple Po\u015fet Domates Sal\u00e7as\u0131 \u00c7e\u015fitleri<\/h2>\n<p data-start=\"4073\" data-end=\"4138\">Ek olarak <strong data-start=\"4088\" data-end=\"4115\">36g domates sal\u00e7as\u0131 po\u015feti<\/strong>, fabrikam\u0131z tedarik etmektedir:<\/p>\n<ul data-start=\"4140\" data-end=\"4299\">\n<li data-start=\"4140\" data-end=\"4186\">\n<p data-start=\"4142\" data-end=\"4186\">18g, 40g, 50g, 56g, 70g, 80g, 100g po\u015fetler<\/p>\n<\/li>\n<li data-start=\"4187\" data-end=\"4233\">\n<p data-start=\"4189\" data-end=\"4233\">18\u201320%\u2019den 28\u201330%\u2019ye kadar \u00e7e\u015fitli Brix seviyeleri<\/p>\n<\/li>\n<li data-start=\"4234\" data-end=\"4299\">\n<p data-start=\"4236\" data-end=\"4299\">Maliyet odakl\u0131 pazarlar i\u00e7in d\u00fcz po\u015fet (ayakta durmayan) formatlar\u0131<\/p>\n<\/li>\n<\/ul>\n<p data-start=\"4301\" data-end=\"4394\">Bu, ithalat\u00e7\u0131lar\u0131n birden fazla SKU'yu birle\u015ftirmesini sa\u011flar <strong data-start=\"4358\" data-end=\"4393\">tek \u00c7in domates sal\u00e7as\u0131 tedarik\u00e7isi ile<\/strong>.<\/p>\n<hr data-start=\"4396\" data-end=\"4399\" \/>\n<h2 data-start=\"4401\" data-end=\"4460\">\u0130thalat\u00e7\u0131lar Neden 36g Domates Sal\u00e7as\u0131 Po\u015fetleri \u0130\u00e7in Taichy'yi Se\u00e7iyor?<\/h2>\n<ul data-start=\"4462\" data-end=\"4786\">\n<li data-start=\"4462\" data-end=\"4540\">\n<p data-start=\"4464\" data-end=\"4540\">Daha fazla <strong data-start=\"4474\" data-end=\"4538\">10 y\u0131ll\u0131k domates sal\u00e7as\u0131 \u00fcretim ve ihracat tecr\u00fcbesi<\/strong><\/p>\n<\/li>\n<li data-start=\"4541\" data-end=\"4606\">\n<p data-start=\"4543\" data-end=\"4606\">\u0130stikrarl\u0131 hammadde tedariki ve mevsimsel \u00fcretim planlamas\u0131<\/p>\n<\/li>\n<li data-start=\"4607\" data-end=\"4664\">\n<p data-start=\"4609\" data-end=\"4664\">Distrib\u00fct\u00f6r ihtiya\u00e7lar\u0131na g\u00f6re uyarlanm\u0131\u015f pratik OEM \u00e7\u00f6z\u00fcmleri<\/p>\n<\/li>\n<li data-start=\"4665\" data-end=\"4729\">\n<p data-start=\"4667\" data-end=\"4729\">G\u00fcvenilir teslimat programlar\u0131 ile rekabet\u00e7i fabrika fiyatland\u0131rmas\u0131<\/p>\n<\/li>\n<li data-start=\"4730\" data-end=\"4786\">\n<p data-start=\"4732\" data-end=\"4786\">\u0130\u00e7indeki al\u0131c\u0131larla uzun vadeli i\u015fbirli\u011fi <strong data-start=\"4769\" data-end=\"4786\">30+ \u00fclke<\/strong><\/p>\n<\/li>\n<\/ul>\n<p data-start=\"4788\" data-end=\"4937\">Ar\u0131yorsan\u0131z <strong data-start=\"4815\" data-end=\"4869\">\u00c7in'de g\u00fcvenilir 36g domates sal\u00e7as\u0131 po\u015feti tedarik\u00e7isi<\/strong>, Taichy tutarl\u0131l\u0131k, esneklik ve fabrika d\u00fczeyinde destek sunar.<\/p>\n<hr data-start=\"4939\" data-end=\"4942\" \/>\n<h2 data-start=\"4944\" data-end=\"4978\">Sorgulama ve Toplu Sat\u0131\u015f \u0130\u015fbirli\u011fi<\/h2>\n<p data-start=\"4980\" data-end=\"5091\">\u0130\u00e7in <strong data-start=\"4984\" data-end=\"5023\">36g domates sal\u00e7as\u0131 po\u015feti toplu sipari\u015fleri<\/strong>, OEM markalama veya ihracat fiyat teklifleri i\u00e7in l\u00fctfen sat\u0131\u015f ekibimizle ileti\u015fime ge\u00e7in.<\/p>\n<p data-start=\"5093\" data-end=\"5258\">Domates sal\u00e7as\u0131 i\u015finizi verimli bir \u015fekilde ba\u015flatman\u0131za veya geni\u015fletmenize yard\u0131mc\u0131 olmak i\u00e7in spesifikasyonlar, konteyner y\u00fckleme planlar\u0131 ve numune deste\u011fi sa\u011fl\u0131yoruz - do\u011frudan fabrikadan.<\/p>","protected":false},"excerpt":{"rendered":"<p>Brix:18-20%,22-24%,26-28%,28-30%<br \/>\nPaslanmaz\/strese kar\u015f\u0131 dayan\u0131kl\u0131\/nem ge\u00e7irmez teneke kutu Kapa\u011f\u0131<br \/>\nMarka: Tasar\u0131m veya OEM<br \/>\nMinimum Miktar: 1X20ft<br \/>\nTeslimat Detay\u0131: Depozito veya akreditif al\u0131nd\u0131ktan sonra 30-35 g\u00fcn i\u00e7inde. En h\u0131zl\u0131 g\u00f6nderim.<br \/>\nHs Kodu:2002901100<\/p>","protected":false},"featured_media":3298,"template":"","meta":{"_acf_changed":false,"_seopress_robots_primary_cat":"none","_seopress_titles_title":"36g Tomato Paste Sachet-Taichy food","_seopress_titles_desc":"36g tomato paste sachet with 9\u201330% Brix options. Ideal for families and food service. OEM, FDA, HACCP, ISO, QS certified. Clean, rich, natural flavor","_seopress_robots_index":"","site-sidebar-layout":"default","site-content-layout":"","ast-site-content-layout":"default","site-content-style":"default","site-sidebar-style":"default","ast-global-header-display":"","ast-banner-title-visibility":"","ast-main-header-display":"","ast-hfb-above-header-display":"","ast-hfb-below-header-display":"","ast-hfb-mobile-header-display":"","site-post-title":"","ast-breadcrumbs-content":"","ast-featured-img":"","footer-sml-layout":"","ast-disable-related-posts":"","theme-transparent-header-meta":"default","adv-header-id-meta":"","stick-header-meta":"","header-above-stick-meta":"","header-main-stick-meta":"","header-below-stick-meta":"","astra-migrate-meta-layouts":"set","ast-page-background-enabled":"default","ast-page-background-meta":{"desktop":{"background-color":"var(--ast-global-color-5)","background-image":"","background-repeat":"repeat","background-position":"center center","background-size":"auto","background-attachment":"scroll","background-type":"","background-media":"","overlay-type":"","overlay-color":"","overlay-opacity":"","overlay-gradient":""},"tablet":{"background-color":"","background-image":"","background-repeat":"repeat","background-position":"center center","background-size":"auto","background-attachment":"scroll","background-type":"","background-media":"","overlay-type":"","overlay-color":"","overlay-opacity":"","overlay-gradient":""},"mobile":{"background-color":"","background-image":"","background-repeat":"repeat","background-position":"center center","background-size":"auto","background-attachment":"scroll","background-type":"","background-media":"","overlay-type":"","overlay-color":"","overlay-opacity":"","overlay-gradient":""}},"ast-content-background-meta":{"desktop":{"background-color":"var(--ast-global-color-4)","background-image":"","background-repeat":"repeat","background-position":"center center","background-size":"auto","background-attachment":"scroll","background-type":"","background-media":"","overlay-type":"","overlay-color":"","overlay-opacity":"","overlay-gradient":""},"tablet":{"background-color":"var(--ast-global-color-4)","background-image":"","background-repeat":"repeat","background-position":"center center","background-size":"auto","background-attachment":"scroll","background-type":"","background-media":"","overlay-type":"","overlay-color":"","overlay-opacity":"","overlay-gradient":""},"mobile":{"background-color":"var(--ast-global-color-4)","background-image":"","background-repeat":"repeat","background-position":"center center","background-size":"auto","background-attachment":"scroll","background-type":"","background-media":"","overlay-type":"","overlay-color":"","overlay-opacity":"","overlay-gradient":""}}},"product_brand":[],"product_cat":[97],"product_tag":[196,166],"class_list":{"0":"post-1032","1":"product","2":"type-product","3":"status-publish","4":"has-post-thumbnail","6":"product_cat-tomato-paste-in-sachet","7":"product_tag-36g-tomato-paste-sachet","8":"product_tag-tomato-paste-sachet","9":"desktop-align-left","10":"tablet-align-left","11":"mobile-align-left","13":"first","14":"instock","15":"sale","16":"shipping-taxable","17":"purchasable","18":"product-type-simple"},"acf":[],"_links":{"self":[{"href":"https:\/\/taichytomato.com\/tr\/wp-json\/wp\/v2\/product\/1032","targetHints":{"allow":["GET"]}}],"collection":[{"href":"https:\/\/taichytomato.com\/tr\/wp-json\/wp\/v2\/product"}],"about":[{"href":"https:\/\/taichytomato.com\/tr\/wp-json\/wp\/v2\/types\/product"}],"version-history":[{"count":0,"href":"https:\/\/taichytomato.com\/tr\/wp-json\/wp\/v2\/product\/1032\/revisions"}],"wp:featuredmedia":[{"embeddable":true,"href":"https:\/\/taichytomato.com\/tr\/wp-json\/wp\/v2\/media\/3298"}],"wp:attachment":[{"href":"https:\/\/taichytomato.com\/tr\/wp-json\/wp\/v2\/media?parent=1032"}],"wp:term":[{"taxonomy":"product_brand","embeddable":true,"href":"https:\/\/taichytomato.com\/tr\/wp-json\/wp\/v2\/product_brand?post=1032"},{"taxonomy":"product_cat","embeddable":true,"href":"https:\/\/taichytomato.com\/tr\/wp-json\/wp\/v2\/product_cat?post=1032"},{"taxonomy":"product_tag","embeddable":true,"href":"https:\/\/taichytomato.com\/tr\/wp-json\/wp\/v2\/product_tag?post=1032"}],"curies":[{"name":"wp","href":"https:\/\/api.w.org\/{rel}","templated":true}]}}