{"id":1026,"date":"2025-05-25T20:23:49","date_gmt":"2025-05-26T04:23:49","guid":{"rendered":"https:\/\/taichytomato.com\/?post_type=product&#038;p=1026"},"modified":"2026-01-12T22:07:34","modified_gmt":"2026-01-13T06:07:34","slug":"40g-tomato-paste-sachet-taichy-food","status":"publish","type":"product","link":"https:\/\/taichytomato.com\/tr\/urun\/40g-tomato-paste-sachet-taichy-food\/","title":{"rendered":"40g Domates Sal\u00e7as\u0131 Po\u015feti"},"content":{"rendered":"<h2 data-start=\"161\" data-end=\"233\">40g Domates Sal\u00e7as\u0131 Po\u015feti \u00dcreticisi | \u00c7in Fabrikas\u0131 OEM ve Toplu Tedarik<\/h2>\n<p data-start=\"235\" data-end=\"609\">The <strong data-start=\"239\" data-end=\"266\">40g domates sal\u00e7as\u0131 po\u015feti<\/strong> y\u00fcksek devirli, k\u00fc\u00e7\u00fck porsiyonlu domates sal\u00e7as\u0131 format\u0131d\u0131r ve maliyet duyarl\u0131 perakende pazarlar\u0131 ile g\u0131da hizmeti da\u011f\u0131t\u0131m\u0131 i\u00e7in tasarlanm\u0131\u015ft\u0131r. Profesyonel olarak <strong data-start=\"412\" data-end=\"442\">\u00c7in domates sal\u00e7as\u0131 fabrikas\u0131<\/strong>, olarak Taichy, do\u011frudan fabrikadan <strong data-start=\"460\" data-end=\"487\">40g po\u015fet domates sal\u00e7as\u0131<\/strong> do\u011frudan \u00fcreticiden, istikrarl\u0131 kalite, \u00e7oklu Brix se\u00e7enekleri ve esnek OEM\/\u00f6zel etiket \u00e7\u00f6z\u00fcmleri sunar.<\/p>\n<p data-start=\"611\" data-end=\"751\">Bu paket boyutu, ithalat\u00e7\u0131lar\u0131n tercih etti\u011fi geni\u015f \u00e7apta se\u00e7ilir <strong data-start=\"668\" data-end=\"688\">h\u0131zla sat\u0131lan SKU'lar<\/strong>, verimli konteyner y\u00fckleme ve rekabet\u00e7i fabrika fiyatland\u0131rmas\u0131.<\/p>\n<hr data-start=\"753\" data-end=\"756\" \/>\n<h2 data-start=\"758\" data-end=\"813\">40g Domates Sal\u00e7as\u0131 Po\u015feti neden Pop\u00fcler Bir Tercihtir?<\/h2>\n<p data-start=\"815\" data-end=\"963\">Daha b\u00fcy\u00fck po\u015fetlerle kar\u015f\u0131la\u015ft\u0131r\u0131ld\u0131\u011f\u0131nda, <strong data-start=\"849\" data-end=\"876\">40g domates sal\u00e7as\u0131 po\u015feti<\/strong> odaklan\u0131r <strong data-start=\"888\" data-end=\"927\">uygun fiyatl\u0131l\u0131k ve tek \u00f6\u011f\u00fcn kullan\u0131m\u0131na<\/strong>, \u00f6zellikle uygun hale getirir:<\/p>\n<ul data-start=\"965\" data-end=\"1158\">\n<li data-start=\"965\" data-end=\"992\">\n<p data-start=\"967\" data-end=\"992\">G\u00fcnl\u00fck ev yemekleri pi\u015firme<\/p>\n<\/li>\n<li data-start=\"993\" data-end=\"1030\">\n<p data-start=\"995\" data-end=\"1030\">Sokak yemekleri ve paket servis mutfaklar\u0131<\/p>\n<\/li>\n<li data-start=\"1031\" data-end=\"1081\">\n<p data-start=\"1033\" data-end=\"1081\">Porsiyon kontrol\u00fc ihtiyac\u0131 olan catering operasyonlar\u0131<\/p>\n<\/li>\n<li data-start=\"1082\" data-end=\"1120\">\n<p data-start=\"1084\" data-end=\"1120\">Market ve a\u00e7\u0131k pazar perakendecili\u011fi<\/p>\n<\/li>\n<li data-start=\"1121\" data-end=\"1158\">\n<p data-start=\"1123\" data-end=\"1158\">Acil durum g\u0131das\u0131 ve seyahat erzaklar\u0131<\/p>\n<\/li>\n<\/ul>\n<p data-start=\"1160\" data-end=\"1271\">Distrib\u00fct\u00f6rler i\u00e7in, <strong data-start=\"1178\" data-end=\"1206\">40g domates sal\u00e7as\u0131 po\u015fetleri<\/strong> y\u00fcksek devir h\u0131z\u0131 ve g\u00fc\u00e7l\u00fc tekrar sat\u0131n alma davran\u0131\u015f\u0131 sa\u011flar.<\/p>\n<hr data-start=\"1273\" data-end=\"1276\" \/>\n<h2 data-start=\"1278\" data-end=\"1331\">40g Domates Sal\u00e7as\u0131 Po\u015feti \u2013 Teknik \u00d6zellikler<\/h2>\n<p data-start=\"1333\" data-end=\"1362\"><strong data-start=\"1333\" data-end=\"1362\">Temel \u00dcr\u00fcn Bilgileri<\/strong><\/p>\n<ul data-start=\"1364\" data-end=\"1794\">\n<li data-start=\"1364\" data-end=\"1409\">\n<p data-start=\"1366\" data-end=\"1409\"><strong data-start=\"1366\" data-end=\"1383\">\u00dcr\u00fcn Ad\u0131:<\/strong> 40g Domates Sal\u00e7as\u0131 Po\u015feti<\/p>\n<\/li>\n<li data-start=\"1410\" data-end=\"1440\">\n<p data-start=\"1412\" data-end=\"1440\"><strong data-start=\"1412\" data-end=\"1423\">Men\u015fei:<\/strong> Kuzey \u00c7in<\/p>\n<\/li>\n<li data-start=\"1441\" data-end=\"1477\">\n<p data-start=\"1443\" data-end=\"1477\"><strong data-start=\"1443\" data-end=\"1460\">Hammadde:<\/strong> Taze domatesler<\/p>\n<\/li>\n<li data-start=\"1478\" data-end=\"1533\">\n<p data-start=\"1480\" data-end=\"1533\"><strong data-start=\"1480\" data-end=\"1499\">Ambalaj Tipi:<\/strong> Po\u015fet (d\u00fcz veya ayakta durabilen torba)<\/p>\n<\/li>\n<li data-start=\"1534\" data-end=\"1562\">\n<p data-start=\"1536\" data-end=\"1562\"><strong data-start=\"1536\" data-end=\"1551\">\u0130\u015flem:<\/strong> Baharatl\u0131<\/p>\n<\/li>\n<li data-start=\"1563\" data-end=\"1586\">\n<p data-start=\"1565\" data-end=\"1586\"><strong data-start=\"1565\" data-end=\"1580\">Net A\u011f\u0131rl\u0131k:<\/strong> 40g<\/p>\n<\/li>\n<li data-start=\"1587\" data-end=\"1622\">\n<p data-start=\"1589\" data-end=\"1622\"><strong data-start=\"1589\" data-end=\"1607\">Lezzet Profili:<\/strong> Tatl\u0131 &amp; ek\u015fi<\/p>\n<\/li>\n<li data-start=\"1623\" data-end=\"1659\">\n<p data-start=\"1625\" data-end=\"1659\"><strong data-start=\"1625\" data-end=\"1635\">Renk:<\/strong> Parlak k\u0131rm\u0131z\u0131 \/ koyu k\u0131rm\u0131z\u0131<\/p>\n<\/li>\n<li data-start=\"1660\" data-end=\"1685\">\n<p data-start=\"1662\" data-end=\"1685\"><strong data-start=\"1662\" data-end=\"1675\">pH Aral\u0131\u011f\u0131:<\/strong> 4.0\u20134.4<\/p>\n<\/li>\n<li data-start=\"1686\" data-end=\"1707\">\n<p data-start=\"1688\" data-end=\"1707\"><strong data-start=\"1688\" data-end=\"1702\">A\/B Oran\u0131:<\/strong> \u22652<\/p>\n<\/li>\n<li data-start=\"1708\" data-end=\"1725\">\n<p data-start=\"1710\" data-end=\"1725\"><strong data-start=\"1710\" data-end=\"1718\">HMC:<\/strong> \u226450%<\/p>\n<\/li>\n<li data-start=\"1726\" data-end=\"1755\">\n<p data-start=\"1728\" data-end=\"1755\"><strong data-start=\"1728\" data-end=\"1743\">\u0130\u015flem S\u00fcresi:<\/strong> 2\u20133 y\u0131l<\/p>\n<\/li>\n<li data-start=\"1756\" data-end=\"1794\">\n<p data-start=\"1758\" data-end=\"1794\"><strong data-start=\"1758\" data-end=\"1770\">Depolama:<\/strong> Kuru, kapal\u0131 depo<\/p>\n<\/li>\n<\/ul>\n<p data-start=\"1796\" data-end=\"1821\"><strong data-start=\"1796\" data-end=\"1821\">Mevcut Brix Seviyeleri<\/strong><\/p>\n<ul data-start=\"1823\" data-end=\"1876\">\n<li data-start=\"1823\" data-end=\"1832\">\n<p data-start=\"1825\" data-end=\"1832\">9\u201311%<\/p>\n<\/li>\n<li data-start=\"1833\" data-end=\"1843\">\n<p data-start=\"1835\" data-end=\"1843\">18\u201320%<\/p>\n<\/li>\n<li data-start=\"1844\" data-end=\"1854\">\n<p data-start=\"1846\" data-end=\"1854\">22\u201324%<\/p>\n<\/li>\n<li data-start=\"1855\" data-end=\"1865\">\n<p data-start=\"1857\" data-end=\"1865\">26\u201328%<\/p>\n<\/li>\n<li data-start=\"1866\" data-end=\"1876\">\n<p data-start=\"1868\" data-end=\"1876\">28\u201330\u00b0Brix<\/p>\n<\/li>\n<\/ul>\n<p data-start=\"1878\" data-end=\"1963\"><strong data-start=\"1878\" data-end=\"1897\">Sertifikalar:<\/strong> FDA, HACCP, ISO, QS<br data-start=\"1917\" data-end=\"1920\" \/><strong data-start=\"1920\" data-end=\"1933\">Markala\u015fma:<\/strong> OEM \/ \u00f6zel etiket desteklenir<\/p>\n<hr data-start=\"1965\" data-end=\"1968\" \/>\n<h2 data-start=\"1970\" data-end=\"2028\">40g Po\u015fet Domates Sal\u00e7as\u0131 Fabrika Seviyesi Avantajlar\u0131m\u0131z<\/h2>\n<p data-start=\"2030\" data-end=\"2129\">Bir <strong data-start=\"2035\" data-end=\"2082\">do\u011frudan 40g domates sal\u00e7as\u0131 po\u015feti \u00fcreticisi<\/strong>, t\u00fcm \u00fcretim zincirini kendi b\u00fcnyemizde y\u00f6netiyoruz.<\/p>\n<h3 data-start=\"2131\" data-end=\"2156\">Ham Domates Temini<\/h3>\n<p data-start=\"2157\" data-end=\"2311\">Domatesler, uzun g\u00fcne\u015f \u0131\u015f\u0131\u011f\u0131 saatleri ve y\u00fcksek do\u011fal kat\u0131 i\u00e7erik ile bilinen Kuzey \u00c7in\u2019den temin edilir, g\u00fc\u00e7l\u00fc renk ve stabil Brix performans\u0131 sa\u011flar.<\/p>\n<h3 data-start=\"2313\" data-end=\"2353\">Kontroll\u00fc Konsantrasyon ve Doldurma<\/h3>\n<p data-start=\"2354\" data-end=\"2412\">Kesin buharla\u015ft\u0131rma ve aseptik dolum sistemleri garanti eder:<\/p>\n<ul data-start=\"2413\" data-end=\"2516\">\n<li data-start=\"2413\" data-end=\"2441\">\n<p data-start=\"2415\" data-end=\"2441\">Tutarl\u0131 konsantrasyon<\/p>\n<\/li>\n<li data-start=\"2442\" data-end=\"2457\">\n<p data-start=\"2444\" data-end=\"2457\">D\u00fc\u015f\u00fck asitlik<\/p>\n<\/li>\n<li data-start=\"2458\" data-end=\"2476\">\n<p data-start=\"2460\" data-end=\"2476\">P\u00fcr\u00fczs\u00fcz doku<\/p>\n<\/li>\n<li data-start=\"2477\" data-end=\"2516\">\n<p data-start=\"2479\" data-end=\"2516\">\u0130ste\u011fe ba\u011fl\u0131 katk\u0131s\u0131z form\u00fclasyonlar<\/p>\n<\/li>\n<\/ul>\n<h3 data-start=\"2518\" data-end=\"2554\">Y\u00fcksek Verimli Po\u015fet Paketleme<\/h3>\n<p data-start=\"2555\" data-end=\"2684\">\u00dcretim hatlar\u0131m\u0131z b\u00fcy\u00fck hacimli destekler <strong data-start=\"2597\" data-end=\"2634\">40g po\u015fet domates sal\u00e7as\u0131 paketleme<\/strong>, toplu ihracat sipari\u015fleri i\u00e7in g\u00fcvenilir \u00e7\u0131kt\u0131 sa\u011flar.<\/p>\n<hr data-start=\"2686\" data-end=\"2689\" \/>\n<h2 data-start=\"2691\" data-end=\"2752\">40g Domates Sal\u00e7as\u0131 Po\u015fetleri i\u00e7in OEM ve \u00d6zel Marka \u00c7\u00f6z\u00fcmleri<\/h2>\n<p data-start=\"2754\" data-end=\"2878\">Destekliyoruz <strong data-start=\"2765\" data-end=\"2807\">OEM 40g domates sal\u00e7as\u0131 po\u015feti \u00fcretimi<\/strong> fabrika seviyesinde \u00f6zelle\u015ftirme arayan distrib\u00fct\u00f6rler ve marka sahipleri i\u00e7in.<\/p>\n<p data-start=\"2880\" data-end=\"2910\">\u00d6zelle\u015ftirme se\u00e7enekleri \u015funlar\u0131 i\u00e7erir:<\/p>\n<ul data-start=\"2911\" data-end=\"3099\">\n<li data-start=\"2911\" data-end=\"2940\">\n<p data-start=\"2913\" data-end=\"2940\">Logo ve tasar\u0131m bask\u0131s\u0131<\/p>\n<\/li>\n<li data-start=\"2941\" data-end=\"3005\">\n<p data-start=\"2943\" data-end=\"3005\">\u00c7ok dilli etiketler (\u0130ngilizce, Frans\u0131zca, Arap\u00e7a, Rus\u00e7a, vb.)<\/p>\n<\/li>\n<li data-start=\"3006\" data-end=\"3049\">\n<p data-start=\"3008\" data-end=\"3049\">Al\u00fcminyum folyo veya lamine film po\u015fetler<\/p>\n<\/li>\n<li data-start=\"3050\" data-end=\"3099\">\n<p data-start=\"3052\" data-end=\"3099\">Karton d\u00fczeni yerel perakende al\u0131\u015fkanl\u0131klar\u0131na g\u00f6re ayarland\u0131<\/p>\n<\/li>\n<\/ul>\n<p data-start=\"3101\" data-end=\"3234\">Bu, bizim <strong data-start=\"3116\" data-end=\"3161\">\u00c7in 40g domates sal\u00e7as\u0131 po\u015fet OEM hizmeti<\/strong> Afrika, Orta Do\u011fu, G\u00fcneydo\u011fu Asya ve geli\u015fmekte olan pazarlar i\u00e7in idealdir.<\/p>\n<hr data-start=\"3236\" data-end=\"3239\" \/>\n<h2 data-start=\"3241\" data-end=\"3286\">Ambalaj Formatlar\u0131 ve \u0130hracat Y\u00fckleme Se\u00e7enekleri<\/h2>\n<p data-start=\"3288\" data-end=\"3328\">Standart paketleme konfig\u00fcrasyonlar\u0131 \u015funlar\u0131 i\u00e7erir:<\/p>\n<ul data-start=\"3329\" data-end=\"3403\">\n<li data-start=\"3329\" data-end=\"3362\">\n<p data-start=\"3331\" data-end=\"3362\"><strong data-start=\"3331\" data-end=\"3360\">40g \u00d7 70 po\u015fet \/ karton<\/strong><\/p>\n<\/li>\n<li data-start=\"3363\" data-end=\"3403\">\n<p data-start=\"3365\" data-end=\"3403\"><strong data-start=\"3365\" data-end=\"3401\">40g \u00d7 70 po\u015fet \u00d7 6 i\u00e7 kutu<\/strong><\/p>\n<\/li>\n<\/ul>\n<p data-start=\"3405\" data-end=\"3511\">D\u00fcz po\u015fet ve ayakta durabilen torba formatlar\u0131, konumland\u0131rma ve maliyet gereksinimlerine g\u00f6re her ikisi de mevcuttur.<\/p>\n<figure id=\"attachment_1004\" aria-describedby=\"caption-attachment-1004\" style=\"width: 225px\" class=\"wp-caption aligncenter\"><img decoding=\"async\" class=\"size-full wp-image-1004\" src=\"https:\/\/taichytomato.com\/wp-content\/uploads\/2025\/05\/images-17-e1749626934778.jpeg\" alt=\"Po\u015fet-Domates-Sal\u00e7as\u0131-OEM-Markalar\" width=\"225\" height=\"194\" \/><figcaption id=\"caption-attachment-1004\" class=\"wp-caption-text\">Po\u015fet-Domates-Sal\u00e7as\u0131-OEM-Markalar<\/figcaption><\/figure>\n<p data-start=\"3513\" data-end=\"3641\"><strong data-start=\"3513\" data-end=\"3521\">Asgari Sipari\u015f Miktar\u0131:<\/strong> 1 \u00d7 20\u2019 FCL<br data-start=\"3533\" data-end=\"3536\" \/><strong data-start=\"3536\" data-end=\"3552\">Ticaret \u015eartlar\u0131:<\/strong> FOB \/ CFR \/ CIF<br data-start=\"3568\" data-end=\"3571\" \/>Toplu sipari\u015fler, fabrika do\u011frudan fiyatland\u0131rma ve istikrarl\u0131 ayl\u0131k tedarik sa\u011flar.<\/p>\n<hr data-start=\"3643\" data-end=\"3646\" \/>\n<h2 data-start=\"3648\" data-end=\"3693\">40g Domates Sal\u00e7as\u0131 Po\u015feti i\u00e7in K\u00fcresel Pazarlar<\/h2>\n<p data-start=\"3695\" data-end=\"3762\">Bizim <strong data-start=\"3699\" data-end=\"3741\">40g domates sal\u00e7as\u0131 po\u015feti fabrika tedariki<\/strong> ithalat\u00e7\u0131lara hizmet eder:<\/p>\n<ul data-start=\"3764\" data-end=\"3941\">\n<li data-start=\"3764\" data-end=\"3807\">\n<p data-start=\"3766\" data-end=\"3807\">Afrika (Bat\u0131, Do\u011fu ve Orta Afrika)<\/p>\n<\/li>\n<li data-start=\"3808\" data-end=\"3855\">\n<p data-start=\"3810\" data-end=\"3855\">Orta Do\u011fu perakende ve yiyecek hizmetleri kanallar\u0131<\/p>\n<\/li>\n<li data-start=\"3856\" data-end=\"3895\">\n<p data-start=\"3858\" data-end=\"3895\">G\u00fcneydo\u011fu Asya geleneksel pazarlar\u0131<\/p>\n<\/li>\n<li data-start=\"3896\" data-end=\"3941\">\n<p data-start=\"3898\" data-end=\"3941\">Beyaz Rusya ve se\u00e7ili Do\u011fu Avrupa b\u00f6lgeleri<\/p>\n<\/li>\n<\/ul>\n<p data-start=\"3943\" data-end=\"4069\">Etiket dili, karton i\u015faretleme ve Brix form\u00fclasyonu, yerel d\u00fczenlemelere ve t\u00fcketici damak tad\u0131na uygun \u015fekilde ayarlanabilir.<\/p>\n<hr data-start=\"4071\" data-end=\"4074\" \/>\n<h2 data-start=\"4076\" data-end=\"4120\">\u00dcretti\u011fimiz Tam Po\u015fet Domates Sal\u00e7as\u0131 Boyutlar\u0131<\/h2>\n<p data-start=\"4122\" data-end=\"4220\">Ek olarak <strong data-start=\"4137\" data-end=\"4165\">40g domates sal\u00e7as\u0131 po\u015fetleri<\/strong>, fabrikam\u0131z tam bir po\u015fet SKU yelpazesi sa\u011flar:<\/p>\n<ul data-start=\"4222\" data-end=\"4361\">\n<li data-start=\"4222\" data-end=\"4260\">\n<p data-start=\"4224\" data-end=\"4260\">18g, 36g, 50g, 56g, 70g, 80g, 100g<\/p>\n<\/li>\n<li data-start=\"4261\" data-end=\"4307\">\n<p data-start=\"4263\" data-end=\"4307\">18\u201320%\u2019den 28\u201330%\u2019ye kadar \u00e7e\u015fitli Brix seviyeleri<\/p>\n<\/li>\n<li data-start=\"4308\" data-end=\"4361\">\n<p data-start=\"4310\" data-end=\"4361\">D\u00fcz po\u015fet (ayakta durmayan) ve \u00f6zelle\u015ftirilmi\u015f formatlar<\/p>\n<\/li>\n<\/ul>\n<p data-start=\"4363\" data-end=\"4460\">Bu, al\u0131c\u0131lar\u0131n tedariki \u015fununla birle\u015ftirmesini sa\u011flar: <strong data-start=\"4411\" data-end=\"4459\">g\u00fcvenilir bir \u00c7in domates sal\u00e7as\u0131 \u00fcreticisi<\/strong>.<\/p>\n<hr data-start=\"4462\" data-end=\"4465\" \/>\n<h2 data-start=\"4467\" data-end=\"4526\">Neden ithalat\u00e7\u0131lar Taichy'yi 40g Domates Sal\u00e7as\u0131 Po\u015fetleri i\u00e7in tercih ediyor<\/h2>\n<ul data-start=\"4528\" data-end=\"4825\">\n<li data-start=\"4528\" data-end=\"4598\">\n<p data-start=\"4530\" data-end=\"4598\">\u00dczerinde <strong data-start=\"4535\" data-end=\"4596\">10 y\u0131ll\u0131k domates sal\u00e7as\u0131 \u00fcretimi ve ihracat\u0131 deneyimi<\/strong><\/p>\n<\/li>\n<li data-start=\"4599\" data-end=\"4656\">\n<p data-start=\"4601\" data-end=\"4656\">\u0130stikrarl\u0131 hammadde temeli ve g\u00fc\u00e7l\u00fc mevsimsel kapasite<\/p>\n<\/li>\n<li data-start=\"4657\" data-end=\"4707\">\n<p data-start=\"4659\" data-end=\"4707\">Pratik MOQ'lar ile esnek OEM \/ ODM deste\u011fi<\/p>\n<\/li>\n<li data-start=\"4708\" data-end=\"4771\">\n<p data-start=\"4710\" data-end=\"4771\">Rekabet\u00e7i fabrika fiyatlar\u0131 ve g\u00fcvenilir teslimat takvimleri<\/p>\n<\/li>\n<li data-start=\"4772\" data-end=\"4825\">\n<p data-start=\"4774\" data-end=\"4825\">\u0130thalat\u00e7\u0131lar taraf\u0131ndan g\u00fcvenilir <strong data-start=\"4798\" data-end=\"4825\">D\u00fcnyada 30+ \u00fclke<\/strong><\/p>\n<\/li>\n<\/ul>\n<p data-start=\"4827\" data-end=\"4973\">E\u011fer bir tedarik ar\u0131yorsan\u0131z <strong data-start=\"4849\" data-end=\"4898\">\u00c7in'de 40g domates sal\u00e7as\u0131 sachet \u00fcreticisi<\/strong>, Taichy uzun vadeli tedarik istikrar\u0131 ve profesyonel ihracat deste\u011fi sunar.<\/p>\n<hr data-start=\"4975\" data-end=\"4978\" \/>\n<h2 data-start=\"4980\" data-end=\"5010\">Soru\u015fturma ve Fabrika Fiyat Teklifi<\/h2>\n<p data-start=\"5012\" data-end=\"5160\">\u0130\u00e7in <strong data-start=\"5016\" data-end=\"5053\">40g domates sal\u00e7as\u0131 sachet toptan<\/strong>, OEM markala\u015fma veya toplu ihracat fiyatland\u0131rmas\u0131 i\u00e7in l\u00fctfen sat\u0131\u015f ekibimizle ileti\u015fime ge\u00e7in, \u00f6zellikler ve y\u00fckleme planlar\u0131 hakk\u0131nda bilgi al\u0131n.<\/p>\n<p data-start=\"5162\" data-end=\"5296\">Numuneleri, \u00f6zel etiket geli\u015ftirmeyi ve fabrika do\u011frudan i\u015fbirli\u011fini destekliyoruz, b\u00f6ylece domates sal\u00e7as\u0131 i\u015finizi verimli bir \u015fekilde b\u00fcy\u00fctebilirsiniz.<\/p>","protected":false},"excerpt":{"rendered":"<p>Brix:18-20%,22-24%,26-28%,28-30%<br \/>\nPaslanmaz\/strese kar\u015f\u0131 dayan\u0131kl\u0131\/nem ge\u00e7irmez teneke kutu Kapa\u011f\u0131<br \/>\nMarka: Tasar\u0131m veya OEM<br \/>\nMinimum Miktar: 1X20ft<br \/>\nTeslimat Detay\u0131: Depozito veya akreditif al\u0131nd\u0131ktan sonra 30-35 g\u00fcn i\u00e7inde. En h\u0131zl\u0131 g\u00f6nderim.<br \/>\nHs Kodu:2002901100<\/p>","protected":false},"featured_media":3301,"template":"","meta":{"_acf_changed":false,"_seopress_robots_primary_cat":"none","_seopress_titles_title":"40g Tomato Paste Sachet-Taichy food","_seopress_titles_desc":"40g pouch tomato paste with 9\u201330% Brix options. Ideal for families and food service. OEM, FDA, HACCP, ISO, QS certified. Clean, rich, natural flavor.","_seopress_robots_index":"","site-sidebar-layout":"default","site-content-layout":"","ast-site-content-layout":"default","site-content-style":"default","site-sidebar-style":"default","ast-global-header-display":"","ast-banner-title-visibility":"","ast-main-header-display":"","ast-hfb-above-header-display":"","ast-hfb-below-header-display":"","ast-hfb-mobile-header-display":"","site-post-title":"","ast-breadcrumbs-content":"","ast-featured-img":"","footer-sml-layout":"","ast-disable-related-posts":"","theme-transparent-header-meta":"default","adv-header-id-meta":"","stick-header-meta":"","header-above-stick-meta":"","header-main-stick-meta":"","header-below-stick-meta":"","astra-migrate-meta-layouts":"set","ast-page-background-enabled":"default","ast-page-background-meta":{"desktop":{"background-color":"var(--ast-global-color-5)","background-image":"","background-repeat":"repeat","background-position":"center center","background-size":"auto","background-attachment":"scroll","background-type":"","background-media":"","overlay-type":"","overlay-color":"","overlay-opacity":"","overlay-gradient":""},"tablet":{"background-color":"","background-image":"","background-repeat":"repeat","background-position":"center center","background-size":"auto","background-attachment":"scroll","background-type":"","background-media":"","overlay-type":"","overlay-color":"","overlay-opacity":"","overlay-gradient":""},"mobile":{"background-color":"","background-image":"","background-repeat":"repeat","background-position":"center center","background-size":"auto","background-attachment":"scroll","background-type":"","background-media":"","overlay-type":"","overlay-color":"","overlay-opacity":"","overlay-gradient":""}},"ast-content-background-meta":{"desktop":{"background-color":"var(--ast-global-color-4)","background-image":"","background-repeat":"repeat","background-position":"center center","background-size":"auto","background-attachment":"scroll","background-type":"","background-media":"","overlay-type":"","overlay-color":"","overlay-opacity":"","overlay-gradient":""},"tablet":{"background-color":"var(--ast-global-color-4)","background-image":"","background-repeat":"repeat","background-position":"center center","background-size":"auto","background-attachment":"scroll","background-type":"","background-media":"","overlay-type":"","overlay-color":"","overlay-opacity":"","overlay-gradient":""},"mobile":{"background-color":"var(--ast-global-color-4)","background-image":"","background-repeat":"repeat","background-position":"center center","background-size":"auto","background-attachment":"scroll","background-type":"","background-media":"","overlay-type":"","overlay-color":"","overlay-opacity":"","overlay-gradient":""}}},"product_brand":[],"product_cat":[97],"product_tag":[195,166],"class_list":{"0":"post-1026","1":"product","2":"type-product","3":"status-publish","4":"has-post-thumbnail","6":"product_cat-tomato-paste-in-sachet","7":"product_tag-40g-tomato-paste-sachet","8":"product_tag-tomato-paste-sachet","9":"desktop-align-left","10":"tablet-align-left","11":"mobile-align-left","13":"first","14":"instock","15":"sale","16":"shipping-taxable","17":"purchasable","18":"product-type-simple"},"acf":[],"_links":{"self":[{"href":"https:\/\/taichytomato.com\/tr\/wp-json\/wp\/v2\/product\/1026","targetHints":{"allow":["GET"]}}],"collection":[{"href":"https:\/\/taichytomato.com\/tr\/wp-json\/wp\/v2\/product"}],"about":[{"href":"https:\/\/taichytomato.com\/tr\/wp-json\/wp\/v2\/types\/product"}],"version-history":[{"count":0,"href":"https:\/\/taichytomato.com\/tr\/wp-json\/wp\/v2\/product\/1026\/revisions"}],"wp:featuredmedia":[{"embeddable":true,"href":"https:\/\/taichytomato.com\/tr\/wp-json\/wp\/v2\/media\/3301"}],"wp:attachment":[{"href":"https:\/\/taichytomato.com\/tr\/wp-json\/wp\/v2\/media?parent=1026"}],"wp:term":[{"taxonomy":"product_brand","embeddable":true,"href":"https:\/\/taichytomato.com\/tr\/wp-json\/wp\/v2\/product_brand?post=1026"},{"taxonomy":"product_cat","embeddable":true,"href":"https:\/\/taichytomato.com\/tr\/wp-json\/wp\/v2\/product_cat?post=1026"},{"taxonomy":"product_tag","embeddable":true,"href":"https:\/\/taichytomato.com\/tr\/wp-json\/wp\/v2\/product_tag?post=1026"}],"curies":[{"name":"wp","href":"https:\/\/api.w.org\/{rel}","templated":true}]}}