{"id":1011,"date":"2025-05-25T18:36:13","date_gmt":"2025-05-26T02:36:13","guid":{"rendered":"https:\/\/taichytomato.com\/?post_type=product&#038;p=1011"},"modified":"2026-01-12T21:51:15","modified_gmt":"2026-01-13T05:51:15","slug":"210g-sachet-tomato-paste","status":"publish","type":"product","link":"https:\/\/taichytomato.com\/tr\/urun\/210g-sachet-tomato-paste\/","title":{"rendered":"210g Po\u015fet Domates Sal\u00e7as\u0131"},"content":{"rendered":"<h2 data-start=\"141\" data-end=\"208\">210g Po\u015fet Domates Sal\u00e7as\u0131 \u00dcreticisi | Fabrika Do\u011frudan OEM Tedarik<\/h2>\n<p data-start=\"210\" data-end=\"615\">\u0130hracat Uzmanl\u0131\u011f\u0131: <strong data-start=\"228\" data-end=\"278\">\u00c7in'de 210g po\u015fet domates sal\u00e7as\u0131 \u00fcreticisi<\/strong>, Taichy, k\u00fcresel g\u0131da markalar\u0131, ithalat\u00e7\u0131lar ve distrib\u00fct\u00f6rler i\u00e7in y\u00fcksek kaliteli domates sal\u00e7as\u0131 po\u015fetleri \u00fcretiminde uzmanla\u015fm\u0131\u015ft\u0131r. Kuzey \u00c7in'deki istikrarl\u0131 hammadde tedariki ve geli\u015fmi\u015f i\u015fleme hatlar\u0131yla desteklenmektedir, biz sa\u011fl\u0131yoruz <strong data-start=\"496\" data-end=\"539\">fabrika do\u011frudan 210g po\u015fet domates sal\u00e7as\u0131<\/strong> esnek Brix se\u00e7enekleri, rekabet\u00e7i fiyatland\u0131rma ve tam OEM\/ODM hizmetleri ile.<\/p>\n<p data-start=\"617\" data-end=\"797\">\u0130ster perakende, ister g\u0131da hizmeti veya \u00f6zel etiket ihracat\u0131 i\u00e7in tedarik ediyor olun, bizim <strong data-start=\"696\" data-end=\"724\">210g domates sal\u00e7as\u0131 po\u015feti<\/strong> hem t\u00fcketici kolayl\u0131\u011f\u0131 hem de ticari verimlilik i\u00e7in tasarlanm\u0131\u015ft\u0131r.<\/p>\n<hr data-start=\"799\" data-end=\"802\" \/>\n<h2 data-start=\"804\" data-end=\"856\">\u00dcr\u00fcn \u00d6zellikleri \u2013 210g Po\u015fet Domates Sal\u00e7as\u0131<\/h2>\n<ul data-start=\"858\" data-end=\"1362\">\n<li data-start=\"858\" data-end=\"904\">\n<p data-start=\"860\" data-end=\"904\"><strong data-start=\"860\" data-end=\"877\">\u00dcr\u00fcn Ad\u0131:<\/strong> 210g Po\u015fet Domates Sal\u00e7as\u0131<\/p>\n<\/li>\n<li data-start=\"905\" data-end=\"944\">\n<p data-start=\"907\" data-end=\"944\"><strong data-start=\"907\" data-end=\"927\">Men\u015fei Yeri:<\/strong> Kuzey \u00c7in<\/p>\n<\/li>\n<li data-start=\"945\" data-end=\"987\">\n<p data-start=\"947\" data-end=\"987\"><strong data-start=\"947\" data-end=\"970\">Birincil Madde:<\/strong> Taze domatesler<\/p>\n<\/li>\n<li data-start=\"988\" data-end=\"1035\">\n<p data-start=\"990\" data-end=\"1035\"><strong data-start=\"990\" data-end=\"1009\">Ambalaj Tipi:<\/strong> Po\u015fet \/ ayakta durabilen torba<\/p>\n<\/li>\n<li data-start=\"1036\" data-end=\"1069\">\n<p data-start=\"1038\" data-end=\"1069\"><strong data-start=\"1038\" data-end=\"1058\">\u0130\u015fleme T\u00fcr\u00fc:<\/strong> Baharatl\u0131<\/p>\n<\/li>\n<li data-start=\"1070\" data-end=\"1094\">\n<p data-start=\"1072\" data-end=\"1094\"><strong data-start=\"1072\" data-end=\"1087\">Net A\u011f\u0131rl\u0131k:<\/strong> 210g<\/p>\n<\/li>\n<li data-start=\"1095\" data-end=\"1180\">\n<p data-start=\"1097\" data-end=\"1116\"><strong data-start=\"1097\" data-end=\"1114\">Brix Se\u00e7enekleri:<\/strong><\/p>\n<ul data-start=\"1119\" data-end=\"1180\">\n<li data-start=\"1119\" data-end=\"1128\">\n<p data-start=\"1121\" data-end=\"1128\">9\u201311%<\/p>\n<\/li>\n<li data-start=\"1131\" data-end=\"1141\">\n<p data-start=\"1133\" data-end=\"1141\">18\u201320%<\/p>\n<\/li>\n<li data-start=\"1144\" data-end=\"1154\">\n<p data-start=\"1146\" data-end=\"1154\">22\u201324%<\/p>\n<\/li>\n<li data-start=\"1157\" data-end=\"1167\">\n<p data-start=\"1159\" data-end=\"1167\">26\u201328%<\/p>\n<\/li>\n<li data-start=\"1170\" data-end=\"1180\">\n<p data-start=\"1172\" data-end=\"1180\">28\u201330\u00b0Brix<\/p>\n<\/li>\n<\/ul>\n<\/li>\n<li data-start=\"1181\" data-end=\"1217\">\n<p data-start=\"1183\" data-end=\"1217\"><strong data-start=\"1183\" data-end=\"1193\">Renk:<\/strong> Koyu k\u0131rm\u0131z\u0131 \/ parlak k\u0131rm\u0131z\u0131<\/p>\n<\/li>\n<li data-start=\"1218\" data-end=\"1243\">\n<p data-start=\"1220\" data-end=\"1243\"><strong data-start=\"1220\" data-end=\"1233\">pH De\u011feri:<\/strong> 4.0\u20134.4<\/p>\n<\/li>\n<li data-start=\"1244\" data-end=\"1265\">\n<p data-start=\"1246\" data-end=\"1265\"><strong data-start=\"1246\" data-end=\"1260\">A\/B Oran\u0131:<\/strong> \u22652<\/p>\n<\/li>\n<li data-start=\"1266\" data-end=\"1283\">\n<p data-start=\"1268\" data-end=\"1283\"><strong data-start=\"1268\" data-end=\"1276\">HMC:<\/strong> \u226450%<\/p>\n<\/li>\n<li data-start=\"1284\" data-end=\"1313\">\n<p data-start=\"1286\" data-end=\"1313\"><strong data-start=\"1286\" data-end=\"1301\">\u0130\u015flem S\u00fcresi:<\/strong> 2\u20133 y\u0131l<\/p>\n<\/li>\n<li data-start=\"1314\" data-end=\"1362\">\n<p data-start=\"1316\" data-end=\"1362\"><strong data-start=\"1316\" data-end=\"1338\">Depolama Ko\u015fullar\u0131:<\/strong> Kuru, kapal\u0131 depo<\/p>\n<\/li>\n<\/ul>\n<p data-start=\"1364\" data-end=\"1449\"><strong data-start=\"1364\" data-end=\"1383\">Sertifikalar:<\/strong> FDA, HACCP, ISO, QS<br data-start=\"1403\" data-end=\"1406\" \/><strong data-start=\"1406\" data-end=\"1419\">Markala\u015fma:<\/strong> OEM \/ \u00f6zel etiket mevcut<\/p>\n<p data-start=\"1451\" data-end=\"1660\">Bu spesifikasyon aral\u0131\u011f\u0131 al\u0131c\u0131lar\u0131n do\u011fru olan\u0131 se\u00e7mesine olanak tan\u0131r <strong data-start=\"1510\" data-end=\"1538\">210g domates sal\u00e7as\u0131 po\u015feti<\/strong> farkl\u0131 pazarlar ve uygulamalar i\u00e7in, d\u00fc\u015f\u00fck-Brix pi\u015firme kullan\u0131m\u0131 ile y\u00fcksek yo\u011funluklu end\u00fcstriyel ve g\u0131da hizmeti ihtiya\u00e7lar\u0131na kadar.<\/p>\n<hr data-start=\"1662\" data-end=\"1665\" \/>\n<h2 data-start=\"1667\" data-end=\"1725\">210g Domates Sal\u00e7as\u0131 Po\u015fetlerimizin Fabrika Avantajlar\u0131 Arkas\u0131nda<\/h2>\n<p data-start=\"1727\" data-end=\"1864\">Biz t\u00fcccar de\u011filiz. Biz bir <strong data-start=\"1756\" data-end=\"1787\">do\u011frudan domates sal\u00e7as\u0131 fabrikas\u0131y\u0131z<\/strong>, ham domates se\u00e7iminden son po\u015fet ambalaj\u0131na kadar her ad\u0131m\u0131 kontrol ediyoruz.<\/p>\n<h3 data-start=\"1866\" data-end=\"1896\">1. \u00dcst\u00fcn Ham Maddeler<\/h3>\n<p data-start=\"1897\" data-end=\"2066\">Domateslerimiz, uzun g\u00fcne\u015f \u0131\u015f\u0131\u011f\u0131 saatleri ve b\u00fcy\u00fck gece-g\u00fcnd\u00fcz s\u0131cakl\u0131k farklar\u0131yla bilinen Kuzey \u00c7in\u2019den temin edilmektedir. Bu do\u011fal avantajlar, domateslerin:<\/p>\n<ul data-start=\"2067\" data-end=\"2160\">\n<li data-start=\"2067\" data-end=\"2092\">\n<p data-start=\"2069\" data-end=\"2092\">Daha y\u00fcksek \u00e7\u00f6z\u00fcnebilir kat\u0131 maddeler<\/p>\n<\/li>\n<li data-start=\"2093\" data-end=\"2118\">\n<p data-start=\"2095\" data-end=\"2118\">Zengin likopen i\u00e7eri\u011fi<\/p>\n<\/li>\n<li data-start=\"2119\" data-end=\"2160\">\n<p data-start=\"2121\" data-end=\"2160\">Daha iyi renk ve tat konsantrasyonu<\/p>\n<\/li>\n<\/ul>\n<h3 data-start=\"2162\" data-end=\"2201\">2. Geli\u015fmi\u015f \u0130\u015fleme Teknolojisi<\/h3>\n<p data-start=\"2202\" data-end=\"2269\">Modern buharla\u015ft\u0131rma ve aseptik i\u015fleme sistemleri kullanarak, \u015funlar\u0131 sa\u011fl\u0131yoruz:<\/p>\n<ul data-start=\"2270\" data-end=\"2370\">\n<li data-start=\"2270\" data-end=\"2294\">\n<p data-start=\"2272\" data-end=\"2294\">Stabil Brix do\u011frulu\u011fu<\/p>\n<\/li>\n<li data-start=\"2295\" data-end=\"2331\">\n<p data-start=\"2297\" data-end=\"2331\">Tutarl\u0131 doku ve viskozite<\/p>\n<\/li>\n<li data-start=\"2332\" data-end=\"2370\">\n<p data-start=\"2334\" data-end=\"2370\">Do\u011fal domates aromas\u0131n\u0131n korunmas\u0131<\/p>\n<\/li>\n<\/ul>\n<h3 data-start=\"2372\" data-end=\"2412\">3. Esnek Po\u015fet Ambalaj Hatlar\u0131<\/h3>\n<p data-start=\"2413\" data-end=\"2486\">\u00dcretim hatlar\u0131m\u0131z destekler <strong data-start=\"2442\" data-end=\"2480\">210g po\u015fet domates sal\u00e7as\u0131 ambalaj\u0131<\/strong> ile:<\/p>\n<ul data-start=\"2487\" data-end=\"2590\">\n<li data-start=\"2487\" data-end=\"2509\">\n<p data-start=\"2489\" data-end=\"2509\">S\u0131zd\u0131rmazl\u0131k m\u00fch\u00fcrleme<\/p>\n<\/li>\n<li data-start=\"2510\" data-end=\"2544\">\n<p data-start=\"2512\" data-end=\"2544\">G\u0131da s\u0131n\u0131f\u0131 lamine malzemeler<\/p>\n<\/li>\n<li data-start=\"2545\" data-end=\"2590\">\n<p data-start=\"2547\" data-end=\"2590\">Y\u00fcksek h\u0131zl\u0131, stabil \u00e7\u0131kt\u0131 toplu sipari\u015fler i\u00e7in<\/p>\n<\/li>\n<\/ul>\n<hr data-start=\"2592\" data-end=\"2595\" \/>\n<h2 data-start=\"2597\" data-end=\"2646\">210g Po\u015fet Domates Sal\u00e7as\u0131'n\u0131n \u0130deal Uygulamalar\u0131<\/h2>\n<p data-start=\"2648\" data-end=\"2751\">The <strong data-start=\"2652\" data-end=\"2672\">210g po\u015fet boyutu<\/strong> k\u00fcresel pazarlarda en \u00e7ok kullan\u0131lan ve \u00e7ok y\u00f6nl\u00fc formatlardan biridir ve \u015fu ama\u00e7larla yayg\u0131n \u015fekilde kullan\u0131l\u0131r:<\/p>\n<ul data-start=\"2753\" data-end=\"2986\">\n<li data-start=\"2753\" data-end=\"2801\">\n<p data-start=\"2755\" data-end=\"2801\">G\u00fcnl\u00fck ev yemekleri (soslar, g\u00fcve\u00e7ler, k\u0131zartmalar)<\/p>\n<\/li>\n<li data-start=\"2802\" data-end=\"2837\">\n<p data-start=\"2804\" data-end=\"2837\">Restoranlar ve catering tedariki<\/p>\n<\/li>\n<li data-start=\"2838\" data-end=\"2873\">\n<p data-start=\"2840\" data-end=\"2873\">Haz\u0131r yemek kitleri ve kombinasyon paketleri<\/p>\n<\/li>\n<li data-start=\"2874\" data-end=\"2904\">\n<p data-start=\"2876\" data-end=\"2904\">Market perakende raflar\u0131<\/p>\n<\/li>\n<li data-start=\"2905\" data-end=\"2938\">\n<p data-start=\"2907\" data-end=\"2938\">\u00d6zel etiket ihracat programlar\u0131<\/p>\n<\/li>\n<li data-start=\"2939\" data-end=\"2986\">\n<p data-start=\"2941\" data-end=\"2986\">Acil g\u0131da tedariki ve seyahat g\u0131da paketleri<\/p>\n<\/li>\n<\/ul>\n<p data-start=\"2988\" data-end=\"3140\">Kolayl\u0131k odakl\u0131 t\u00fcketicilere y\u00f6nelik ithalat\u00e7\u0131lar i\u00e7in, <strong data-start=\"3043\" data-end=\"3071\">210g po\u015fet domates sal\u00e7as\u0131<\/strong> porsiyon boyutu ile raf verimlili\u011fi aras\u0131nda optimal denge sa\u011flar.<\/p>\n<hr data-start=\"3142\" data-end=\"3145\" \/>\n<h2 data-start=\"3147\" data-end=\"3202\">Peki, Peki Neden Marketiniz \u0130\u00e7in 210g Po\u015fet Domates Sal\u00e7as\u0131 Tercih Etmelisiniz?<\/h2>\n<ul data-start=\"3204\" data-end=\"3535\">\n<li data-start=\"3204\" data-end=\"3268\">\n<p data-start=\"3206\" data-end=\"3268\"><strong data-start=\"3206\" data-end=\"3237\">Pratik orta boy paket<\/strong> tek veya \u00e7oklu \u00f6\u011f\u00fcnler i\u00e7in<\/p>\n<\/li>\n<li data-start=\"3269\" data-end=\"3328\">\n<p data-start=\"3271\" data-end=\"3328\"><strong data-start=\"3271\" data-end=\"3301\">Konsantre domates aromas\u0131<\/strong> taze domateslerden yap\u0131lm\u0131\u015ft\u0131r<\/p>\n<\/li>\n<li data-start=\"3329\" data-end=\"3408\">\n<p data-start=\"3331\" data-end=\"3408\"><strong data-start=\"3331\" data-end=\"3356\">Dik durabilen po\u015fet tasar\u0131m\u0131<\/strong> raf g\u00f6r\u00fcn\u00fcrl\u00fc\u011f\u00fcn\u00fc art\u0131r\u0131r ve tazelik korumas\u0131n\u0131 sa\u011flar<\/p>\n<\/li>\n<li data-start=\"3409\" data-end=\"3473\">\n<p data-start=\"3411\" data-end=\"3473\"><strong data-start=\"3411\" data-end=\"3449\">K\u00fcresel olarak tan\u0131nan sertifikalar<\/strong> (FDA, HACCP, ISO, QS)<\/p>\n<\/li>\n<li data-start=\"3474\" data-end=\"3535\">\n<p data-start=\"3476\" data-end=\"3535\"><strong data-start=\"3476\" data-end=\"3499\">OEM dostu format<\/strong> perakende ve yemek hizmeti markalar\u0131 i\u00e7in<\/p>\n<\/li>\n<\/ul>\n<p data-start=\"3537\" data-end=\"3686\">Bu, \u00f6zellikle <strong data-start=\"3548\" data-end=\"3577\">210g domates sal\u00e7as\u0131 po\u015fetleri<\/strong> \u00f6zellikle Afrika, Orta Do\u011fu, G\u00fcneydo\u011fu Asya, Do\u011fu Avrupa ve Latin Amerika pazarlar\u0131 i\u00e7in uygundur.<\/p>\n<hr data-start=\"3688\" data-end=\"3691\" \/>\n<h2 data-start=\"3693\" data-end=\"3750\">OEM &amp; \u00d6zel Markal\u0131 210g Domates Sal\u00e7as\u0131 Po\u015fet \u00c7\u00f6z\u00fcmleri<\/h2>\n<p data-start=\"3752\" data-end=\"3849\">Deneyimli bir <strong data-start=\"3770\" data-end=\"3811\">OEM 210g po\u015fet domates sal\u00e7as\u0131 tedarik\u00e7isi<\/strong>, u\u00e7tan uca \u00f6zelle\u015ftirme sa\u011fl\u0131yoruz:<\/p>\n<ul data-start=\"3851\" data-end=\"4072\">\n<li data-start=\"3851\" data-end=\"3884\">\n<p data-start=\"3853\" data-end=\"3884\"><strong>\u00d6zel etiket ve logo bask\u0131s\u0131<\/strong><\/p>\n<\/li>\n<li data-start=\"3885\" data-end=\"3955\">\n<p data-start=\"3887\" data-end=\"3955\">\u00c7ok dilli ambalajlama (\u0130ngilizce \/ Frans\u0131zca \/ Arap\u00e7a \/ Rus\u00e7a)<\/p>\n<\/li>\n<li data-start=\"3956\" data-end=\"3992\">\n<p data-start=\"3958\" data-end=\"3992\">Karton tasar\u0131m\u0131 ve barkod bask\u0131s\u0131<\/p>\n<\/li>\n<li data-start=\"3993\" data-end=\"4034\">\n<p data-start=\"3995\" data-end=\"4034\">\u00d6zel Brix, tat profili ve renk<\/p>\n<\/li>\n<li data-start=\"4035\" data-end=\"4072\">\n<p data-start=\"4037\" data-end=\"4072\">H\u0131zl\u0131 geri d\u00f6n\u00fc\u015f ile esnek MOQ<\/p>\n<\/li>\n<\/ul>\n<p data-start=\"4074\" data-end=\"4098\"><strong data-start=\"4074\" data-end=\"4096\">Ambalaj Se\u00e7enekleri:<\/strong><\/p>\n<ul data-start=\"4099\" data-end=\"4184\">\n<li data-start=\"4099\" data-end=\"4127\">\n<p data-start=\"4101\" data-end=\"4127\">210g \u00d7 25 po\u015fet\/koli<\/p>\n<\/li>\n<li data-start=\"4128\" data-end=\"4184\">\n<p data-start=\"4130\" data-end=\"4184\">210g \u00d7 50 po\u015fet\/koli<br data-start=\"4154\" data-end=\"4157\" \/>(\u0130ste\u011fe ba\u011fl\u0131 olarak \u00f6zelle\u015ftirilebilir)<\/p>\n<\/li>\n<\/ul>\n<hr data-start=\"4186\" data-end=\"4189\" \/>\n<h2 data-start=\"4191\" data-end=\"4234\">\u0130stikrarl\u0131 Tedarik ve K\u00fcresel \u0130hracat Yetene\u011fi<\/h2>\n<ul data-start=\"4236\" data-end=\"4432\">\n<li data-start=\"4236\" data-end=\"4295\">\n<p data-start=\"4238\" data-end=\"4295\">\u00dczerinde <strong data-start=\"4243\" data-end=\"4293\">10 y\u0131ll\u0131k domates sal\u00e7as\u0131 \u00fcretim tecr\u00fcbesi<\/strong><\/p>\n<\/li>\n<li data-start=\"4296\" data-end=\"4330\">\n<p data-start=\"4298\" data-end=\"4330\">\u0130stikrarl\u0131 ayl\u0131k \u00e7\u0131kt\u0131 kapasitesi<\/p>\n<\/li>\n<li data-start=\"4331\" data-end=\"4374\">\n<p data-start=\"4333\" data-end=\"4374\">\u0130hra\u00e7 Edildi <strong data-start=\"4345\" data-end=\"4372\">D\u00fcnyada 30+ \u00fclke<\/strong><\/p>\n<\/li>\n<li data-start=\"4375\" data-end=\"4432\">\n<p data-start=\"4377\" data-end=\"4432\">Profesyonel ihracat belgeleri ve lojistik destek<\/p>\n<\/li>\n<\/ul>\n<p data-start=\"4434\" data-end=\"4619\">Ar\u0131yorsan\u0131z <strong data-start=\"4461\" data-end=\"4515\">\u00c7in'de g\u00fcvenilir 210g paket domates sal\u00e7as\u0131 fabrikas\u0131<\/strong>, Taichy uzun vadeli i\u015fbirli\u011fini desteklemek i\u00e7in tutarl\u0131 kalite ve rekabet\u00e7i fiyatland\u0131rma ile konumlanm\u0131\u015ft\u0131r.<\/p>\n<hr data-start=\"4621\" data-end=\"4624\" \/>\n<h2 data-start=\"4626\" data-end=\"4653\">Daha Fazla Bilgi Edinin ve Teklif Al\u0131n<\/h2>\n<p data-start=\"4655\" data-end=\"4764\">Premium ham domatesleri nas\u0131l d\u00f6n\u00fc\u015ft\u00fcrd\u00fc\u011f\u00fcm\u00fcz\u00fc g\u00f6rmek ister misiniz? <strong data-start=\"4714\" data-end=\"4742\">210g po\u015fet domates sal\u00e7as\u0131<\/strong> m\u00fc\u015fterilerinizin g\u00fcvendi\u011fi \u00fcr\u00fcn?<\/p>\n<ul data-start=\"4766\" data-end=\"4949\">\n<li data-start=\"4766\" data-end=\"4803\">\n<p data-start=\"4768\" data-end=\"4803\">\u00dcretim avantajlar\u0131m\u0131z\u0131 ke\u015ffedin<\/p>\n<\/li>\n<li data-start=\"4804\" data-end=\"4855\">\n<p data-start=\"4806\" data-end=\"4855\">\u0130zleyin <strong data-start=\"4815\" data-end=\"4853\">Paket Domates Sal\u00e7as\u0131 Sat\u0131n Alma Rehberi<\/strong><\/p>\n<\/li>\n<li data-start=\"4856\" data-end=\"4949\">\n<p data-start=\"4858\" data-end=\"4949\">Neden ke\u015ffedin <strong data-start=\"4871\" data-end=\"4947\">domates sal\u00e7as\u0131 paketlerinin paket servis ve h\u0131zl\u0131 servis restoranlar\u0131 i\u00e7in ideal oldu\u011funu<\/strong><\/p>\n<\/li>\n<\/ul>\n<p data-start=\"4951\" data-end=\"5145\">\u0130\u00e7in <strong data-start=\"4955\" data-end=\"5031\">\u00f6zelle\u015ftirilmi\u015f \u00e7\u00f6z\u00fcmler, toplu al\u0131mlar, fiyatland\u0131rma, numuneler veya OEM talepleri<\/strong>, l\u00fctfen sat\u0131\u015f ekibimizle istedi\u011finiz zaman ileti\u015fime ge\u00e7in.<br data-start=\"5071\" data-end=\"5074\" \/>Hadi birlikte domates sal\u00e7as\u0131 markan\u0131z\u0131 olu\u015ftural\u0131m\u2014do\u011frudan fabrikadan.<\/p>","protected":false},"excerpt":{"rendered":"<p>Brix:18-20%,22-24%,26-28%,28-30%<br \/>\nPaslanmaz\/strese kar\u015f\u0131 dayan\u0131kl\u0131\/nem ge\u00e7irmez teneke kutu Kapa\u011f\u0131<br \/>\nMarka: Tasar\u0131m veya OEM<br \/>\nMinimum Miktar: 1X20ft<br \/>\nTeslimat Detay\u0131: Depozito veya akreditif al\u0131nd\u0131ktan sonra 30-35 g\u00fcn i\u00e7inde. En h\u0131zl\u0131 g\u00f6nderim.<br \/>\nHs Kodu:2002901100<\/p>","protected":false},"featured_media":3304,"template":"","meta":{"_acf_changed":false,"_seopress_robots_primary_cat":"none","_seopress_titles_title":"210g Sachet Tomato Paste | Manufacturer | Wholesale Supply","_seopress_titles_desc":"As the original manufacturer of 210g sachet tomato paste, we provide competitive prices and high-quality products. Ideal for food processing company.","_seopress_robots_index":"","site-sidebar-layout":"default","site-content-layout":"","ast-site-content-layout":"default","site-content-style":"default","site-sidebar-style":"default","ast-global-header-display":"","ast-banner-title-visibility":"","ast-main-header-display":"","ast-hfb-above-header-display":"","ast-hfb-below-header-display":"","ast-hfb-mobile-header-display":"","site-post-title":"","ast-breadcrumbs-content":"","ast-featured-img":"","footer-sml-layout":"","ast-disable-related-posts":"","theme-transparent-header-meta":"default","adv-header-id-meta":"","stick-header-meta":"","header-above-stick-meta":"","header-main-stick-meta":"","header-below-stick-meta":"","astra-migrate-meta-layouts":"set","ast-page-background-enabled":"default","ast-page-background-meta":{"desktop":{"background-color":"var(--ast-global-color-5)","background-image":"","background-repeat":"repeat","background-position":"center center","background-size":"auto","background-attachment":"scroll","background-type":"","background-media":"","overlay-type":"","overlay-color":"","overlay-opacity":"","overlay-gradient":""},"tablet":{"background-color":"","background-image":"","background-repeat":"repeat","background-position":"center center","background-size":"auto","background-attachment":"scroll","background-type":"","background-media":"","overlay-type":"","overlay-color":"","overlay-opacity":"","overlay-gradient":""},"mobile":{"background-color":"","background-image":"","background-repeat":"repeat","background-position":"center center","background-size":"auto","background-attachment":"scroll","background-type":"","background-media":"","overlay-type":"","overlay-color":"","overlay-opacity":"","overlay-gradient":""}},"ast-content-background-meta":{"desktop":{"background-color":"var(--ast-global-color-4)","background-image":"","background-repeat":"repeat","background-position":"center center","background-size":"auto","background-attachment":"scroll","background-type":"","background-media":"","overlay-type":"","overlay-color":"","overlay-opacity":"","overlay-gradient":""},"tablet":{"background-color":"var(--ast-global-color-4)","background-image":"","background-repeat":"repeat","background-position":"center center","background-size":"auto","background-attachment":"scroll","background-type":"","background-media":"","overlay-type":"","overlay-color":"","overlay-opacity":"","overlay-gradient":""},"mobile":{"background-color":"var(--ast-global-color-4)","background-image":"","background-repeat":"repeat","background-position":"center center","background-size":"auto","background-attachment":"scroll","background-type":"","background-media":"","overlay-type":"","overlay-color":"","overlay-opacity":"","overlay-gradient":""}}},"product_brand":[],"product_cat":[97],"product_tag":[211,166,210],"class_list":{"0":"post-1011","1":"product","2":"type-product","3":"status-publish","4":"has-post-thumbnail","6":"product_cat-tomato-paste-in-sachet","7":"product_tag-210g-tomato-paste-sauce","8":"product_tag-tomato-paste-sachet","9":"product_tag-tomato-paste-sauce","10":"desktop-align-left","11":"tablet-align-left","12":"mobile-align-left","14":"first","15":"instock","16":"sale","17":"shipping-taxable","18":"purchasable","19":"product-type-simple"},"acf":[],"_links":{"self":[{"href":"https:\/\/taichytomato.com\/tr\/wp-json\/wp\/v2\/product\/1011","targetHints":{"allow":["GET"]}}],"collection":[{"href":"https:\/\/taichytomato.com\/tr\/wp-json\/wp\/v2\/product"}],"about":[{"href":"https:\/\/taichytomato.com\/tr\/wp-json\/wp\/v2\/types\/product"}],"version-history":[{"count":0,"href":"https:\/\/taichytomato.com\/tr\/wp-json\/wp\/v2\/product\/1011\/revisions"}],"wp:featuredmedia":[{"embeddable":true,"href":"https:\/\/taichytomato.com\/tr\/wp-json\/wp\/v2\/media\/3304"}],"wp:attachment":[{"href":"https:\/\/taichytomato.com\/tr\/wp-json\/wp\/v2\/media?parent=1011"}],"wp:term":[{"taxonomy":"product_brand","embeddable":true,"href":"https:\/\/taichytomato.com\/tr\/wp-json\/wp\/v2\/product_brand?post=1011"},{"taxonomy":"product_cat","embeddable":true,"href":"https:\/\/taichytomato.com\/tr\/wp-json\/wp\/v2\/product_cat?post=1011"},{"taxonomy":"product_tag","embeddable":true,"href":"https:\/\/taichytomato.com\/tr\/wp-json\/wp\/v2\/product_tag?post=1011"}],"curies":[{"name":"wp","href":"https:\/\/api.w.org\/{rel}","templated":true}]}}