{"id":98,"date":"2025-04-19T19:29:40","date_gmt":"2025-04-20T03:29:40","guid":{"rendered":"https:\/\/taichytomato.com\/?page_id=98"},"modified":"2025-11-19T19:45:45","modified_gmt":"2025-11-20T03:45:45","slug":"about","status":"publish","type":"page","link":"https:\/\/taichytomato.com\/tr\/about\/","title":{"rendered":"Hakk\u0131nda"},"content":{"rendered":"<div data-elementor-type=\"wp-page\" data-elementor-id=\"98\" class=\"elementor elementor-98\" data-elementor-post-type=\"page\">\n\t\t\t\t<div class=\"elementor-element elementor-element-3743f70 e-flex e-con-boxed e-con e-parent\" data-id=\"3743f70\" data-element_type=\"container\" data-e-type=\"container\">\n\t\t\t\t\t<div class=\"e-con-inner\">\n\t\t\t\t<div class=\"elementor-element elementor-element-dee1564 elementor-widget elementor-widget-woocommerce-breadcrumb\" data-id=\"dee1564\" data-element_type=\"widget\" data-e-type=\"widget\" data-widget_type=\"woocommerce-breadcrumb.default\">\n\t\t\t\t<div class=\"elementor-widget-container\">\n\t\t\t\t\t<nav class=\"woocommerce-breadcrumb\" aria-label=\"Breadcrumb\" data-no-translation=\"\" data-trp-gettext=\"\">Ana Sayfa<\/nav>\t\t\t\t<\/div>\n\t\t\t\t<\/div>\n\t\t\t\t\t<\/div>\n\t\t\t\t<\/div>\n\t\t<div class=\"elementor-element elementor-element-af7118b e-flex e-con-boxed e-con e-parent\" data-id=\"af7118b\" data-element_type=\"container\" data-e-type=\"container\">\n\t\t\t\t\t<div class=\"e-con-inner\">\n\t\t\t\t<div class=\"elementor-element elementor-element-15f4d57 elementor-widget elementor-widget-heading\" data-id=\"15f4d57\" data-element_type=\"widget\" data-e-type=\"widget\" data-widget_type=\"heading.default\">\n\t\t\t\t<div class=\"elementor-widget-container\">\n\t\t\t\t\t<h1 class=\"elementor-heading-title elementor-size-default\"><span style=\"font-size: 2.5rem\">Taichy G\u0131da \u015eirketi Hakk\u0131nda <\/span><\/h1>\t\t\t\t<\/div>\n\t\t\t\t<\/div>\n\t\t\t\t\t<\/div>\n\t\t\t\t<\/div>\n\t\t<div class=\"elementor-element elementor-element-444965e e-flex e-con-boxed e-con e-parent\" data-id=\"444965e\" data-element_type=\"container\" data-e-type=\"container\">\n\t\t\t\t\t<div class=\"e-con-inner\">\n\t\t<div class=\"elementor-element elementor-element-e93c2b0 e-con-full e-flex e-con e-child\" data-id=\"e93c2b0\" data-element_type=\"container\" data-e-type=\"container\">\n\t\t\t\t<div class=\"elementor-element elementor-element-6bd8f0d elementor-widget elementor-widget-video\" data-id=\"6bd8f0d\" data-element_type=\"widget\" data-e-type=\"widget\" data-settings=\"{&quot;youtube_url&quot;:&quot;https:\\\/\\\/www.youtube.com\\\/watch?v=ykC3-sutXPE&quot;,&quot;show_image_overlay&quot;:&quot;yes&quot;,&quot;image_overlay&quot;:{&quot;url&quot;:&quot;https:\\\/\\\/taichytomato.com\\\/wp-content\\\/uploads\\\/2025\\\/04\\\/\\u56fe\\u72471.png&quot;,&quot;id&quot;:131,&quot;size&quot;:&quot;&quot;,&quot;alt&quot;:&quot;Taichy food logo&quot;,&quot;source&quot;:&quot;library&quot;},&quot;video_type&quot;:&quot;youtube&quot;,&quot;controls&quot;:&quot;yes&quot;}\" data-widget_type=\"video.default\">\n\t\t\t\t<div class=\"elementor-widget-container\">\n\t\t\t\t\t\t\t<div class=\"elementor-wrapper elementor-open-inline\">\n\t\t\t<div class=\"elementor-video\"><\/div>\t\t\t\t<div class=\"elementor-custom-embed-image-overlay\" style=\"background-image: url(https:\/\/taichytomato.com\/wp-content\/uploads\/2025\/04\/\u56fe\u72471.png);\">\n\t\t\t\t\t\t\t\t\t\t\t\t\t\t\t\t<div class=\"elementor-custom-embed-play\" role=\"button\" aria-label=\"\u0412\u043e\u0441\u043f\u0440\u043e\u0438\u0437\u0432\u0435\u0441\u0442\u0438 \u0432\u0438\u0434\u0435\u043e \u043e Taichy food logo\" tabindex=\"0\" data-no-translation-aria-label=\"\">\n\t\t\t\t\t\t\t<svg aria-hidden=\"true\" class=\"e-font-icon-svg e-eicon-play\" viewbox=\"0 0 1000 1000\" xmlns=\"http:\/\/www.w3.org\/2000\/svg\"><path d=\"M838 162C746 71 633 25 500 25 371 25 258 71 163 162 71 254 25 367 25 500 25 633 71 746 163 837 254 929 367 979 500 979 633 979 746 933 838 837 929 746 975 633 975 500 975 367 929 254 838 162M808 192C892 279 933 379 933 500 933 621 892 725 808 808 725 892 621 938 500 938 379 938 279 896 196 808 113 725 67 621 67 500 67 379 108 279 196 192 279 108 383 62 500 62 621 62 721 108 808 192M438 392V642L642 517 438 392Z\"><\/path><\/svg>\t\t\t\t\t\t<\/div>\n\t\t\t\t\t\t\t\t\t<\/div>\n\t\t\t\t\t<\/div>\n\t\t\t\t\t\t<\/div>\n\t\t\t\t<\/div>\n\t\t\t\t<\/div>\n\t\t<div class=\"elementor-element elementor-element-50b796c e-con-full e-flex e-con e-child\" data-id=\"50b796c\" data-element_type=\"container\" data-e-type=\"container\">\n\t\t\t\t<div class=\"elementor-element elementor-element-e1015ff elementor-widget elementor-widget-heading\" data-id=\"e1015ff\" data-element_type=\"widget\" data-e-type=\"widget\" data-widget_type=\"heading.default\">\n\t\t\t\t<div class=\"elementor-widget-container\">\n\t\t\t\t\t<h2 class=\"elementor-heading-title elementor-size-default\">Taichy G\u0131da ile Tan\u0131\u015f\u0131n <\/h2>\t\t\t\t<\/div>\n\t\t\t\t<\/div>\n\t\t\t\t<div class=\"elementor-element elementor-element-fe42cb0 elementor-widget elementor-widget-text-editor\" data-id=\"fe42cb0\" data-element_type=\"widget\" data-e-type=\"widget\" data-widget_type=\"text-editor.default\">\n\t\t\t\t<div class=\"elementor-widget-container\">\n\t\t\t\t\t\t\t\t\t<p>Ki\u015fiselle\u015ftirilebilir ambalajl\u0131, k\u00fcresel pazarlara uygun premium domates sal\u00e7as\u0131. Konserve, varil veya sachet se\u00e7eneklerinden ve \u00f6zel etiket opsiyonlar\u0131ndan se\u00e7im yap\u0131n. D\u00fcnya \u00e7ap\u0131nda ithalat\u00e7\u0131lar taraf\u0131ndan g\u00fcvenilir. Ki\u015fiselle\u015ftirilebilir ambalajl\u0131, k\u00fcresel pazarlara uygun premium domates sal\u00e7as\u0131. Konserve, varil veya sachet se\u00e7eneklerinden ve \u00f6zel etiket opsiyonlar\u0131ndan se\u00e7im yap\u0131n. D\u00fcnya \u00e7ap\u0131nda ithalat\u00e7\u0131lar taraf\u0131ndan g\u00fcvenilir. Ki\u015fiselle\u015ftirilebilir ambalajl\u0131, k\u00fcresel pazarlara uygun premium domates sal\u00e7as\u0131. Konserve, varil veya sachet se\u00e7eneklerinden ve \u00f6zel etiket opsiyonlar\u0131ndan se\u00e7im yap\u0131n. D\u00fcnya \u00e7ap\u0131nda ithalat\u00e7\u0131lar taraf\u0131ndan g\u00fcvenilir.<\/p>\t\t\t\t\t\t\t\t<\/div>\n\t\t\t\t<\/div>\n\t\t\t\t<\/div>\n\t\t\t\t\t<\/div>\n\t\t\t\t<\/div>\n\t\t<div class=\"elementor-element elementor-element-22959a0 e-flex e-con-boxed e-con e-parent\" data-id=\"22959a0\" data-element_type=\"container\" data-e-type=\"container\" data-settings=\"{&quot;background_background&quot;:&quot;classic&quot;}\">\n\t\t\t\t\t<div class=\"e-con-inner\">\n\t\t<div class=\"elementor-element elementor-element-d9d566d e-con-full e-flex e-con e-child\" data-id=\"d9d566d\" data-element_type=\"container\" data-e-type=\"container\" data-settings=\"{&quot;background_background&quot;:&quot;classic&quot;}\">\n\t\t\t\t<div class=\"elementor-element elementor-element-4248645 elementor-widget elementor-widget-heading\" data-id=\"4248645\" data-element_type=\"widget\" data-e-type=\"widget\" data-widget_type=\"heading.default\">\n\t\t\t\t<div class=\"elementor-widget-container\">\n\t\t\t\t\t<h3 class=\"elementor-heading-title elementor-size-default\">Taichy G\u0131da Fabrikas\u0131 <\/h3>\t\t\t\t<\/div>\n\t\t\t\t<\/div>\n\t\t\t\t<div class=\"elementor-element elementor-element-1fd8296 elementor-widget elementor-widget-text-editor\" data-id=\"1fd8296\" data-element_type=\"widget\" data-e-type=\"widget\" data-widget_type=\"text-editor.default\">\n\t\t\t\t<div class=\"elementor-widget-container\">\n\t\t\t\t\t\t\t\t\t<p>Geli\u015fmi\u015f \u00fcretim tesisleri ve s\u0131k\u0131 kalite kontrol sistemi ile donat\u0131lm\u0131\u015f modern bir g\u0131da i\u015fleme fabrikas\u0131y\u0131z. Ana \u00fcr\u00fcnlerimiz aras\u0131nda domates sal\u00e7as\u0131, domates bazl\u0131 \u00fcr\u00fcnler ve di\u011fer tar\u0131msal \u00fcr\u00fcnler bulunmakta olup, bunlar d\u00fcnya genelinde bir\u00e7ok \u00fclke ve b\u00f6lgeye ihra\u00e7 edilmektedir. \u201c<strong>Kalite \u00d6nceliklidir, M\u00fc\u015fteri Her \u015eeyden \u00d6nemlidir<\/strong>,\u201d felsefesine ba\u011fl\u0131 kalarak, y\u00fcksek kaliteli, g\u00fcvenli ve s\u00fcrd\u00fcr\u00fclebilir \u00fcr\u00fcnler ve hizmetler sunmaya kendimizi adad\u0131k. <a href=\"https:\/\/taichytomato.com\/tr\/?elementor_library=prodcut-archive\"><strong>Domates sal\u00e7am\u0131z hakk\u0131nda daha fazla bilgi edinin\u00a0<\/strong><\/a><\/p>\t\t\t\t\t\t\t\t<\/div>\n\t\t\t\t<\/div>\n\t\t\t\t<div class=\"elementor-element elementor-element-3f4e134 elementor-widget elementor-widget-video\" data-id=\"3f4e134\" data-element_type=\"widget\" data-e-type=\"widget\" data-settings=\"{&quot;youtube_url&quot;:&quot;https:\\\/\\\/youtu.be\\\/ykC3-sutXPE&quot;,&quot;show_image_overlay&quot;:&quot;yes&quot;,&quot;image_overlay&quot;:{&quot;url&quot;:&quot;https:\\\/\\\/taichytomato.com\\\/wp-content\\\/uploads\\\/2025\\\/04\\\/a12ec7c5202785755cb4b170f925cb6-e1745327015432.jpg&quot;,&quot;id&quot;:152,&quot;size&quot;:&quot;&quot;,&quot;alt&quot;:&quot;tomato&quot;,&quot;source&quot;:&quot;library&quot;},&quot;video_type&quot;:&quot;youtube&quot;,&quot;controls&quot;:&quot;yes&quot;}\" data-widget_type=\"video.default\">\n\t\t\t\t<div class=\"elementor-widget-container\">\n\t\t\t\t\t\t\t<div class=\"elementor-wrapper elementor-open-inline\">\n\t\t\t<div class=\"elementor-video\"><\/div>\t\t\t\t<div class=\"elementor-custom-embed-image-overlay\" style=\"background-image: url(https:\/\/taichytomato.com\/wp-content\/uploads\/2025\/04\/a12ec7c5202785755cb4b170f925cb6-e1745327015432.jpg);\">\n\t\t\t\t\t\t\t\t\t\t\t\t\t\t\t\t<div class=\"elementor-custom-embed-play\" role=\"button\" aria-label=\"\u0412\u043e\u0441\u043f\u0440\u043e\u0438\u0437\u0432\u0435\u0441\u0442\u0438 \u0432\u0438\u0434\u0435\u043e \u043e tomato\" tabindex=\"0\" data-no-translation-aria-label=\"\">\n\t\t\t\t\t\t\t<svg aria-hidden=\"true\" class=\"e-font-icon-svg e-eicon-play\" viewbox=\"0 0 1000 1000\" xmlns=\"http:\/\/www.w3.org\/2000\/svg\"><path d=\"M838 162C746 71 633 25 500 25 371 25 258 71 163 162 71 254 25 367 25 500 25 633 71 746 163 837 254 929 367 979 500 979 633 979 746 933 838 837 929 746 975 633 975 500 975 367 929 254 838 162M808 192C892 279 933 379 933 500 933 621 892 725 808 808 725 892 621 938 500 938 379 938 279 896 196 808 113 725 67 621 67 500 67 379 108 279 196 192 279 108 383 62 500 62 621 62 721 108 808 192M438 392V642L642 517 438 392Z\"><\/path><\/svg>\t\t\t\t\t\t<\/div>\n\t\t\t\t\t\t\t\t\t<\/div>\n\t\t\t\t\t<\/div>\n\t\t\t\t\t\t<\/div>\n\t\t\t\t<\/div>\n\t\t\t\t<\/div>\n\t\t<div class=\"elementor-element elementor-element-ffc1d21 e-con-full e-flex e-con e-child\" data-id=\"ffc1d21\" data-element_type=\"container\" data-e-type=\"container\" data-settings=\"{&quot;background_background&quot;:&quot;classic&quot;}\">\n\t\t\t\t<div class=\"elementor-element elementor-element-0f47064 elementor-widget elementor-widget-heading\" data-id=\"0f47064\" data-element_type=\"widget\" data-e-type=\"widget\" data-widget_type=\"heading.default\">\n\t\t\t\t<div class=\"elementor-widget-container\">\n\t\t\t\t\t<h3 class=\"elementor-heading-title elementor-size-default\">Taichy G\u0131da'ya Ho\u015fgeldiniz <\/h3>\t\t\t\t<\/div>\n\t\t\t\t<\/div>\n\t\t\t\t<div class=\"elementor-element elementor-element-72d214b elementor-widget elementor-widget-text-editor\" data-id=\"72d214b\" data-element_type=\"widget\" data-e-type=\"widget\" data-widget_type=\"text-editor.default\">\n\t\t\t\t<div class=\"elementor-widget-container\">\n\t\t\t\t\t\t\t\t\t<p>Fabrikam\u0131z, zengin tar\u0131msal kaynaklara sahip Kuzeybat\u0131 b\u00f6lgesinde yer almakta olup, ofisimiz ise g\u00fczel k\u0131y\u0131 \u015fehri Tianjin'de bulunmaktad\u0131r ve uluslararas\u0131 limanlara kolay eri\u015fim sa\u011flamaktad\u0131r.<br data-start=\"307\" data-end=\"310\" \/>Hammadde tedarikinde g\u00fc\u00e7l\u00fc bir temel ve k\u00fcresel lojistik i\u00e7in stratejik konumumuz sayesinde, m\u00fc\u015fterilere istikrarl\u0131 tedarik, rekabet\u00e7i fiyatlar, \u00f6zelle\u015ftirilmi\u015f ambalaj \u00e7\u00f6z\u00fcmleri ve h\u0131zl\u0131, verimli hizmet sunabiliyoruz.<br data-start=\"540\" data-end=\"543\" \/>Ortaklar\u0131m\u0131z\u0131n \u00e7e\u015fitli ihtiya\u00e7lar\u0131n\u0131 kar\u015f\u0131lamak i\u00e7in y\u00fcksek kaliteli, g\u00fcvenli ve s\u00fcrd\u00fcr\u00fclebilir domates \u00fcr\u00fcnleri sunmaya kararl\u0131y\u0131z.<strong><a href=\"https:\/\/taichytomato.com\/tr\/why-choose-us\/\">Neden bizi se\u00e7meniz gerekti\u011fi hakk\u0131nda daha fazla bilgi edinin\u00a0<\/a><\/strong><\/p>\t\t\t\t\t\t\t\t<\/div>\n\t\t\t\t<\/div>\n\t\t\t\t<div class=\"elementor-element elementor-element-1332bb1 elementor-widget elementor-widget-google_maps\" data-id=\"1332bb1\" data-element_type=\"widget\" data-e-type=\"widget\" data-widget_type=\"google_maps.default\">\n\t\t\t\t<div class=\"elementor-widget-container\">\n\t\t\t\t\t\t\t<div class=\"elementor-custom-embed\">\n\t\t\t<iframe loading=\"lazy\"\n\t\t\t\t\tsrc=\"https:\/\/maps.google.com\/maps?q=%E5%A4%A9%E6%B4%A5%E6%BB%A8%E6%B5%B7%E6%96%B0%E5%8C%BA%E5%A1%98%E6%B2%BD&#038;t=m&#038;z=10&#038;output=embed&#038;iwloc=near\"\n\t\t\t\t\ttitle=\"Tianjin Binhai Yeni B\u00f6lgesi Tanggu\"\n\t\t\t\t\taria-label=\"Tianjin Binhai Yeni B\u00f6lgesi Tanggu\"\n\t\t\t><\/iframe>\n\t\t<\/div>\n\t\t\t\t\t\t<\/div>\n\t\t\t\t<\/div>\n\t\t\t\t<\/div>\n\t\t\t\t\t<\/div>\n\t\t\t\t<\/div>\n\t\t<div class=\"elementor-element elementor-element-d196e2c e-flex e-con-boxed e-con e-parent\" data-id=\"d196e2c\" data-element_type=\"container\" data-e-type=\"container\" data-settings=\"{&quot;background_background&quot;:&quot;classic&quot;}\">\n\t\t\t\t\t<div class=\"e-con-inner\">\n\t\t\t\t<div class=\"elementor-element elementor-element-56b0ff1 elementor-widget elementor-widget-text-editor\" data-id=\"56b0ff1\" data-element_type=\"widget\" data-e-type=\"widget\" data-widget_type=\"text-editor.default\">\n\t\t\t\t<div class=\"elementor-widget-container\">\n\t\t\t\t\t\t\t\t\t<h3 data-start=\"363\" data-end=\"386\">\u00a0S\u00fcrd\u00fcr\u00fclebilirlik<\/h3><ul data-start=\"387\" data-end=\"741\"><li data-start=\"387\" data-end=\"575\"><p data-start=\"389\" data-end=\"575\">Toprak sa\u011fl\u0131\u011f\u0131n\u0131 ve ekolojik dengeyi destekleyen tar\u0131m uygulamalar\u0131yla yeti\u015ftirilen domatesleri tedarik etmeye \u00f6ncelik veriyoruz, tedarik zincirimizin her ad\u0131m\u0131nda uzun vadeli s\u00fcrd\u00fcr\u00fclebilirli\u011fi te\u015fvik ediyoruz.<\/p><\/li><li data-start=\"576\" data-end=\"741\"><p data-start=\"578\" data-end=\"741\">Ambalajda, plastik ve metalleri \u00e7evreye uzun vadede zarar vermeden azaltmak amac\u0131yla geri d\u00f6n\u00fc\u015ft\u00fcr\u00fclebilir ve biyobozunur malzemelere ge\u00e7i\u015f yap\u0131yoruz.<\/p><\/li><\/ul><h3 data-start=\"743\" data-end=\"774\">Topluma Katk\u0131<\/h3><ul data-start=\"775\" data-end=\"1207\"><li data-start=\"775\" data-end=\"979\"><p data-start=\"777\" data-end=\"979\">Yerel tar\u0131m ortakl\u0131klar\u0131na aktif olarak kat\u0131l\u0131yor, \u00e7ift\u00e7ilere teknik destek ve kaynak sa\u011flayarak verim ve kaliteyi art\u0131rmalar\u0131na yard\u0131mc\u0131 oluyoruz, b\u00f6ylece daha fazla aile daha iyi hasatlar elde ediyor.<\/p><\/li><li data-start=\"980\" data-end=\"1207\"><p data-start=\"982\" data-end=\"1207\">Toplumsal \u00e7evre ve e\u011fitim giri\u015fimlerini destekleyerek, gen\u00e7leri ve aileleri tar\u0131m ve s\u00fcrd\u00fcr\u00fclebilirlik hakk\u0131nda bilin\u00e7lendirmeye te\u015fvik ediyoruz, \u00fcreticiler ve t\u00fcketiciler aras\u0131nda daha g\u00fc\u00e7l\u00fc bir ba\u011f kuruyoruz.<\/p><\/li><\/ul><h3 data-start=\"1209\" data-end=\"1242\">\u00a0\u00c7evresel Taahh\u00fct<\/h3><ul data-start=\"1243\" data-end=\"1608\"><li data-start=\"1243\" data-end=\"1440\"><p data-start=\"1245\" data-end=\"1440\">\u00dcretim tesislerimizde enerji verimlili\u011fi ve emisyonlar\u0131n azalt\u0131lmas\u0131na ba\u011fl\u0131l\u0131k g\u00f6steriyoruz, su ve enerjiyi korumak i\u00e7in s\u00fcre\u00e7leri optimize ederken her kutuda \u00fcst\u00fcn kaliteyi koruyoruz.<\/p><\/li><li data-start=\"1441\" data-end=\"1608\"><p data-start=\"1443\" data-end=\"1608\">Toplu paketleme ve OEM \u00e7\u00f6z\u00fcmlerini (varil, teneke ve po\u015fet gibi) te\u015fvik ederek, paketleme at\u0131klar\u0131n\u0131 ve lojistik etkisini azalt\u0131yoruz, kaynaklar\u0131n daha iyi kullan\u0131lmas\u0131n\u0131 sa\u011fl\u0131yoruz.<\/p><\/li><\/ul><h3>Benimle \u0130leti\u015fime Ge\u00e7in<\/h3><ul><li>Daha fazla bilgi almak veya teklif istemek ister misiniz? <a href=\"https:\/\/taichytomato.com\/tr\/contact\/\">\u0130leti\u015fim<\/a> bug\u00fcn sat\u0131\u015f ekibimizle ileti\u015fime ge\u00e7in.<\/li><\/ul>\t\t\t\t\t\t\t\t<\/div>\n\t\t\t\t<\/div>\n\t\t\t\t\t<\/div>\n\t\t\t\t<\/div>\n\t\t\t\t<\/div>","protected":false},"excerpt":{"rendered":"<p>Taichy G\u0131da \u015eirketi Hakk\u0131nda Taichy G\u0131da Premium domates sal\u00e7as\u0131n\u0131, \u00f6zelle\u015ftirilebilir ambalaj se\u00e7enekleriyle, k\u00fcresel pazarlara uygun olarak tan\u0131y\u0131n. Kutulardan se\u00e7im yap\u0131n, [...]<\/p>","protected":false},"author":4,"featured_media":131,"parent":0,"menu_order":0,"comment_status":"closed","ping_status":"closed","template":"","meta":{"_acf_changed":false,"_seopress_robots_primary_cat":"","_seopress_titles_title":"About Us - Trusted Tomato Paste Exporter & Manufacturer","_seopress_titles_desc":"Discover our mission in producing and exporting tomato paste, with a focus on sustainable sourcing and advanced processing.","_seopress_robots_index":"","site-sidebar-layout":"default","site-content-layout":"","ast-site-content-layout":"default","site-content-style":"default","site-sidebar-style":"default","ast-global-header-display":"","ast-banner-title-visibility":"","ast-main-header-display":"","ast-hfb-above-header-display":"","ast-hfb-below-header-display":"","ast-hfb-mobile-header-display":"","site-post-title":"","ast-breadcrumbs-content":"","ast-featured-img":"","footer-sml-layout":"","ast-disable-related-posts":"","theme-transparent-header-meta":"","adv-header-id-meta":"","stick-header-meta":"","header-above-stick-meta":"","header-main-stick-meta":"","header-below-stick-meta":"","astra-migrate-meta-layouts":"default","ast-page-background-enabled":"default","ast-page-background-meta":{"desktop":{"background-color":"var(--ast-global-color-5)","background-image":"","background-repeat":"repeat","background-position":"center center","background-size":"auto","background-attachment":"scroll","background-type":"","background-media":"","overlay-type":"","overlay-color":"","overlay-opacity":"","overlay-gradient":""},"tablet":{"background-color":"","background-image":"","background-repeat":"repeat","background-position":"center center","background-size":"auto","background-attachment":"scroll","background-type":"","background-media":"","overlay-type":"","overlay-color":"","overlay-opacity":"","overlay-gradient":""},"mobile":{"background-color":"","background-image":"","background-repeat":"repeat","background-position":"center center","background-size":"auto","background-attachment":"scroll","background-type":"","background-media":"","overlay-type":"","overlay-color":"","overlay-opacity":"","overlay-gradient":""}},"ast-content-background-meta":{"desktop":{"background-color":"var(--ast-global-color-4)","background-image":"","background-repeat":"repeat","background-position":"center center","background-size":"auto","background-attachment":"scroll","background-type":"","background-media":"","overlay-type":"","overlay-color":"","overlay-opacity":"","overlay-gradient":""},"tablet":{"background-color":"var(--ast-global-color-4)","background-image":"","background-repeat":"repeat","background-position":"center center","background-size":"auto","background-attachment":"scroll","background-type":"","background-media":"","overlay-type":"","overlay-color":"","overlay-opacity":"","overlay-gradient":""},"mobile":{"background-color":"var(--ast-global-color-4)","background-image":"","background-repeat":"repeat","background-position":"center center","background-size":"auto","background-attachment":"scroll","background-type":"","background-media":"","overlay-type":"","overlay-color":"","overlay-opacity":"","overlay-gradient":""}},"footnotes":""},"class_list":["post-98","page","type-page","status-publish","has-post-thumbnail"],"acf":[],"_links":{"self":[{"href":"https:\/\/taichytomato.com\/tr\/wp-json\/wp\/v2\/pages\/98","targetHints":{"allow":["GET"]}}],"collection":[{"href":"https:\/\/taichytomato.com\/tr\/wp-json\/wp\/v2\/pages"}],"about":[{"href":"https:\/\/taichytomato.com\/tr\/wp-json\/wp\/v2\/types\/page"}],"author":[{"embeddable":true,"href":"https:\/\/taichytomato.com\/tr\/wp-json\/wp\/v2\/users\/4"}],"replies":[{"embeddable":true,"href":"https:\/\/taichytomato.com\/tr\/wp-json\/wp\/v2\/comments?post=98"}],"version-history":[{"count":0,"href":"https:\/\/taichytomato.com\/tr\/wp-json\/wp\/v2\/pages\/98\/revisions"}],"wp:featuredmedia":[{"embeddable":true,"href":"https:\/\/taichytomato.com\/tr\/wp-json\/wp\/v2\/media\/131"}],"wp:attachment":[{"href":"https:\/\/taichytomato.com\/tr\/wp-json\/wp\/v2\/media?parent=98"}],"curies":[{"name":"wp","href":"https:\/\/api.w.org\/{rel}","templated":true}]}}