{"id":953,"date":"2025-05-22T23:54:00","date_gmt":"2025-05-23T07:54:00","guid":{"rendered":"https:\/\/taichytomato.com\/?post_type=product&#038;p=953"},"modified":"2026-01-08T00:14:10","modified_gmt":"2026-01-08T08:14:10","slug":"4-5kg-tomato-paste-canned","status":"publish","type":"product","link":"https:\/\/taichytomato.com\/fr\/produit\/4-5kg-tomato-paste-canned\/","title":{"rendered":"P\u00e2te de tomate en conserve de 4500g \u2013 Emballage en vrac"},"content":{"rendered":"<h2>Concentr\u00e9 de tomate en conserve de 4,5 kg<\/h2>\n<p>Le <strong data-start=\"809\" data-end=\"838\">4500g de concentr\u00e9 de tomate en conserve<\/strong> (\u00e9galement connu sous le nom de <strong data-start=\"854\" data-end=\"883\">Concentr\u00e9 de tomate en conserve de 4,5 kg<\/strong>) est une <strong data-start=\"890\" data-end=\"921\">option d'emballage de grande taille<\/strong> con\u00e7ue pour les restaurants, les services de restauration et les usines alimentaires qui n\u00e9cessitent un concentr\u00e9 de tomate de haute qualit\u00e9, en vrac. Ce format combine commodit\u00e9, durabilit\u00e9 et rentabilit\u00e9, ce qui le rend id\u00e9al pour les march\u00e9s internationaux.<\/p>\n<h2><strong>1. Description du produit<\/strong><\/h2>\n<p data-start=\"1198\" data-end=\"1476\">Notre <strong data-start=\"1202\" data-end=\"1224\">Concentr\u00e9 de tomate de 4500g<\/strong> est fabriqu\u00e9e \u00e0 partir de <strong data-start=\"1238\" data-end=\"1276\">Tomates fra\u00eeches, m\u00fbres, non-GMO<\/strong>, r\u00e9colt\u00e9es \u00e0 leur pleine maturit\u00e9 pour pr\u00e9server leur couleur rouge naturelle, leur saveur et leur consistance.<br data-start=\"1370\" data-end=\"1373\" \/>Il est disponible en 18-20%, 22-24%, 26-28%, 28-30%, etc. Brix, selon votre march\u00e9 et vos exigences de produit.<\/p>\n<p data-start=\"1478\" data-end=\"1669\">Chaque <strong data-start=\"1483\" data-end=\"1509\">bo\u00eete de concentr\u00e9 de tomate de 4500g<\/strong> est soigneusement trait\u00e9e, remplie et st\u00e9rilis\u00e9e sous <strong data-start=\"1563\" data-end=\"1589\">contr\u00f4le qualit\u00e9 strict<\/strong>, garantissant une longue dur\u00e9e de conservation et une stabilit\u00e9 de la qualit\u00e9 du produit sans conservateurs.<\/p>\n<hr \/>\n<h2><strong>Sp\u00e9cification du produit 2\u00a0<\/strong><\/h2>\n<p><strong>Sp\u00e9cification 1 :<\/strong><\/p>\n<table>\n<tbody>\n<tr>\n<td width=\"189\">Nom du produit<\/td>\n<td width=\"610\">P\u00e2te de tomate<\/td>\n<\/tr>\n<tr>\n<td width=\"189\">Concentration<\/td>\n<td width=\"610\">18-20%, 22-24%, 26-28%, 28-30%, etc<\/td>\n<\/tr>\n<tr>\n<td width=\"189\">Taille de la bo\u00eete<\/td>\n<td width=\"610\">4500g<\/td>\n<\/tr>\n<tr>\n<td width=\"189\">Type de bo\u00eete en m\u00e9tal<\/td>\n<td width=\"610\"><strong>Couvercle \u00e0 ouverture difficile (Une seule fa\u00e7on d'ouvrir)<\/strong><\/td>\n<\/tr>\n<tr>\n<td width=\"189\">\u00c9tiquette<\/td>\n<td width=\"610\">Impression lithographique<\/td>\n<\/tr>\n<tr>\n<td width=\"189\">Code SH<\/td>\n<td width=\"610\">20029011<\/td>\n<\/tr>\n<tr>\n<td width=\"189\">Dur\u00e9e de conservation<\/td>\n<td width=\"610\">24 mois<\/td>\n<\/tr>\n<tr>\n<td width=\"189\">Nom de la marque<\/td>\n<td width=\"610\">OEM<\/td>\n<\/tr>\n<tr>\n<td width=\"189\">Ratio d'entr\u00e9e-sortie<\/td>\n<td width=\"610\">25%-100%<\/td>\n<\/tr>\n<\/tbody>\n<\/table>\n<p>&nbsp;<\/p>\n<p>Sp\u00e9cification 2 :<\/p>\n<table>\n<tbody>\n<tr>\n<td>1<\/td>\n<td width=\"367\">4500g*6 bo\u00eetes\/en carton (HO)<\/td>\n<td width=\"139\">755 cartons<\/td>\n<\/tr>\n<\/tbody>\n<\/table>\n<p>Pour des solutions personnalis\u00e9es ou des achats en gros,\u00a0<a href=\"https:\/\/taichytomato.com\/fr\/contact\/\">veuillez contacter notre \u00e9quipe commerciale \u00e0 tout moment.<\/a><\/p>\n<hr \/>\n<h2><strong>3.<\/strong><strong data-start=\"2619\" data-end=\"2643\">D\u00e9tails de l'emballage<\/strong><\/h2>\n<p>&nbsp;<\/p>\n<ul data-start=\"2645\" data-end=\"2969\">\n<li data-start=\"2645\" data-end=\"2686\">\n<p data-start=\"2647\" data-end=\"2686\"><strong data-start=\"2647\" data-end=\"2662\">Poids net :<\/strong> 4500g par bo\u00eete (4,5kg)<\/p>\n<\/li>\n<li data-start=\"2687\" data-end=\"2716\">\n<p data-start=\"2689\" data-end=\"2716\"><strong data-start=\"2689\" data-end=\"2698\">Brix :<\/strong> \u00a018-20%, 22-24%, 26-28%, 28-30%, etc<\/p>\n<\/li>\n<li data-start=\"2717\" data-end=\"2776\">\n<p data-start=\"2719\" data-end=\"2776\"><strong data-start=\"2719\" data-end=\"2736\">Mat\u00e9riau de la bo\u00eete :<\/strong> Lacquage int\u00e9rieur en t\u00f4le \u00e9maill\u00e9e<\/p>\n<\/li>\n<li data-start=\"2777\" data-end=\"2828\">\n<p data-start=\"2779\" data-end=\"2828\"><strong data-start=\"2779\" data-end=\"2789\">\u00c9tiquette :<\/strong> \u00c9tiquette en papier ou impression lithographi\u00e9e<\/p>\n<\/li>\n<li data-start=\"2829\" data-end=\"2883\">\n<p data-start=\"2831\" data-end=\"2883\"><strong data-start=\"2831\" data-end=\"2843\">Conditionnement :<\/strong> 3 ou 6 bo\u00eetes par carton (personnalisable)<\/p>\n<\/li>\n<li data-start=\"2884\" data-end=\"2916\">\n<p data-start=\"2886\" data-end=\"2916\"><strong data-start=\"2886\" data-end=\"2901\">Dur\u00e9e de conservation :<\/strong> 24\u201336 mois<\/p>\n<\/li>\n<li data-start=\"2917\" data-end=\"2969\">\n<p data-start=\"2919\" data-end=\"2969\"><strong data-start=\"2919\" data-end=\"2927\">Quantit\u00e9 minimale de commande :<\/strong> N\u00e9gociable pour les commandes OEM\/marque priv\u00e9e<\/p>\n<\/li>\n<\/ul>\n<hr \/>\n<h2><strong>4. Atelier de production<\/strong><\/h2>\n<p>Bienvenue \u00e0 visiter notre usine de produits de tomate et \u00e0 nous contacter.<\/p>\n<figure id=\"attachment_1352\" aria-describedby=\"caption-attachment-1352\" style=\"width: 431px\" class=\"wp-caption aligncenter\"><img fetchpriority=\"high\" decoding=\"async\" class=\"wp-image-1352\" src=\"https:\/\/taichytomato.com\/wp-content\/uploads\/2025\/04\/1749522102558-300x225.jpg\" alt=\"Ligne de production aseptique\" width=\"431\" height=\"323\" srcset=\"https:\/\/taichytomato.com\/wp-content\/uploads\/2025\/04\/1749522102558-300x225.jpg 300w, https:\/\/taichytomato.com\/wp-content\/uploads\/2025\/04\/1749522102558-1024x768.jpg 1024w, https:\/\/taichytomato.com\/wp-content\/uploads\/2025\/04\/1749522102558-768x576.jpg 768w, https:\/\/taichytomato.com\/wp-content\/uploads\/2025\/04\/1749522102558-1536x1152.jpg 1536w, https:\/\/taichytomato.com\/wp-content\/uploads\/2025\/04\/1749522102558-2048x1536.jpg 2048w, https:\/\/taichytomato.com\/wp-content\/uploads\/2025\/04\/1749522102558-600x450.jpg 600w\" sizes=\"(max-width: 431px) 100vw, 431px\" \/><figcaption id=\"caption-attachment-1352\" class=\"wp-caption-text\">Ligne de production aseptique avanc\u00e9e pour une p\u00e2te de tomate de haute qualit\u00e9 \u00e0 28\u201330 et 36\u201338 Brix, garantissant une qualit\u00e9 constante, une couleur riche et une longue dur\u00e9e de conservation.<\/figcaption><\/figure>\n<p>En savoir plus sur notre contr\u00f4le qualit\u00e9, nos certifications et notre processus de production en cliquant\u00a0<a href=\"https:\/\/taichytomato.com\/fr\/how-is-tomato-paste-made-in-a-factory\/\">ici.<\/a><\/p>\n<hr \/>\n<h2><strong>5. Processus d'emballage de la p\u00e2te de tomate en conserve de 4500g<\/strong><\/h2>\n<p data-start=\"1735\" data-end=\"1881\">Notre <strong data-start=\"1739\" data-end=\"1786\">Processus d'emballage de la p\u00e2te de tomate en conserve de 4500g<\/strong> est r\u00e9alis\u00e9 dans une installation moderne automatis\u00e9e certifi\u00e9e par <strong data-start=\"1845\" data-end=\"1868\">HACCP, ISO et FDA<\/strong> normes :<\/p>\n<ol data-start=\"1883\" data-end=\"2477\">\n<li data-start=\"1883\" data-end=\"1959\">\n<p data-start=\"1886\" data-end=\"1959\"><strong data-start=\"1886\" data-end=\"1913\">S\u00e9lection des mati\u00e8res premi\u00e8res :<\/strong> Seules des tomates fra\u00eeches de premi\u00e8re qualit\u00e9 sont utilis\u00e9es.<\/p>\n<\/li>\n<li data-start=\"1960\" data-end=\"2044\">\n<p data-start=\"1963\" data-end=\"2044\"><strong data-start=\"1963\" data-end=\"1985\">Lavage &amp; Tri :<\/strong> Les tomates sont nettoy\u00e9es et inspect\u00e9es pour \u00e9liminer les impuret\u00e9s.<\/p>\n<\/li>\n<li data-start=\"2045\" data-end=\"2133\">\n<p data-start=\"2048\" data-end=\"2133\"><strong data-start=\"2048\" data-end=\"2077\">Broyage &amp; Concentration :<\/strong> Le jus de tomate est \u00e9vapor\u00e9 pour atteindre le Brix d\u00e9sir\u00e9.<\/p>\n<\/li>\n<li data-start=\"2134\" data-end=\"2236\">\n<p data-start=\"2137\" data-end=\"2236\"><strong data-start=\"2137\" data-end=\"2149\">Remplissage :<\/strong> La pur\u00e9e de tomates chaude est vers\u00e9e dans des bo\u00eetes en fer blanc de 4500g \u00e0 l'aide de lignes de remplissage aseptiques.<\/p>\n<\/li>\n<li data-start=\"2237\" data-end=\"2301\">\n<p data-start=\"2240\" data-end=\"2301\"><strong data-start=\"2240\" data-end=\"2252\">Sertissage :<\/strong> Les bo\u00eetes \u00e0 double sertissage assurent une protection herm\u00e9tique.<\/p>\n<\/li>\n<li data-start=\"2302\" data-end=\"2391\">\n<p data-start=\"2305\" data-end=\"2391\"><strong data-start=\"2305\" data-end=\"2323\">St\u00e9rilisation :<\/strong> La st\u00e9rilisation \u00e0 haute temp\u00e9rature garantit la s\u00e9curit\u00e9 microbiologique.<\/p>\n<\/li>\n<li data-start=\"2392\" data-end=\"2477\">\n<p data-start=\"2395\" data-end=\"2477\"><strong data-start=\"2395\" data-end=\"2418\">Refroidissement &amp; \u00c9tiquetage :<\/strong> Apr\u00e8s refroidissement, les bo\u00eetes sont \u00e9tiquet\u00e9es et emball\u00e9es pour l'exp\u00e9dition.<\/p>\n<\/li>\n<\/ol>\n<p data-start=\"2479\" data-end=\"2608\">Cette <strong data-start=\"2484\" data-end=\"2532\">cha\u00eene de production automatis\u00e9e de concentr\u00e9 de tomates de 4,5 kg<\/strong> garantit une productivit\u00e9 \u00e9lev\u00e9e, une consistance et une hygi\u00e8ne du d\u00e9but \u00e0 la fin.<\/p>\n<hr \/>\n<h3 data-start=\"2976\" data-end=\"2999\"><strong data-start=\"2980\" data-end=\"2999\">6. Applications<\/strong><\/h3>\n<p data-start=\"3001\" data-end=\"3053\">Le <strong data-start=\"3005\" data-end=\"3034\">4500g de concentr\u00e9 de tomate en conserve<\/strong> est appropri\u00e9 pour :<\/p>\n<ul data-start=\"3054\" data-end=\"3244\">\n<li data-start=\"3054\" data-end=\"3097\">\n<p data-start=\"3056\" data-end=\"3097\">Cha\u00eenes de restaurants et services de restauration<\/p>\n<\/li>\n<li data-start=\"3098\" data-end=\"3150\">\n<p data-start=\"3100\" data-end=\"3150\">Fabricants de produits alimentaires (sauces, soupes, base de ketchup)<\/p>\n<\/li>\n<li data-start=\"3151\" data-end=\"3200\">\n<p data-start=\"3153\" data-end=\"3200\">Distributeurs pour les march\u00e9s de gros et d'exportation<\/p>\n<\/li>\n<li data-start=\"3201\" data-end=\"3244\">\n<p data-start=\"3203\" data-end=\"3244\">Institutions n\u00e9cessitant une fourniture en vrac de produits alimentaires<\/p>\n<\/li>\n<\/ul>\n<hr data-start=\"3246\" data-end=\"3249\" \/>\n<h3 data-start=\"3251\" data-end=\"3298\"><strong data-start=\"3255\" data-end=\"3298\">7. Avantages de notre concentr\u00e9 de tomate de 4500g<\/strong><\/h3>\n<p data-start=\"3300\" data-end=\"3556\">\u2705 Fabriqu\u00e9 \u00e0 partir de tomates naturelles, fra\u00eeches, 100%TP3T<br data-start=\"3340\" data-end=\"3343\" \/>\u2705 Texture \u00e9paisse, couleur vive, go\u00fbt riche<br data-start=\"3384\" data-end=\"3387\" \/>\u2705 Sans conservateurs ni colorants artificiels<br data-start=\"3428\" data-end=\"3431\" \/>\u2705 Longue dur\u00e9e de conservation (2\u20133 ans)<br data-start=\"3460\" data-end=\"3463\" \/>\u2705 OEM et Marque Priv\u00e9e disponibles<br data-start=\"3494\" data-end=\"3497\" \/>\u2705 Prix comp\u00e9titifs direct usine <strong data-start=\"3526\" data-end=\"3554\">Prix du concentr\u00e9 de tomate de 4500g<\/strong><\/p>\n<hr data-start=\"3558\" data-end=\"3561\" \/>\n<h3 data-start=\"3563\" data-end=\"3600\"><strong data-start=\"3567\" data-end=\"3600\">8. Capacit\u00e9 d'exportation et d'approvisionnement<\/strong><\/h3>\n<p data-start=\"3602\" data-end=\"3906\">Nous sommes un <strong data-start=\"3624\" data-end=\"3682\">Fabricant et exportateur de concentr\u00e9 de tomate en conserve de 4500g<\/strong>, approvisionnant l'Afrique, le Moyen-Orient, l'Am\u00e9rique du Sud et l'Asie du Sud-Est.<br data-start=\"3756\" data-end=\"3759\" \/>Notre service d'exportation comprend <strong data-start=\"3787\" data-end=\"3858\">emballage personnalis\u00e9, \u00e9tiquetage multilingue, support \u00e0 l'inspection SGS<\/strong>, et chargement rapide des conteneurs pour les commandes importantes.<\/p>\n<figure id=\"attachment_407\" aria-describedby=\"caption-attachment-407\" style=\"width: 424px\" class=\"wp-caption aligncenter\"><img decoding=\"async\" class=\"wp-image-407\" src=\"https:\/\/taichytomato.com\/wp-content\/uploads\/2025\/04\/19022652c422b059aff596fa5c8aba0e-300x150.jpg\" alt=\"Chargement au port\" width=\"424\" height=\"212\" srcset=\"https:\/\/taichytomato.com\/wp-content\/uploads\/2025\/04\/19022652c422b059aff596fa5c8aba0e-300x150.jpg 300w, https:\/\/taichytomato.com\/wp-content\/uploads\/2025\/04\/19022652c422b059aff596fa5c8aba0e-1024x512.jpg 1024w, https:\/\/taichytomato.com\/wp-content\/uploads\/2025\/04\/19022652c422b059aff596fa5c8aba0e-768x384.jpg 768w, https:\/\/taichytomato.com\/wp-content\/uploads\/2025\/04\/19022652c422b059aff596fa5c8aba0e-600x300.jpg 600w, https:\/\/taichytomato.com\/wp-content\/uploads\/2025\/04\/19022652c422b059aff596fa5c8aba0e.jpg 1100w\" sizes=\"(max-width: 424px) 100vw, 424px\" \/><figcaption id=\"caption-attachment-407\" class=\"wp-caption-text\">Chargement au port<\/figcaption><\/figure>\n<h2><strong>9<\/strong><strong>.FAQ<\/strong><\/h2>\n<p><strong>1.Quand puis-je obtenir le devis?\u00a0<\/strong><\/p>\n<p>Nous citons g\u00e9n\u00e9ralement dans les 12 heures apr\u00e8s r\u00e9ception de votre demande. Si vous \u00eates tr\u00e8s urgent d'obtenir le prix, veuillez nous le dire afin que nous consid\u00e9rions votre priorit\u00e9 de demande. Vous pouvez \u00e9galement nous contacter de toute urgence par WhatsApp. et notre \u00e9quipe marketing restera en ligne 24 heures sur 24.<\/p>\n<p>&nbsp;<\/p>\n<p><strong>2.Comment puis-je obtenir un \u00e9chantillon pour v\u00e9rifier votre qualit\u00e9?\u00a0<\/strong><\/p>\n<p>Apr\u00e8s confirmation du prix, vous pouvez demander des \u00e9chantillons pour v\u00e9rifier notre qualit\u00e9.<\/p>\n<p>Nous acceptons \u00e9galement l'inspection par un tiers (SGS\/BV) avant l'exp\u00e9dition)<\/p>\n<p>&nbsp;<\/p>\n<p><strong>3.Quels types de fichiers acceptez-vous pour l'impression?<\/strong><\/p>\n<p>PDF, Core Draw, JPG haute r\u00e9solution ou format AI<\/p>\n<p>&nbsp;<\/p>\n<p><strong>4. Pouvez-vous faire le design pour nous ?\u00a0<\/strong><\/p>\n<p>Oui. Nous avons une \u00e9quipe professionnelle poss\u00e9dant une riche exp\u00e9rience en conception et fabrication.<\/p>\n<p>Et le service est gratuit.<\/p>\n<p>&nbsp;<\/p>\n<p><strong>5. Combien de temps puis-je esp\u00e9rer recevoir l'\u00e9chantillon ?\u00a0<\/strong><\/p>\n<p>3 \u00e0 5 jours ouvrables pour les \u00e9chantillons. Nous avons un accord avec DHL, TNT, UPS et Fedex.<\/p>\n<p>&nbsp;<\/p>\n<p><strong>6. Qu'en est-il du d\u00e9lai de production de masse ?\u00a0<\/strong><\/p>\n<p>25 jours ouvrables pour la production de masse. Cela d\u00e9pend de votre quantit\u00e9, et nous ferons de notre mieux pour r\u00e9pondre \u00e0 vos besoins.<\/p>\n<p>\ud83d\udce9 <a href=\"https:\/\/taichytomato.com\/fr\/contact\/\"><u>Contactez-nous maintenant<\/u><\/a>\u00a0pour les prix, les fiches techniques et les options d'emballage OEM !<\/p>\n<p>Si vous avez des questions, cliquez ici\u201d<a href=\"https:\/\/taichytomato.com\/fr\/buyers-guide-for-canned-tomato-paste\/\"><u>Guide d'achat pour la p\u00e2te de tomate en conserve<\/u><\/a>\u201d cela vous aidera<\/p>","protected":false},"excerpt":{"rendered":"<p>Brix : 18-20%, 22-24%, 26-28%, 28-30%<br \/>\nBo\u00eete en t\u00f4le anti-rouille\/anti-stress\/humidit\u00e9<br \/>\nMarque : Design ou OEM<br \/>\nQuantit\u00e9 minimale : 1X20ft<br \/>\nD\u00e9tail de livraison : 30-35 jours apr\u00e8s r\u00e9ception de l'acompte ou de la lettre de cr\u00e9dit. Livraison la plus rapide.<br \/>\nCode SH : 2002901100<\/p>","protected":false},"featured_media":3281,"template":"","meta":{"_acf_changed":false,"_seopress_robots_primary_cat":"none","_seopress_titles_title":"Industrial 4.5kg Canned Tomato Paste & Tomato Paste Tins","_seopress_titles_desc":"Our large-format canned tomato paste is ideal for industrial use.  4500g tomato paste  provide a stable and cost-effective supply for manufacturers","_seopress_robots_index":"","site-sidebar-layout":"default","site-content-layout":"","ast-site-content-layout":"default","site-content-style":"default","site-sidebar-style":"default","ast-global-header-display":"","ast-banner-title-visibility":"","ast-main-header-display":"","ast-hfb-above-header-display":"","ast-hfb-below-header-display":"","ast-hfb-mobile-header-display":"","site-post-title":"","ast-breadcrumbs-content":"","ast-featured-img":"","footer-sml-layout":"","ast-disable-related-posts":"","theme-transparent-header-meta":"default","adv-header-id-meta":"","stick-header-meta":"","header-above-stick-meta":"","header-main-stick-meta":"","header-below-stick-meta":"","astra-migrate-meta-layouts":"set","ast-page-background-enabled":"default","ast-page-background-meta":{"desktop":{"background-color":"var(--ast-global-color-5)","background-image":"","background-repeat":"repeat","background-position":"center center","background-size":"auto","background-attachment":"scroll","background-type":"","background-media":"","overlay-type":"","overlay-color":"","overlay-opacity":"","overlay-gradient":""},"tablet":{"background-color":"","background-image":"","background-repeat":"repeat","background-position":"center center","background-size":"auto","background-attachment":"scroll","background-type":"","background-media":"","overlay-type":"","overlay-color":"","overlay-opacity":"","overlay-gradient":""},"mobile":{"background-color":"","background-image":"","background-repeat":"repeat","background-position":"center center","background-size":"auto","background-attachment":"scroll","background-type":"","background-media":"","overlay-type":"","overlay-color":"","overlay-opacity":"","overlay-gradient":""}},"ast-content-background-meta":{"desktop":{"background-color":"var(--ast-global-color-4)","background-image":"","background-repeat":"repeat","background-position":"center center","background-size":"auto","background-attachment":"scroll","background-type":"","background-media":"","overlay-type":"","overlay-color":"","overlay-opacity":"","overlay-gradient":""},"tablet":{"background-color":"var(--ast-global-color-4)","background-image":"","background-repeat":"repeat","background-position":"center center","background-size":"auto","background-attachment":"scroll","background-type":"","background-media":"","overlay-type":"","overlay-color":"","overlay-opacity":"","overlay-gradient":""},"mobile":{"background-color":"var(--ast-global-color-4)","background-image":"","background-repeat":"repeat","background-position":"center center","background-size":"auto","background-attachment":"scroll","background-type":"","background-media":"","overlay-type":"","overlay-color":"","overlay-opacity":"","overlay-gradient":""}}},"product_brand":[],"product_cat":[96],"product_tag":[157,213,45,44],"class_list":{"0":"post-953","1":"product","2":"type-product","3":"status-publish","4":"has-post-thumbnail","6":"product_cat-canned-tomato-paste","7":"product_tag-4-5kg-canned-tomato-paste","8":"product_tag-4500g-canned-tomato-paste","9":"product_tag-canned-tomato-paste","10":"product_tag-tomato-paste","11":"desktop-align-left","12":"tablet-align-left","13":"mobile-align-left","15":"first","16":"instock","17":"sale","18":"shipping-taxable","19":"purchasable","20":"product-type-simple"},"acf":[],"_links":{"self":[{"href":"https:\/\/taichytomato.com\/fr\/wp-json\/wp\/v2\/product\/953","targetHints":{"allow":["GET"]}}],"collection":[{"href":"https:\/\/taichytomato.com\/fr\/wp-json\/wp\/v2\/product"}],"about":[{"href":"https:\/\/taichytomato.com\/fr\/wp-json\/wp\/v2\/types\/product"}],"version-history":[{"count":0,"href":"https:\/\/taichytomato.com\/fr\/wp-json\/wp\/v2\/product\/953\/revisions"}],"wp:featuredmedia":[{"embeddable":true,"href":"https:\/\/taichytomato.com\/fr\/wp-json\/wp\/v2\/media\/3281"}],"wp:attachment":[{"href":"https:\/\/taichytomato.com\/fr\/wp-json\/wp\/v2\/media?parent=953"}],"wp:term":[{"taxonomy":"product_brand","embeddable":true,"href":"https:\/\/taichytomato.com\/fr\/wp-json\/wp\/v2\/product_brand?post=953"},{"taxonomy":"product_cat","embeddable":true,"href":"https:\/\/taichytomato.com\/fr\/wp-json\/wp\/v2\/product_cat?post=953"},{"taxonomy":"product_tag","embeddable":true,"href":"https:\/\/taichytomato.com\/fr\/wp-json\/wp\/v2\/product_tag?post=953"}],"curies":[{"name":"wp","href":"https:\/\/api.w.org\/{rel}","templated":true}]}}