{"id":949,"date":"2025-05-22T23:48:53","date_gmt":"2025-05-23T07:48:53","guid":{"rendered":"https:\/\/taichytomato.com\/?post_type=product&#038;p=949"},"modified":"2026-01-08T00:11:54","modified_gmt":"2026-01-08T08:11:54","slug":"3kg-canned-tomato-paste-tin","status":"publish","type":"product","link":"https:\/\/taichytomato.com\/fr\/produit\/3kg-canned-tomato-paste-tin\/","title":{"rendered":"Concentr\u00e9 de tomate en conserve 3kg \u2013 Qualit\u00e9 sup\u00e9rieure"},"content":{"rendered":"<h2><span style=\"color: #ff0000;\">P\u00e2te de tomate en conserve 3kg<\/span><\/h2>\n<p>Le <strong data-start=\"947\" data-end=\"967\">p\u00e2te de tomate 3kg<\/strong> (\u00e9galement connu sous le nom de <strong data-start=\"983\" data-end=\"1007\">bo\u00eete de p\u00e2te de tomate 3kg<\/strong>) est une taille d'emballage populaire largement utilis\u00e9e dans les services de restauration, les restaurants et les industries de fabrication alimentaire. Elle offre le parfait \u00e9quilibre entre <strong data-start=\"1157\" data-end=\"1190\">volume en vrac et manipulation facile<\/strong>, ce qui en fait l'un des produits les plus demand\u00e9s dans le commerce mondial de la p\u00e2te de tomate.<\/p>\n<hr \/>\n<h2><span style=\"color: #ff0000;\"><strong>1. Description du produit<\/strong><\/span><\/h2>\n<p>Notre <strong data-start=\"1307\" data-end=\"1327\">p\u00e2te de tomate 3kg<\/strong> est produite \u00e0 partir de tomates fra\u00eeches, m\u00fbres, non-OGM, 100%. Elle est soigneusement trait\u00e9e pour pr\u00e9server son <strong data-start=\"1423\" data-end=\"1444\">couleur rouge naturelle<\/strong>, <strong data-start=\"1446\" data-end=\"1461\">saveur riche<\/strong>, et <strong data-start=\"1467\" data-end=\"1487\">haute consistance<\/strong>. Le produit est disponible en<strong> 22-24%, 28\u201330% Brix ou 36\u201338% Brix<\/strong>, selon les exigences du client.<\/p>\n<p data-start=\"1588\" data-end=\"1770\">Chaque <strong data-start=\"1593\" data-end=\"1617\">bo\u00eete de p\u00e2te de tomate 3kg<\/strong> est scell\u00e9e sous vide et st\u00e9rilis\u00e9e pour garantir la s\u00e9curit\u00e9 alimentaire, une longue dur\u00e9e de conservation et une excellente pr\u00e9servation sans additifs chimiques ni conservateurs.<\/p>\n<hr \/>\n<h2><span style=\"color: #ff0000;\"><strong>Sp\u00e9cification du produit 2\u00a0<\/strong><\/span><\/h2>\n<p><strong>Sp\u00e9cification 1 :<\/strong><\/p>\n<table>\n<tbody>\n<tr>\n<td width=\"189\">Nom du produit<\/td>\n<td width=\"610\">P\u00e2te de tomate<\/td>\n<\/tr>\n<tr>\n<td width=\"189\">Concentration<\/td>\n<td width=\"610\">18-20%, 22-24%, 26-28%, 28-30%, etc<\/td>\n<\/tr>\n<tr>\n<td width=\"189\">Taille de la bo\u00eete<\/td>\n<td width=\"610\">3000g<\/td>\n<\/tr>\n<tr>\n<td width=\"189\">Type de bo\u00eete en m\u00e9tal<\/td>\n<td width=\"610\">Couvercle \u00e0 ouverture difficile<\/td>\n<\/tr>\n<tr>\n<td width=\"189\">\u00c9tiquette<\/td>\n<td width=\"610\">Impression lithographique<\/td>\n<\/tr>\n<tr>\n<td width=\"189\">Code SH<\/td>\n<td width=\"610\">20029011<\/td>\n<\/tr>\n<tr>\n<td width=\"189\">Dur\u00e9e de conservation<\/td>\n<td width=\"610\">24 mois<\/td>\n<\/tr>\n<tr>\n<td width=\"189\">Nom de la marque<\/td>\n<td width=\"610\">OEM<\/td>\n<\/tr>\n<tr>\n<td width=\"189\">Ratio d'entr\u00e9e-sortie<\/td>\n<td width=\"610\">25%-100%<\/td>\n<\/tr>\n<\/tbody>\n<\/table>\n<p>&nbsp;<\/p>\n<p>Sp\u00e9cification 2 :<\/p>\n<table>\n<tbody>\n<tr>\n<td>1<\/td>\n<td width=\"367\">3000g*6 bo\u00eetes\/emballage (HO)<\/td>\n<td width=\"139\">1100 bo\u00eetes<\/td>\n<\/tr>\n<\/tbody>\n<\/table>\n<p>Pour des solutions personnalis\u00e9es ou des achats en gros,\u00a0<a href=\"https:\/\/taichytomato.com\/fr\/contact\/\">veuillez contacter notre \u00e9quipe commerciale \u00e0 tout moment.<\/a><\/p>\n<hr \/>\n<h3 data-start=\"1777\" data-end=\"1822\"><strong data-start=\"1781\" data-end=\"1822\">3. Processus d'emballage de la p\u00e2te de tomate 3kg<\/strong><\/h3>\n<p data-start=\"1824\" data-end=\"2006\">Notre <strong data-start=\"1828\" data-end=\"1866\">processus d'emballage de la p\u00e2te de tomate 3kg<\/strong> respecte strictement <strong data-start=\"1884\" data-end=\"1893\">HACCP<\/strong>, <strong data-start=\"1895\" data-end=\"1902\">ISO<\/strong>, et <strong data-start=\"1908\" data-end=\"1915\">FDA<\/strong> .<br data-start=\"1926\" data-end=\"1929\" \/>Chaque \u00e9tape de production est contr\u00f4l\u00e9e pour garantir la stabilit\u00e9 et la qualit\u00e9 du produit :<\/p>\n<ol data-start=\"2008\" data-end=\"2489\">\n<li data-start=\"2008\" data-end=\"2079\">\n<p data-start=\"2011\" data-end=\"2079\"><strong data-start=\"2011\" data-end=\"2037\">S\u00e9lection des mati\u00e8res premi\u00e8res<\/strong> \u2013 Les tomates fra\u00eeches sont lav\u00e9es et tri\u00e9es.<\/p>\n<\/li>\n<li data-start=\"2080\" data-end=\"2165\">\n<p data-start=\"2083\" data-end=\"2165\"><strong data-start=\"2083\" data-end=\"2113\">\u00c9crasement et Concentration<\/strong> \u2013 Le jus est \u00e9vapor\u00e9 pour atteindre le Brix requis.<\/p>\n<\/li>\n<li data-start=\"2166\" data-end=\"2252\">\n<p data-start=\"2169\" data-end=\"2252\"><strong data-start=\"2169\" data-end=\"2184\">Remplissage \u00e0 chaud<\/strong> \u2013 La p\u00e2te concentr\u00e9e est remplie dans <strong data-start=\"2221\" data-end=\"2239\">bo\u00eetes m\u00e9talliques de 3 kg<\/strong> lorsqu'elle est chaude.<\/p>\n<\/li>\n<li data-start=\"2253\" data-end=\"2313\">\n<p data-start=\"2256\" data-end=\"2313\"><strong data-start=\"2256\" data-end=\"2267\">Fermeture<\/strong> \u2013 Les bo\u00eetes sont scell\u00e9es sous vide avec des joints doubles.<\/p>\n<\/li>\n<li data-start=\"2314\" data-end=\"2398\">\n<p data-start=\"2317\" data-end=\"2398\"><strong data-start=\"2317\" data-end=\"2334\">St\u00e9rilisation<\/strong> \u2013 La st\u00e9rilisation \u00e0 haute temp\u00e9rature garantit une stabilit\u00e9 \u00e0 long terme.<\/p>\n<\/li>\n<li data-start=\"2399\" data-end=\"2489\">\n<p data-start=\"2402\" data-end=\"2489\"><strong data-start=\"2402\" data-end=\"2424\">Refroidissement &amp; \u00c9tiquetage<\/strong> \u2013 Apr\u00e8s refroidissement, les bo\u00eetes sont \u00e9tiquet\u00e9es, emball\u00e9es et palettis\u00e9es.<\/p>\n<\/li>\n<\/ol>\n<p data-start=\"2491\" data-end=\"2623\">Cette <strong data-start=\"2496\" data-end=\"2545\">ligne d'emballage automatis\u00e9e de bo\u00eetes de p\u00e2te de tomate de 3 kg<\/strong> assure un poids de remplissage constant, l'hygi\u00e8ne et la durabilit\u00e9 lors du transport.<\/p>\n<hr \/>\n<h3 data-start=\"2630\" data-end=\"2658\"><strong data-start=\"2634\" data-end=\"2658\">4. D\u00e9tails de l'emballage<\/strong><\/h3>\n<ul data-start=\"2660\" data-end=\"2920\">\n<li data-start=\"2660\" data-end=\"2699\">\n<p data-start=\"2662\" data-end=\"2699\"><strong data-start=\"2662\" data-end=\"2677\">Poids net :<\/strong> 3kg par bo\u00eete (3000g)<\/p>\n<\/li>\n<li data-start=\"2700\" data-end=\"2729\">\n<p data-start=\"2702\" data-end=\"2729\"><strong data-start=\"2702\" data-end=\"2711\">Brix :<\/strong> 18-20%, 22-24%, 26-28%, 28-30%, etc<\/p>\n<\/li>\n<li data-start=\"2730\" data-end=\"2785\">\n<p data-start=\"2732\" data-end=\"2785\"><strong data-start=\"2732\" data-end=\"2745\">Type de bo\u00eete :<\/strong> Lacquage int\u00e9rieur en t\u00f4le \u00e9maill\u00e9e<\/p>\n<\/li>\n<li data-start=\"2786\" data-end=\"2837\">\n<p data-start=\"2788\" data-end=\"2837\"><strong data-start=\"2788\" data-end=\"2798\">\u00c9tiquette :<\/strong> \u00c9tiquette en papier ou impression lithographi\u00e9e<\/p>\n<\/li>\n<li data-start=\"2838\" data-end=\"2887\">\n<p data-start=\"2840\" data-end=\"2887\"><strong data-start=\"2840\" data-end=\"2852\">Conditionnement :<\/strong> 6 bo\u00eetes par carton (personnalisable)<\/p>\n<\/li>\n<li data-start=\"2888\" data-end=\"2920\">\n<p data-start=\"2890\" data-end=\"2920\"><strong data-start=\"2890\" data-end=\"2905\">Dur\u00e9e de conservation :<\/strong> 24\u201336 mois<\/p>\n<\/li>\n<\/ul>\n<p data-start=\"2922\" data-end=\"3022\">Les designs d'\u00e9tiquettes priv\u00e9es et les sp\u00e9cifications personnalis\u00e9es sont disponibles selon les exigences de l'acheteur.<\/p>\n<hr \/>\n<h3 data-start=\"3029\" data-end=\"3052\"><strong data-start=\"3033\" data-end=\"3052\">5. Applications<\/strong><\/h3>\n<p data-start=\"3054\" data-end=\"3101\">Le <strong data-start=\"3058\" data-end=\"3078\">p\u00e2te de tomate 3kg<\/strong> le format est id\u00e9al pour :<\/p>\n<ul data-start=\"3102\" data-end=\"3328\">\n<li data-start=\"3102\" data-end=\"3140\">\n<p data-start=\"3104\" data-end=\"3140\">Restaurants et traiteurs<\/p>\n<\/li>\n<li data-start=\"3141\" data-end=\"3207\">\n<p data-start=\"3143\" data-end=\"3207\">Fabricants alimentaires (production de sauces, ketchup, soupes et rago\u00fbts)<\/p>\n<\/li>\n<li data-start=\"3208\" data-end=\"3257\">\n<p data-start=\"3210\" data-end=\"3257\">Distributeurs pour les march\u00e9s de d\u00e9tail et en gros<\/p>\n<\/li>\n<li data-start=\"3258\" data-end=\"3328\">\n<p data-start=\"3260\" data-end=\"3328\">Exportateurs desservant l'Afrique, le Moyen-Orient, l'Am\u00e9rique du Sud et l'Asie<\/p>\n<\/li>\n<\/ul>\n<hr \/>\n<h3 data-start=\"3335\" data-end=\"3380\"><strong data-start=\"3339\" data-end=\"3380\">6. Avantages de notre concentr\u00e9 de tomate 3kg<\/strong><\/h3>\n<p data-start=\"3382\" data-end=\"3649\">\u2705 Fabriqu\u00e9 \u00e0 partir de tomates naturelles, fra\u00eeches, 100%TP3T<br data-start=\"3422\" data-end=\"3425\" \/>\u2705 Sans conservateurs ni colorants artificiels<br data-start=\"3464\" data-end=\"3467\" \/>\u2705 Brix \u00e9lev\u00e9 et texture \u00e9paisse<br data-start=\"3496\" data-end=\"3499\" \/>\u2705 Longue dur\u00e9e de conservation avec une qualit\u00e9 stable<br data-start=\"3536\" data-end=\"3539\" \/>\u2705 Service OEM \/ Marque priv\u00e9e disponible<br data-start=\"3578\" data-end=\"3581\" \/>\u2705 Comp\u00e9titif <strong data-start=\"3595\" data-end=\"3621\">prix de la p\u00e2te de tomate 3kg<\/strong> directement de l'usine<\/p>\n<hr data-start=\"3651\" data-end=\"3654\" \/>\n<h3 data-start=\"3656\" data-end=\"3694\"><strong data-start=\"3660\" data-end=\"3694\">7. Informations sur l'exportation et la fourniture<\/strong><\/h3>\n<p data-start=\"3696\" data-end=\"3905\">Nous fournissons <strong data-start=\"3706\" data-end=\"3731\">bo\u00eetes de conserve de p\u00e2te de tomate 3kg<\/strong> et <strong data-start=\"3736\" data-end=\"3761\">bo\u00eetes de conserve de pur\u00e9e de tomate 3kg<\/strong> \u00e0 plus de 50 pays dans le monde. Notre usine prend en charge les marques OEM, l'\u00e9tiquetage multilingue et les options d'exp\u00e9dition flexibles (par mer, FCL\/LCL).<\/p>\n<hr \/>\n<h2><span style=\"color: #ff0000;\"><strong>8<\/strong><strong>.FAQ<\/strong><\/span><\/h2>\n<p>&nbsp;<\/p>\n<p><strong>1.Quand puis-je obtenir le devis?\u00a0<\/strong><\/p>\n<p>Nous citons g\u00e9n\u00e9ralement dans les 12 heures apr\u00e8s r\u00e9ception de votre demande. Si vous \u00eates tr\u00e8s urgent d'obtenir le prix, veuillez nous le dire afin que nous consid\u00e9rions votre priorit\u00e9 de demande. Vous pouvez \u00e9galement nous contacter de toute urgence par WhatsApp. et notre \u00e9quipe marketing restera en ligne 24 heures sur 24.<\/p>\n<p>&nbsp;<\/p>\n<p><strong>2.Comment puis-je obtenir un \u00e9chantillon pour v\u00e9rifier votre qualit\u00e9?\u00a0<\/strong><\/p>\n<p>Apr\u00e8s confirmation du prix, vous pouvez demander des \u00e9chantillons pour v\u00e9rifier notre qualit\u00e9.<\/p>\n<p>Nous acceptons \u00e9galement l'inspection par un tiers (SGS\/BV) avant l'exp\u00e9dition)<\/p>\n<p>&nbsp;<\/p>\n<p><strong>3.Quels types de fichiers acceptez-vous pour l'impression?<\/strong><\/p>\n<p>PDF, Core Draw, JPG haute r\u00e9solution ou format AI<\/p>\n<p>&nbsp;<\/p>\n<p><strong>4. Pouvez-vous faire le design pour nous ?\u00a0<\/strong><\/p>\n<p>Oui. Nous avons une \u00e9quipe professionnelle poss\u00e9dant une riche exp\u00e9rience en conception et fabrication.<\/p>\n<p>Et le service est gratuit.<\/p>\n<p>&nbsp;<\/p>\n<p><strong>5. Combien de temps puis-je esp\u00e9rer recevoir l'\u00e9chantillon ?\u00a0<\/strong><\/p>\n<p>3 \u00e0 5 jours ouvrables pour les \u00e9chantillons. Nous avons un accord avec DHL, TNT, UPS et Fedex.<\/p>\n<p>&nbsp;<\/p>\n<p><strong>6. Qu'en est-il du d\u00e9lai de production de masse ?\u00a0<\/strong><\/p>\n<p>25 jours ouvrables pour la production de masse. Cela d\u00e9pend de votre quantit\u00e9, et nous ferons de notre mieux pour r\u00e9pondre \u00e0 vos besoins.<\/p>\n<p>\ud83d\udce9 <a href=\"https:\/\/taichytomato.com\/fr\/contact\/\"><u>Contactez-nous maintenant<\/u><\/a>\u00a0pour les prix, les fiches techniques et les options d'emballage OEM !<\/p>\n<p>Si vous avez des questions, cliquez ici\u201d<a href=\"https:\/\/taichytomato.com\/fr\/buyers-guide-for-canned-tomato-paste\/\"><u>Guide d'achat pour la p\u00e2te de tomate en conserve<\/u><\/a>\u201d cela vous aidera<\/p>\n<p>si vous avez des questions, vous pouvez cliquer sur cet article. .<\/p>\n<p><a href=\"https:\/\/taichytomato.com\/fr\/your-reliable-tomato-paste-supplier-drum-canned-tomato-paste-available\/\"> Votre fournisseur fiable de concentr\u00e9 de tomates | Concentr\u00e9 de tomates en f\u00fbt et en conserve disponible<\/a><\/p>","protected":false},"excerpt":{"rendered":"<p>Brix : 18-20%, 22-24%, 26-28%, 28-30%<br \/>\nBo\u00eete en t\u00f4le anti-rouille\/anti-stress\/humidit\u00e9<br \/>\nMarque : Design ou OEM<br \/>\nQuantit\u00e9 minimale : 1X20ft<br \/>\nD\u00e9tail de livraison : 30-35 jours apr\u00e8s r\u00e9ception de l'acompte ou de la lettre de cr\u00e9dit. Livraison la plus rapide.<br \/>\nCode SH : 2002901100<\/p>","protected":false},"featured_media":3280,"template":"","meta":{"_acf_changed":false,"_seopress_robots_primary_cat":"none","_seopress_titles_title":"Industrial 3 kg Canned Tomato Paste & Tomato Paste Tins","_seopress_titles_desc":"Our large-format canned tomato paste is ideal for industrial use. 3000g tomato paste tins provide a stable and cost-effective supply for manufacturers.","_seopress_robots_index":"","site-sidebar-layout":"default","site-content-layout":"","ast-site-content-layout":"default","site-content-style":"default","site-sidebar-style":"default","ast-global-header-display":"","ast-banner-title-visibility":"","ast-main-header-display":"","ast-hfb-above-header-display":"","ast-hfb-below-header-display":"","ast-hfb-mobile-header-display":"","site-post-title":"","ast-breadcrumbs-content":"","ast-featured-img":"","footer-sml-layout":"","ast-disable-related-posts":"","theme-transparent-header-meta":"default","adv-header-id-meta":"","stick-header-meta":"","header-above-stick-meta":"","header-main-stick-meta":"","header-below-stick-meta":"","astra-migrate-meta-layouts":"set","ast-page-background-enabled":"default","ast-page-background-meta":{"desktop":{"background-color":"var(--ast-global-color-5)","background-image":"","background-repeat":"repeat","background-position":"center center","background-size":"auto","background-attachment":"scroll","background-type":"","background-media":"","overlay-type":"","overlay-color":"","overlay-opacity":"","overlay-gradient":""},"tablet":{"background-color":"","background-image":"","background-repeat":"repeat","background-position":"center center","background-size":"auto","background-attachment":"scroll","background-type":"","background-media":"","overlay-type":"","overlay-color":"","overlay-opacity":"","overlay-gradient":""},"mobile":{"background-color":"","background-image":"","background-repeat":"repeat","background-position":"center center","background-size":"auto","background-attachment":"scroll","background-type":"","background-media":"","overlay-type":"","overlay-color":"","overlay-opacity":"","overlay-gradient":""}},"ast-content-background-meta":{"desktop":{"background-color":"var(--ast-global-color-4)","background-image":"","background-repeat":"repeat","background-position":"center center","background-size":"auto","background-attachment":"scroll","background-type":"","background-media":"","overlay-type":"","overlay-color":"","overlay-opacity":"","overlay-gradient":""},"tablet":{"background-color":"var(--ast-global-color-4)","background-image":"","background-repeat":"repeat","background-position":"center center","background-size":"auto","background-attachment":"scroll","background-type":"","background-media":"","overlay-type":"","overlay-color":"","overlay-opacity":"","overlay-gradient":""},"mobile":{"background-color":"var(--ast-global-color-4)","background-image":"","background-repeat":"repeat","background-position":"center center","background-size":"auto","background-attachment":"scroll","background-type":"","background-media":"","overlay-type":"","overlay-color":"","overlay-opacity":"","overlay-gradient":""}}},"product_brand":[],"product_cat":[96],"product_tag":[214,156,45,151],"class_list":{"0":"post-949","1":"product","2":"type-product","3":"status-publish","4":"has-post-thumbnail","6":"product_cat-canned-tomato-paste","7":"product_tag-3000g-canned-tomato-paste","8":"product_tag-3kg-canned-tomato-paste","9":"product_tag-canned-tomato-paste","10":"product_tag-canned-tomato-paste-manufacture","11":"desktop-align-left","12":"tablet-align-left","13":"mobile-align-left","15":"first","16":"instock","17":"sale","18":"shipping-taxable","19":"purchasable","20":"product-type-simple"},"acf":[],"_links":{"self":[{"href":"https:\/\/taichytomato.com\/fr\/wp-json\/wp\/v2\/product\/949","targetHints":{"allow":["GET"]}}],"collection":[{"href":"https:\/\/taichytomato.com\/fr\/wp-json\/wp\/v2\/product"}],"about":[{"href":"https:\/\/taichytomato.com\/fr\/wp-json\/wp\/v2\/types\/product"}],"version-history":[{"count":0,"href":"https:\/\/taichytomato.com\/fr\/wp-json\/wp\/v2\/product\/949\/revisions"}],"wp:featuredmedia":[{"embeddable":true,"href":"https:\/\/taichytomato.com\/fr\/wp-json\/wp\/v2\/media\/3280"}],"wp:attachment":[{"href":"https:\/\/taichytomato.com\/fr\/wp-json\/wp\/v2\/media?parent=949"}],"wp:term":[{"taxonomy":"product_brand","embeddable":true,"href":"https:\/\/taichytomato.com\/fr\/wp-json\/wp\/v2\/product_brand?post=949"},{"taxonomy":"product_cat","embeddable":true,"href":"https:\/\/taichytomato.com\/fr\/wp-json\/wp\/v2\/product_cat?post=949"},{"taxonomy":"product_tag","embeddable":true,"href":"https:\/\/taichytomato.com\/fr\/wp-json\/wp\/v2\/product_tag?post=949"}],"curies":[{"name":"wp","href":"https:\/\/api.w.org\/{rel}","templated":true}]}}