{"id":941,"date":"2025-05-22T23:45:00","date_gmt":"2025-05-23T07:45:00","guid":{"rendered":"https:\/\/taichytomato.com\/?post_type=product&#038;p=941"},"modified":"2026-03-23T23:38:04","modified_gmt":"2026-03-24T07:38:04","slug":"2-2kg-canned-tomato-paste","status":"publish","type":"product","link":"https:\/\/taichytomato.com\/fr\/produit\/2-2kg-canned-tomato-paste\/","title":{"rendered":"Pur\u00e9e de tomates 2,2 kg \u2013 Qualit\u00e9 sup\u00e9rieure, emballage professionnel pour l'approvisionnement mondial"},"content":{"rendered":"<h2><span style=\"color: #ff0000;\">P\u00e2te de tomate en conserve 2,2 kg<\/span><\/h2>\n<p>Le <strong data-start=\"984\" data-end=\"1006\">p\u00e2te de tomate 2,2 kg<\/strong> (\u00e9galement connu sous le nom de <strong data-start=\"1022\" data-end=\"1048\">p\u00e2te de tomate en conserve de 2200 g<\/strong>) est l'une des tailles d'emballage les plus populaires pour un usage domestique et industriel. Elle est largement utilis\u00e9e dans la restauration, les restaurants et l'industrie de la fabrication alimentaire pour la pr\u00e9paration de sauces, soupes et rago\u00fbts.<\/p>\n<h2><span style=\"color: #ff0000;\"><strong>1. Description du produit<\/strong><\/span><\/h2>\n<p data-start=\"1288\" data-end=\"1549\">Notre <strong data-start=\"1292\" data-end=\"1315\">P\u00e2te de tomate 2,2 kg<\/strong> est fabriqu\u00e9e \u00e0 partir de tomates fra\u00eeches et m\u00fbres 100%, soigneusement s\u00e9lectionn\u00e9es et trait\u00e9es pour pr\u00e9server la saveur naturelle, la couleur riche et la haute viscosit\u00e9. La p\u00e2te est concentr\u00e9e \u00e0 <strong>20-22%<\/strong> , <strong data-start=\"1485\" data-end=\"1510\">28\u201330% ou 36\u201338% Brix<\/strong>, selon les exigences du client.<\/p>\n<p data-start=\"1551\" data-end=\"1698\">Chaque <strong data-start=\"1556\" data-end=\"1582\">p\u00e2te de tomate en conserve 2,2 kg<\/strong> est herm\u00e9tiquement scell\u00e9e pour assurer une longue dur\u00e9e de conservation et une fra\u00eecheur sans conservateurs ni additifs artificiels.<\/p>\n<hr \/>\n<h2><span style=\"color: #ff0000;\"><strong>Sp\u00e9cification du produit 2\u00a0<\/strong><\/span><\/h2>\n<p><strong>Sp\u00e9cification 1 :<\/strong><\/p>\n<table>\n<tbody>\n<tr>\n<td width=\"189\">Nom du produit<\/td>\n<td width=\"610\"><strong>Bo\u00eete de p\u00e2te de tomate<\/strong><\/td>\n<\/tr>\n<tr>\n<td width=\"189\">Concentration<\/td>\n<td width=\"610\">18-20%, 22-24%, 26-28%, 28-30%, etc<\/td>\n<\/tr>\n<tr>\n<td width=\"189\">Taille de la bo\u00eete<\/td>\n<td width=\"610\">2200 g<\/td>\n<\/tr>\n<tr>\n<td width=\"189\">Type de bo\u00eete en m\u00e9tal<\/td>\n<td width=\"610\">Couvercle \u00e0 ouverture facile \/ Couvercle \u00e0 ouverture dure<\/td>\n<\/tr>\n<tr>\n<td width=\"189\">\u00c9tiquette<\/td>\n<td width=\"610\">Impression lithographique<\/td>\n<\/tr>\n<tr>\n<td width=\"189\">Code SH<\/td>\n<td width=\"610\">20029011<\/td>\n<\/tr>\n<tr>\n<td width=\"189\">Dur\u00e9e de conservation<\/td>\n<td width=\"610\">24 mois<\/td>\n<\/tr>\n<tr>\n<td width=\"189\">Nom de la marque<\/td>\n<td width=\"610\">OEM<\/td>\n<\/tr>\n<tr>\n<td width=\"189\">Ratio d'entr\u00e9e-sortie<\/td>\n<td width=\"610\">25%-100%<\/td>\n<\/tr>\n<\/tbody>\n<\/table>\n<p>&nbsp;<\/p>\n<p>Sp\u00e9cification 2 :<\/p>\n<table>\n<tbody>\n<tr>\n<td>1<\/td>\n<td width=\"367\">2200 g*6 bo\u00eetes\/colis (HO&amp;EO)<\/td>\n<td width=\"139\">1710 colis<\/td>\n<\/tr>\n<\/tbody>\n<\/table>\n<p>Pour des solutions personnalis\u00e9es ou des achats en gros,\u00a0<a href=\"https:\/\/taichytomato.com\/fr\/contact\/\">veuillez contacter notre \u00e9quipe commerciale \u00e0 tout moment.<\/a><\/p>\n<hr \/>\n<h2><strong>3.<\/strong><strong data-start=\"1710\" data-end=\"1768\">\u00a0Processus d'emballage pour les contenants de p\u00e2te de tomate 2,2 kg<\/strong><\/h2>\n<p data-start=\"1770\" data-end=\"1890\">Le <strong data-start=\"1774\" data-end=\"1814\">processus d'emballage de la p\u00e2te de tomate 2,2 kg<\/strong> respecte strictement les normes internationales de s\u00e9curit\u00e9 alimentaire (HACCP, ISO et FDA).<\/p>\n<p data-start=\"1892\" data-end=\"1922\"><strong data-start=\"1892\" data-end=\"1920\">Les \u00e9tapes d'emballage incluent :<\/strong><\/p>\n<ol data-start=\"1923\" data-end=\"2425\">\n<li data-start=\"1923\" data-end=\"1992\">\n<p data-start=\"1926\" data-end=\"1992\"><strong data-start=\"1926\" data-end=\"1942\">Pr\u00e9paration :<\/strong> Les tomates fra\u00eeches sont lav\u00e9es, tri\u00e9es et \u00e9cras\u00e9es.<\/p>\n<\/li>\n<li data-start=\"1993\" data-end=\"2082\">\n<p data-start=\"1996\" data-end=\"2082\"><strong data-start=\"1996\" data-end=\"2014\">Concentration :<\/strong> Le jus de tomate est \u00e9vapor\u00e9 pour atteindre le niveau de Brix souhait\u00e9.<\/p>\n<\/li>\n<li data-start=\"2083\" data-end=\"2173\">\n<p data-start=\"2086\" data-end=\"2173\"><strong data-start=\"2086\" data-end=\"2098\">Remplissage :<\/strong> La p\u00e2te chaude est remplie dans <strong data-start=\"2128\" data-end=\"2148\">des bo\u00eetes m\u00e9talliques de 2,2 kg<\/strong> ou des contenants aseptiques.<\/p>\n<\/li>\n<li data-start=\"2174\" data-end=\"2240\">\n<p data-start=\"2177\" data-end=\"2240\"><strong data-start=\"2177\" data-end=\"2189\">Sertissage :<\/strong> Les bo\u00eetes sont scell\u00e9es sous vide pour \u00e9viter toute contamination.<\/p>\n<\/li>\n<li data-start=\"2241\" data-end=\"2332\">\n<p data-start=\"2244\" data-end=\"2332\"><strong data-start=\"2244\" data-end=\"2262\">St\u00e9rilisation :<\/strong> Les bo\u00eetes scell\u00e9es sont st\u00e9rilis\u00e9es \u00e0 haute temp\u00e9rature et pression.<\/p>\n<\/li>\n<li data-start=\"2333\" data-end=\"2425\">\n<p data-start=\"2336\" data-end=\"2425\"><strong data-start=\"2336\" data-end=\"2359\">Refroidissement &amp; \u00c9tiquetage :<\/strong> Les bo\u00eetes sont refroidies, \u00e9tiquet\u00e9es et emball\u00e9es dans des cartons pour l'exp\u00e9dition.<\/p>\n<\/li>\n<\/ol>\n<p data-start=\"2427\" data-end=\"2548\">Cette <strong data-start=\"2432\" data-end=\"2483\">Ligne d'emballage automatis\u00e9e de p\u00e2te de tomate en bo\u00eete de 2,2 kg<\/strong> assure coh\u00e9rence, hygi\u00e8ne et durabilit\u00e9 lors du transport.<\/p>\n<h2 data-start=\"2555\" data-end=\"2584\"><strong data-start=\"2560\" data-end=\"2584\">4. Options de Contenants<\/strong><\/h2>\n<p data-start=\"2586\" data-end=\"2689\">Nous proposons diverses <strong data-start=\"2603\" data-end=\"2638\">mat\u00e9riaux et designs de contenants<\/strong> pour <strong data-start=\"2643\" data-end=\"2675\">l'emballage de p\u00e2te de tomate de 2,2 kg<\/strong>, y compris :<\/p>\n<ul data-start=\"2690\" data-end=\"2820\">\n<li data-start=\"2690\" data-end=\"2727\">\n<p data-start=\"2692\" data-end=\"2727\">Bo\u00eetes en t\u00f4le avec couvercles \u00e0 ouverture facile<\/p>\n<\/li>\n<li data-start=\"2760\" data-end=\"2820\">\n<p data-start=\"2762\" data-end=\"2820\">Designs de marque priv\u00e9e selon les sp\u00e9cifications du client<\/p>\n<\/li>\n<\/ul>\n<h2 data-start=\"2827\" data-end=\"2851\"><strong data-start=\"2832\" data-end=\"2851\">5. Applications<\/strong><\/h2>\n<p data-start=\"2853\" data-end=\"2902\">Le <strong data-start=\"2857\" data-end=\"2879\">p\u00e2te de tomate 2,2 kg<\/strong> le format est id\u00e9al pour :<\/p>\n<ul data-start=\"2903\" data-end=\"3070\">\n<li data-start=\"2903\" data-end=\"2946\">\n<p data-start=\"2905\" data-end=\"2946\">Cha\u00eenes de restaurants et services de restauration<\/p>\n<\/li>\n<li data-start=\"2947\" data-end=\"3002\">\n<p data-start=\"2949\" data-end=\"3002\">Fabricants alimentaires (sauces, ketchup et bases de soupe)<\/p>\n<\/li>\n<li data-start=\"3003\" data-end=\"3070\">\n<p data-start=\"3005\" data-end=\"3070\">March\u00e9s d'exportation n\u00e9cessitant des tailles d'emballage durables et \u00e9conomiques<\/p>\n<\/li>\n<\/ul>\n<hr data-start=\"3072\" data-end=\"3075\" \/>\n<h2 data-start=\"3077\" data-end=\"3127\"><strong data-start=\"3082\" data-end=\"3127\">6. Pourquoi choisir nos bo\u00eetes de p\u00e2te de tomate de 2,2 kg<\/strong><\/h2>\n<p data-start=\"3129\" data-end=\"3325\">\u2705 Fabriqu\u00e9 \u00e0 partir de tomates naturelles, non-OGM, 100%<br data-start=\"3171\" data-end=\"3174\" \/>\u2705 Couleur rouge riche et texture \u00e9paisse<br data-start=\"3208\" data-end=\"3211\" \/>\u2705 Longue dur\u00e9e de conservation (24\u201336 mois)<br data-start=\"3243\" data-end=\"3246\" \/>\u2705 OEM et Marque Priv\u00e9e disponibles<br data-start=\"3277\" data-end=\"3280\" \/>\u2705 Prix d'usine comp\u00e9titif pour les commandes en gros<\/p>\n<hr \/>\n<h2 data-start=\"3332\" data-end=\"3361\"><strong data-start=\"3337\" data-end=\"3361\">7. Exportation &amp; Livraison<\/strong><\/h2>\n<p data-start=\"3363\" data-end=\"3583\">Notre <strong data-start=\"3367\" data-end=\"3396\">Concentr\u00e9 de tomate en conserve de 2,2 kg<\/strong> les produits sont export\u00e9s vers l'Afrique, le Moyen-Orient, l'Am\u00e9rique du Sud et l'Asie du Sud-Est. Nous fournissons <strong data-start=\"3493\" data-end=\"3517\">emballage personnalis\u00e9<\/strong>, livraison rapide et documentation compl\u00e8te pour le commerce international.<\/p>\n<h2><strong>8<\/strong><strong>.FAQ<\/strong><\/h2>\n<p>&nbsp;<\/p>\n<p><strong>1.Quand puis-je obtenir le devis?\u00a0<\/strong><\/p>\n<p>Nous citons g\u00e9n\u00e9ralement dans les 12 heures apr\u00e8s r\u00e9ception de votre demande. Si vous \u00eates tr\u00e8s urgent d'obtenir le prix, veuillez nous le dire afin que nous consid\u00e9rions votre priorit\u00e9 de demande. Vous pouvez \u00e9galement nous contacter de toute urgence par WhatsApp. et notre \u00e9quipe marketing restera en ligne 24 heures sur 24.<\/p>\n<p>&nbsp;<\/p>\n<p><strong>2.Comment puis-je obtenir un \u00e9chantillon pour v\u00e9rifier votre qualit\u00e9?\u00a0<\/strong><\/p>\n<p>Apr\u00e8s confirmation du prix, vous pouvez demander des \u00e9chantillons pour v\u00e9rifier notre qualit\u00e9.<\/p>\n<p>Nous acceptons \u00e9galement l'inspection par un tiers (SGS\/BV) avant l'exp\u00e9dition)<\/p>\n<p>&nbsp;<\/p>\n<p><strong>3.Quels types de fichiers acceptez-vous pour l'impression?<\/strong><\/p>\n<p>PDF, Core Draw, JPG haute r\u00e9solution ou format AI<\/p>\n<p>&nbsp;<\/p>\n<p><strong>4. Pouvez-vous faire le design pour nous ?\u00a0<\/strong><\/p>\n<p>Oui. Nous avons une \u00e9quipe professionnelle poss\u00e9dant une riche exp\u00e9rience en conception et fabrication.<\/p>\n<p>Et le service est gratuit.<\/p>\n<p>&nbsp;<\/p>\n<p><strong>5. Combien de temps puis-je esp\u00e9rer recevoir l'\u00e9chantillon ?\u00a0<\/strong><\/p>\n<p>3 \u00e0 5 jours ouvrables pour les \u00e9chantillons. Nous avons un accord avec DHL, TNT, UPS et Fedex.<\/p>\n<p>&nbsp;<\/p>\n<p><strong>6. Qu'en est-il du d\u00e9lai de production de masse ?\u00a0<\/strong><\/p>\n<p>25 jours ouvrables pour la production de masse. Cela d\u00e9pend de votre quantit\u00e9, et nous ferons de notre mieux pour r\u00e9pondre \u00e0 vos besoins.<\/p>\n<p>\ud83d\udce9 <a href=\"https:\/\/taichytomato.com\/fr\/contact\/\"><u>Contactez-nous maintenant<\/u><\/a>\u00a0pour les prix, les fiches techniques et les options d'emballage OEM !<\/p>\n<p>Si vous avez des questions, cliquez ici\u201d<a href=\"https:\/\/taichytomato.com\/fr\/buyers-guide-for-canned-tomato-paste\/\"><u>Guide d'achat pour la p\u00e2te de tomate en conserve<\/u><\/a>\u201d cela vous aidera<\/p>","protected":false},"excerpt":{"rendered":"<p>Brix : 18-20%, 22-24%, 26-28%, 28-30%<br \/>\nBo\u00eete en t\u00f4le anti-rouille\/anti-stress\/humidit\u00e9<br \/>\nMarque : Design ou OEM<br \/>\nQuantit\u00e9 minimale : 1X20ft<br \/>\nD\u00e9tail de livraison : 30-35 jours apr\u00e8s r\u00e9ception de l'acompte ou de la lettre de cr\u00e9dit. Livraison la plus rapide.<br \/>\nCode SH : 2002901100<\/p>","protected":false},"featured_media":3267,"template":"","meta":{"_acf_changed":false,"_seopress_robots_primary_cat":"none","_seopress_titles_title":"Industrial 2.2kg Canned Tomato Paste & Tomato Paste Tins","_seopress_titles_desc":"Our large-format canned tomato paste is ideal for industrial use. 2200g tins tomato paste provide a stable and cost-effective supply for manufacturers.","_seopress_robots_index":"","site-sidebar-layout":"default","site-content-layout":"","ast-site-content-layout":"default","site-content-style":"default","site-sidebar-style":"default","ast-global-header-display":"","ast-banner-title-visibility":"","ast-main-header-display":"","ast-hfb-above-header-display":"","ast-hfb-below-header-display":"","ast-hfb-mobile-header-display":"","site-post-title":"","ast-breadcrumbs-content":"","ast-featured-img":"","footer-sml-layout":"","ast-disable-related-posts":"","theme-transparent-header-meta":"default","adv-header-id-meta":"","stick-header-meta":"","header-above-stick-meta":"","header-main-stick-meta":"","header-below-stick-meta":"","astra-migrate-meta-layouts":"set","ast-page-background-enabled":"default","ast-page-background-meta":{"desktop":{"background-color":"var(--ast-global-color-5)","background-image":"","background-repeat":"repeat","background-position":"center center","background-size":"auto","background-attachment":"scroll","background-type":"","background-media":"","overlay-type":"","overlay-color":"","overlay-opacity":"","overlay-gradient":""},"tablet":{"background-color":"","background-image":"","background-repeat":"repeat","background-position":"center center","background-size":"auto","background-attachment":"scroll","background-type":"","background-media":"","overlay-type":"","overlay-color":"","overlay-opacity":"","overlay-gradient":""},"mobile":{"background-color":"","background-image":"","background-repeat":"repeat","background-position":"center center","background-size":"auto","background-attachment":"scroll","background-type":"","background-media":"","overlay-type":"","overlay-color":"","overlay-opacity":"","overlay-gradient":""}},"ast-content-background-meta":{"desktop":{"background-color":"var(--ast-global-color-4)","background-image":"","background-repeat":"repeat","background-position":"center center","background-size":"auto","background-attachment":"scroll","background-type":"","background-media":"","overlay-type":"","overlay-color":"","overlay-opacity":"","overlay-gradient":""},"tablet":{"background-color":"var(--ast-global-color-4)","background-image":"","background-repeat":"repeat","background-position":"center center","background-size":"auto","background-attachment":"scroll","background-type":"","background-media":"","overlay-type":"","overlay-color":"","overlay-opacity":"","overlay-gradient":""},"mobile":{"background-color":"var(--ast-global-color-4)","background-image":"","background-repeat":"repeat","background-position":"center center","background-size":"auto","background-attachment":"scroll","background-type":"","background-media":"","overlay-type":"","overlay-color":"","overlay-opacity":"","overlay-gradient":""}}},"product_brand":[],"product_cat":[96],"product_tag":[155,215,45,151],"class_list":{"0":"post-941","1":"product","2":"type-product","3":"status-publish","4":"has-post-thumbnail","6":"product_cat-canned-tomato-paste","7":"product_tag-2-2kg-canned-tomato-paste","8":"product_tag-2200g-canned-tomato-paste","9":"product_tag-canned-tomato-paste","10":"product_tag-canned-tomato-paste-manufacture","11":"desktop-align-left","12":"tablet-align-left","13":"mobile-align-left","15":"first","16":"instock","17":"sale","18":"shipping-taxable","19":"purchasable","20":"product-type-simple"},"acf":[],"_links":{"self":[{"href":"https:\/\/taichytomato.com\/fr\/wp-json\/wp\/v2\/product\/941","targetHints":{"allow":["GET"]}}],"collection":[{"href":"https:\/\/taichytomato.com\/fr\/wp-json\/wp\/v2\/product"}],"about":[{"href":"https:\/\/taichytomato.com\/fr\/wp-json\/wp\/v2\/types\/product"}],"version-history":[{"count":0,"href":"https:\/\/taichytomato.com\/fr\/wp-json\/wp\/v2\/product\/941\/revisions"}],"wp:featuredmedia":[{"embeddable":true,"href":"https:\/\/taichytomato.com\/fr\/wp-json\/wp\/v2\/media\/3267"}],"wp:attachment":[{"href":"https:\/\/taichytomato.com\/fr\/wp-json\/wp\/v2\/media?parent=941"}],"wp:term":[{"taxonomy":"product_brand","embeddable":true,"href":"https:\/\/taichytomato.com\/fr\/wp-json\/wp\/v2\/product_brand?post=941"},{"taxonomy":"product_cat","embeddable":true,"href":"https:\/\/taichytomato.com\/fr\/wp-json\/wp\/v2\/product_cat?post=941"},{"taxonomy":"product_tag","embeddable":true,"href":"https:\/\/taichytomato.com\/fr\/wp-json\/wp\/v2\/product_tag?post=941"}],"curies":[{"name":"wp","href":"https:\/\/api.w.org\/{rel}","templated":true}]}}