{"id":935,"date":"2025-05-22T23:35:34","date_gmt":"2025-05-23T07:35:34","guid":{"rendered":"https:\/\/taichytomato.com\/?post_type=product&#038;p=935"},"modified":"2026-01-08T00:14:37","modified_gmt":"2026-01-08T08:14:37","slug":"850g-canned-tomato-paste","status":"publish","type":"product","link":"https:\/\/taichytomato.com\/fr\/produit\/850g-canned-tomato-paste\/","title":{"rendered":"Concentr\u00e9 de tomates en conserve 850g"},"content":{"rendered":"<h2>Concentr\u00e9 de tomates en conserve 850g<\/h2>\n<h3 data-start=\"610\" data-end=\"701\"><strong data-start=\"614\" data-end=\"701\">850g Concentr\u00e9 de tomate \u2013 Concentr\u00e9 de tomate en conserve de qualit\u00e9 sup\u00e9rieure pour usage domestique, restauration et exportation<\/strong><\/h3>\n<p data-start=\"703\" data-end=\"944\">Le <strong data-start=\"707\" data-end=\"728\">850g de concentr\u00e9 de tomate<\/strong> est une solution d'emballage de taille moyenne polyvalente, adapt\u00e9e \u00e0 <strong data-start=\"789\" data-end=\"850\">cuisines domestiques, services de restauration et march\u00e9s d'exportation<\/strong>. Il est tr\u00e8s appr\u00e9ci\u00e9 pour sa <strong data-start=\"880\" data-end=\"941\">couleur riche, texture \u00e9paisse et saveur concentr\u00e9e de tomate<\/strong>.<\/p>\n<h2><strong>1. Description du produit<\/strong><\/h2>\n<p data-start=\"980\" data-end=\"1227\">Notre <strong data-start=\"984\" data-end=\"1012\">Concentr\u00e9 de tomate en conserve de 850g<\/strong> est fabriqu\u00e9e \u00e0 partir de <strong data-start=\"1026\" data-end=\"1064\">Tomates fra\u00eeches, m\u00fbres, non-GMO<\/strong>.<br data-start=\"1065\" data-end=\"1068\" \/>Il est disponible en <strong data-start=\"1087\" data-end=\"1112\">18-20%, 22-24%, 26-28%, 28-30%, etc<\/strong>, garantissant une livraison constante <strong data-start=\"1134\" data-end=\"1166\">couleur, saveur et viscosit\u00e9<\/strong> pour sauces, soupes, rago\u00fbts et autres applications culinaires.<\/p>\n<p data-start=\"1229\" data-end=\"1423\">Chaque <strong data-start=\"1234\" data-end=\"1259\">Bo\u00eete de concentr\u00e9 de tomate de 850g<\/strong> est produite sous un contr\u00f4le qualit\u00e9 strict et st\u00e9rilis\u00e9e pour assurer <strong data-start=\"1326\" data-end=\"1373\">longue dur\u00e9e de conservation, fra\u00eecheur et s\u00e9curit\u00e9 alimentaire<\/strong>, sans conservateurs ni additifs artificiels.<\/p>\n<p>&nbsp;<\/p>\n<hr \/>\n<h2><strong>Sp\u00e9cification du produit 2\u00a0<\/strong><\/h2>\n<p><strong>Sp\u00e9cification 1 :<\/strong><\/p>\n<table>\n<tbody>\n<tr>\n<td width=\"189\">Nom du produit<\/td>\n<td width=\"610\">P\u00e2te de tomate<\/td>\n<\/tr>\n<tr>\n<td width=\"189\">Concentration<\/td>\n<td width=\"610\">18-20%, 22-24%, 26-28%, 28-30%, etc<\/td>\n<\/tr>\n<tr>\n<td width=\"189\">Taille de la bo\u00eete<\/td>\n<td width=\"610\">850g<\/td>\n<\/tr>\n<tr>\n<td width=\"189\">Type de bo\u00eete en m\u00e9tal<\/td>\n<td width=\"610\">Couvercle \u00e0 ouverture facile \/ Couvercle \u00e0 ouverture dure<\/td>\n<\/tr>\n<tr>\n<td width=\"189\">\u00c9tiquette<\/td>\n<td width=\"610\">Impression lithographique<\/td>\n<\/tr>\n<tr>\n<td width=\"189\">Code SH<\/td>\n<td width=\"610\">20029011<\/td>\n<\/tr>\n<tr>\n<td width=\"189\">Dur\u00e9e de conservation<\/td>\n<td width=\"610\">24 mois<\/td>\n<\/tr>\n<tr>\n<td width=\"189\">Nom de la marque<\/td>\n<td width=\"610\">OEM<\/td>\n<\/tr>\n<tr>\n<td width=\"189\">Ratio d'entr\u00e9e-sortie<\/td>\n<td width=\"610\">25%-100%<\/td>\n<\/tr>\n<\/tbody>\n<\/table>\n<p>&nbsp;<\/p>\n<p>Sp\u00e9cification 2 :<\/p>\n<table>\n<tbody>\n<tr>\n<td>1<\/td>\n<td width=\"367\">850g*12 bo\u00eetes\/par carton (HO&amp;EO)<\/td>\n<td width=\"139\">1960 cartons<\/td>\n<\/tr>\n<\/tbody>\n<\/table>\n<p>Pour des solutions personnalis\u00e9es ou des achats en gros,\u00a0<a href=\"https:\/\/taichytomato.com\/fr\/contact\/\">veuillez contacter notre \u00e9quipe commerciale \u00e0 tout moment.<\/a><\/p>\n<hr \/>\n<h2><strong>3.<\/strong><strong data-start=\"1434\" data-end=\"1458\">Processus d'emballage<\/strong><\/h2>\n<p data-start=\"1460\" data-end=\"1581\">Le <strong data-start=\"1464\" data-end=\"1507\">Processus d'emballage de la bo\u00eete de concentr\u00e9 de tomate de 850g<\/strong> est enti\u00e8rement automatis\u00e9 et conforme \u00e0 <strong data-start=\"1545\" data-end=\"1568\">HACCP, ISO et FDA<\/strong> normes :<\/p>\n<ol data-start=\"1583\" data-end=\"2085\">\n<li data-start=\"1583\" data-end=\"1652\">\n<p data-start=\"1586\" data-end=\"1652\"><strong data-start=\"1586\" data-end=\"1613\">S\u00e9lection des mati\u00e8res premi\u00e8res :<\/strong> Seules des tomates de haute qualit\u00e9 sont utilis\u00e9es.<\/p>\n<\/li>\n<li data-start=\"1653\" data-end=\"1716\">\n<p data-start=\"1656\" data-end=\"1716\"><strong data-start=\"1656\" data-end=\"1678\">Lavage &amp; Tri :<\/strong> Les tomates sont nettoy\u00e9es et inspect\u00e9es.<\/p>\n<\/li>\n<li data-start=\"1717\" data-end=\"1798\">\n<p data-start=\"1720\" data-end=\"1798\"><strong data-start=\"1720\" data-end=\"1749\">Broyage &amp; Concentration :<\/strong> La pulpe de tomate est \u00e9vapor\u00e9e jusqu'au Brix souhait\u00e9.<\/p>\n<\/li>\n<li data-start=\"1799\" data-end=\"1856\">\n<p data-start=\"1802\" data-end=\"1856\"><strong data-start=\"1802\" data-end=\"1818\">Remplissage \u00e0 chaud :<\/strong> La p\u00e2te est remplie dans des bo\u00eetes en conserve de 850 g.<\/p>\n<\/li>\n<li data-start=\"1857\" data-end=\"1923\">\n<p data-start=\"1860\" data-end=\"1923\"><strong data-start=\"1860\" data-end=\"1872\">Sertissage :<\/strong> Les bo\u00eetes sont scell\u00e9es sous vide pour \u00e9viter toute contamination.<\/p>\n<\/li>\n<li data-start=\"1924\" data-end=\"2005\">\n<p data-start=\"1927\" data-end=\"2005\"><strong data-start=\"1927\" data-end=\"1945\">St\u00e9rilisation :<\/strong> St\u00e9rilisation \u00e0 haute temp\u00e9rature pour assurer la stabilit\u00e9 du produit.<\/p>\n<\/li>\n<li data-start=\"2006\" data-end=\"2085\">\n<p data-start=\"2009\" data-end=\"2085\"><strong data-start=\"2009\" data-end=\"2032\">Refroidissement &amp; \u00c9tiquetage :<\/strong> Les bo\u00eetes sont refroidies, \u00e9tiquet\u00e9es et emball\u00e9es pour l'exp\u00e9dition.<\/p>\n<\/li>\n<\/ol>\n<p data-start=\"2087\" data-end=\"2193\">Ce processus garantit chaque <strong data-start=\"2114\" data-end=\"2142\">Concentr\u00e9 de tomate en conserve de 850g<\/strong> maintient une qualit\u00e9, une couleur et une saveur constantes.<\/p>\n<p>&nbsp;<\/p>\n<figure id=\"attachment_308\" aria-describedby=\"caption-attachment-308\" style=\"width: 502px\" class=\"wp-caption aligncenter\"><img fetchpriority=\"high\" decoding=\"async\" class=\"wp-image-308\" src=\"https:\/\/taichytomato.com\/wp-content\/uploads\/2025\/04\/35d2ab71-895d-4351-8ae6-2cff5003f202-300x180.jpg\" alt=\"p\u00e2te de tomate en conserve\" width=\"502\" height=\"301\" srcset=\"https:\/\/taichytomato.com\/wp-content\/uploads\/2025\/04\/35d2ab71-895d-4351-8ae6-2cff5003f202-300x180.jpg 300w, https:\/\/taichytomato.com\/wp-content\/uploads\/2025\/04\/35d2ab71-895d-4351-8ae6-2cff5003f202-768x461.jpg 768w, https:\/\/taichytomato.com\/wp-content\/uploads\/2025\/04\/35d2ab71-895d-4351-8ae6-2cff5003f202-600x360.jpg 600w, https:\/\/taichytomato.com\/wp-content\/uploads\/2025\/04\/35d2ab71-895d-4351-8ae6-2cff5003f202.jpg 900w\" sizes=\"(max-width: 502px) 100vw, 502px\" \/><figcaption id=\"caption-attachment-308\" class=\"wp-caption-text\">p\u00e2te de tomate en conserve<\/figcaption><\/figure>\n<hr \/>\n<h2><strong>4.<\/strong><strong data-start=\"2851\" data-end=\"2870\">\u00a0Applications<\/strong><\/h2>\n<p data-start=\"2872\" data-end=\"2913\">Le <strong data-start=\"2876\" data-end=\"2897\">850g de concentr\u00e9 de tomate<\/strong> est id\u00e9al pour :<\/p>\n<ul data-start=\"2914\" data-end=\"3094\">\n<li data-start=\"2914\" data-end=\"2964\">\n<p data-start=\"2916\" data-end=\"2964\">Cuisine quotidienne domestique (soupes, sauces, rago\u00fbts)<\/p>\n<\/li>\n<li data-start=\"2965\" data-end=\"3003\">\n<p data-start=\"2967\" data-end=\"3003\">Restauration et op\u00e9rations en restaurant<\/p>\n<\/li>\n<li data-start=\"3004\" data-end=\"3035\">\n<p data-start=\"3006\" data-end=\"3035\">Vente en supermarch\u00e9 et au d\u00e9tail<\/p>\n<\/li>\n<li data-start=\"3036\" data-end=\"3094\">\n<p data-start=\"3038\" data-end=\"3094\">March\u00e9s d'exportation n\u00e9cessitant un emballage en vrac ou de taille moyenne<\/p>\n<\/li>\n<\/ul>\n<p>En savoir plus sur notre contr\u00f4le qualit\u00e9, nos certifications et notre processus de production en cliquant\u00a0<a href=\"https:\/\/taichytomato.com\/fr\/how-is-tomato-paste-made-in-a-factory\/\">ici.<\/a><\/p>\n<hr \/>\n<h2><strong>5. Emballage &amp; Logistique<\/strong><\/h2>\n<p><strong>Notre emballage<\/strong><\/p>\n<ol>\n<li>Carton en papier dur et solide pour le transport \u00e0 l'exportation.<\/li>\n<li>Film r\u00e9tractable avec plateau<\/li>\n<li>Film r\u00e9tractable uniquement<\/li>\n<\/ol>\n<figure id=\"attachment_1380\" aria-describedby=\"caption-attachment-1380\" style=\"width: 509px\" class=\"wp-caption alignnone\"><img decoding=\"async\" class=\"wp-image-1380\" src=\"https:\/\/taichytomato.com\/wp-content\/uploads\/2025\/05\/\u56fe\u72471-300x76.jpg\" alt=\"Mode d&#039;emballage\" width=\"509\" height=\"129\" srcset=\"https:\/\/taichytomato.com\/wp-content\/uploads\/2025\/05\/\u56fe\u72471-300x76.jpg 300w, https:\/\/taichytomato.com\/wp-content\/uploads\/2025\/05\/\u56fe\u72471.jpg 600w\" sizes=\"(max-width: 509px) 100vw, 509px\" \/><figcaption id=\"caption-attachment-1380\" class=\"wp-caption-text\">Mode d'emballage<\/figcaption><\/figure>\n<hr \/>\n<h3 data-start=\"3101\" data-end=\"3144\"><strong data-start=\"3105\" data-end=\"3144\">6. Pourquoi choisir notre p\u00e2te de tomate de 850 g<\/strong><\/h3>\n<p data-start=\"3146\" data-end=\"3236\">En tant qu'exportateur professionnel <strong data-start=\"3164\" data-end=\"3221\">fabricant et exportateur de p\u00e2te de tomate en conserve de 850 g<\/strong>, nous fournissons :<\/p>\n<ul data-start=\"3237\" data-end=\"3412\">\n<li data-start=\"3237\" data-end=\"3270\">\n<p data-start=\"3239\" data-end=\"3270\">Options OEM et marque priv\u00e9e<\/p>\n<\/li>\n<li data-start=\"3271\" data-end=\"3312\">\n<p data-start=\"3273\" data-end=\"3312\">Niveaux de Brix multiples (18-20%, 22-24%, 26-28%, 28-30%, etc.)<\/p>\n<\/li>\n<li data-start=\"3313\" data-end=\"3360\">\n<p data-start=\"3315\" data-end=\"3360\">Prix comp\u00e9titif en usine et livraison rapide<\/p>\n<\/li>\n<li data-start=\"3361\" data-end=\"3412\">\n<p data-start=\"3363\" data-end=\"3412\">Documentation d'exportation compl\u00e8te et assurance qualit\u00e9<\/p>\n<\/li>\n<\/ul>\n<hr \/>\n<h2><strong>7<\/strong><strong>.FAQ<\/strong><\/h2>\n<p>&nbsp;<\/p>\n<p><strong>1.Quand puis-je obtenir le devis?\u00a0<\/strong><\/p>\n<p>Nous citons g\u00e9n\u00e9ralement dans les 12 heures apr\u00e8s r\u00e9ception de votre demande. Si vous \u00eates tr\u00e8s urgent d'obtenir le prix, veuillez nous le dire afin que nous consid\u00e9rions votre priorit\u00e9 de demande. Vous pouvez \u00e9galement nous contacter de toute urgence par WhatsApp. et notre \u00e9quipe marketing restera en ligne 24 heures sur 24.<\/p>\n<p>&nbsp;<\/p>\n<p><strong>2.Comment puis-je obtenir un \u00e9chantillon pour v\u00e9rifier votre qualit\u00e9?\u00a0<\/strong><\/p>\n<p>Apr\u00e8s confirmation du prix, vous pouvez demander des \u00e9chantillons pour v\u00e9rifier notre qualit\u00e9.<\/p>\n<p>Nous acceptons \u00e9galement l'inspection par un tiers (SGS\/BV) avant l'exp\u00e9dition)<\/p>\n<p>&nbsp;<\/p>\n<p><strong>3.Quels types de fichiers acceptez-vous pour l'impression?<\/strong><\/p>\n<p>PDF, Core Draw, JPG haute r\u00e9solution ou format AI<\/p>\n<p>&nbsp;<\/p>\n<p><strong>4. Pouvez-vous faire le design pour nous ?\u00a0<\/strong><\/p>\n<p>Oui. Nous avons une \u00e9quipe professionnelle poss\u00e9dant une riche exp\u00e9rience en conception et fabrication.<\/p>\n<p>Et le service est gratuit.<\/p>\n<p>&nbsp;<\/p>\n<p><strong>5. Combien de temps puis-je esp\u00e9rer recevoir l'\u00e9chantillon ?\u00a0<\/strong><\/p>\n<p>3 \u00e0 5 jours ouvrables pour les \u00e9chantillons. Nous avons un accord avec DHL, TNT, UPS et Fedex.<\/p>\n<p>&nbsp;<\/p>\n<p><strong>6. Qu'en est-il du d\u00e9lai de production de masse ?\u00a0<\/strong><\/p>\n<p>25 jours ouvrables pour la production de masse. Cela d\u00e9pend de votre quantit\u00e9, et nous ferons de notre mieux pour r\u00e9pondre \u00e0 vos besoins.<\/p>\n<p>\ud83d\udce9 <a href=\"https:\/\/taichytomato.com\/fr\/contact\/\"><u>Contactez-nous maintenant<\/u><\/a>\u00a0pour les prix, les fiches techniques et les options d'emballage OEM !<\/p>\n<p>Si vous avez des questions, cliquez ici\u201d<a href=\"https:\/\/taichytomato.com\/fr\/buyers-guide-for-canned-tomato-paste\/\"><u>Guide d'achat pour la p\u00e2te de tomate en conserve<\/u><\/a>\u201d cela vous aidera<\/p>","protected":false},"excerpt":{"rendered":"<p>Brix : 18-20%, 22-24%, 26-28%, 28-30%<br \/>\nBo\u00eete en t\u00f4le anti-rouille\/anti-stress\/humidit\u00e9<br \/>\nMarque : Design ou OEM<br \/>\nQuantit\u00e9 minimale : 1X20ft<br \/>\nD\u00e9tail de livraison : 30-35 jours apr\u00e8s r\u00e9ception de l'acompte ou de la lettre de cr\u00e9dit. Livraison la plus rapide.<br \/>\nCode SH : 2002901100<\/p>","protected":false},"featured_media":3268,"template":"","meta":{"_acf_changed":false,"_seopress_robots_primary_cat":"none","_seopress_titles_title":"Canned 850g Tomato Paste Tins | Catering Bulk Size | Taichy","_seopress_titles_desc":"Our 850g canned tomato paste is a high-quality ingredient for professional kitchens. These large tomato paste tins are available for bulk purchase.","_seopress_robots_index":"","site-sidebar-layout":"default","site-content-layout":"","ast-site-content-layout":"default","site-content-style":"default","site-sidebar-style":"default","ast-global-header-display":"","ast-banner-title-visibility":"","ast-main-header-display":"","ast-hfb-above-header-display":"","ast-hfb-below-header-display":"","ast-hfb-mobile-header-display":"","site-post-title":"","ast-breadcrumbs-content":"","ast-featured-img":"","footer-sml-layout":"","ast-disable-related-posts":"","theme-transparent-header-meta":"default","adv-header-id-meta":"","stick-header-meta":"","header-above-stick-meta":"","header-main-stick-meta":"","header-below-stick-meta":"","astra-migrate-meta-layouts":"set","ast-page-background-enabled":"default","ast-page-background-meta":{"desktop":{"background-color":"var(--ast-global-color-5)","background-image":"","background-repeat":"repeat","background-position":"center center","background-size":"auto","background-attachment":"scroll","background-type":"","background-media":"","overlay-type":"","overlay-color":"","overlay-opacity":"","overlay-gradient":""},"tablet":{"background-color":"","background-image":"","background-repeat":"repeat","background-position":"center center","background-size":"auto","background-attachment":"scroll","background-type":"","background-media":"","overlay-type":"","overlay-color":"","overlay-opacity":"","overlay-gradient":""},"mobile":{"background-color":"","background-image":"","background-repeat":"repeat","background-position":"center center","background-size":"auto","background-attachment":"scroll","background-type":"","background-media":"","overlay-type":"","overlay-color":"","overlay-opacity":"","overlay-gradient":""}},"ast-content-background-meta":{"desktop":{"background-color":"var(--ast-global-color-4)","background-image":"","background-repeat":"repeat","background-position":"center center","background-size":"auto","background-attachment":"scroll","background-type":"","background-media":"","overlay-type":"","overlay-color":"","overlay-opacity":"","overlay-gradient":""},"tablet":{"background-color":"var(--ast-global-color-4)","background-image":"","background-repeat":"repeat","background-position":"center center","background-size":"auto","background-attachment":"scroll","background-type":"","background-media":"","overlay-type":"","overlay-color":"","overlay-opacity":"","overlay-gradient":""},"mobile":{"background-color":"var(--ast-global-color-4)","background-image":"","background-repeat":"repeat","background-position":"center center","background-size":"auto","background-attachment":"scroll","background-type":"","background-media":"","overlay-type":"","overlay-color":"","overlay-opacity":"","overlay-gradient":""}}},"product_brand":[],"product_cat":[96],"product_tag":[154,45],"class_list":{"0":"post-935","1":"product","2":"type-product","3":"status-publish","4":"has-post-thumbnail","6":"product_cat-canned-tomato-paste","7":"product_tag-850g-canned-tomato-paste","8":"product_tag-canned-tomato-paste","9":"desktop-align-left","10":"tablet-align-left","11":"mobile-align-left","13":"first","14":"instock","15":"sale","16":"shipping-taxable","17":"purchasable","18":"product-type-simple"},"acf":[],"_links":{"self":[{"href":"https:\/\/taichytomato.com\/fr\/wp-json\/wp\/v2\/product\/935","targetHints":{"allow":["GET"]}}],"collection":[{"href":"https:\/\/taichytomato.com\/fr\/wp-json\/wp\/v2\/product"}],"about":[{"href":"https:\/\/taichytomato.com\/fr\/wp-json\/wp\/v2\/types\/product"}],"version-history":[{"count":0,"href":"https:\/\/taichytomato.com\/fr\/wp-json\/wp\/v2\/product\/935\/revisions"}],"wp:featuredmedia":[{"embeddable":true,"href":"https:\/\/taichytomato.com\/fr\/wp-json\/wp\/v2\/media\/3268"}],"wp:attachment":[{"href":"https:\/\/taichytomato.com\/fr\/wp-json\/wp\/v2\/media?parent=935"}],"wp:term":[{"taxonomy":"product_brand","embeddable":true,"href":"https:\/\/taichytomato.com\/fr\/wp-json\/wp\/v2\/product_brand?post=935"},{"taxonomy":"product_cat","embeddable":true,"href":"https:\/\/taichytomato.com\/fr\/wp-json\/wp\/v2\/product_cat?post=935"},{"taxonomy":"product_tag","embeddable":true,"href":"https:\/\/taichytomato.com\/fr\/wp-json\/wp\/v2\/product_tag?post=935"}],"curies":[{"name":"wp","href":"https:\/\/api.w.org\/{rel}","templated":true}]}}