{"id":924,"date":"2025-05-22T23:14:02","date_gmt":"2025-05-23T07:14:02","guid":{"rendered":"https:\/\/taichytomato.com\/?post_type=product&#038;p=924"},"modified":"2026-01-07T23:58:13","modified_gmt":"2026-01-08T07:58:13","slug":"800g-canned-tomato-paste","status":"publish","type":"product","link":"https:\/\/taichytomato.com\/fr\/produit\/800g-canned-tomato-paste\/","title":{"rendered":"Concentr\u00e9 de tomate de 830g \u2013 Concentr\u00e9 de tomate en conserve de haute qualit\u00e9 pour usage domestique et exportation"},"content":{"rendered":"<h2>800g Concentr\u00e9 de tomate en conserve<\/h2>\n<p data-start=\"882\" data-end=\"1209\">Le <strong data-start=\"886\" data-end=\"914\">800g Concentr\u00e9 de tomate en conserve<\/strong> (\u00e9galement connu sous le nom de <strong data-start=\"930\" data-end=\"955\">concentr\u00e9 de tomate en bo\u00eete de 800g<\/strong>) est l'une des tailles d'emballage les plus populaires pour les march\u00e9s de d\u00e9tail, domestiques et de la restauration. Il offre un \u00e9quilibre parfait entre la commodit\u00e9 pour la famille et l'accessibilit\u00e9 en gros, ce qui le rend id\u00e9al pour les distributeurs internationaux et les prestataires de services alimentaires.<\/p>\n<h2><strong>1. Description du produit<\/strong><\/h2>\n<p data-start=\"1245\" data-end=\"1532\">Notre <strong data-start=\"1249\" data-end=\"1270\">concentr\u00e9 de tomate 800g<\/strong> est fabriqu\u00e9e \u00e0 partir de <strong data-start=\"1284\" data-end=\"1313\">100% tomates fra\u00eeches et m\u00fbres<\/strong>, soigneusement s\u00e9lectionn\u00e9es et trait\u00e9es pour garantir une saveur riche, une couleur rouge naturelle et une texture lisse.<br data-start=\"1411\" data-end=\"1414\" \/>Il est disponible en <strong>18-20%, 22-24%, 26-28%, 28-30%, etc. Brix,<\/strong> en fonction des exigences du client et des normes du march\u00e9 r\u00e9gional.<\/p>\n<p data-start=\"1534\" data-end=\"1708\">Chaque <strong data-start=\"1539\" data-end=\"1564\">Bo\u00eete de concentr\u00e9 de tomate de 800g<\/strong> est scell\u00e9e sous vide et st\u00e9rilis\u00e9e dans le strict respect des normes d'hygi\u00e8ne pour garantir la s\u00e9curit\u00e9 alimentaire et une longue dur\u00e9e de conservation sans conservateurs ni additifs.<\/p>\n<hr \/>\n<h2><strong>Sp\u00e9cification du produit 2\u00a0<\/strong><\/h2>\n<p><strong>Sp\u00e9cification 1 :<\/strong><\/p>\n<table>\n<tbody>\n<tr>\n<td width=\"189\">Nom du produit<\/td>\n<td width=\"610\">P\u00e2te de tomate<\/td>\n<\/tr>\n<tr>\n<td width=\"189\">Concentration<\/td>\n<td width=\"610\">18-20%, 22-24%, 26-28%, 28-30%, etc<\/td>\n<\/tr>\n<tr>\n<td width=\"189\">Taille de la bo\u00eete<\/td>\n<td width=\"610\"><strong>800g<\/strong><\/td>\n<\/tr>\n<tr>\n<td width=\"189\">Type de bo\u00eete en m\u00e9tal<\/td>\n<td width=\"610\"><strong>Couvercle \u00e0 ouverture facile \/ Couvercle \u00e0 ouverture dure<\/strong><\/td>\n<\/tr>\n<tr>\n<td width=\"189\">\u00c9tiquette<\/td>\n<td width=\"610\">Impression lithographique<\/td>\n<\/tr>\n<tr>\n<td width=\"189\">Code SH<\/td>\n<td width=\"610\">20029011<\/td>\n<\/tr>\n<tr>\n<td width=\"189\">Dur\u00e9e de conservation<\/td>\n<td width=\"610\">24 mois<\/td>\n<\/tr>\n<tr>\n<td width=\"189\">Nom de la marque<\/td>\n<td width=\"610\">OEM<\/td>\n<\/tr>\n<tr>\n<td width=\"189\">Ratio d'entr\u00e9e-sortie<\/td>\n<td width=\"610\">25%-100%<\/td>\n<\/tr>\n<\/tbody>\n<\/table>\n<p>&nbsp;<\/p>\n<p>Sp\u00e9cification 2 :<\/p>\n<table>\n<tbody>\n<tr>\n<td>1<\/td>\n<td width=\"367\">12 bo\u00eetes de 800g*12\/ctn (HO&amp;EO)<\/td>\n<td width=\"139\">2060 cartons<\/td>\n<\/tr>\n<\/tbody>\n<\/table>\n<p>Pour des solutions personnalis\u00e9es ou des achats en gros,\u00a0<a href=\"https:\/\/taichytomato.com\/fr\/contact\/\">veuillez contacter notre \u00e9quipe commerciale \u00e0 tout moment.<\/a><\/p>\n<hr \/>\n<h2><strong data-start=\"1813\" data-end=\"1837\">3. Processus d'emballage<\/strong><\/h2>\n<p>&nbsp;<\/p>\n<p data-start=\"1839\" data-end=\"1994\">Le <strong data-start=\"1843\" data-end=\"1886\">Processus d'emballage de la bo\u00eete de concentr\u00e9 de tomate 800g<\/strong> est r\u00e9alis\u00e9 conform\u00e9ment \u00e0 <strong data-start=\"1921\" data-end=\"1944\">HACCP, ISO et FDA<\/strong> normes pour garantir l'hygi\u00e8ne et la s\u00e9curit\u00e9 du produit :<\/p>\n<ol data-start=\"1996\" data-end=\"2515\">\n<li data-start=\"1996\" data-end=\"2071\">\n<p data-start=\"1999\" data-end=\"2071\"><strong data-start=\"1999\" data-end=\"2020\">S\u00e9lection de tomates :<\/strong> Seules des tomates m\u00fbres et de haute qualit\u00e9 sont s\u00e9lectionn\u00e9es.<\/p>\n<\/li>\n<li data-start=\"2072\" data-end=\"2142\">\n<p data-start=\"2075\" data-end=\"2142\"><strong data-start=\"2075\" data-end=\"2098\">Lavage &amp; \u00c9crasement :<\/strong> Les tomates sont lav\u00e9es, tri\u00e9es et \u00e9cras\u00e9es.<\/p>\n<\/li>\n<li data-start=\"2143\" data-end=\"2220\">\n<p data-start=\"2146\" data-end=\"2220\"><strong data-start=\"2146\" data-end=\"2164\">Concentration :<\/strong> Le jus est \u00e9vapor\u00e9 pour atteindre le niveau de Brix requis.<\/p>\n<\/li>\n<li data-start=\"2221\" data-end=\"2300\">\n<p data-start=\"2224\" data-end=\"2300\"><strong data-start=\"2224\" data-end=\"2240\">Remplissage \u00e0 chaud :<\/strong> La p\u00e2te concentr\u00e9e est remplie dans des bo\u00eetes en t\u00f4le de 800g.<\/p>\n<\/li>\n<li data-start=\"2301\" data-end=\"2367\">\n<p data-start=\"2304\" data-end=\"2367\"><strong data-start=\"2304\" data-end=\"2316\">Sertissage :<\/strong> Les bo\u00eetes sont scell\u00e9es sous vide pour \u00e9viter toute contamination.<\/p>\n<\/li>\n<li data-start=\"2368\" data-end=\"2437\">\n<p data-start=\"2371\" data-end=\"2437\"><strong data-start=\"2371\" data-end=\"2389\">St\u00e9rilisation :<\/strong> La st\u00e9rilisation thermique garantit la stabilit\u00e9 du produit.<\/p>\n<\/li>\n<li data-start=\"2438\" data-end=\"2515\">\n<p data-start=\"2441\" data-end=\"2515\"><strong data-start=\"2441\" data-end=\"2464\">Refroidissement &amp; \u00c9tiquetage :<\/strong> Les bo\u00eetes sont refroidies, \u00e9tiquet\u00e9es et emball\u00e9es pour l'exportation.<\/p>\n<\/li>\n<\/ol>\n<p data-start=\"2517\" data-end=\"2661\">Notre automatis\u00e9 <strong data-start=\"2531\" data-end=\"2575\">ligne de production de p\u00e2te de tomate en conserve de 800g<\/strong> garantit un poids de remplissage constant, une \u00e9tanch\u00e9it\u00e9 propre et une excellente qualit\u00e9 du produit.<\/p>\n<hr \/>\n<h2><strong data-start=\"3024\" data-end=\"3047\">4. Caract\u00e9ristiques du produit<\/strong><\/h2>\n<p>&nbsp;<\/p>\n<p data-start=\"3049\" data-end=\"3321\">\u2705 Tomates naturelles et non-OGM 100%<br data-start=\"3084\" data-end=\"3087\" \/>\u2705 Couleur rouge riche et texture lisse<br data-start=\"3122\" data-end=\"3125\" \/>\u2705 Sans colorants artificiels ni conservateurs<br data-start=\"3164\" data-end=\"3167\" \/>\u2705 Qualit\u00e9 stable et longue dur\u00e9e de conservation<br data-start=\"3203\" data-end=\"3206\" \/>\u2705 Disponible pour la personnalisation de marque priv\u00e9e<br data-start=\"3249\" data-end=\"3252\" \/>\u2705 Comp\u00e9titif <strong data-start=\"3266\" data-end=\"3293\">Prix de la p\u00e2te de tomate 800g<\/strong> directement de l'usine<\/p>\n<h3 data-start=\"3328\" data-end=\"3351\"><strong data-start=\"3332\" data-end=\"3351\">5. Applications<\/strong><\/h3>\n<p data-start=\"3353\" data-end=\"3407\">Le <strong data-start=\"3357\" data-end=\"3385\">P\u00e2te de tomate en conserve 800g<\/strong> est largement utilis\u00e9e pour :<\/p>\n<ul data-start=\"3408\" data-end=\"3584\">\n<li data-start=\"3408\" data-end=\"3458\">\n<p data-start=\"3410\" data-end=\"3458\">Cuisine quotidienne domestique (soupes, rago\u00fbts, sauces)<\/p>\n<\/li>\n<li data-start=\"3459\" data-end=\"3497\">\n<p data-start=\"3461\" data-end=\"3497\">Restauration et op\u00e9rations en restaurant<\/p>\n<\/li>\n<li data-start=\"3498\" data-end=\"3526\">\n<p data-start=\"3500\" data-end=\"3526\">Ventes au d\u00e9tail en supermarch\u00e9<\/p>\n<\/li>\n<li data-start=\"3527\" data-end=\"3584\">\n<p data-start=\"3529\" data-end=\"3584\">March\u00e9s d'exportation n\u00e9cessitant des formats d'emballage \u00e9conomiques<\/p>\n<\/li>\n<\/ul>\n<h3 data-start=\"3591\" data-end=\"3634\"><strong data-start=\"3595\" data-end=\"3634\">6. Pourquoi choisir notre p\u00e2te de tomate de 800g<\/strong><\/h3>\n<p data-start=\"3636\" data-end=\"3723\">En tant que fournisseur et usine leader <strong data-start=\"3649\" data-end=\"3708\">Fabricant OEM et de marque priv\u00e9e de p\u00e2te de tomate de 800g<\/strong>, nous fournissons :<\/p>\n<ul data-start=\"3724\" data-end=\"3905\">\n<li data-start=\"3724\" data-end=\"3773\">\n<p data-start=\"3726\" data-end=\"3773\">Service d'exportation complet et certification de qualit\u00e9<\/p>\n<\/li>\n<li data-start=\"3774\" data-end=\"3820\">\n<p data-start=\"3776\" data-end=\"3820\">Personnalisation flexible des \u00e9tiquettes et des emballages<\/p>\n<\/li>\n<li data-start=\"3821\" data-end=\"3853\">\n<p data-start=\"3823\" data-end=\"3853\">Production et exp\u00e9dition rapides<\/p>\n<\/li>\n<li data-start=\"3854\" data-end=\"3905\">\n<p data-start=\"3856\" data-end=\"3905\">Stable <strong data-start=\"3863\" data-end=\"3880\">Prix d'usine<\/strong> pour partenaires \u00e0 long terme<\/p>\n<\/li>\n<\/ul>\n<figure id=\"attachment_1352\" aria-describedby=\"caption-attachment-1352\" style=\"width: 500px\" class=\"wp-caption aligncenter\"><img fetchpriority=\"high\" decoding=\"async\" class=\"wp-image-1352\" src=\"https:\/\/taichytomato.com\/wp-content\/uploads\/2025\/04\/1749522102558-300x225.jpg\" alt=\"Gamme de produits\" width=\"500\" height=\"375\" srcset=\"https:\/\/taichytomato.com\/wp-content\/uploads\/2025\/04\/1749522102558-300x225.jpg 300w, https:\/\/taichytomato.com\/wp-content\/uploads\/2025\/04\/1749522102558-1024x768.jpg 1024w, https:\/\/taichytomato.com\/wp-content\/uploads\/2025\/04\/1749522102558-768x576.jpg 768w, https:\/\/taichytomato.com\/wp-content\/uploads\/2025\/04\/1749522102558-1536x1152.jpg 1536w, https:\/\/taichytomato.com\/wp-content\/uploads\/2025\/04\/1749522102558-2048x1536.jpg 2048w, https:\/\/taichytomato.com\/wp-content\/uploads\/2025\/04\/1749522102558-600x450.jpg 600w\" sizes=\"(max-width: 500px) 100vw, 500px\" \/><figcaption id=\"caption-attachment-1352\" class=\"wp-caption-text\">Gamme de produits<\/figcaption><\/figure>\n<p>En savoir plus sur notre contr\u00f4le qualit\u00e9, nos certifications et notre processus de production en cliquant\u00a0<a href=\"https:\/\/taichytomato.com\/fr\/how-is-tomato-paste-made-in-a-factory\/\">ici.<\/a><\/p>\n<hr \/>\n<h2><strong>7<\/strong><strong>.FAQ<\/strong><\/h2>\n<p>&nbsp;<\/p>\n<p><strong>1.Quand puis-je obtenir le devis?\u00a0<\/strong><\/p>\n<p>Nous citons g\u00e9n\u00e9ralement dans les 12 heures apr\u00e8s r\u00e9ception de votre demande. Si vous \u00eates tr\u00e8s urgent d'obtenir le prix, veuillez nous le dire afin que nous consid\u00e9rions votre priorit\u00e9 de demande. Vous pouvez \u00e9galement nous contacter de toute urgence par WhatsApp. et notre \u00e9quipe marketing restera en ligne 24 heures sur 24.<\/p>\n<p>&nbsp;<\/p>\n<p><strong>2.Comment puis-je obtenir un \u00e9chantillon pour v\u00e9rifier votre qualit\u00e9?\u00a0<\/strong><\/p>\n<p>Apr\u00e8s confirmation du prix, vous pouvez demander des \u00e9chantillons pour v\u00e9rifier notre qualit\u00e9.<\/p>\n<p>Nous acceptons \u00e9galement l'inspection par un tiers (SGS\/BV) avant l'exp\u00e9dition)<\/p>\n<p>&nbsp;<\/p>\n<p><strong>3.Quels types de fichiers acceptez-vous pour l'impression?<\/strong><\/p>\n<p>PDF, Core Draw, JPG haute r\u00e9solution ou format AI<\/p>\n<p>&nbsp;<\/p>\n<p><strong>4. Pouvez-vous faire le design pour nous ?\u00a0<\/strong><\/p>\n<p>Oui. Nous avons une \u00e9quipe professionnelle poss\u00e9dant une riche exp\u00e9rience en conception et fabrication.<\/p>\n<p>Et le service est gratuit.<\/p>\n<p>&nbsp;<\/p>\n<p><strong>5. Combien de temps puis-je esp\u00e9rer recevoir l'\u00e9chantillon ?\u00a0<\/strong><\/p>\n<p>3 \u00e0 5 jours ouvrables pour les \u00e9chantillons. Nous avons un accord avec DHL, TNT, UPS et Fedex.<\/p>\n<p>&nbsp;<\/p>\n<p><strong>6. Qu'en est-il du d\u00e9lai de production de masse ?\u00a0<\/strong><\/p>\n<p>25 jours ouvrables pour la production de masse. Cela d\u00e9pend de votre quantit\u00e9, et nous ferons de notre mieux pour r\u00e9pondre \u00e0 vos besoins.<\/p>\n<p>\ud83d\udce9 <a href=\"https:\/\/taichytomato.com\/fr\/contact\/\"><u>Contactez-nous maintenant<\/u><\/a>\u00a0pour les prix, les fiches techniques et les options d'emballage OEM !<\/p>\n<p>Si vous avez des questions, cliquez ici\u201d<a href=\"https:\/\/taichytomato.com\/fr\/buyers-guide-for-canned-tomato-paste\/\"><u>Guide d'achat pour la p\u00e2te de tomate en conserve<\/u><\/a>\u201d cela vous aidera<\/p>","protected":false},"excerpt":{"rendered":"<p>Brix : 18-20%, 22-24%, 26-28%, 28-30%<br \/>\nBo\u00eete en t\u00f4le anti-rouille\/anti-stress\/humidit\u00e9<br \/>\nMarque : Design ou OEM<br \/>\nQuantit\u00e9 minimale : 1X20ft<br \/>\nD\u00e9tail de livraison : 30-35 jours apr\u00e8s r\u00e9ception de l'acompte ou de la lettre de cr\u00e9dit. Livraison la plus rapide.<br \/>\nCode SH : 2002901100<\/p>","protected":false},"featured_media":3273,"template":"","meta":{"_acf_changed":false,"_seopress_robots_primary_cat":"none","_seopress_titles_title":"800g Tomato Paste Tins | Catering Bulk Size | Taichy","_seopress_titles_desc":"Our 800g tomato paste canned is a high-quality ingredient for professional kitchens. These large tomato paste tins are available for bulk purchase.","_seopress_robots_index":"","site-sidebar-layout":"default","site-content-layout":"","ast-site-content-layout":"default","site-content-style":"default","site-sidebar-style":"default","ast-global-header-display":"","ast-banner-title-visibility":"","ast-main-header-display":"","ast-hfb-above-header-display":"","ast-hfb-below-header-display":"","ast-hfb-mobile-header-display":"","site-post-title":"","ast-breadcrumbs-content":"","ast-featured-img":"","footer-sml-layout":"","ast-disable-related-posts":"","theme-transparent-header-meta":"default","adv-header-id-meta":"","stick-header-meta":"","header-above-stick-meta":"","header-main-stick-meta":"","header-below-stick-meta":"","astra-migrate-meta-layouts":"set","ast-page-background-enabled":"default","ast-page-background-meta":{"desktop":{"background-color":"var(--ast-global-color-5)","background-image":"","background-repeat":"repeat","background-position":"center center","background-size":"auto","background-attachment":"scroll","background-type":"","background-media":"","overlay-type":"","overlay-color":"","overlay-opacity":"","overlay-gradient":""},"tablet":{"background-color":"","background-image":"","background-repeat":"repeat","background-position":"center center","background-size":"auto","background-attachment":"scroll","background-type":"","background-media":"","overlay-type":"","overlay-color":"","overlay-opacity":"","overlay-gradient":""},"mobile":{"background-color":"","background-image":"","background-repeat":"repeat","background-position":"center center","background-size":"auto","background-attachment":"scroll","background-type":"","background-media":"","overlay-type":"","overlay-color":"","overlay-opacity":"","overlay-gradient":""}},"ast-content-background-meta":{"desktop":{"background-color":"var(--ast-global-color-4)","background-image":"","background-repeat":"repeat","background-position":"center center","background-size":"auto","background-attachment":"scroll","background-type":"","background-media":"","overlay-type":"","overlay-color":"","overlay-opacity":"","overlay-gradient":""},"tablet":{"background-color":"var(--ast-global-color-4)","background-image":"","background-repeat":"repeat","background-position":"center center","background-size":"auto","background-attachment":"scroll","background-type":"","background-media":"","overlay-type":"","overlay-color":"","overlay-opacity":"","overlay-gradient":""},"mobile":{"background-color":"var(--ast-global-color-4)","background-image":"","background-repeat":"repeat","background-position":"center center","background-size":"auto","background-attachment":"scroll","background-type":"","background-media":"","overlay-type":"","overlay-color":"","overlay-opacity":"","overlay-gradient":""}}},"product_brand":[],"product_cat":[96],"product_tag":[153,45,44],"class_list":{"0":"post-924","1":"product","2":"type-product","3":"status-publish","4":"has-post-thumbnail","6":"product_cat-canned-tomato-paste","7":"product_tag-800g-canned-tomato-paste","8":"product_tag-canned-tomato-paste","9":"product_tag-tomato-paste","10":"desktop-align-left","11":"tablet-align-left","12":"mobile-align-left","14":"first","15":"instock","16":"sale","17":"shipping-taxable","18":"purchasable","19":"product-type-simple"},"acf":[],"_links":{"self":[{"href":"https:\/\/taichytomato.com\/fr\/wp-json\/wp\/v2\/product\/924","targetHints":{"allow":["GET"]}}],"collection":[{"href":"https:\/\/taichytomato.com\/fr\/wp-json\/wp\/v2\/product"}],"about":[{"href":"https:\/\/taichytomato.com\/fr\/wp-json\/wp\/v2\/types\/product"}],"version-history":[{"count":0,"href":"https:\/\/taichytomato.com\/fr\/wp-json\/wp\/v2\/product\/924\/revisions"}],"wp:featuredmedia":[{"embeddable":true,"href":"https:\/\/taichytomato.com\/fr\/wp-json\/wp\/v2\/media\/3273"}],"wp:attachment":[{"href":"https:\/\/taichytomato.com\/fr\/wp-json\/wp\/v2\/media?parent=924"}],"wp:term":[{"taxonomy":"product_brand","embeddable":true,"href":"https:\/\/taichytomato.com\/fr\/wp-json\/wp\/v2\/product_brand?post=924"},{"taxonomy":"product_cat","embeddable":true,"href":"https:\/\/taichytomato.com\/fr\/wp-json\/wp\/v2\/product_cat?post=924"},{"taxonomy":"product_tag","embeddable":true,"href":"https:\/\/taichytomato.com\/fr\/wp-json\/wp\/v2\/product_tag?post=924"}],"curies":[{"name":"wp","href":"https:\/\/api.w.org\/{rel}","templated":true}]}}