{"id":920,"date":"2025-05-22T23:08:04","date_gmt":"2025-05-23T07:08:04","guid":{"rendered":"https:\/\/taichytomato.com\/?post_type=product&#038;p=920"},"modified":"2026-01-07T23:43:02","modified_gmt":"2026-01-08T07:43:02","slug":"400g-canned-tomato-paste","status":"publish","type":"product","link":"https:\/\/taichytomato.com\/fr\/produit\/400g-canned-tomato-paste\/","title":{"rendered":"P\u00e2te de tomate 400g \u2013 P\u00e2te de tomate en conserve de haute qualit\u00e9 pour le march\u00e9 domestique et de d\u00e9tail"},"content":{"rendered":"<h2>P\u00e2te de tomate en conserve 400g<\/h2>\n<p>Le <strong data-start=\"896\" data-end=\"917\">p\u00e2te de tomate 400g<\/strong> (\u00e9galement connu sous le nom de <strong data-start=\"933\" data-end=\"958\">bo\u00eete de p\u00e2te de tomate 400g<\/strong>) est l'une des tailles d'emballage les plus populaires pour la consommation en d\u00e9tail et \u00e0 domicile. Compacte, pratique et facile \u00e0 stocker, elle est largement utilis\u00e9e par les consommateurs, les supermarch\u00e9s et les entreprises de restauration dans le monde entier.<\/p>\n<h2><strong>1. Description du produit<\/strong><\/h2>\n<p data-start=\"1198\" data-end=\"1438\">Notre <strong data-start=\"1202\" data-end=\"1223\">p\u00e2te de tomate 400g<\/strong> est fabriqu\u00e9e \u00e0 partir de tomates fra\u00eeches et m\u00fbres r\u00e9colt\u00e9es \u00e0 leur apog\u00e9e. La p\u00e2te est \u00e9paisse, lisse et riche en saveur naturelle de tomate.<br data-start=\"1356\" data-end=\"1359\" \/>Il est disponible en <strong>22-24 %<\/strong> \uff0c<strong data-start=\"1378\" data-end=\"1408\">28\u201330% Brix ou 36\u201338% Brix<\/strong> selon la demande du march\u00e9.<\/p>\n<p data-start=\"1440\" data-end=\"1603\">Chaque <strong data-start=\"1445\" data-end=\"1480\">Bo\u00eete ou sachet de p\u00e2te de tomate 400g<\/strong> est rempli dans des conditions d'hygi\u00e8ne strictes et st\u00e9rilis\u00e9 pour assurer <strong data-start=\"1548\" data-end=\"1600\">une longue dur\u00e9e de conservation, une qualit\u00e9 stable et la s\u00e9curit\u00e9 alimentaire<\/strong>.<\/p>\n<hr \/>\n<h2><strong>Sp\u00e9cification du produit 2\u00a0<\/strong><\/h2>\n<p><strong>Sp\u00e9cification 1 :<\/strong><\/p>\n<table>\n<tbody>\n<tr>\n<td width=\"189\">Nom du produit<\/td>\n<td width=\"610\">P\u00e2te de tomate<\/td>\n<\/tr>\n<tr>\n<td width=\"189\">Concentration<\/td>\n<td width=\"610\">18-20%, 22-24%, 26-28%, 28-30%, etc<\/td>\n<\/tr>\n<tr>\n<td width=\"189\">Taille de la bo\u00eete<\/td>\n<td width=\"610\">400g<\/td>\n<\/tr>\n<tr>\n<td width=\"189\">Type de bo\u00eete en m\u00e9tal<\/td>\n<td width=\"610\">Couvercle \u00e0 ouverture facile \/ Couvercle \u00e0 ouverture dure<\/td>\n<\/tr>\n<tr>\n<td width=\"189\">\u00c9tiquette<\/td>\n<td width=\"610\">Impression lithographique<\/td>\n<\/tr>\n<tr>\n<td width=\"189\">Code SH<\/td>\n<td width=\"610\">20029011<\/td>\n<\/tr>\n<tr>\n<td width=\"189\">Dur\u00e9e de conservation<\/td>\n<td width=\"610\">24 mois<\/td>\n<\/tr>\n<tr>\n<td width=\"189\">Nom de la marque<\/td>\n<td width=\"610\">OEM<\/td>\n<\/tr>\n<tr>\n<td width=\"189\">Ratio d'entr\u00e9e-sortie<\/td>\n<td width=\"610\">25%-100%<\/td>\n<\/tr>\n<\/tbody>\n<\/table>\n<p>&nbsp;<\/p>\n<p>Sp\u00e9cification 2 :<\/p>\n<table>\n<tbody>\n<tr>\n<td>1<\/td>\n<td width=\"367\">400g*24 bo\u00eetes\/par carton (HO&amp;EO)<\/td>\n<td width=\"139\">2080 cartons<\/td>\n<\/tr>\n<\/tbody>\n<\/table>\n<p>Pour des solutions personnalis\u00e9es ou des achats en gros,\u00a0<a href=\"https:\/\/taichytomato.com\/fr\/contact\/\">veuillez contacter notre \u00e9quipe commerciale \u00e0 tout moment.<\/a><\/p>\n<hr \/>\n<h2 data-start=\"1610\" data-end=\"1638\"><strong data-start=\"1614\" data-end=\"1638\">3. Options d'emballage<\/strong><\/h2>\n<p data-start=\"1640\" data-end=\"1731\">Nous proposons des options d'emballage flexibles <strong data-start=\"1658\" data-end=\"1689\">pour la p\u00e2te de tomate de 400g<\/strong> afin de r\u00e9pondre aux pr\u00e9f\u00e9rences diff\u00e9rentes des clients :<\/p>\n<ul data-start=\"1733\" data-end=\"2092\">\n<li data-start=\"1733\" data-end=\"1843\">\n<p data-start=\"1735\" data-end=\"1843\"><strong data-start=\"1735\" data-end=\"1752\">Bo\u00eete en fer blanc de 400g :<\/strong> Bo\u00eete en fer blanc avec rev\u00eatement int\u00e9rieur laqu\u00e9, \u00e9tiquette en papier ou litho, couvercle \u00e0 ouverture facile en option.<\/p>\n<\/li>\n<li data-start=\"1963\" data-end=\"2022\">\n<p data-start=\"1965\" data-end=\"2022\"><strong data-start=\"1965\" data-end=\"1975\">\u00c9tiquette :<\/strong> Impression personnalis\u00e9e ou OEM en marque blanche.<\/p>\n<\/li>\n<li data-start=\"2023\" data-end=\"2092\">\n<p data-start=\"2025\" data-end=\"2092\"><strong data-start=\"2025\" data-end=\"2044\">Conditionnement en carton :<\/strong> 24 canettes ou sachets par carton (personnalisable).<\/p>\n<\/li>\n<\/ul>\n<figure id=\"attachment_902\" aria-describedby=\"caption-attachment-902\" style=\"width: 371px\" class=\"wp-caption aligncenter\"><img fetchpriority=\"high\" decoding=\"async\" class=\"wp-image-902\" src=\"https:\/\/taichytomato.com\/wp-content\/uploads\/2025\/05\/2023120517403839_55540-300x200.jpg\" alt=\"p\u00e2te de tomate en conserve\" width=\"371\" height=\"246\" srcset=\"https:\/\/taichytomato.com\/wp-content\/uploads\/2025\/05\/2023120517403839_55540-300x200.jpg 300w, https:\/\/taichytomato.com\/wp-content\/uploads\/2025\/05\/2023120517403839_55540-1024x683.jpg 1024w, https:\/\/taichytomato.com\/wp-content\/uploads\/2025\/05\/2023120517403839_55540-768x512.jpg 768w, https:\/\/taichytomato.com\/wp-content\/uploads\/2025\/05\/2023120517403839_55540-600x400.jpg 600w, https:\/\/taichytomato.com\/wp-content\/uploads\/2025\/05\/2023120517403839_55540.jpg 1474w\" sizes=\"(max-width: 371px) 100vw, 371px\" \/><figcaption id=\"caption-attachment-902\" class=\"wp-caption-text\">p\u00e2te de tomate en conserve<\/figcaption><\/figure>\n<hr \/>\n<h3 data-start=\"2099\" data-end=\"2145\"><strong data-start=\"2103\" data-end=\"2145\">4. Processus d'emballage de la p\u00e2te de tomate 400g<\/strong><\/h3>\n<p data-start=\"2147\" data-end=\"2252\">Notre <strong data-start=\"2151\" data-end=\"2190\">Processus d'emballage de la p\u00e2te de tomate 400g<\/strong> respecte strictement <strong data-start=\"2208\" data-end=\"2217\">HACCP<\/strong>, <strong data-start=\"2219\" data-end=\"2226\">ISO<\/strong>, et <strong data-start=\"2232\" data-end=\"2239\">FDA<\/strong> normes :<\/p>\n<ol data-start=\"2254\" data-end=\"2735\">\n<li data-start=\"2254\" data-end=\"2323\">\n<p data-start=\"2257\" data-end=\"2323\"><strong data-start=\"2257\" data-end=\"2271\">S\u00e9lection :<\/strong> Les tomates fra\u00eeches sont lav\u00e9es, tri\u00e9es et inspect\u00e9es.<\/p>\n<\/li>\n<li data-start=\"2324\" data-end=\"2412\">\n<p data-start=\"2327\" data-end=\"2412\"><strong data-start=\"2327\" data-end=\"2342\">Traitement :<\/strong> Les tomates sont \u00e9cras\u00e9es, \u00e9vapor\u00e9es et concentr\u00e9es \u00e0 la Brix souhait\u00e9e.<\/p>\n<\/li>\n<li data-start=\"2413\" data-end=\"2499\">\n<p data-start=\"2416\" data-end=\"2499\"><strong data-start=\"2416\" data-end=\"2428\">Remplissage :<\/strong> Remplissage \u00e0 chaud dans des canettes ou sachets de 400g \u00e0 l'aide de lignes de remplissage automatiques.<\/p>\n<\/li>\n<li data-start=\"2500\" data-end=\"2578\">\n<p data-start=\"2503\" data-end=\"2578\"><strong data-start=\"2503\" data-end=\"2515\">Sertissage :<\/strong> S\u00e9chage sous vide pour \u00e9viter les fuites d'air et maintenir la fra\u00eecheur.<\/p>\n<\/li>\n<li data-start=\"2579\" data-end=\"2660\">\n<p data-start=\"2582\" data-end=\"2660\"><strong data-start=\"2582\" data-end=\"2600\">St\u00e9rilisation :<\/strong> St\u00e9rilisation \u00e0 haute temp\u00e9rature pour assurer la stabilit\u00e9 du produit.<\/p>\n<\/li>\n<li data-start=\"2661\" data-end=\"2735\">\n<p data-start=\"2664\" data-end=\"2735\"><strong data-start=\"2664\" data-end=\"2689\">\u00c9tiquetage &amp; Emballage :<\/strong> \u00c9tiquet\u00e9, emball\u00e9 et palettis\u00e9 pour l'exportation.<\/p>\n<\/li>\n<\/ol>\n<p data-start=\"2737\" data-end=\"2859\">Cette production automatis\u00e9e garantit un poids, une qualit\u00e9 et une propret\u00e9 constants dans chaque <strong data-start=\"2827\" data-end=\"2856\">emballage de p\u00e2te de tomate de 400g<\/strong>.<\/p>\n<figure id=\"attachment_1352\" aria-describedby=\"caption-attachment-1352\" style=\"width: 323px\" class=\"wp-caption aligncenter\"><img decoding=\"async\" class=\"wp-image-1352\" src=\"https:\/\/taichytomato.com\/wp-content\/uploads\/2025\/04\/1749522102558-300x225.jpg\" alt=\"Gamme de produits\" width=\"323\" height=\"242\" srcset=\"https:\/\/taichytomato.com\/wp-content\/uploads\/2025\/04\/1749522102558-300x225.jpg 300w, https:\/\/taichytomato.com\/wp-content\/uploads\/2025\/04\/1749522102558-1024x768.jpg 1024w, https:\/\/taichytomato.com\/wp-content\/uploads\/2025\/04\/1749522102558-768x576.jpg 768w, https:\/\/taichytomato.com\/wp-content\/uploads\/2025\/04\/1749522102558-1536x1152.jpg 1536w, https:\/\/taichytomato.com\/wp-content\/uploads\/2025\/04\/1749522102558-2048x1536.jpg 2048w, https:\/\/taichytomato.com\/wp-content\/uploads\/2025\/04\/1749522102558-600x450.jpg 600w\" sizes=\"(max-width: 323px) 100vw, 323px\" \/><figcaption id=\"caption-attachment-1352\" class=\"wp-caption-text\">Gamme de produits<\/figcaption><\/figure>\n<p>En savoir plus sur notre contr\u00f4le qualit\u00e9, nos certifications et notre processus de production en cliquant\u00a0<a href=\"https:\/\/taichytomato.com\/fr\/how-is-tomato-paste-made-in-a-factory\/\">ici.<\/a><\/p>\n<hr \/>\n<p>\u2705<\/p>\n<hr \/>\n<h3 data-start=\"3188\" data-end=\"3211\"><strong data-start=\"3192\" data-end=\"3211\">6. Applications<\/strong><\/h3>\n<p data-start=\"3213\" data-end=\"3254\">Le <strong data-start=\"3217\" data-end=\"3238\">p\u00e2te de tomate 400g<\/strong> est id\u00e9al pour :<\/p>\n<ul data-start=\"3255\" data-end=\"3432\">\n<li data-start=\"3255\" data-end=\"3283\">\n<p data-start=\"3257\" data-end=\"3283\">Ventes en supermarch\u00e9 de d\u00e9tail<\/p>\n<\/li>\n<li data-start=\"3284\" data-end=\"3334\">\n<p data-start=\"3286\" data-end=\"3334\">Cuisine quotidienne \u00e0 domicile (sauces, rago\u00fbts, soupes)<\/p>\n<\/li>\n<li data-start=\"3335\" data-end=\"3369\">\n<p data-start=\"3337\" data-end=\"3369\">Fourniture pour la restauration et les restaurants<\/p>\n<\/li>\n<li data-start=\"3370\" data-end=\"3432\">\n<p data-start=\"3372\" data-end=\"3432\">Exportation vers l'Afrique, le Moyen-Orient, l'Am\u00e9rique du Sud et l'Asie<\/p>\n<\/li>\n<\/ul>\n<hr data-start=\"3434\" data-end=\"3437\" \/>\n<h3 data-start=\"3439\" data-end=\"3482\"><strong data-start=\"3443\" data-end=\"3482\">7. Pourquoi choisir notre concentr\u00e9 de tomate de 400g<\/strong><\/h3>\n<p data-start=\"3484\" data-end=\"3571\">En tant qu'exportateur professionnel <strong data-start=\"3502\" data-end=\"3556\">fabricant de sachets et bo\u00eetes de concentr\u00e9 de tomate de 400g<\/strong>, nous fournissons :<\/p>\n<ul data-start=\"3572\" data-end=\"3784\">\n<li data-start=\"3572\" data-end=\"3605\">\n<p data-start=\"3574\" data-end=\"3605\">Service OEM et marque priv\u00e9e<\/p>\n<\/li>\n<li data-start=\"3606\" data-end=\"3647\">\n<p data-start=\"3608\" data-end=\"3647\">Niveaux de Brix multiples (18-20%, 22-24%, 26-28%, 28-30%, etc.)<\/p>\n<\/li>\n<li data-start=\"3648\" data-end=\"3687\">\n<p data-start=\"3650\" data-end=\"3687\">Support pour conception et emballage personnalis\u00e9<\/p>\n<\/li>\n<li data-start=\"3688\" data-end=\"3733\">\n<p data-start=\"3690\" data-end=\"3733\">Prix d'usine comp\u00e9titif pour les commandes en gros<\/p>\n<\/li>\n<li data-start=\"3734\" data-end=\"3784\">\n<p data-start=\"3736\" data-end=\"3784\">Livraison rapide et support pour la documentation d'exportation<\/p>\n<\/li>\n<\/ul>\n<hr \/>\n<h2><strong>8<\/strong><strong>.FAQ<\/strong><\/h2>\n<p><strong>1.Quand puis-je obtenir le devis?\u00a0<\/strong><\/p>\n<p>Nous citons g\u00e9n\u00e9ralement dans les 12 heures apr\u00e8s r\u00e9ception de votre demande. Si vous \u00eates tr\u00e8s urgent d'obtenir le prix, veuillez nous le dire afin que nous consid\u00e9rions votre priorit\u00e9 de demande. Vous pouvez \u00e9galement nous contacter de toute urgence par WhatsApp. et notre \u00e9quipe marketing restera en ligne 24 heures sur 24.<\/p>\n<p>&nbsp;<\/p>\n<p><strong>2.Comment puis-je obtenir un \u00e9chantillon pour v\u00e9rifier votre qualit\u00e9?\u00a0<\/strong><\/p>\n<p>Apr\u00e8s confirmation du prix, vous pouvez demander des \u00e9chantillons pour v\u00e9rifier notre qualit\u00e9.<\/p>\n<p>Nous acceptons \u00e9galement l'inspection par un tiers (SGS\/BV) avant l'exp\u00e9dition)<\/p>\n<p>&nbsp;<\/p>\n<p><strong>3.Quels types de fichiers acceptez-vous pour l'impression?<\/strong><\/p>\n<p>PDF, Core Draw, JPG haute r\u00e9solution ou format AI<\/p>\n<p>&nbsp;<\/p>\n<p><strong>4. Pouvez-vous faire le design pour nous ?\u00a0<\/strong><\/p>\n<p>Oui. Nous avons une \u00e9quipe professionnelle poss\u00e9dant une riche exp\u00e9rience en conception et fabrication.<\/p>\n<p>Et le service est gratuit.<\/p>\n<p>&nbsp;<\/p>\n<p><strong>5. Combien de temps puis-je esp\u00e9rer recevoir l'\u00e9chantillon ?\u00a0<\/strong><\/p>\n<p>3 \u00e0 5 jours ouvrables pour les \u00e9chantillons. Nous avons un accord avec DHL, TNT, UPS et Fedex.<\/p>\n<p>&nbsp;<\/p>\n<p><strong>6. Qu'en est-il du d\u00e9lai de production de masse ?\u00a0<\/strong><\/p>\n<p>25 jours ouvrables pour la production de masse. Cela d\u00e9pend de votre quantit\u00e9, et nous ferons de notre mieux pour r\u00e9pondre \u00e0 vos besoins.<\/p>\n<p>&nbsp;<\/p>\n<p>\ud83d\udce9 <a href=\"https:\/\/taichytomato.com\/fr\/contact\/\"><u>Contactez-nous maintenant<\/u><\/a>\u00a0pour les prix, les fiches techniques et les options d'emballage OEM !<\/p>\n<p>Si vous avez des questions, cliquez ici\u201d<a href=\"https:\/\/taichytomato.com\/fr\/buyers-guide-for-canned-tomato-paste\/\"><u>Guide d'achat pour la p\u00e2te de tomate en conserve<\/u><\/a>\u201d cela vous aidera<\/p>","protected":false},"excerpt":{"rendered":"<p>Brix : 18-20%, 22-24%, 26-28%, 28-30%<br \/>\nBo\u00eete en t\u00f4le anti-rouille\/anti-stress\/humidit\u00e9<br \/>\nMarque : Design ou OEM<br \/>\nQuantit\u00e9 minimale : 1X20ft<br \/>\nD\u00e9tail de livraison : 30-35 jours apr\u00e8s r\u00e9ception de l'acompte ou de la lettre de cr\u00e9dit. Livraison la plus rapide.<br \/>\nCode SH : 2002901100<\/p>","protected":false},"featured_media":3269,"template":"","meta":{"_acf_changed":false,"_seopress_robots_primary_cat":"none","_seopress_titles_title":"400g Canned Tomato Paste | Family Size Tomato Paste Tin","_seopress_titles_desc":"Our 400g tomato paste is the perfect size for families and small restaurants. This versatile tomato paste tin adds a rich, robust flavor to you \u3002","_seopress_robots_index":"","site-sidebar-layout":"default","site-content-layout":"","ast-site-content-layout":"default","site-content-style":"default","site-sidebar-style":"default","ast-global-header-display":"","ast-banner-title-visibility":"","ast-main-header-display":"","ast-hfb-above-header-display":"","ast-hfb-below-header-display":"","ast-hfb-mobile-header-display":"","site-post-title":"","ast-breadcrumbs-content":"","ast-featured-img":"","footer-sml-layout":"","ast-disable-related-posts":"","theme-transparent-header-meta":"default","adv-header-id-meta":"","stick-header-meta":"","header-above-stick-meta":"","header-main-stick-meta":"","header-below-stick-meta":"","astra-migrate-meta-layouts":"set","ast-page-background-enabled":"default","ast-page-background-meta":{"desktop":{"background-color":"var(--ast-global-color-5)","background-image":"","background-repeat":"repeat","background-position":"center center","background-size":"auto","background-attachment":"scroll","background-type":"","background-media":"","overlay-type":"","overlay-color":"","overlay-opacity":"","overlay-gradient":""},"tablet":{"background-color":"","background-image":"","background-repeat":"repeat","background-position":"center center","background-size":"auto","background-attachment":"scroll","background-type":"","background-media":"","overlay-type":"","overlay-color":"","overlay-opacity":"","overlay-gradient":""},"mobile":{"background-color":"","background-image":"","background-repeat":"repeat","background-position":"center center","background-size":"auto","background-attachment":"scroll","background-type":"","background-media":"","overlay-type":"","overlay-color":"","overlay-opacity":"","overlay-gradient":""}},"ast-content-background-meta":{"desktop":{"background-color":"var(--ast-global-color-4)","background-image":"","background-repeat":"repeat","background-position":"center center","background-size":"auto","background-attachment":"scroll","background-type":"","background-media":"","overlay-type":"","overlay-color":"","overlay-opacity":"","overlay-gradient":""},"tablet":{"background-color":"var(--ast-global-color-4)","background-image":"","background-repeat":"repeat","background-position":"center center","background-size":"auto","background-attachment":"scroll","background-type":"","background-media":"","overlay-type":"","overlay-color":"","overlay-opacity":"","overlay-gradient":""},"mobile":{"background-color":"var(--ast-global-color-4)","background-image":"","background-repeat":"repeat","background-position":"center center","background-size":"auto","background-attachment":"scroll","background-type":"","background-media":"","overlay-type":"","overlay-color":"","overlay-opacity":"","overlay-gradient":""}}},"product_brand":[],"product_cat":[96],"product_tag":[152,45,151],"class_list":{"0":"post-920","1":"product","2":"type-product","3":"status-publish","4":"has-post-thumbnail","6":"product_cat-canned-tomato-paste","7":"product_tag-400g-canned-tomato-paste","8":"product_tag-canned-tomato-paste","9":"product_tag-canned-tomato-paste-manufacture","10":"desktop-align-left","11":"tablet-align-left","12":"mobile-align-left","14":"first","15":"instock","16":"sale","17":"shipping-taxable","18":"purchasable","19":"product-type-simple"},"acf":[],"_links":{"self":[{"href":"https:\/\/taichytomato.com\/fr\/wp-json\/wp\/v2\/product\/920","targetHints":{"allow":["GET"]}}],"collection":[{"href":"https:\/\/taichytomato.com\/fr\/wp-json\/wp\/v2\/product"}],"about":[{"href":"https:\/\/taichytomato.com\/fr\/wp-json\/wp\/v2\/types\/product"}],"version-history":[{"count":0,"href":"https:\/\/taichytomato.com\/fr\/wp-json\/wp\/v2\/product\/920\/revisions"}],"wp:featuredmedia":[{"embeddable":true,"href":"https:\/\/taichytomato.com\/fr\/wp-json\/wp\/v2\/media\/3269"}],"wp:attachment":[{"href":"https:\/\/taichytomato.com\/fr\/wp-json\/wp\/v2\/media?parent=920"}],"wp:term":[{"taxonomy":"product_brand","embeddable":true,"href":"https:\/\/taichytomato.com\/fr\/wp-json\/wp\/v2\/product_brand?post=920"},{"taxonomy":"product_cat","embeddable":true,"href":"https:\/\/taichytomato.com\/fr\/wp-json\/wp\/v2\/product_cat?post=920"},{"taxonomy":"product_tag","embeddable":true,"href":"https:\/\/taichytomato.com\/fr\/wp-json\/wp\/v2\/product_tag?post=920"}],"curies":[{"name":"wp","href":"https:\/\/api.w.org\/{rel}","templated":true}]}}