{"id":912,"date":"2025-05-22T23:01:46","date_gmt":"2025-05-23T07:01:46","guid":{"rendered":"https:\/\/taichytomato.com\/?post_type=product&#038;p=912"},"modified":"2026-01-08T01:28:08","modified_gmt":"2026-01-08T09:28:08","slug":"198-canned-tomato-paste","status":"publish","type":"product","link":"https:\/\/taichytomato.com\/fr\/produit\/198-canned-tomato-paste\/","title":{"rendered":"198g P\u00c2TE DE TOMATE EN BO\u00ceTE \u2013 QUALIT\u00c9 PREMIUM DE L'USINE EN CHINE"},"content":{"rendered":"<h2><span style=\"color: #ff0000;\">198 P\u00e2te de tomate en conserve<\/span><\/h2>\n<h2><span style=\"color: #ff0000;\"><strong>1. Description du produit<\/strong><\/span><\/h2>\n<p data-start=\"337\" data-end=\"670\">Notre <strong data-start=\"341\" data-end=\"369\">198g P\u00e2te de tomate en conserve<\/strong> est fabriqu\u00e9e \u00e0 partir de <strong data-start=\"383\" data-end=\"416\">tomates fra\u00eeches, m\u00fbres, NON-GMO<\/strong>, soigneusement trait\u00e9es pour pr\u00e9server la couleur rouge naturelle, la saveur riche et la haute teneur en lycop\u00e8ne.<br data-start=\"512\" data-end=\"515\" \/>C'est l'une des tailles les plus populaires pour <strong data-start=\"555\" data-end=\"623\">la cuisine domestique, les restaurants, les supermarch\u00e9s et les march\u00e9s d'exportation<\/strong> en Afrique, au Moyen-Orient et en Am\u00e9rique latine.<\/p>\n<p data-start=\"672\" data-end=\"889\">En tant que fournisseur et usine leader <strong data-start=\"685\" data-end=\"739\">Fabricant et fournisseur de p\u00e2te de tomate en conserve de 198g<\/strong>, nous proposons une p\u00e2te de tomate de haute qualit\u00e9 avec <strong data-start=\"781\" data-end=\"826\">certifications HACCP, ISO, HALAL et BRC<\/strong>, garantissant la s\u00e9curit\u00e9 alimentaire et une qualit\u00e9 constante dans chaque bo\u00eete.<\/p>\n<hr \/>\n<h2><span style=\"color: #ff0000;\"><strong>Sp\u00e9cification du produit 2\u00a0<\/strong><\/span><\/h2>\n<p><strong>Sp\u00e9cification 1 :<\/strong><\/p>\n<table class=\"w-fit min-w-(--thread-content-width)\" data-start=\"267\" data-end=\"2029\">\n<thead data-start=\"267\" data-end=\"412\">\n<tr data-start=\"267\" data-end=\"412\">\n<th data-start=\"267\" data-end=\"295\" data-col-size=\"sm\"><strong data-start=\"269\" data-end=\"280\">Caract\u00e9ristique<\/strong><\/th>\n<th data-start=\"295\" data-end=\"354\" data-col-size=\"sm\"><strong data-start=\"297\" data-end=\"314\">Sp\u00e9cification<\/strong><\/th>\n<th data-start=\"354\" data-end=\"412\" data-col-size=\"md\"><strong data-start=\"356\" data-end=\"369\">Avantage<\/strong><\/th>\n<\/tr>\n<\/thead>\n<tbody data-start=\"560\" data-end=\"2029\">\n<tr data-start=\"560\" data-end=\"706\">\n<td data-start=\"560\" data-end=\"589\" data-col-size=\"sm\"><strong data-start=\"562\" data-end=\"586\">Brix (Concentration)<\/strong><\/td>\n<td data-col-size=\"sm\" data-start=\"589\" data-end=\"647\">18\u201320%, 22\u201324%, 26\u201328%, 28\u201330%, 36\u201338%<\/td>\n<td data-col-size=\"md\" data-start=\"647\" data-end=\"706\">Plusieurs options de concentration pour diverses applications<\/td>\n<\/tr>\n<tr data-start=\"707\" data-end=\"853\">\n<td data-start=\"707\" data-end=\"736\" data-col-size=\"sm\"><strong data-start=\"709\" data-end=\"725\">Type de processus<\/strong><\/td>\n<td data-col-size=\"sm\" data-start=\"736\" data-end=\"795\">Chaleur forte \/ Chaleur douce<\/td>\n<td data-col-size=\"md\" data-start=\"795\" data-end=\"853\">HB pour une texture \u00e9paisse, CB pour un \u00e9coulement lisse<\/td>\n<\/tr>\n<tr data-start=\"854\" data-end=\"1000\">\n<td data-start=\"854\" data-end=\"883\" data-col-size=\"sm\"><strong data-start=\"856\" data-end=\"877\">Couleur (Valeur A\/B)<\/strong><\/td>\n<td data-col-size=\"sm\" data-start=\"883\" data-end=\"942\">\u2265 1,90<\/td>\n<td data-col-size=\"md\" data-start=\"942\" data-end=\"1000\">Couleur rouge naturel vif avec une haute teneur en lycop\u00e8ne<\/td>\n<\/tr>\n<tr data-start=\"1001\" data-end=\"1147\">\n<td data-start=\"1001\" data-end=\"1030\" data-col-size=\"sm\"><strong data-start=\"1003\" data-end=\"1017\">Poids net<\/strong><\/td>\n<td data-col-size=\"sm\" data-start=\"1030\" data-end=\"1089\">198g par bo\u00eete en conserve<\/td>\n<td data-col-size=\"md\" data-start=\"1089\" data-end=\"1147\">Portion pratique pour une utilisation quotidienne domestique ou en d\u00e9tail<\/td>\n<\/tr>\n<tr data-start=\"1148\" data-end=\"1294\">\n<td data-start=\"1148\" data-end=\"1177\" data-col-size=\"sm\"><strong data-start=\"1150\" data-end=\"1163\">Emballage<\/strong><\/td>\n<td data-col-size=\"sm\" data-start=\"1177\" data-end=\"1236\">Bo\u00eete de conserve avec couvercle facile \u00e0 ouvrir \/ couvercle difficile \u00e0 ouvrir<\/td>\n<td data-col-size=\"md\" data-start=\"1236\" data-end=\"1294\">Options d'emballage hygi\u00e9niques, durables, pr\u00eates pour la vente au d\u00e9tail<\/td>\n<\/tr>\n<tr data-start=\"1295\" data-end=\"1441\">\n<td data-start=\"1295\" data-end=\"1324\" data-col-size=\"sm\"><strong data-start=\"1297\" data-end=\"1310\">Additifs<\/strong><\/td>\n<td data-col-size=\"sm\" data-start=\"1324\" data-end=\"1383\">Aucun, 100% Naturel, NON-OGM<\/td>\n<td data-col-size=\"md\" data-start=\"1383\" data-end=\"1441\">Sans conservateurs ni colorants artificiels<\/td>\n<\/tr>\n<tr data-start=\"1442\" data-end=\"1588\">\n<td data-start=\"1442\" data-end=\"1471\" data-col-size=\"sm\"><strong data-start=\"1444\" data-end=\"1458\">Dur\u00e9e de conservation<\/strong><\/td>\n<td data-col-size=\"sm\" data-start=\"1471\" data-end=\"1530\">24 mois<\/td>\n<td data-col-size=\"md\" data-start=\"1530\" data-end=\"1588\">Stabilit\u00e9 \u00e0 long terme pour l'exportation mondiale<\/td>\n<\/tr>\n<tr data-start=\"1589\" data-end=\"1735\">\n<td data-start=\"1589\" data-end=\"1618\" data-col-size=\"sm\"><strong data-start=\"1591\" data-end=\"1614\">OEM \/ Marque priv\u00e9e<\/strong><\/td>\n<td data-col-size=\"sm\" data-start=\"1618\" data-end=\"1677\">Accept\u00e9<\/td>\n<td data-col-size=\"md\" data-start=\"1677\" data-end=\"1735\">\u00c9tiquettes personnalis\u00e9es, branding et conception de carton disponibles<\/td>\n<\/tr>\n<tr data-start=\"1736\" data-end=\"1882\">\n<td data-start=\"1736\" data-end=\"1765\" data-col-size=\"sm\"><strong data-start=\"1738\" data-end=\"1760\">Ratio Entr\u00e9e-Sortie<\/strong><\/td>\n<td data-col-size=\"sm\" data-start=\"1765\" data-end=\"1824\">2:1\u201310:1<\/td>\n<td data-col-size=\"md\" data-start=\"1824\" data-end=\"1882\">Sortie de concentration flexible pour r\u00e9pondre aux besoins du client<\/td>\n<\/tr>\n<tr data-start=\"1883\" data-end=\"2029\">\n<td data-start=\"1883\" data-end=\"1912\" data-col-size=\"sm\"><a href=\"https:\/\/taichytomato.com\/fr\/tomato-paste-drum-hs-code-export-guide-from-china-2025-update\/\"><strong data-start=\"1885\" data-end=\"1896\">Code SH<\/strong><\/a><\/td>\n<td data-col-size=\"sm\" data-start=\"1912\" data-end=\"1971\">20029011<\/td>\n<td data-col-size=\"md\" data-start=\"1971\" data-end=\"2029\">Code douanier international standard pour la p\u00e2te de tomate<\/td>\n<\/tr>\n<\/tbody>\n<\/table>\n<p>Pour des solutions personnalis\u00e9es ou des achats en gros,\u00a0<a href=\"https:\/\/taichytomato.com\/fr\/contact\/\">veuillez contacter notre \u00e9quipe commerciale \u00e0 tout moment.<\/a><\/p>\n<p><!--more--><\/p>\n<h3 data-start=\"1540\" data-end=\"1579\"><strong data-start=\"1544\" data-end=\"1579\">3. Engagement en mati\u00e8re d'usine et de qualit\u00e9<\/strong><\/h3>\n<p data-start=\"1580\" data-end=\"1770\">En tant que <strong data-start=\"1585\" data-end=\"1621\">Usine de p\u00e2te de tomate en conserve de 198 g<\/strong> avec des ann\u00e9es d'exp\u00e9rience \u00e0 l'export, nous combinons des lignes de production avanc\u00e9es et des syst\u00e8mes de contr\u00f4le qualit\u00e9 stricts pour garantir que chaque bo\u00eete r\u00e9pond aux normes mondiales.<\/p>\n<p data-start=\"1772\" data-end=\"1953\">Notre entreprise d\u00e9tient <strong data-start=\"1790\" data-end=\"1828\">HACCP, ISO22000, HALAL et KOSHER<\/strong> certifications, garantissant que chaque lot de <strong data-start=\"1878\" data-end=\"1906\">p\u00e2te de tomate en conserve de 198 g<\/strong> est s\u00fbr, tra\u00e7able et de qualit\u00e9 constante.<\/p>\n<p data-start=\"1955\" data-end=\"2135\">Nous proposons \u00e9galement <strong data-start=\"1971\" data-end=\"2012\">services OEM de p\u00e2te de tomate en conserve de 198 g<\/strong>, y compris <strong data-start=\"2024\" data-end=\"2048\">conception de marque priv\u00e9e<\/strong>, <strong data-start=\"2050\" data-end=\"2070\">emballage personnalis\u00e9<\/strong>, et <strong data-start=\"2076\" data-end=\"2097\">d\u00e9veloppement de marque<\/strong> pour r\u00e9pondre aux exigences sp\u00e9cifiques du client.<\/p>\n<hr \/>\n<h3 data-start=\"2142\" data-end=\"2172\"><strong data-start=\"2146\" data-end=\"2172\">4. Emballage &amp; Chargement<\/strong><\/h3>\n<p data-start=\"2173\" data-end=\"2207\"><strong data-start=\"2176\" data-end=\"2207\">Options d'emballage standard :<\/strong><\/p>\n<ul data-start=\"2208\" data-end=\"2316\">\n<li data-start=\"2208\" data-end=\"2237\">\n<p data-start=\"2210\" data-end=\"2237\">48 bo\u00eetes de 198 g par carton<\/p>\n<\/li>\n<li data-start=\"2238\" data-end=\"2274\">\n<p data-start=\"2240\" data-end=\"2274\">Couvercle \u00e0 ouverture facile ou normal en option<\/p>\n<\/li>\n<li data-start=\"2275\" data-end=\"2316\">\n<p data-start=\"2277\" data-end=\"2316\">Un conteneur de 20\u2019FCL peut charger environ 2 400 cartons<\/p>\n<\/li>\n<\/ul>\n<p data-start=\"2318\" data-end=\"2492\">Chaque <strong data-start=\"2323\" data-end=\"2348\">BO\u00ceTE DE PUR\u00c9E DE TOMATE DE 198 g<\/strong> est rempli de <strong data-start=\"2364\" data-end=\"2400\">pur\u00e9e de tomate double concentr\u00e9e<\/strong>, scell\u00e9e \u00e0 haute temp\u00e9rature, et st\u00e9rilis\u00e9e pour pr\u00e9server la fra\u00eecheur et une longue dur\u00e9e de conservation.<\/p>\n<hr \/>\n<h2><span style=\"color: #ff0000;\"><strong>4. Atelier de production<\/strong><\/span><\/h2>\n<p>Bienvenue \u00e0 visiter notre usine de produits de tomate et \u00e0 nous contacter.<\/p>\n<figure id=\"attachment_1352\" aria-describedby=\"caption-attachment-1352\" style=\"width: 501px\" class=\"wp-caption alignnone\"><img fetchpriority=\"high\" decoding=\"async\" class=\"wp-image-1352\" src=\"https:\/\/taichytomato.com\/wp-content\/uploads\/2025\/04\/1749522102558-300x225.jpg\" alt=\"Gamme de produits\" width=\"501\" height=\"376\" srcset=\"https:\/\/taichytomato.com\/wp-content\/uploads\/2025\/04\/1749522102558-300x225.jpg 300w, https:\/\/taichytomato.com\/wp-content\/uploads\/2025\/04\/1749522102558-1024x768.jpg 1024w, https:\/\/taichytomato.com\/wp-content\/uploads\/2025\/04\/1749522102558-768x576.jpg 768w, https:\/\/taichytomato.com\/wp-content\/uploads\/2025\/04\/1749522102558-1536x1152.jpg 1536w, https:\/\/taichytomato.com\/wp-content\/uploads\/2025\/04\/1749522102558-2048x1536.jpg 2048w, https:\/\/taichytomato.com\/wp-content\/uploads\/2025\/04\/1749522102558-600x450.jpg 600w\" sizes=\"(max-width: 501px) 100vw, 501px\" \/><figcaption id=\"caption-attachment-1352\" class=\"wp-caption-text\">Gamme de produits<\/figcaption><\/figure>\n<p>En savoir plus sur notre contr\u00f4le qualit\u00e9, nos certifications et notre processus de production en cliquant\u00a0<a href=\"https:\/\/taichytomato.com\/fr\/how-is-tomato-paste-made-in-a-factory\/\">ici.<\/a><\/p>\n<hr \/>\n<h2><span style=\"color: #ff0000;\"><strong>5. Emballage &amp; Logistique<\/strong><\/span><\/h2>\n<p><strong>Notre emballage<\/strong><\/p>\n<ol>\n<li>Carton en papier dur et solide pour le transport \u00e0 l'exportation.<\/li>\n<li>Film r\u00e9tractable avec plateau<\/li>\n<li>Film r\u00e9tractable uniquement<\/li>\n<\/ol>\n<figure id=\"attachment_1380\" aria-describedby=\"caption-attachment-1380\" style=\"width: 505px\" class=\"wp-caption alignnone\"><img decoding=\"async\" class=\"wp-image-1380\" src=\"https:\/\/taichytomato.com\/wp-content\/uploads\/2025\/05\/\u56fe\u72471-300x76.jpg\" alt=\"Mode d&#039;emballage\" width=\"505\" height=\"128\" srcset=\"https:\/\/taichytomato.com\/wp-content\/uploads\/2025\/05\/\u56fe\u72471-300x76.jpg 300w, https:\/\/taichytomato.com\/wp-content\/uploads\/2025\/05\/\u56fe\u72471.jpg 600w\" sizes=\"(max-width: 505px) 100vw, 505px\" \/><figcaption id=\"caption-attachment-1380\" class=\"wp-caption-text\">Mode d'emballage<\/figcaption><\/figure>\n<hr \/>\n<h2><span style=\"color: #ff0000;\"><strong>6. Certificat<\/strong><\/span><\/h2>\n<figure id=\"attachment_1381\" aria-describedby=\"caption-attachment-1381\" style=\"width: 502px\" class=\"wp-caption alignnone\"><img decoding=\"async\" class=\"wp-image-1381\" src=\"https:\/\/taichytomato.com\/wp-content\/uploads\/2025\/05\/\u56fe\u72472-300x247.jpg\" alt=\"Certification\" width=\"502\" height=\"413\" srcset=\"https:\/\/taichytomato.com\/wp-content\/uploads\/2025\/05\/\u56fe\u72472-300x247.jpg 300w, https:\/\/taichytomato.com\/wp-content\/uploads\/2025\/05\/\u56fe\u72472.jpg 600w\" sizes=\"(max-width: 502px) 100vw, 502px\" \/><figcaption id=\"caption-attachment-1381\" class=\"wp-caption-text\">Certification<strong style=\"font-size: 16px;\">\u00a0<\/strong><\/figcaption><\/figure>\n<hr \/>\n<h2><span style=\"color: #ff0000;\"><strong>7<\/strong><strong>.FAQ<\/strong><\/span><\/h2>\n<p><strong>1.Quand puis-je obtenir le devis?\u00a0<\/strong><\/p>\n<p>Nous citons g\u00e9n\u00e9ralement dans les 12 heures apr\u00e8s r\u00e9ception de votre demande. Si vous \u00eates tr\u00e8s urgent d'obtenir le prix, veuillez nous le dire afin que nous consid\u00e9rions votre priorit\u00e9 de demande. Vous pouvez \u00e9galement nous contacter de toute urgence par WhatsApp. et notre \u00e9quipe marketing restera en ligne 24 heures sur 24.<\/p>\n<p>&nbsp;<\/p>\n<p><strong>2.Comment puis-je obtenir un \u00e9chantillon pour v\u00e9rifier votre qualit\u00e9?\u00a0<\/strong><\/p>\n<p>Apr\u00e8s confirmation du prix, vous pouvez demander des \u00e9chantillons pour v\u00e9rifier notre qualit\u00e9.<\/p>\n<p>Nous acceptons \u00e9galement l'inspection par un tiers (SGS\/BV) avant l'exp\u00e9dition)<\/p>\n<p>&nbsp;<\/p>\n<p><strong>3.Quels types de fichiers acceptez-vous pour l'impression?<\/strong><\/p>\n<p>PDF, Core Draw, JPG haute r\u00e9solution ou format AI<\/p>\n<p>&nbsp;<\/p>\n<p><strong>4. Pouvez-vous faire le design pour nous ?\u00a0<\/strong><\/p>\n<p>Oui. Nous avons une \u00e9quipe professionnelle poss\u00e9dant une riche exp\u00e9rience en conception et fabrication.<\/p>\n<p>Et le service est gratuit.<\/p>\n<p>&nbsp;<\/p>\n<p><strong>5. Combien de temps puis-je esp\u00e9rer recevoir l'\u00e9chantillon ?\u00a0<\/strong><\/p>\n<p>3 \u00e0 5 jours ouvrables pour les \u00e9chantillons. Nous avons un accord avec DHL, TNT, UPS et Fedex.<\/p>\n<p>&nbsp;<\/p>\n<p><strong>6. Qu'en est-il du d\u00e9lai de production de masse ?\u00a0<\/strong><\/p>\n<p>25 jours ouvrables pour la production de masse. Cela d\u00e9pend de votre quantit\u00e9, et nous ferons de notre mieux pour r\u00e9pondre \u00e0 vos besoins.<\/p>\n<p>\ud83d\udce9 <a href=\"https:\/\/taichytomato.com\/fr\/contact\/\"><u>Contactez-nous maintenant<\/u><\/a>\u00a0pour les prix, les fiches techniques et les options d'emballage OEM !<\/p>\n<p>Si vous avez des questions, cliquez ici\u201d<a href=\"https:\/\/taichytomato.com\/fr\/buyers-guide-for-canned-tomato-paste\/\"><u>Guide d'achat pour la p\u00e2te de tomate en conserve<\/u><\/a>\u201d cela vous aidera<\/p>","protected":false},"excerpt":{"rendered":"<p>Brix : 18-20%, 22-24%, 26-28%, 28-30%<br \/>\nBo\u00eete en t\u00f4le anti-rouille\/anti-stress\/humidit\u00e9<br \/>\nMarque : Design ou OEM<br \/>\nQuantit\u00e9 minimale : 1X20ft<br \/>\nD\u00e9tail de livraison : 30-35 jours apr\u00e8s r\u00e9ception de l'acompte ou de la lettre de cr\u00e9dit. Livraison la plus rapide.<br \/>\nCode SH : 2002901100<\/p>","protected":false},"featured_media":897,"template":"","meta":{"_acf_changed":false,"_seopress_robots_primary_cat":"none","_seopress_titles_title":"198g Canned & Tin Tomato Paste | Taichy tomato","_seopress_titles_desc":"Our 198g canned tomato paste is a reliable choice. Each tomato paste tin is filled with  tomatoes, providing pure and authentic flavor for all your dishes.","_seopress_robots_index":"","site-sidebar-layout":"default","site-content-layout":"","ast-site-content-layout":"default","site-content-style":"default","site-sidebar-style":"default","ast-global-header-display":"","ast-banner-title-visibility":"","ast-main-header-display":"","ast-hfb-above-header-display":"","ast-hfb-below-header-display":"","ast-hfb-mobile-header-display":"","site-post-title":"","ast-breadcrumbs-content":"","ast-featured-img":"","footer-sml-layout":"","ast-disable-related-posts":"","theme-transparent-header-meta":"default","adv-header-id-meta":"","stick-header-meta":"","header-above-stick-meta":"","header-main-stick-meta":"","header-below-stick-meta":"","astra-migrate-meta-layouts":"set","ast-page-background-enabled":"default","ast-page-background-meta":{"desktop":{"background-color":"var(--ast-global-color-5)","background-image":"","background-repeat":"repeat","background-position":"center center","background-size":"auto","background-attachment":"scroll","background-type":"","background-media":"","overlay-type":"","overlay-color":"","overlay-opacity":"","overlay-gradient":""},"tablet":{"background-color":"","background-image":"","background-repeat":"repeat","background-position":"center center","background-size":"auto","background-attachment":"scroll","background-type":"","background-media":"","overlay-type":"","overlay-color":"","overlay-opacity":"","overlay-gradient":""},"mobile":{"background-color":"","background-image":"","background-repeat":"repeat","background-position":"center center","background-size":"auto","background-attachment":"scroll","background-type":"","background-media":"","overlay-type":"","overlay-color":"","overlay-opacity":"","overlay-gradient":""}},"ast-content-background-meta":{"desktop":{"background-color":"var(--ast-global-color-4)","background-image":"","background-repeat":"repeat","background-position":"center center","background-size":"auto","background-attachment":"scroll","background-type":"","background-media":"","overlay-type":"","overlay-color":"","overlay-opacity":"","overlay-gradient":""},"tablet":{"background-color":"var(--ast-global-color-4)","background-image":"","background-repeat":"repeat","background-position":"center center","background-size":"auto","background-attachment":"scroll","background-type":"","background-media":"","overlay-type":"","overlay-color":"","overlay-opacity":"","overlay-gradient":""},"mobile":{"background-color":"var(--ast-global-color-4)","background-image":"","background-repeat":"repeat","background-position":"center center","background-size":"auto","background-attachment":"scroll","background-type":"","background-media":"","overlay-type":"","overlay-color":"","overlay-opacity":"","overlay-gradient":""}}},"product_brand":[],"product_cat":[96],"product_tag":[150,151,44],"class_list":{"0":"post-912","1":"product","2":"type-product","3":"status-publish","4":"has-post-thumbnail","6":"product_cat-canned-tomato-paste","7":"product_tag-198-canend-tomato-paste","8":"product_tag-canned-tomato-paste-manufacture","9":"product_tag-tomato-paste","10":"desktop-align-left","11":"tablet-align-left","12":"mobile-align-left","14":"first","15":"instock","16":"sale","17":"shipping-taxable","18":"purchasable","19":"product-type-simple"},"acf":[],"_links":{"self":[{"href":"https:\/\/taichytomato.com\/fr\/wp-json\/wp\/v2\/product\/912","targetHints":{"allow":["GET"]}}],"collection":[{"href":"https:\/\/taichytomato.com\/fr\/wp-json\/wp\/v2\/product"}],"about":[{"href":"https:\/\/taichytomato.com\/fr\/wp-json\/wp\/v2\/types\/product"}],"version-history":[{"count":0,"href":"https:\/\/taichytomato.com\/fr\/wp-json\/wp\/v2\/product\/912\/revisions"}],"wp:featuredmedia":[{"embeddable":true,"href":"https:\/\/taichytomato.com\/fr\/wp-json\/wp\/v2\/media\/897"}],"wp:attachment":[{"href":"https:\/\/taichytomato.com\/fr\/wp-json\/wp\/v2\/media?parent=912"}],"wp:term":[{"taxonomy":"product_brand","embeddable":true,"href":"https:\/\/taichytomato.com\/fr\/wp-json\/wp\/v2\/product_brand?post=912"},{"taxonomy":"product_cat","embeddable":true,"href":"https:\/\/taichytomato.com\/fr\/wp-json\/wp\/v2\/product_cat?post=912"},{"taxonomy":"product_tag","embeddable":true,"href":"https:\/\/taichytomato.com\/fr\/wp-json\/wp\/v2\/product_tag?post=912"}],"curies":[{"name":"wp","href":"https:\/\/api.w.org\/{rel}","templated":true}]}}