{"id":894,"date":"2026-01-03T18:06:40","date_gmt":"2026-01-04T02:06:40","guid":{"rendered":"https:\/\/taichytomato.com\/?post_type=product&#038;p=894"},"modified":"2026-01-07T23:41:42","modified_gmt":"2026-01-08T07:41:42","slug":"70g-canned-tomato-paste","status":"publish","type":"product","link":"https:\/\/taichytomato.com\/fr\/produit\/70g-canned-tomato-paste\/","title":{"rendered":"Concentr\u00e9 de tomates en conserve 70g \u2013 Petit format, grande saveur"},"content":{"rendered":"<h2>Concentr\u00e9 de tomate en conserve 70g<\/h2>\n<h3 data-start=\"1416\" data-end=\"1482\"><strong data-start=\"1420\" data-end=\"1482\">1. Concentr\u00e9 de tomate premium 70g | Fournisseur d'usine, OEM &amp; Vente en gros<\/strong><\/h3>\n<p data-start=\"1484\" data-end=\"1833\">En tant que <strong data-start=\"1489\" data-end=\"1542\">fabricant professionnel de concentr\u00e9 de tomate en conserve de 70g<\/strong>, nous sommes sp\u00e9cialis\u00e9s dans la production de <strong data-start=\"1571\" data-end=\"1604\">concentr\u00e9 de tomate de haute qualit\u00e9 70g<\/strong> pour les march\u00e9s d'exportation mondiaux. Que vous ayez besoin de <strong data-start=\"1649\" data-end=\"1739\">concentr\u00e9 de tomate 70g pour les supermarch\u00e9s de d\u00e9tail, la cuisine quotidienne ou les projets de marque priv\u00e9e OEM<\/strong>, nous offrons un go\u00fbt, une couleur et une qualit\u00e9 constants \u00e0 un prix comp\u00e9titif <strong data-start=\"1806\" data-end=\"1832\">prix du concentr\u00e9 de tomate 70g<\/strong>.<\/p>\n<hr \/>\n<h2><\/h2>\n<h2><strong>2.<\/strong>Caract\u00e9ristiques du produit &amp; Sp\u00e9cifications<\/h2>\n<p>&nbsp;<\/p>\n<div class=\"_tableContainer_1rjym_1\">\n<div class=\"group _tableWrapper_1rjym_13 flex w-fit flex-col-reverse\" tabindex=\"-1\">\n<table class=\"w-fit min-w-(--thread-content-width)\" data-start=\"1885\" data-end=\"3506\">\n<thead data-start=\"1885\" data-end=\"2019\">\n<tr data-start=\"1885\" data-end=\"2019\">\n<th data-start=\"1885\" data-end=\"1913\" data-col-size=\"sm\"><strong data-start=\"1887\" data-end=\"1898\">Caract\u00e9ristique<\/strong><\/th>\n<th data-start=\"1913\" data-end=\"1965\" data-col-size=\"sm\"><strong data-start=\"1915\" data-end=\"1932\">Sp\u00e9cification<\/strong><\/th>\n<th data-start=\"1965\" data-end=\"2019\" data-col-size=\"md\"><strong data-start=\"1967\" data-end=\"1980\">Avantage<\/strong><\/th>\n<\/tr>\n<\/thead>\n<tbody data-start=\"2156\" data-end=\"3506\">\n<tr data-start=\"2156\" data-end=\"2290\">\n<td data-start=\"2156\" data-end=\"2185\" data-col-size=\"sm\"><strong data-start=\"2158\" data-end=\"2182\">Brix (Concentration)<\/strong><\/td>\n<td data-col-size=\"sm\" data-start=\"2185\" data-end=\"2236\">\u00a018\u201320%, 22\u201324%, 26\u201328%, 28\u201330%, 36\u201338%<\/td>\n<td data-col-size=\"md\" data-start=\"2236\" data-end=\"2290\">Saveur riche et douceur naturelle<\/td>\n<\/tr>\n<tr data-start=\"2291\" data-end=\"2425\">\n<td data-start=\"2291\" data-end=\"2320\" data-col-size=\"sm\"><strong data-start=\"2293\" data-end=\"2309\">Type de processus<\/strong><\/td>\n<td data-col-size=\"sm\" data-start=\"2320\" data-end=\"2371\">Chaleur forte \/ Chaleur douce<\/td>\n<td data-col-size=\"md\" data-start=\"2371\" data-end=\"2425\">HB pour une consistance \u00e9paisse, CB pour une texture lisse<\/td>\n<\/tr>\n<tr data-start=\"2426\" data-end=\"2561\">\n<td data-start=\"2426\" data-end=\"2455\" data-col-size=\"sm\"><strong data-start=\"2428\" data-end=\"2449\">Couleur (Valeur A\/B)<\/strong><\/td>\n<td data-col-size=\"sm\" data-start=\"2455\" data-end=\"2507\">\u2265 1,90<\/td>\n<td data-col-size=\"md\" data-start=\"2507\" data-end=\"2561\">Rouge naturel vif avec une teneur \u00e9lev\u00e9e en lycop\u00e8ne<\/td>\n<\/tr>\n<tr data-start=\"2562\" data-end=\"2696\">\n<td data-start=\"2562\" data-end=\"2591\" data-col-size=\"sm\"><strong data-start=\"2564\" data-end=\"2578\">Poids net<\/strong><\/td>\n<td data-col-size=\"sm\" data-start=\"2591\" data-end=\"2642\">70g par bo\u00eete de conserve<\/td>\n<td data-col-size=\"md\" data-start=\"2642\" data-end=\"2696\">Portion id\u00e9ale \u00e0 usage unique pour les repas quotidiens<\/td>\n<\/tr>\n<tr data-start=\"2697\" data-end=\"2831\">\n<td data-start=\"2697\" data-end=\"2726\" data-col-size=\"sm\"><strong data-start=\"2699\" data-end=\"2712\">Emballage<\/strong><\/td>\n<td data-col-size=\"sm\" data-start=\"2726\" data-end=\"2777\">Bo\u00eete de conserve avec couvercle facile \u00e0 ouvrir \/ couvercle difficile \u00e0 ouvrir<\/td>\n<td data-col-size=\"md\" data-start=\"2777\" data-end=\"2831\">Pratique, hygi\u00e9nique et s\u00fbr pour l'exportation<\/td>\n<\/tr>\n<tr data-start=\"2832\" data-end=\"2966\">\n<td data-start=\"2832\" data-end=\"2861\" data-col-size=\"sm\"><strong data-start=\"2834\" data-end=\"2847\">Additifs<\/strong><\/td>\n<td data-col-size=\"sm\" data-start=\"2861\" data-end=\"2912\">Aucun, 100% Naturel, NON-OGM<\/td>\n<td data-col-size=\"md\" data-start=\"2912\" data-end=\"2966\">Sans conservateurs, sans colorants artificiels<\/td>\n<\/tr>\n<tr data-start=\"2967\" data-end=\"3101\">\n<td data-start=\"2967\" data-end=\"2996\" data-col-size=\"sm\"><strong data-start=\"2969\" data-end=\"2983\">Dur\u00e9e de conservation<\/strong><\/td>\n<td data-col-size=\"sm\" data-start=\"2996\" data-end=\"3047\">24 mois<\/td>\n<td data-col-size=\"md\" data-start=\"3047\" data-end=\"3101\">Stabilit\u00e9 \u00e0 long terme pour l'exp\u00e9dition mondiale<\/td>\n<\/tr>\n<tr data-start=\"3102\" data-end=\"3236\">\n<td data-start=\"3102\" data-end=\"3131\" data-col-size=\"sm\"><strong data-start=\"3104\" data-end=\"3127\">OEM \/ Marque priv\u00e9e<\/strong><\/td>\n<td data-col-size=\"sm\" data-start=\"3131\" data-end=\"3182\">Accept\u00e9<\/td>\n<td data-col-size=\"md\" data-start=\"3182\" data-end=\"3236\">Conception personnalis\u00e9e, impression de la marque et emballage en carton<\/td>\n<\/tr>\n<tr data-start=\"3237\" data-end=\"3371\">\n<td data-start=\"3237\" data-end=\"3266\" data-col-size=\"sm\"><strong data-start=\"3239\" data-end=\"3261\">Ratio Entr\u00e9e-Sortie<\/strong><\/td>\n<td data-col-size=\"sm\" data-start=\"3266\" data-end=\"3317\">2:1\u201310:1<\/td>\n<td data-col-size=\"md\" data-start=\"3317\" data-end=\"3371\">Niveaux de concentration flexibles sur demande<\/td>\n<\/tr>\n<tr data-start=\"3372\" data-end=\"3506\">\n<td data-start=\"3372\" data-end=\"3401\" data-col-size=\"sm\"><strong data-start=\"3374\" data-end=\"3385\">Code SH<\/strong><\/td>\n<td data-col-size=\"sm\" data-start=\"3401\" data-end=\"3452\">20029011<\/td>\n<td data-col-size=\"md\" data-start=\"3452\" data-end=\"3506\">Code douanier standard pour la p\u00e2te de tomate en conserve<\/td>\n<\/tr>\n<\/tbody>\n<\/table>\n<\/div>\n<\/div>\n<hr \/>\n<h2 data-start=\"3513\" data-end=\"3560\"><strong data-start=\"3519\" data-end=\"3560\">3. Force de l'usine et engagement de qualit\u00e9<\/strong><\/h2>\n<p data-start=\"3562\" data-end=\"3809\">Notre entreprise est une <strong data-start=\"3579\" data-end=\"3646\">usine certifi\u00e9e HACCP, ISO et HALAL de p\u00e2te de tomate en conserve de 70g<\/strong> en Chine.<br data-start=\"3656\" data-end=\"3659\" \/>Nous s\u00e9lectionnons <strong data-start=\"3669\" data-end=\"3707\">des tomates fra\u00eeches, m\u00fbres, NON-GMO 100%<\/strong> de fermes de confiance et les transformons dans les heures qui suivent la r\u00e9colte pour pr\u00e9server un maximum de saveur et de couleur.<\/p>\n<p data-start=\"3811\" data-end=\"4019\">Gr\u00e2ce \u00e0 une technologie avanc\u00e9e <strong data-start=\"3828\" data-end=\"3867\">de traitement thermique \u00e0 chaud et \u00e0 froid<\/strong>, notre <strong data-start=\"3873\" data-end=\"3893\">Concentr\u00e9 de tomates 70g<\/strong> maintient un \u00e9quilibre parfait entre <strong data-start=\"3925\" data-end=\"3963\">couleur riche, ar\u00f4me et consistance<\/strong>, ce qui le rend id\u00e9al pour un usage domestique et industriel.<\/p>\n<p data-start=\"4021\" data-end=\"4191\">Nous proposons <strong data-start=\"4032\" data-end=\"4056\">des ventes directes en usine<\/strong>, garantissant le <strong data-start=\"4076\" data-end=\"4114\">prix le plus comp\u00e9titif pour la p\u00e2te de tomate de 70g<\/strong> tout en assurant un contr\u00f4le qualit\u00e9 strict et une tra\u00e7abilit\u00e9 tout au long de la production.<\/p>\n<hr \/>\n<h2 data-start=\"4198\" data-end=\"4234\"><strong data-start=\"4204\" data-end=\"4234\">4. Options d'emballage et d'exportation<\/strong><\/h2>\n<ul data-start=\"4236\" data-end=\"4512\">\n<li data-start=\"4236\" data-end=\"4299\">\n<p data-start=\"4238\" data-end=\"4299\"><strong data-start=\"4238\" data-end=\"4256\">Taille standard :<\/strong> bo\u00eete en fer de 70g (couvercle \u00e0 ouverture facile ou \u00e0 ouverture difficile)<\/p>\n<p><figure id=\"attachment_900\" aria-describedby=\"caption-attachment-900\" style=\"width: 188px\" class=\"wp-caption aligncenter\"><img decoding=\"async\" class=\"wp-image-900\" src=\"https:\/\/taichytomato.com\/wp-content\/uploads\/2025\/05\/20230921140250-300x300.jpg\" alt=\"P\u00e2te de tomate en conserve 210g\" width=\"188\" height=\"188\" srcset=\"https:\/\/taichytomato.com\/wp-content\/uploads\/2025\/05\/20230921140250-300x300.jpg 300w, https:\/\/taichytomato.com\/wp-content\/uploads\/2025\/05\/20230921140250-150x150.jpg 150w, https:\/\/taichytomato.com\/wp-content\/uploads\/2025\/05\/20230921140250-100x100.jpg 100w, https:\/\/taichytomato.com\/wp-content\/uploads\/2025\/05\/20230921140250.jpg 400w\" sizes=\"(max-width: 188px) 100vw, 188px\" \/><figcaption id=\"caption-attachment-900\" class=\"wp-caption-text\">70g de concentr\u00e9 de tomate en conserve<\/figcaption><\/figure><\/li>\n<li data-start=\"4300\" data-end=\"4346\">\n<p data-start=\"4302\" data-end=\"4346\"><strong data-start=\"4302\" data-end=\"4321\">Conditionnement en carton :<\/strong> 50 bo\u00eetes \u00d7 70g \/ carton   Ou   100 bo\u00eetes \u00d7 70g \/ carton<\/p>\n<\/li>\n<li data-start=\"4347\" data-end=\"4402\">\n<p data-start=\"4349\" data-end=\"4402\"><strong data-start=\"4349\" data-end=\"4367\">Capacit\u00e9 de chargement :<\/strong> Env. 4980 ou 2 550 cartons par conteneur FCL de 20\u2019<\/p>\n<\/li>\n<li data-start=\"4403\" data-end=\"4464\">\n<p data-start=\"4405\" data-end=\"4464\"><strong data-start=\"4405\" data-end=\"4426\">Port d'exp\u00e9dition :<\/strong> Qingdao \/ Tianjin \/ Shanghai, Chine<\/p>\n<\/li>\n<li data-start=\"4465\" data-end=\"4512\">\n<p data-start=\"4467\" data-end=\"4512\"><strong data-start=\"4467\" data-end=\"4486\">Conditions de livraison :<\/strong> FOB, CFR, CIF disponibles<\/p>\n<\/li>\n<\/ul>\n<hr data-start=\"4514\" data-end=\"4517\" \/>\n<h2 data-start=\"4519\" data-end=\"4541\"><strong data-start=\"4525\" data-end=\"4541\">5. Applications<\/strong><\/h2>\n<p data-start=\"4543\" data-end=\"4597\">Notre <strong data-start=\"4547\" data-end=\"4567\">Concentr\u00e9 de tomates 70g<\/strong> est parfaitement portionn\u00e9 pour :<\/p>\n<ul data-start=\"4598\" data-end=\"4782\">\n<li data-start=\"4598\" data-end=\"4643\">\n<p data-start=\"4600\" data-end=\"4643\">Cuisine maison (soupes, rago\u00fbts, sauces pour p\u00e2tes)<\/p>\n<\/li>\n<li data-start=\"4644\" data-end=\"4687\">\n<p data-start=\"4646\" data-end=\"4687\">Vente au d\u00e9tail en supermarch\u00e9 &amp; magasins de proximit\u00e9<\/p>\n<\/li>\n<li data-start=\"4688\" data-end=\"4717\">\n<p data-start=\"4690\" data-end=\"4717\">Utilisation en restauration &amp; catering<\/p>\n<\/li>\n<li data-start=\"4718\" data-end=\"4782\">\n<p data-start=\"4720\" data-end=\"4782\">Exportation vers les march\u00e9s d'Afrique, du Moyen-Orient et d'Am\u00e9rique latine<\/p>\n<\/li>\n<\/ul>\n<hr data-start=\"4784\" data-end=\"4787\" \/>\n<h2 data-start=\"4789\" data-end=\"4839\">6. <strong data-start=\"4795\" data-end=\"4839\">Pourquoi choisir notre usine de concentr\u00e9 de tomate de 70g ?<\/strong><\/h2>\n<ul data-start=\"4841\" data-end=\"5207\">\n<li data-start=\"4841\" data-end=\"4908\">\n<p data-start=\"4843\" data-end=\"4908\">\u2705 <strong data-start=\"4845\" data-end=\"4871\">Capacit\u00e9 d'Approvisionnement Stable<\/strong> \u2013 Production de plus de 3 000 tonnes par mois<\/p>\n<\/li>\n<li data-start=\"4909\" data-end=\"4976\">\n<p data-start=\"4911\" data-end=\"4976\">\u2705 <strong data-start=\"4913\" data-end=\"4935\">Qualit\u00e9 Constante<\/strong> \u2013 Syst\u00e8me de contr\u00f4le qualit\u00e9 strict et d\u00e9tection de m\u00e9taux<\/p>\n<\/li>\n<li data-start=\"4977\" data-end=\"5054\">\n<p data-start=\"4979\" data-end=\"5054\">\u2705 <strong data-start=\"4981\" data-end=\"5005\">Service OEM flexible<\/strong> \u2013 Impression de marque priv\u00e9e, personnalisation du carton<\/p>\n<\/li>\n<li data-start=\"5055\" data-end=\"5130\">\n<p data-start=\"5057\" data-end=\"5130\">\u2705 <strong data-start=\"5059\" data-end=\"5091\">Prix de gros comp\u00e9titifs<\/strong> \u2013 Directement de l'usine avec des remises en gros<\/p>\n<\/li>\n<li data-start=\"5131\" data-end=\"5207\">\n<p data-start=\"5133\" data-end=\"5207\">\u2705 <strong data-start=\"5135\" data-end=\"5163\">Exp\u00e9rience Globale d'Exportation<\/strong> \u2013 Partenariats \u00e0 long terme dans plus de 50 pays<\/p>\n<\/li>\n<\/ul>\n<hr data-start=\"5209\" data-end=\"5212\" \/>\n<h2><strong>7.FAQ<\/strong><\/h2>\n<p><strong>1.Quand puis-je obtenir le devis?\u00a0<\/strong><\/p>\n<p>Nous citons g\u00e9n\u00e9ralement dans les 12 heures apr\u00e8s r\u00e9ception de votre demande. Si vous \u00eates tr\u00e8s urgent d'obtenir le prix, veuillez nous le dire afin que nous consid\u00e9rions votre priorit\u00e9 de demande. Vous pouvez \u00e9galement nous contacter de toute urgence par WhatsApp. et notre \u00e9quipe marketing restera en ligne 24 heures sur 24.<\/p>\n<p><strong>2.Comment puis-je obtenir un \u00e9chantillon pour v\u00e9rifier votre qualit\u00e9?\u00a0<\/strong><\/p>\n<p>Apr\u00e8s confirmation du prix, vous pouvez demander des \u00e9chantillons pour v\u00e9rifier notre qualit\u00e9.<\/p>\n<p>Nous acceptons \u00e9galement l'inspection par un tiers (SGS\/BV) avant l'exp\u00e9dition)<\/p>\n<p><strong>3.Quels types de fichiers acceptez-vous pour l'impression?<\/strong><\/p>\n<p>PDF, Core Draw, JPG haute r\u00e9solution ou format AI<\/p>\n<p><strong>4. Pouvez-vous faire le design pour nous ?\u00a0<\/strong><\/p>\n<p>Oui. Nous avons une \u00e9quipe professionnelle poss\u00e9dant une riche exp\u00e9rience en conception et fabrication.<\/p>\n<p>Et le service est gratuit.<\/p>\n<p><strong>5. Combien de temps puis-je esp\u00e9rer recevoir l'\u00e9chantillon ?\u00a0<\/strong><\/p>\n<p>3 \u00e0 5 jours ouvrables pour les \u00e9chantillons. Nous avons un accord avec DHL, TNT, UPS et Fedex.<\/p>\n<p><strong>6. Qu'en est-il du d\u00e9lai de production de masse ?\u00a0<\/strong><\/p>\n<p>25 jours ouvrables pour la production de masse. Cela d\u00e9pend de votre quantit\u00e9, et nous ferons de notre mieux pour r\u00e9pondre \u00e0 vos besoins.<\/p>\n<p>\ud83d\udce9 <a href=\"https:\/\/taichytomato.com\/fr\/contact\/\"><u>Contactez-nous maintenant<\/u><\/a>\u00a0pour les prix, les fiches techniques et les options d'emballage OEM !<\/p>\n<p>&nbsp;<\/p>","protected":false},"excerpt":{"rendered":"<h3 data-start=\"1416\" data-end=\"1482\"><strong data-start=\"1420\" data-end=\"1482\">Concentr\u00e9 de tomate premium 70g | Fournisseur d'usine, OEM &amp; Vente en gros<\/strong><\/h3>\n<p data-start=\"1484\" data-end=\"1833\">En tant que <strong data-start=\"1489\" data-end=\"1542\">fabricant professionnel de concentr\u00e9 de tomate en conserve de 70g<\/strong>, nous sommes sp\u00e9cialis\u00e9s dans la production de <strong data-start=\"1571\" data-end=\"1604\">concentr\u00e9 de tomate de haute qualit\u00e9 70g<\/strong> pour les march\u00e9s d'exportation mondiaux. Que vous ayez besoin de <strong data-start=\"1649\" data-end=\"1739\">concentr\u00e9 de tomate 70g pour les supermarch\u00e9s de d\u00e9tail, la cuisine quotidienne ou les projets de marque priv\u00e9e OEM<\/strong>, nous offrons un go\u00fbt, une couleur et une qualit\u00e9 constants \u00e0 un prix comp\u00e9titif <strong data-start=\"1806\" data-end=\"1832\">prix du concentr\u00e9 de tomate 70g<\/strong>.<\/p>","protected":false},"featured_media":3267,"template":"","meta":{"_acf_changed":false,"_seopress_robots_primary_cat":"none","_seopress_titles_title":"70g Canned Tomato Paste & Tomato Paste Tin | Taichy tomato","_seopress_titles_desc":"The perfect 70g canned tomato paste for individual meals. Our small tomato paste tin offers concentrated flavor and is ideal for quick cooking .","_seopress_robots_index":"","site-sidebar-layout":"default","site-content-layout":"","ast-site-content-layout":"default","site-content-style":"default","site-sidebar-style":"default","ast-global-header-display":"","ast-banner-title-visibility":"","ast-main-header-display":"","ast-hfb-above-header-display":"","ast-hfb-below-header-display":"","ast-hfb-mobile-header-display":"","site-post-title":"","ast-breadcrumbs-content":"","ast-featured-img":"","footer-sml-layout":"","ast-disable-related-posts":"","theme-transparent-header-meta":"default","adv-header-id-meta":"","stick-header-meta":"","header-above-stick-meta":"","header-main-stick-meta":"","header-below-stick-meta":"","astra-migrate-meta-layouts":"set","ast-page-background-enabled":"default","ast-page-background-meta":{"desktop":{"background-color":"var(--ast-global-color-5)","background-image":"","background-repeat":"repeat","background-position":"center center","background-size":"auto","background-attachment":"scroll","background-type":"","background-media":"","overlay-type":"","overlay-color":"","overlay-opacity":"","overlay-gradient":""},"tablet":{"background-color":"","background-image":"","background-repeat":"repeat","background-position":"center center","background-size":"auto","background-attachment":"scroll","background-type":"","background-media":"","overlay-type":"","overlay-color":"","overlay-opacity":"","overlay-gradient":""},"mobile":{"background-color":"","background-image":"","background-repeat":"repeat","background-position":"center center","background-size":"auto","background-attachment":"scroll","background-type":"","background-media":"","overlay-type":"","overlay-color":"","overlay-opacity":"","overlay-gradient":""}},"ast-content-background-meta":{"desktop":{"background-color":"var(--ast-global-color-4)","background-image":"","background-repeat":"repeat","background-position":"center center","background-size":"auto","background-attachment":"scroll","background-type":"","background-media":"","overlay-type":"","overlay-color":"","overlay-opacity":"","overlay-gradient":""},"tablet":{"background-color":"var(--ast-global-color-4)","background-image":"","background-repeat":"repeat","background-position":"center center","background-size":"auto","background-attachment":"scroll","background-type":"","background-media":"","overlay-type":"","overlay-color":"","overlay-opacity":"","overlay-gradient":""},"mobile":{"background-color":"var(--ast-global-color-4)","background-image":"","background-repeat":"repeat","background-position":"center center","background-size":"auto","background-attachment":"scroll","background-type":"","background-media":"","overlay-type":"","overlay-color":"","overlay-opacity":"","overlay-gradient":""}}},"product_brand":[],"product_cat":[96],"product_tag":[149],"class_list":{"0":"post-894","1":"product","2":"type-product","3":"status-publish","4":"has-post-thumbnail","6":"product_cat-canned-tomato-paste","7":"product_tag-70g-tomato-paste","8":"desktop-align-left","9":"tablet-align-left","10":"mobile-align-left","12":"first","13":"instock","14":"sale","15":"shipping-taxable","16":"purchasable","17":"product-type-simple"},"acf":[],"_links":{"self":[{"href":"https:\/\/taichytomato.com\/fr\/wp-json\/wp\/v2\/product\/894","targetHints":{"allow":["GET"]}}],"collection":[{"href":"https:\/\/taichytomato.com\/fr\/wp-json\/wp\/v2\/product"}],"about":[{"href":"https:\/\/taichytomato.com\/fr\/wp-json\/wp\/v2\/types\/product"}],"version-history":[{"count":0,"href":"https:\/\/taichytomato.com\/fr\/wp-json\/wp\/v2\/product\/894\/revisions"}],"wp:featuredmedia":[{"embeddable":true,"href":"https:\/\/taichytomato.com\/fr\/wp-json\/wp\/v2\/media\/3267"}],"wp:attachment":[{"href":"https:\/\/taichytomato.com\/fr\/wp-json\/wp\/v2\/media?parent=894"}],"wp:term":[{"taxonomy":"product_brand","embeddable":true,"href":"https:\/\/taichytomato.com\/fr\/wp-json\/wp\/v2\/product_brand?post=894"},{"taxonomy":"product_cat","embeddable":true,"href":"https:\/\/taichytomato.com\/fr\/wp-json\/wp\/v2\/product_cat?post=894"},{"taxonomy":"product_tag","embeddable":true,"href":"https:\/\/taichytomato.com\/fr\/wp-json\/wp\/v2\/product_tag?post=894"}],"curies":[{"name":"wp","href":"https:\/\/api.w.org\/{rel}","templated":true}]}}