{"id":757,"date":"2025-05-12T18:45:40","date_gmt":"2025-05-13T02:45:40","guid":{"rendered":"https:\/\/taichytomato.com\/?post_type=product&#038;p=757"},"modified":"2026-03-24T23:29:40","modified_gmt":"2026-03-25T07:29:40","slug":"30-32-drum-tomato-paste","status":"publish","type":"product","link":"https:\/\/taichytomato.com\/fr\/produit\/30-32-drum-tomato-paste\/","title":{"rendered":"Concentr\u00e9 de Tomate Premium \u2013 Tambour de P\u00e2te de Tomate Brix 30-32%"},"content":{"rendered":"<h2><strong><b>30<\/b><\/strong><strong><b>%-3<\/b><\/strong><strong><b>2<\/b><\/strong><strong><b>P\u00e2te de tomate chaude \u00e0 % Brix\uff08H<\/b><\/strong><strong><b>B<\/b><\/strong><strong><b>\uff09 220L<\/b><\/strong><\/h2>\n<h2><strong>Engagement de la force et de la qualit\u00e9 du fabricant<\/strong><\/h2>\n<p data-start=\"229\" data-end=\"498\">En tant que <strong data-start=\"235\" data-end=\"308\">usine certifi\u00e9e HACCP, ISO22000 et HALAL de concentr\u00e9 de tomate en f\u00fbt 30-32%<\/strong>, nous nous consacrons \u00e0 fournir un concentr\u00e9 de tomate de haute qualit\u00e9 pour les entreprises de transformation alimentaire mondiales.<br data-start=\"409\" data-end=\"412\" \/><strong data-start=\"412\" data-end=\"498\">La qualit\u00e9 est la base de la coop\u00e9ration, et la stabilit\u00e9 est la garantie de la confiance.<\/strong><\/p>\n<h3 data-start=\"500\" data-end=\"529\"><strong data-start=\"506\" data-end=\"529\">Puret\u00e9 des mati\u00e8res premi\u00e8res<\/strong><\/h3>\n<p data-start=\"531\" data-end=\"812\">Notre <strong data-start=\"535\" data-end=\"583\">concentr\u00e9 de tomate 30-32% Brix en f\u00fbt d'acier<\/strong> est fabriqu\u00e9 \u00e0 partir de tomates fra\u00eeches et m\u00fbres 100% r\u00e9colt\u00e9es dans nos propres fermes et celles de nos partenaires.<br data-start=\"664\" data-end=\"667\" \/>Toutes les mati\u00e8res premi\u00e8res sont <strong data-start=\"689\" data-end=\"700\">NON-GMO<\/strong>, et les tomates sont trait\u00e9es dans les 4 heures suivant la r\u00e9colte pour pr\u00e9server leur couleur naturelle, leur ar\u00f4me et leur go\u00fbt.<\/p>\n<h3 data-start=\"814\" data-end=\"845\"><strong data-start=\"820\" data-end=\"845\">Certifications mondiales<\/strong><\/h3>\n<p data-start=\"847\" data-end=\"1111\">En tant que fabricant de confiance de <strong data-start=\"860\" data-end=\"909\">concentr\u00e9 de tomate en f\u00fbt 30-32% Brix<\/strong>, nous d\u00e9tenons des certifications internationales telles que <strong data-start=\"958\" data-end=\"983\">HACCP, ISO et HALAL<\/strong>, garantissant que nos produits respectent des normes strictes de s\u00e9curit\u00e9 alimentaire pour l'exportation vers l'Europe, le Moyen-Orient, l'Afrique et l'Am\u00e9rique latine.<\/p>\n<h3 data-start=\"1113\" data-end=\"1146\"><strong data-start=\"1119\" data-end=\"1146\">Avantage de l'approvisionnement direct<\/strong><\/h3>\n<p data-start=\"1148\" data-end=\"1348\">Gr\u00e2ce \u00e0 notre <strong data-start=\"1160\" data-end=\"1183\">vente directe d'usine<\/strong> mod\u00e8le, nous \u00e9liminons les interm\u00e9diaires et proposons des prix de gros tr\u00e8s comp\u00e9titifs <strong data-start=\"1243\" data-end=\"1288\">prix du concentr\u00e9 de tomate en tambour 30-32% en gros<\/strong>, garantissant \u00e0 la fois la qualit\u00e9 du produit et l'efficacit\u00e9 de la cha\u00eene d'approvisionnement.<\/p>\n<h2>2.\u00a0<strong>Sp\u00e9cification du produit<\/strong><\/h2>\n<table style=\"height: 832px;\" width=\"1547\">\n<tbody>\n<tr>\n<td width=\"147\">Brix(sols)%<\/td>\n<td width=\"460\">30-32%<\/td>\n<\/tr>\n<tr>\n<td width=\"147\">Type<\/td>\n<td width=\"460\">Choc thermique<\/td>\n<\/tr>\n<tr>\n<td width=\"147\">Lycop\u00e8ne(mg\/100g)<\/td>\n<td width=\"460\">&gt;50(30-32%)<\/td>\n<\/tr>\n<tr>\n<td width=\"147\">Bostwick<br \/>\n(\u00e0 brix12.5%cm\/30sec)<\/td>\n<td width=\"460\">7.0-9.0<\/td>\n<\/tr>\n<tr>\n<td width=\"147\">Acidit\u00e9 totale %<\/td>\n<td width=\"460\">&lt;8<\/td>\n<\/tr>\n<tr>\n<td width=\"147\">H.M.C.%<\/td>\n<td width=\"460\">&lt;45<\/td>\n<\/tr>\n<tr>\n<td width=\"147\">PH<\/td>\n<td width=\"460\">4,2\u00b10,2<\/td>\n<\/tr>\n<tr>\n<td width=\"147\">AB<\/td>\n<td width=\"460\">&gt;2,1<\/td>\n<\/tr>\n<tr>\n<td width=\"147\">Conserve(mg)<\/td>\n<td width=\"460\">&lt;200<\/td>\n<\/tr>\n<tr>\n<td width=\"147\">Cuivre(mg)<\/td>\n<td width=\"460\">&lt;10<\/td>\n<\/tr>\n<tr>\n<td width=\"147\">Plomb(mg)<\/td>\n<td width=\"460\">&lt;1<\/td>\n<\/tr>\n<tr>\n<td width=\"147\">Arsenic(mg)<\/td>\n<td width=\"460\">&lt;0.5<\/td>\n<\/tr>\n<tr>\n<td width=\"147\">\u00c9cran<\/td>\n<td width=\"460\">0,6mm<\/td>\n<\/tr>\n<tr>\n<td width=\"147\"><\/td>\n<td width=\"460\"><\/td>\n<\/tr>\n<tr>\n<td width=\"147\"><\/td>\n<td width=\"460\"><\/td>\n<\/tr>\n<tr>\n<td width=\"147\"><\/td>\n<td width=\"460\"><\/td>\n<\/tr>\n<\/tbody>\n<\/table>\n<p>Pour des solutions personnalis\u00e9es ou des achats en gros,\u00a0<a href=\"https:\/\/taichytomato.com\/fr\/contact\/\">veuillez contacter notre \u00e9quipe commerciale \u00e0 tout moment.<\/a><\/p>\n<h2 data-start=\"2699\" data-end=\"2743\"><strong data-start=\"2702\" data-end=\"2743\">3. Emballage, Logistique &amp; Application<\/strong><\/h2>\n<h3 data-start=\"2745\" data-end=\"2775\"><strong data-start=\"2752\" data-end=\"2775\">Emballage &amp; Chargement<\/strong><\/h3>\n<ul data-start=\"2776\" data-end=\"3066\">\n<li data-start=\"2776\" data-end=\"2864\">\n<p data-start=\"2778\" data-end=\"2864\"><strong data-start=\"2778\" data-end=\"2801\">Emballage Standard :<\/strong> F\u00fbt de 220L de p\u00e2te de tomate \u00e0 30-32% Brix (Poids net : ~230kg\/f\u00fbt)<\/p>\n<\/li>\n<li data-start=\"2865\" data-end=\"2935\">\n<p data-start=\"2867\" data-end=\"2935\"><strong data-start=\"2867\" data-end=\"2890\">Emballage optionnel :<\/strong> R\u00e9servoirs IBC de 1000L ou sacs dans des f\u00fbts<\/p>\n<\/li>\n<li data-start=\"2865\" data-end=\"2935\"><strong data-start=\"2938\" data-end=\"2960\">Chargement en conteneur :<\/strong> 4 tambours par palette ; environ 80 tambours par FCL de 20\u2019\u2014id\u00e9al pour <strong data-start=\"3020\" data-end=\"3037\">l'exp\u00e9dition en vrac<\/strong> et le transport longue distance.<\/li>\n<\/ul>\n<figure id=\"attachment_3013\" aria-describedby=\"caption-attachment-3013\" style=\"width: 225px\" class=\"wp-caption alignleft\"><img fetchpriority=\"high\" decoding=\"async\" class=\"size-medium wp-image-3013\" src=\"https:\/\/taichytomato.com\/wp-content\/uploads\/2025\/07\/b3ba7277fb5ead084d98032eacc1580-225x300.jpg\" alt=\"Concentr\u00e9 de tomate en f\u00fbt\" width=\"225\" height=\"300\" srcset=\"https:\/\/taichytomato.com\/wp-content\/uploads\/2025\/07\/b3ba7277fb5ead084d98032eacc1580-225x300.jpg 225w, https:\/\/taichytomato.com\/wp-content\/uploads\/2025\/07\/b3ba7277fb5ead084d98032eacc1580-768x1024.jpg 768w, https:\/\/taichytomato.com\/wp-content\/uploads\/2025\/07\/b3ba7277fb5ead084d98032eacc1580-1152x1536.jpg 1152w, https:\/\/taichytomato.com\/wp-content\/uploads\/2025\/07\/b3ba7277fb5ead084d98032eacc1580-9x12.jpg 9w, https:\/\/taichytomato.com\/wp-content\/uploads\/2025\/07\/b3ba7277fb5ead084d98032eacc1580-600x800.jpg 600w, https:\/\/taichytomato.com\/wp-content\/uploads\/2025\/07\/b3ba7277fb5ead084d98032eacc1580.jpg 1279w\" sizes=\"(max-width: 225px) 100vw, 225px\" \/><figcaption id=\"caption-attachment-3013\" class=\"wp-caption-text\">Concentr\u00e9 de tomate en f\u00fbt<\/figcaption><\/figure>\n<figure id=\"attachment_2552\" aria-describedby=\"caption-attachment-2552\" style=\"width: 391px\" class=\"wp-caption alignleft\"><img decoding=\"async\" class=\"wp-image-2552\" src=\"https:\/\/taichytomato.com\/wp-content\/uploads\/2025\/09\/1000L_Drum_Tomato_Paste_TREn2R9j8-300x225.webp\" alt=\"F\u00fbt de 1000L_P\u00e2te de tomate\" width=\"391\" height=\"293\" srcset=\"https:\/\/taichytomato.com\/wp-content\/uploads\/2025\/09\/1000L_Drum_Tomato_Paste_TREn2R9j8-300x225.webp 300w, https:\/\/taichytomato.com\/wp-content\/uploads\/2025\/09\/1000L_Drum_Tomato_Paste_TREn2R9j8-1024x767.webp 1024w, https:\/\/taichytomato.com\/wp-content\/uploads\/2025\/09\/1000L_Drum_Tomato_Paste_TREn2R9j8-768x575.webp 768w, https:\/\/taichytomato.com\/wp-content\/uploads\/2025\/09\/1000L_Drum_Tomato_Paste_TREn2R9j8-600x450.webp 600w, https:\/\/taichytomato.com\/wp-content\/uploads\/2025\/09\/1000L_Drum_Tomato_Paste_TREn2R9j8.webp 1300w\" sizes=\"(max-width: 391px) 100vw, 391px\" \/><figcaption id=\"caption-attachment-2552\" class=\"wp-caption-text\">F\u00fbt de 1000L_P\u00e2te de tomate<\/figcaption><\/figure>\n<p>&nbsp;<\/p>\n<div class=\"mceTemp\"><\/div>\n<h3 data-start=\"3068\" data-end=\"3088\"><strong data-start=\"3075\" data-end=\"3088\">Logistique<\/strong><\/h3>\n<p data-start=\"3090\" data-end=\"3283\">Nous proposons des options d'export multi-port depuis les principaux ports chinois tels que <strong data-start=\"3160\" data-end=\"3194\">Tianjin, Qingdao et Shanghai<\/strong>, et offrons des arrangements d'exp\u00e9dition flexibles en fonction de vos conditions commerciales (<strong data-start=\"3264\" data-end=\"3281\">FOB, CFR, CIF<\/strong>).<\/p>\n<h3 data-start=\"3285\" data-end=\"3314\"><strong data-start=\"3292\" data-end=\"3314\">Applications Id\u00e9ales<\/strong><\/h3>\n<p data-start=\"3316\" data-end=\"3408\">Notre <strong data-start=\"3320\" data-end=\"3347\">30-32 barils de concentr\u00e9 de tomate<\/strong> est l'ingr\u00e9dient de base pr\u00e9f\u00e9r\u00e9 pour de nombreuses applications alimentaires :<\/p>\n<ul data-start=\"3409\" data-end=\"3627\">\n<li data-start=\"3409\" data-end=\"3475\">\n<p data-start=\"3411\" data-end=\"3475\"><strong data-start=\"3411\" data-end=\"3432\">Production de sauces :<\/strong> Ketchup, sauce steak, sauce chili<\/p>\n<\/li>\n<li data-start=\"3476\" data-end=\"3538\">\n<p data-start=\"3478\" data-end=\"3538\"><strong data-start=\"3478\" data-end=\"3495\">Service Alimentaire :<\/strong> Sauce pour p\u00e2tes, sauce pizza et condiments<\/p>\n<\/li>\n<li data-start=\"3539\" data-end=\"3627\">\n<p data-start=\"3541\" data-end=\"3627\"><strong data-start=\"3541\" data-end=\"3560\">Usage Industriel :<\/strong> Soupes en conserve, plats pr\u00e9par\u00e9s, assaisonnements compos\u00e9s et marinades pour viande<\/p>\n<\/li>\n<\/ul>\n<hr data-start=\"3629\" data-end=\"3632\" \/>\n<h2 data-start=\"3634\" data-end=\"3672\"><strong data-start=\"3637\" data-end=\"3672\">4. Pourquoi Collaborer Avec Notre Usine<\/strong><\/h2>\n<h3 data-start=\"3674\" data-end=\"3704\"><strong data-start=\"3678\" data-end=\"3704\">Capacit\u00e9 d'Approvisionnement Stable<\/strong><\/h3>\n<p data-start=\"3705\" data-end=\"3846\">\u00c9quip\u00e9s de lignes de production automatis\u00e9es modernes et de syst\u00e8mes de remplissage aseptiques avanc\u00e9s, notre capacit\u00e9 de production mensuelle d\u00e9passe <strong data-start=\"3831\" data-end=\"3845\">5 000 tonnes<\/strong>.<\/p>\n<h3 data-start=\"3848\" data-end=\"3874\"><strong data-start=\"3852\" data-end=\"3874\">Qualit\u00e9 Constante<\/strong><\/h3>\n<p data-start=\"3875\" data-end=\"4026\">De la s\u00e9lection des mati\u00e8res premi\u00e8res au remplissage aseptique, chaque \u00e9tape est surveill\u00e9e num\u00e9riquement pour garantir que chaque lot poss\u00e8de une couleur, une concentration et une saveur coh\u00e9rentes.<\/p>\n<h3 data-start=\"4028\" data-end=\"4060\"><strong data-start=\"4032\" data-end=\"4060\">Exp\u00e9rience Globale d'Exportation<\/strong><\/h3>\n<p data-start=\"4061\" data-end=\"4251\">Nous avons des partenariats \u00e0 long terme avec des clients en <strong data-start=\"4110\" data-end=\"4162\">Asie, Afrique, Am\u00e9rique du Sud et Moyen-Orient<\/strong>, et sont parfaitement familiaris\u00e9s avec les normes d'importation locales, l'\u00e9tiquetage et les exigences douani\u00e8res.<\/p>\n<h3 data-start=\"4253\" data-end=\"4281\"><strong data-start=\"4257\" data-end=\"4281\">Support Professionnel<\/strong><\/h3>\n<p data-start=\"4282\" data-end=\"4412\">Nous proposons <strong data-start=\"4291\" data-end=\"4348\">tests d'\u00e9chantillons, \u00e9tiquetage priv\u00e9 et coop\u00e9ration OEM<\/strong>, fournissant des solutions d'exportation tout-en-un pour nos clients dans le monde entier.<\/p>\n<hr data-start=\"4414\" data-end=\"4417\" \/>\n<h3 data-start=\"4419\" data-end=\"4538\"><strong data-start=\"4426\" data-end=\"4536\">Nous accueillons les fabricants alimentaires mondiaux, les marques et les partenaires commerciaux pour \u00e9tablir une coop\u00e9ration \u00e0 long terme avec nous.<\/strong><\/h3>\n<p data-start=\"4539\" data-end=\"4752\">Que vous recherchiez <strong data-start=\"4567\" data-end=\"4619\"><a href=\"https:\/\/taichytomato.com\/fr\/what-is-hot-break-tomato-paste-key-features-industrial-applications\/\">Choc thermique<\/a>\u00a0 F\u00fbt de p\u00e2te de tomate \u00e0 30-32%<\/strong>,<br data-start=\"4620\" data-end=\"4623\" \/>nous sommes pr\u00eats \u00e0 fournir <strong data-start=\"4647\" data-end=\"4721\">une qualit\u00e9 fiable, des prix comp\u00e9titifs et des services d'exportation professionnels<\/strong> pour r\u00e9pondre \u00e0 vos besoins de production.<\/p>\n<p><span style=\"color: #000000;\"><strong style=\"font-size: 27.2px;\">5.FAQ<\/strong><\/span><\/p>\n<p><strong>Q : Fournissez-vous un \u00e9chantillon ? Est-il gratuit ?\u00a0<\/strong><\/p>\n<p>R : Nous pouvons fournir un \u00e9chantillon gratuit, mais vous devez payer les frais de port. si vous le souhaitez, veuillez cliquer\u00a0<a href=\"https:\/\/taichytomato.com\/fr\/contact\/\">ici\u00a0<\/a><\/p>\n<p><strong>Q : Quel certificat avez-vous ?\u00a0<\/strong><\/p>\n<p>R : Nous sommes certifi\u00e9s HACCP, ISO, BRC, HALAL.<\/p>\n<p><strong>Q : Quel est votre service d'exp\u00e9dition ?\u00a0<\/strong><\/p>\n<p>R : Nous pouvons fournir des services de r\u00e9servation de navires, de consolidation de marchandises, de d\u00e9claration en douane, de pr\u00e9paration des documents d'exp\u00e9dition et de livraison en vrac au port d'exp\u00e9dition.<\/p>\n<p><strong>Q : Quel est votre MOQ ?\u00a0<\/strong><\/p>\n<p>R\u00a0: Notre MOQ est normalement d\u2019un conteneur, mais nous pouvons \u00e9galement vous aider avec le LCL si vous en avez besoin.<\/p>\n<p><strong>Q : Vous souhaitez en savoir plus sur l'achat<\/strong><\/p>\n<p>A : veuillez voir ceci<a href=\"https:\/\/taichytomato.com\/fr\/buyers-guide-for-drum-tomato-paste\/\">\u00a0Guide d'achat de tomates en conserve\u00a0<\/a><\/p>","protected":false},"excerpt":{"rendered":"<p>Notre concentr\u00e9 de tomate chaud \u00e0 30\u201332% Brix ($650 \u00e0 $850 USD par tonne m\u00e9trique) est fabriqu\u00e9 \u00e0 partir de tomates m\u00fbres et fra\u00eeches trait\u00e9es dans des conditions contr\u00f4l\u00e9es pour pr\u00e9server la couleur rouge vif et la saveur naturelle de la tomate. Le processus de traitement chaud aide \u00e0 retenir plus de pectine naturelle et \u00e0 obtenir une consistance plus \u00e9paisse, ce qui le rend id\u00e9al pour le ketchup, les sauces et d'autres applications n\u00e9cessitant une texture et une saveur riches.<\/p>","protected":false},"featured_media":3346,"template":"","meta":{"_acf_changed":false,"_seopress_robots_primary_cat":"none","_seopress_titles_title":"30-32% Hot Break Tomato Paste in 220L Drum | Quotes","_seopress_titles_desc":"Reliable  30\u201332% drum tomato paste in 220L drums. $650 to $850 USD per metric ton, fast quotes, ,stable quality, and export-ready packaging \u3002","_seopress_robots_index":"","site-sidebar-layout":"default","site-content-layout":"","ast-site-content-layout":"default","site-content-style":"default","site-sidebar-style":"default","ast-global-header-display":"","ast-banner-title-visibility":"","ast-main-header-display":"","ast-hfb-above-header-display":"","ast-hfb-below-header-display":"","ast-hfb-mobile-header-display":"","site-post-title":"","ast-breadcrumbs-content":"","ast-featured-img":"","footer-sml-layout":"","ast-disable-related-posts":"","theme-transparent-header-meta":"default","adv-header-id-meta":"","stick-header-meta":"","header-above-stick-meta":"","header-main-stick-meta":"","header-below-stick-meta":"","astra-migrate-meta-layouts":"set","ast-page-background-enabled":"default","ast-page-background-meta":{"desktop":{"background-color":"var(--ast-global-color-5)","background-image":"","background-repeat":"repeat","background-position":"center center","background-size":"auto","background-attachment":"scroll","background-type":"","background-media":"","overlay-type":"","overlay-color":"","overlay-opacity":"","overlay-gradient":""},"tablet":{"background-color":"","background-image":"","background-repeat":"repeat","background-position":"center center","background-size":"auto","background-attachment":"scroll","background-type":"","background-media":"","overlay-type":"","overlay-color":"","overlay-opacity":"","overlay-gradient":""},"mobile":{"background-color":"","background-image":"","background-repeat":"repeat","background-position":"center center","background-size":"auto","background-attachment":"scroll","background-type":"","background-media":"","overlay-type":"","overlay-color":"","overlay-opacity":"","overlay-gradient":""}},"ast-content-background-meta":{"desktop":{"background-color":"var(--ast-global-color-4)","background-image":"","background-repeat":"repeat","background-position":"center center","background-size":"auto","background-attachment":"scroll","background-type":"","background-media":"","overlay-type":"","overlay-color":"","overlay-opacity":"","overlay-gradient":""},"tablet":{"background-color":"var(--ast-global-color-4)","background-image":"","background-repeat":"repeat","background-position":"center center","background-size":"auto","background-attachment":"scroll","background-type":"","background-media":"","overlay-type":"","overlay-color":"","overlay-opacity":"","overlay-gradient":""},"mobile":{"background-color":"var(--ast-global-color-4)","background-image":"","background-repeat":"repeat","background-position":"center center","background-size":"auto","background-attachment":"scroll","background-type":"","background-media":"","overlay-type":"","overlay-color":"","overlay-opacity":"","overlay-gradient":""}}},"product_brand":[],"product_cat":[28],"product_tag":[186,46,44],"class_list":{"0":"post-757","1":"product","2":"type-product","3":"status-publish","4":"has-post-thumbnail","6":"product_cat-drum-tomato-paste","7":"product_tag-30-32-tomato-paste-cb","8":"product_tag-drum-tomato-paste","9":"product_tag-tomato-paste","10":"desktop-align-left","11":"tablet-align-left","12":"mobile-align-left","14":"first","15":"instock","16":"sale","17":"shipping-taxable","18":"purchasable","19":"product-type-simple"},"acf":[],"_links":{"self":[{"href":"https:\/\/taichytomato.com\/fr\/wp-json\/wp\/v2\/product\/757","targetHints":{"allow":["GET"]}}],"collection":[{"href":"https:\/\/taichytomato.com\/fr\/wp-json\/wp\/v2\/product"}],"about":[{"href":"https:\/\/taichytomato.com\/fr\/wp-json\/wp\/v2\/types\/product"}],"version-history":[{"count":1,"href":"https:\/\/taichytomato.com\/fr\/wp-json\/wp\/v2\/product\/757\/revisions"}],"predecessor-version":[{"id":3407,"href":"https:\/\/taichytomato.com\/fr\/wp-json\/wp\/v2\/product\/757\/revisions\/3407"}],"wp:featuredmedia":[{"embeddable":true,"href":"https:\/\/taichytomato.com\/fr\/wp-json\/wp\/v2\/media\/3346"}],"wp:attachment":[{"href":"https:\/\/taichytomato.com\/fr\/wp-json\/wp\/v2\/media?parent=757"}],"wp:term":[{"taxonomy":"product_brand","embeddable":true,"href":"https:\/\/taichytomato.com\/fr\/wp-json\/wp\/v2\/product_brand?post=757"},{"taxonomy":"product_cat","embeddable":true,"href":"https:\/\/taichytomato.com\/fr\/wp-json\/wp\/v2\/product_cat?post=757"},{"taxonomy":"product_tag","embeddable":true,"href":"https:\/\/taichytomato.com\/fr\/wp-json\/wp\/v2\/product_tag?post=757"}],"curies":[{"name":"wp","href":"https:\/\/api.w.org\/{rel}","templated":true}]}}