{"id":3259,"date":"2026-01-07T22:30:45","date_gmt":"2026-01-08T06:30:45","guid":{"rendered":"https:\/\/taichytomato.com\/?post_type=product&#038;p=3259"},"modified":"2026-01-07T22:33:42","modified_gmt":"2026-01-08T06:33:42","slug":"106g-stand-sachet","status":"publish","type":"product","link":"https:\/\/taichytomato.com\/fr\/produit\/106g-stand-sachet\/","title":{"rendered":"Sachet stand-up de 106 g"},"content":{"rendered":"<h2 data-start=\"173\" data-end=\"228\">Aper\u00e7u du produit \u2014 Sachet Stand 106g (Fourniture d'usine)<\/h2>\n<p data-start=\"230\" data-end=\"536\">Notre <strong data-start=\"234\" data-end=\"255\">Sachet \u00e0 ouverture verticale de 106g<\/strong> est con\u00e7u pour <strong data-start=\"272\" data-end=\"315\">les march\u00e9s de la vente au d\u00e9tail, de la restauration et de l'exportation<\/strong>, offrant la taille de portion parfaite pour les sauces, condiments ou ingr\u00e9dients pr\u00eats \u00e0 l'emploi. Ce format \u00e9quilibre <strong data-start=\"426\" data-end=\"478\">praticit\u00e9, pr\u00e9sence en rayon et rentabilit\u00e9<\/strong>, le rendant id\u00e9al pour les consommateurs finaux et les distributeurs.<\/p>\n<p data-start=\"538\" data-end=\"794\">Produite directement dans notre <strong data-start=\"565\" data-end=\"588\">usine en Chine<\/strong>, nos sachets stand de 106g garantissent <strong data-start=\"620\" data-end=\"681\">Qualit\u00e9 coh\u00e9rente, s\u00e9curit\u00e9 alimentaire et options personnalisables<\/strong>, r\u00e9pondant aux acheteurs recherchant <strong data-start=\"716\" data-end=\"747\">Fournisseurs de sachets stand de 106 g<\/strong>, <strong data-start=\"749\" data-end=\"766\">fabricants<\/strong>, ou <strong data-start=\"771\" data-end=\"793\">achat en gros<\/strong>.<\/p>\n<hr data-start=\"796\" data-end=\"799\" \/>\n<h3 data-start=\"801\" data-end=\"842\">Sp\u00e9cifications du produit &amp; Caract\u00e9ristiques principales<\/h3>\n<div class=\"TyagGW_tableContainer\">\n<div class=\"group TyagGW_tableWrapper flex w-fit flex-col-reverse\" tabindex=\"-1\">\n<table class=\"w-fit min-w-(--thread-content-width)\" data-start=\"844\" data-end=\"1373\">\n<thead data-start=\"844\" data-end=\"868\">\n<tr data-start=\"844\" data-end=\"868\">\n<th data-start=\"844\" data-end=\"851\" data-col-size=\"sm\">Article<\/th>\n<th data-start=\"851\" data-end=\"868\" data-col-size=\"md\">Sp\u00e9cification<\/th>\n<\/tr>\n<\/thead>\n<tbody data-start=\"879\" data-end=\"1373\">\n<tr data-start=\"879\" data-end=\"919\">\n<td data-start=\"879\" data-end=\"898\" data-col-size=\"sm\"><strong data-start=\"881\" data-end=\"897\">Nom du produit<\/strong><\/td>\n<td data-col-size=\"md\" data-start=\"898\" data-end=\"919\">Sachet stand-up de 106 g<\/td>\n<\/tr>\n<tr data-start=\"920\" data-end=\"945\">\n<td data-start=\"920\" data-end=\"937\" data-col-size=\"sm\"><strong data-start=\"922\" data-end=\"936\">Poids net<\/strong><\/td>\n<td data-col-size=\"md\" data-start=\"937\" data-end=\"945\">106 g<\/td>\n<\/tr>\n<tr data-start=\"946\" data-end=\"994\">\n<td data-start=\"946\" data-end=\"967\" data-col-size=\"sm\"><strong data-start=\"948\" data-end=\"966\">Type d'emballage<\/strong><\/td>\n<td data-col-size=\"md\" data-start=\"967\" data-end=\"994\">Sachet \/ pochettes pliantes<\/td>\n<\/tr>\n<tr data-start=\"995\" data-end=\"1058\">\n<td data-start=\"995\" data-end=\"1024\" data-col-size=\"sm\"><strong data-start=\"997\" data-end=\"1023\">Options de Brix \/ Contenu<\/strong><\/td>\n<td data-col-size=\"md\" data-start=\"1024\" data-end=\"1058\">18\u201320%, 22\u201324%, 26\u201328%, 28\u201330%<\/td>\n<\/tr>\n<tr data-start=\"1059\" data-end=\"1110\">\n<td data-start=\"1059\" data-end=\"1080\" data-col-size=\"sm\"><strong data-start=\"1061\" data-end=\"1079\">Go\u00fbt \/ Saveur<\/strong><\/td>\n<td data-col-size=\"md\" data-start=\"1080\" data-end=\"1110\">Doux, acidul\u00e9 ou personnalis\u00e9<\/td>\n<\/tr>\n<tr data-start=\"1111\" data-end=\"1149\">\n<td data-start=\"1111\" data-end=\"1123\" data-col-size=\"sm\"><strong data-start=\"1113\" data-end=\"1122\">Couleur<\/strong><\/td>\n<td data-col-size=\"md\" data-start=\"1123\" data-end=\"1149\">Rouge vif \u00e0 rouge fonc\u00e9<\/td>\n<\/tr>\n<tr data-start=\"1150\" data-end=\"1201\">\n<td data-start=\"1150\" data-end=\"1167\" data-col-size=\"sm\"><strong data-start=\"1152\" data-end=\"1166\">Dur\u00e9e de conservation<\/strong><\/td>\n<td data-col-size=\"md\" data-start=\"1167\" data-end=\"1201\">24 mois en stockage appropri\u00e9<\/td>\n<\/tr>\n<tr data-start=\"1202\" data-end=\"1261\">\n<td data-start=\"1202\" data-end=\"1216\" data-col-size=\"sm\"><strong data-start=\"1204\" data-end=\"1215\">Stockage<\/strong><\/td>\n<td data-col-size=\"md\" data-start=\"1216\" data-end=\"1261\">S\u00e9chage, entrep\u00f4t int\u00e9rieur, \u00e0 l'abri de la lumi\u00e8re du soleil<\/td>\n<\/tr>\n<tr data-start=\"1262\" data-end=\"1314\">\n<td data-start=\"1262\" data-end=\"1279\" data-col-size=\"sm\"><strong data-start=\"1264\" data-end=\"1278\">Nom de Marque<\/strong><\/td>\n<td data-col-size=\"md\" data-start=\"1279\" data-end=\"1314\">OEM \/ Marquage personnalis\u00e9 disponible<\/td>\n<\/tr>\n<tr data-start=\"1315\" data-end=\"1373\">\n<td data-start=\"1315\" data-end=\"1336\" data-col-size=\"sm\"><strong data-start=\"1317\" data-end=\"1335\">Certifications<\/strong><\/td>\n<td data-col-size=\"md\" data-start=\"1336\" data-end=\"1373\">ISO, HACCP, FDA, Halal (optionnel)<\/td>\n<\/tr>\n<\/tbody>\n<\/table>\n<\/div>\n<\/div>\n<p data-start=\"1375\" data-end=\"1401\"><strong data-start=\"1375\" data-end=\"1400\">Avantages pour les acheteurs<\/strong>:<\/p>\n<ul data-start=\"1403\" data-end=\"1816\">\n<li data-start=\"1403\" data-end=\"1500\">\n<p data-start=\"1405\" data-end=\"1500\"><strong data-start=\"1405\" data-end=\"1432\">Taille de portion pratique<\/strong> \u2013 106 g par sachet, id\u00e9al pour usage domestique ou petite restauration.<\/p>\n<\/li>\n<li data-start=\"1501\" data-end=\"1581\">\n<p data-start=\"1503\" data-end=\"1581\"><strong data-start=\"1503\" data-end=\"1528\">Conception de sachets en stand-up<\/strong> \u2013 Facile \u00e0 pr\u00e9senter et \u00e0 stocker en environnement de vente au d\u00e9tail.<\/p>\n<\/li>\n<li data-start=\"1582\" data-end=\"1659\">\n<p data-start=\"1584\" data-end=\"1659\"><strong data-start=\"1584\" data-end=\"1612\">Transport \u00e9conomique<\/strong> \u2013 Les sachets plats en stand-up r\u00e9duisent le volume d'exp\u00e9dition.<\/p>\n<\/li>\n<li data-start=\"1660\" data-end=\"1739\">\n<p data-start=\"1662\" data-end=\"1739\"><strong data-start=\"1662\" data-end=\"1687\">Personnalisation de la marque<\/strong> \u2013 Logo, langue et conception d'emballage pris en charge.<\/p>\n<\/li>\n<li data-start=\"1740\" data-end=\"1816\">\n<p data-start=\"1742\" data-end=\"1816\"><strong data-start=\"1742\" data-end=\"1767\">S\u00e9curit\u00e9 alimentaire &amp; Qualit\u00e9<\/strong> \u2013 Produits sous un contr\u00f4le qualit\u00e9 strict en usine.<\/p>\n<\/li>\n<\/ul>\n<hr data-start=\"1818\" data-end=\"1821\" \/>\n<h3 data-start=\"1823\" data-end=\"1852\">Vente en gros &amp; Approvisionnement en usine<\/h3>\n<p data-start=\"1854\" data-end=\"1996\">Nous proposons <strong data-start=\"1865\" data-end=\"1891\">tarification directe d'usine<\/strong> pour les commandes en gros, rendant nos sachets en stand-up de 106 g comp\u00e9titifs sur les march\u00e9s internationaux. Les acheteurs peuvent demander :<\/p>\n<ul data-start=\"1998\" data-end=\"2156\">\n<li data-start=\"1998\" data-end=\"2030\">\n<p data-start=\"2000\" data-end=\"2030\"><strong data-start=\"2000\" data-end=\"2028\">Devis pour sachets en stand-up de 106 g<\/strong><\/p>\n<\/li>\n<li data-start=\"2031\" data-end=\"2072\">\n<p data-start=\"2033\" data-end=\"2072\"><strong data-start=\"2033\" data-end=\"2070\">Personnalisation OEM \/ marque priv\u00e9e<\/strong><\/p>\n<\/li>\n<li data-start=\"2073\" data-end=\"2107\">\n<p data-start=\"2075\" data-end=\"2107\"><strong data-start=\"2075\" data-end=\"2105\">MOQ flexible et emballage<\/strong><\/p>\n<\/li>\n<li data-start=\"2108\" data-end=\"2156\">\n<p data-start=\"2110\" data-end=\"2156\"><strong data-start=\"2110\" data-end=\"2156\">Support stable d'approvisionnement et de logistique mondiale<\/strong><\/p>\n<\/li>\n<\/ul>\n<p data-start=\"2158\" data-end=\"2282\">Que vous soyez un <strong data-start=\"2176\" data-end=\"2215\">distributeur, d\u00e9taillant ou acheteur B2B<\/strong>, notre usine garantit <strong data-start=\"2237\" data-end=\"2281\">une qualit\u00e9 constante et une livraison fiable<\/strong>.<\/p>\n<hr data-start=\"2284\" data-end=\"2287\" \/>\n<h3 data-start=\"2289\" data-end=\"2324\">Applications &amp; Industries cibles<\/h3>\n<ul data-start=\"2326\" data-end=\"2667\">\n<li data-start=\"2326\" data-end=\"2383\">\n<p data-start=\"2328\" data-end=\"2383\"><strong data-start=\"2328\" data-end=\"2349\">Cuisine domestique<\/strong> \u2013 sauces, p\u00e2tes ou condiments<\/p>\n<\/li>\n<li data-start=\"2384\" data-end=\"2451\">\n<p data-start=\"2386\" data-end=\"2451\"><strong data-start=\"2386\" data-end=\"2412\">Restauration &amp; services de traiteur<\/strong> \u2013 contr\u00f4le des portions pour petites cuisines<\/p>\n<\/li>\n<li data-start=\"2452\" data-end=\"2519\">\n<p data-start=\"2454\" data-end=\"2519\"><strong data-start=\"2454\" data-end=\"2487\">Canaux de vente au d\u00e9tail &amp; supermarch\u00e9s<\/strong> \u2013 affichage compact et attrayant<\/p>\n<\/li>\n<li data-start=\"2520\" data-end=\"2590\">\n<p data-start=\"2522\" data-end=\"2590\"><strong data-start=\"2522\" data-end=\"2564\">Repas pr\u00eats \u00e0 manger ou kits de commodit\u00e9<\/strong> \u2013 portions \u00e0 usage unique<\/p>\n<\/li>\n<li data-start=\"2591\" data-end=\"2667\">\n<p data-start=\"2593\" data-end=\"2667\"><strong data-start=\"2593\" data-end=\"2617\">March\u00e9s B2B &amp; exportation<\/strong> \u2013 Afrique, Moyen-Orient, Asie du Sud-Est et Europe<\/p>\n<\/li>\n<\/ul>\n<hr data-start=\"2669\" data-end=\"2672\" \/>\n<h3 data-start=\"2674\" data-end=\"2699\">FAQ \u2014 Questions fr\u00e9quentes<\/h3>\n<p data-start=\"2701\" data-end=\"2860\"><strong data-start=\"2701\" data-end=\"2754\">Q1 : Puis-je personnaliser le design du sachet stand de 106 g ?<\/strong><br data-start=\"2754\" data-end=\"2757\" \/>R1 : Oui, nous proposons un service complet <strong data-start=\"2780\" data-end=\"2812\">OEM \/ marque blanche<\/strong> avec personnalisation du logo, de la langue et des illustrations.<\/p>\n<p data-start=\"2862\" data-end=\"2997\"><strong data-start=\"2862\" data-end=\"2909\">Q2 : Quel est le MOQ pour les sachets stand de 106 g ?<\/strong><br data-start=\"2909\" data-end=\"2912\" \/>R2 : MOQ flexible disponible ; les commandes en gros peuvent \u00eatre exp\u00e9di\u00e9es directement depuis notre <strong data-start=\"2985\" data-end=\"2996\">usine<\/strong>.<\/p>\n<p data-start=\"2999\" data-end=\"3138\"><strong data-start=\"2999\" data-end=\"3039\">Q3 : Quelles certifications avez-vous ?<\/strong><br data-start=\"3039\" data-end=\"3042\" \/>R3 : ISO, HACCP, FDA, et certification Halal optionnelle sont disponibles pour r\u00e9pondre aux exigences du march\u00e9.<\/p>\n<p data-start=\"3140\" data-end=\"3270\"><strong data-start=\"3140\" data-end=\"3177\">Q4 : Pouvez-vous fournir des prix en gros ?<\/strong><br data-start=\"3177\" data-end=\"3180\" \/>A4 : Oui, nous proposons <strong data-start=\"3200\" data-end=\"3248\">un prix \u00e9quitable, un faible co\u00fbt et des devis comp\u00e9titifs<\/strong> pour les acheteurs en gros.<\/p>\n<p data-start=\"3272\" data-end=\"3429\"><strong data-start=\"3272\" data-end=\"3322\">Q5 : Cela convient-il \u00e0 l'exportation internationale ?<\/strong><br data-start=\"3322\" data-end=\"3325\" \/>A5 : Absolument. Nos <strong data-start=\"3345\" data-end=\"3374\">sachets stand de 106g fournissent<\/strong> sont pr\u00eats \u00e0 l'exportation et conformes aux r\u00e9glementations mondiales.<\/p>\n<hr data-start=\"3431\" data-end=\"3434\" \/>\n<h3 data-start=\"3436\" data-end=\"3453\">Appel \u00e0 l'action<\/h3>\n<p data-start=\"3455\" data-end=\"3666\">Si vous cherchez \u00e0 <strong data-start=\"3477\" data-end=\"3502\">acheter un sachet stand de 106g<\/strong> directement aupr\u00e8s d'un <strong data-start=\"3519\" data-end=\"3539\">fournisseur direct d'usine<\/strong> avec <strong data-start=\"3545\" data-end=\"3602\">options OEM, tarification comp\u00e9titive et livraison mondiale<\/strong>, contactez-nous d\u00e8s aujourd'hui pour <strong data-start=\"3625\" data-end=\"3665\">\u00e9chantillons, catalogue de produits et devis<\/strong>.<\/p>","protected":false},"excerpt":{"rendered":"<p>Notre <strong data-start=\"131\" data-end=\"152\">Sachet \u00e0 ouverture verticale de 106g<\/strong> est une solution d'emballage pratique, <strong data-start=\"170\" data-end=\"203\">adapt\u00e9e \u00e0 la vente au d\u00e9tail et \u00e0 la restauration<\/strong> . Produite dans notre <strong data-start=\"240\" data-end=\"257\">usine en Chine<\/strong>, elle offre <strong data-start=\"269\" data-end=\"339\">une qualit\u00e9 constante, un branding personnalisable et des prix comp\u00e9titifs<\/strong>. Id\u00e9al pour les sauces, condiments et ingr\u00e9dients pr\u00eats \u00e0 l'emploi, nous proposons <strong data-start=\"412\" data-end=\"454\">des devis OEM, en gros et en quantit\u00e9<\/strong> pour les acheteurs mondiaux recherchant <strong data-start=\"481\" data-end=\"536\">des sachets stand de 106g de haute qualit\u00e9 \u00e0 un prix \u00e9quitable ou bas<\/strong>.<\/p>","protected":false},"featured_media":3263,"template":"","meta":{"_acf_changed":false,"_seopress_robots_primary_cat":"none","_seopress_titles_title":"106g Stand Sachet Factory | Supplier & Wholesale OEM","_seopress_titles_desc":"Factory direct 106g stand sachets. OEM, wholesale supply, competitive quotes, and customizable packaging for international B2B buyers.","_seopress_robots_index":"","site-sidebar-layout":"default","site-content-layout":"","ast-site-content-layout":"default","site-content-style":"default","site-sidebar-style":"default","ast-global-header-display":"","ast-banner-title-visibility":"","ast-main-header-display":"","ast-hfb-above-header-display":"","ast-hfb-below-header-display":"","ast-hfb-mobile-header-display":"","site-post-title":"","ast-breadcrumbs-content":"","ast-featured-img":"","footer-sml-layout":"","ast-disable-related-posts":"","theme-transparent-header-meta":"default","adv-header-id-meta":"","stick-header-meta":"","header-above-stick-meta":"","header-main-stick-meta":"","header-below-stick-meta":"","astra-migrate-meta-layouts":"set","ast-page-background-enabled":"default","ast-page-background-meta":{"desktop":{"background-color":"var(--ast-global-color-5)","background-image":"","background-repeat":"repeat","background-position":"center center","background-size":"auto","background-attachment":"scroll","background-type":"","background-media":"","overlay-type":"","overlay-color":"","overlay-opacity":"","overlay-gradient":""},"tablet":{"background-color":"","background-image":"","background-repeat":"repeat","background-position":"center center","background-size":"auto","background-attachment":"scroll","background-type":"","background-media":"","overlay-type":"","overlay-color":"","overlay-opacity":"","overlay-gradient":""},"mobile":{"background-color":"","background-image":"","background-repeat":"repeat","background-position":"center center","background-size":"auto","background-attachment":"scroll","background-type":"","background-media":"","overlay-type":"","overlay-color":"","overlay-opacity":"","overlay-gradient":""}},"ast-content-background-meta":{"desktop":{"background-color":"var(--ast-global-color-4)","background-image":"","background-repeat":"repeat","background-position":"center center","background-size":"auto","background-attachment":"scroll","background-type":"","background-media":"","overlay-type":"","overlay-color":"","overlay-opacity":"","overlay-gradient":""},"tablet":{"background-color":"var(--ast-global-color-4)","background-image":"","background-repeat":"repeat","background-position":"center center","background-size":"auto","background-attachment":"scroll","background-type":"","background-media":"","overlay-type":"","overlay-color":"","overlay-opacity":"","overlay-gradient":""},"mobile":{"background-color":"var(--ast-global-color-4)","background-image":"","background-repeat":"repeat","background-position":"center center","background-size":"auto","background-attachment":"scroll","background-type":"","background-media":"","overlay-type":"","overlay-color":"","overlay-opacity":"","overlay-gradient":""}}},"product_brand":[],"product_cat":[97],"product_tag":[],"class_list":{"0":"post-3259","1":"product","2":"type-product","3":"status-publish","4":"has-post-thumbnail","6":"product_cat-tomato-paste-in-sachet","7":"desktop-align-left","8":"tablet-align-left","9":"mobile-align-left","11":"first","12":"instock","13":"shipping-taxable","14":"product-type-simple"},"acf":[],"_links":{"self":[{"href":"https:\/\/taichytomato.com\/fr\/wp-json\/wp\/v2\/product\/3259","targetHints":{"allow":["GET"]}}],"collection":[{"href":"https:\/\/taichytomato.com\/fr\/wp-json\/wp\/v2\/product"}],"about":[{"href":"https:\/\/taichytomato.com\/fr\/wp-json\/wp\/v2\/types\/product"}],"version-history":[{"count":0,"href":"https:\/\/taichytomato.com\/fr\/wp-json\/wp\/v2\/product\/3259\/revisions"}],"wp:featuredmedia":[{"embeddable":true,"href":"https:\/\/taichytomato.com\/fr\/wp-json\/wp\/v2\/media\/3263"}],"wp:attachment":[{"href":"https:\/\/taichytomato.com\/fr\/wp-json\/wp\/v2\/media?parent=3259"}],"wp:term":[{"taxonomy":"product_brand","embeddable":true,"href":"https:\/\/taichytomato.com\/fr\/wp-json\/wp\/v2\/product_brand?post=3259"},{"taxonomy":"product_cat","embeddable":true,"href":"https:\/\/taichytomato.com\/fr\/wp-json\/wp\/v2\/product_cat?post=3259"},{"taxonomy":"product_tag","embeddable":true,"href":"https:\/\/taichytomato.com\/fr\/wp-json\/wp\/v2\/product_tag?post=3259"}],"curies":[{"name":"wp","href":"https:\/\/api.w.org\/{rel}","templated":true}]}}