{"id":3254,"date":"2026-01-07T20:02:20","date_gmt":"2026-01-08T04:02:20","guid":{"rendered":"https:\/\/taichytomato.com\/?post_type=product&#038;p=3254"},"modified":"2026-02-24T01:34:42","modified_gmt":"2026-02-24T09:34:42","slug":"235kg-tomato-paste-manufacture","status":"publish","type":"product","link":"https:\/\/taichytomato.com\/fr\/produit\/235kg-tomato-paste-manufacture\/","title":{"rendered":"235kg Concentr\u00e9 de tomate"},"content":{"rendered":"<h2>\u201cPourquoi notre concentr\u00e9 de tomate de 235 kg est le choix le plus rentable<\/h2>\n<p data-path-to-node=\"9,1\">De nombreux acheteurs craignent que \u201c faible co\u00fbt \u201d signifie \u201c faible qualit\u00e9 \u201d. Chez Taichy, nous proposons des prix comp\u00e9titifs non pas en compromettant nos standards, mais gr\u00e2ce \u00e0 <b data-path-to-node=\"9,1\" data-index-in-node=\"153\">L'Excellence Op\u00e9rationnelle<\/b>:<\/p>\n<ul data-path-to-node=\"9,2\">\n<li>\n<p data-path-to-node=\"9,2,0,0\"><b data-path-to-node=\"9,2,0,0\" data-index-in-node=\"0\">Production \u00e0 Grande \u00c9chelle :<\/b> Nos lignes de traitement enti\u00e8rement automatis\u00e9es fonctionnent 24\/7 pendant la saison de r\u00e9colte, r\u00e9duisant consid\u00e9rablement les co\u00fbts de main-d'\u0153uvre et d'\u00e9nergie par tonne.<\/p>\n<\/li>\n<li>\n<p data-path-to-node=\"9,2,1,0\"><b data-path-to-node=\"9,2,1,0\" data-index-in-node=\"0\">Optimisation Logistique :<\/b> Situ\u00e9s pr\u00e8s du port principal, nous minimisons les frais de fret int\u00e9rieur et tirons parti de partenariats \u00e0 long terme avec des compagnies maritimes pour vous faire b\u00e9n\u00e9ficier directement des \u00e9conomies.<\/p>\n<\/li>\n<\/ul>\n<figure id=\"attachment_2373\" aria-describedby=\"caption-attachment-2373\" style=\"width: 300px\" class=\"wp-caption aligncenter\"><img fetchpriority=\"high\" decoding=\"async\" class=\"size-medium wp-image-2373\" src=\"https:\/\/taichytomato.com\/wp-content\/uploads\/2025\/09\/IMG_20241027_102544-300x225.jpg\" alt=\"Concentr\u00e9 de tomate en f\u00fbt de 220L\" width=\"300\" height=\"225\" srcset=\"https:\/\/taichytomato.com\/wp-content\/uploads\/2025\/09\/IMG_20241027_102544-300x225.jpg 300w, https:\/\/taichytomato.com\/wp-content\/uploads\/2025\/09\/IMG_20241027_102544-1024x768.jpg 1024w, https:\/\/taichytomato.com\/wp-content\/uploads\/2025\/09\/IMG_20241027_102544-768x576.jpg 768w, https:\/\/taichytomato.com\/wp-content\/uploads\/2025\/09\/IMG_20241027_102544-1536x1152.jpg 1536w, https:\/\/taichytomato.com\/wp-content\/uploads\/2025\/09\/IMG_20241027_102544-2048x1536.jpg 2048w, https:\/\/taichytomato.com\/wp-content\/uploads\/2025\/09\/IMG_20241027_102544-600x450.jpg 600w\" sizes=\"(max-width: 300px) 100vw, 300px\" \/><figcaption id=\"caption-attachment-2373\" class=\"wp-caption-text\">Concentr\u00e9 de tomate en f\u00fbt de 220L<\/figcaption><\/figure>\n<h2>1.235kg Sp\u00e9cifications du concentr\u00e9 de tomate &amp; valeur fondamentale<\/h2>\n<p>&nbsp;<\/p>\n<h3>235kg Concentr\u00e9 de tomate \u2014 Approvisionnement en f\u00fbts industriels de Chine<\/h3>\n<p>Nous sommes un <strong>Fabricant et usine de concentr\u00e9 de tomate de 235 kg<\/strong>, sp\u00e9cialis\u00e9 dans <strong>le concentr\u00e9 de tomate de qualit\u00e9 industrielle<\/strong> emball\u00e9 en f\u00fbts d'acier standard. Notre <strong>235kg concentr\u00e9 de tomate<\/strong> est largement utilis\u00e9 comme un <strong>mati\u00e8re premi\u00e8re principale<\/strong> par les transformateurs alimentaires, les fabricants de sauces et les propri\u00e9taires de marques dans le monde entier.<\/p>\n<p>Dans le commerce international, <strong>235kg concentr\u00e9 de tomate<\/strong> d\u00e9signe le concentr\u00e9 de tomate rempli dans <strong>des f\u00fbts aseptiques de 220 litres<\/strong>, avec un <strong>poids net g\u00e9n\u00e9ralement compris entre 235 kg et 245 kg<\/strong>, en fonction du niveau de Brix et de la viscosit\u00e9. Ce format est la solution la plus efficace pour <strong>l'approvisionnement en vrac, le contr\u00f4le de qualit\u00e9 stable et la logistique optimis\u00e9e en termes de co\u00fbts<\/strong>.<\/p>\n<p>Pour les acheteurs recherchant <strong>Fournisseur de concentr\u00e9 de tomate de 235 kg<\/strong>, <strong>Usine de concentr\u00e9 de tomate de 235 kg<\/strong>, ou <strong>vente en gros de concentr\u00e9 de tomate de 235 kg en provenance de Chine<\/strong>, notre syst\u00e8me de production garantit <strong>une couleur, une concentration et une conformit\u00e9 \u00e0 la s\u00e9curit\u00e9 alimentaire constantes<\/strong>.<\/p>\n<hr \/>\n<h3>Caract\u00e9ristiques du produit &amp; Points forts de la qualit\u00e9<\/h3>\n<ul>\n<li><strong>100% Puret\u00e9 de la Tomate<\/strong><br \/>\nProduit \u00e0 partir de tomates m\u00fbres avec <strong>pas de sel, d'amidon, de colorant artificiel ou de conservateur<\/strong>, soutenant les formulations \u00e0 \u00e9tiquette propre et industrielles.<\/li>\n<li><strong>Options de concentration optimis\u00e9es<\/strong><br \/>\nDisponible en <strong>36\u201338 Brix (concentr\u00e9 \u00e9lev\u00e9, efficace pour l'exp\u00e9dition)<\/strong> et <strong>28\u201330 Brix<\/strong> pour un traitement en aval flexible.<\/li>\n<li><strong>Traitement Cold Break &amp; Hot Break<\/strong><br \/>\nLes deux <strong>CB et HB<\/strong> proc\u00e9d\u00e9s sont disponibles pour r\u00e9pondre aux exigences de viscosit\u00e9 et de texture pour le ketchup, les sauces et les produits \u00e0 base de p\u00e2te.<\/li>\n<li><strong>Couleur naturelle \u00e9lev\u00e9e &amp; Lycop\u00e8ne<\/strong><br \/>\nStable <strong>Valeur de couleur A\/B \u22652.1<\/strong>, indiquant une forte teneur en lycop\u00e8ne et une apparence rouge vif\u2014crucial pour les produits finis de qualit\u00e9 sup\u00e9rieure.<\/li>\n<li><strong>Remplissage industriel en aseptie<\/strong><br \/>\nL'emballage en f\u00fbt aseptique garantit une longue dur\u00e9e de conservation sans r\u00e9frig\u00e9ration avant ouverture.<\/li>\n<\/ul>\n<hr \/>\n<h2>2. Sp\u00e9cification du produit \u2014 F\u00fbt de 235 kg de concentr\u00e9 de tomate<\/h2>\n<table>\n<thead>\n<tr>\n<th>Article<\/th>\n<th>Sp\u00e9cification<\/th>\n<\/tr>\n<\/thead>\n<tbody>\n<tr>\n<td><strong>Brix (Sols)<\/strong><\/td>\n<td><a href=\"https:\/\/taichytomato.com\/fr\/produit\/drum-tomato-paste-36-38\/\">36\u201338%<\/a>, <a href=\"https:\/\/taichytomato.com\/fr\/produit\/30-32-drum-tomato-paste\/\">30\u201332%<\/a>, <a href=\"https:\/\/taichytomato.com\/fr\/produit\/28-30-brix-tomato-paste\/\">28\u201330%<\/a><\/td>\n<\/tr>\n<tr>\n<td><strong>Type de traitement<\/strong><\/td>\n<td>Chaleur forte \/ Chaleur douce<\/td>\n<\/tr>\n<tr>\n<td><strong>Lycop\u00e8ne (mg\/100g)<\/strong><\/td>\n<td>Plus de 50<\/td>\n<\/tr>\n<tr>\n<td><strong>Bostwick (12,5% cm\/30s)<\/strong><\/td>\n<td>7,0\u20139,0 \/ 3\u20134<\/td>\n<\/tr>\n<tr>\n<td><strong>Acidit\u00e9 totale (%)<\/strong><\/td>\n<td>&lt;8<\/td>\n<\/tr>\n<tr>\n<td><strong>HMC (%)<\/strong><\/td>\n<td>Je suis d\u00e9sol\u00e9, mais il semble que vous n'ayez pas fourni le texte \u00e0 traduire. Veuillez fournir le texte en anglais que vous souhaitez faire traduire en fran\u00e7ais.<\/td>\n<\/tr>\n<tr>\n<td><strong>pH<\/strong><\/td>\n<td>4,2 \u00b1 0,2<\/td>\n<\/tr>\n<tr>\n<td><strong>Valeur de couleur A\/B<\/strong><\/td>\n<td>&gt;2,1<\/td>\n<\/tr>\n<tr>\n<td><strong>\u00c9tain (mg\/kg)<\/strong><\/td>\n<td>&lt;200<\/td>\n<\/tr>\n<tr>\n<td><strong>Cuivre (mg\/kg)<\/strong><\/td>\n<td>&lt;10<\/td>\n<\/tr>\n<tr>\n<td><strong>Plomb (mg\/kg)<\/strong><\/td>\n<td>&lt;1<\/td>\n<\/tr>\n<tr>\n<td><strong>Arsenic (mg\/kg)<\/strong><\/td>\n<td>&lt;0.5<\/td>\n<\/tr>\n<tr>\n<td><strong>\u00c9cran<\/strong><\/td>\n<td>0,6 mm<\/td>\n<\/tr>\n<tr>\n<td><strong>Couleur<\/strong><\/td>\n<td>Rouge vif \u00e0 rouge fonc\u00e9, sans nuance brune<\/td>\n<\/tr>\n<tr>\n<td><strong>Format d'emballage<\/strong><\/td>\n<td>Sac aseptique de 220L en f\u00fbt en acier<\/td>\n<\/tr>\n<tr>\n<td><strong>Poids net<\/strong><\/td>\n<td><strong>235\u2013260kg par f\u00fbt (certifi\u00e9)<\/strong><\/td>\n<\/tr>\n<tr>\n<td><strong>Chargement<\/strong><\/td>\n<td>80 f\u00fbts \/ conteneur de 20ft<\/td>\n<\/tr>\n<tr>\n<td><strong>Stockage<\/strong><\/td>\n<td>Entrep\u00f4t propre, sec, ventil\u00e9<\/td>\n<\/tr>\n<tr>\n<td><strong>Dur\u00e9e de conservation<\/strong><\/td>\n<td>24 mois dans des conditions appropri\u00e9es<\/td>\n<\/tr>\n<tr>\n<td><strong>Lieu d'origine<\/strong><\/td>\n<td>Chine<\/td>\n<\/tr>\n<\/tbody>\n<\/table>\n<p>Cette sp\u00e9cification est conforme \u00e0 <strong>Grossiste de concentr\u00e9 de tomate de 235kg<\/strong> et <strong>normes d'approvisionnement industriel<\/strong>.<\/p>\n<figure id=\"attachment_3000\" aria-describedby=\"caption-attachment-3000\" style=\"width: 225px\" class=\"wp-caption alignleft\"><img decoding=\"async\" class=\"wp-image-3000 size-medium\" src=\"https:\/\/taichytomato.com\/wp-content\/uploads\/2025\/11\/8bc62a521d6abaeffd803e3e2fd21b9-225x300.jpg\" alt=\"F\u00fbt de concentr\u00e9 de tomate dans Conteneur\" width=\"225\" height=\"300\" srcset=\"https:\/\/taichytomato.com\/wp-content\/uploads\/2025\/11\/8bc62a521d6abaeffd803e3e2fd21b9-225x300.jpg 225w, https:\/\/taichytomato.com\/wp-content\/uploads\/2025\/11\/8bc62a521d6abaeffd803e3e2fd21b9-768x1024.jpg 768w, https:\/\/taichytomato.com\/wp-content\/uploads\/2025\/11\/8bc62a521d6abaeffd803e3e2fd21b9-1152x1536.jpg 1152w, https:\/\/taichytomato.com\/wp-content\/uploads\/2025\/11\/8bc62a521d6abaeffd803e3e2fd21b9-9x12.jpg 9w, https:\/\/taichytomato.com\/wp-content\/uploads\/2025\/11\/8bc62a521d6abaeffd803e3e2fd21b9-600x800.jpg 600w, https:\/\/taichytomato.com\/wp-content\/uploads\/2025\/11\/8bc62a521d6abaeffd803e3e2fd21b9.jpg 1279w\" sizes=\"(max-width: 225px) 100vw, 225px\" \/><figcaption id=\"caption-attachment-3000\" class=\"wp-caption-text\">F\u00fbt de concentr\u00e9 de tomate dans Conteneur<\/figcaption><\/figure>\n<figure id=\"attachment_2999\" aria-describedby=\"caption-attachment-2999\" style=\"width: 225px\" class=\"wp-caption alignleft\"><img decoding=\"async\" class=\"size-medium wp-image-2999\" src=\"https:\/\/taichytomato.com\/wp-content\/uploads\/2025\/11\/6c223f042507c235723f709e61b567e-225x300.jpg\" alt=\"Chargement du conteneur avec le f\u00fbt de concentr\u00e9 de tomate\" width=\"225\" height=\"300\" srcset=\"https:\/\/taichytomato.com\/wp-content\/uploads\/2025\/11\/6c223f042507c235723f709e61b567e-225x300.jpg 225w, https:\/\/taichytomato.com\/wp-content\/uploads\/2025\/11\/6c223f042507c235723f709e61b567e-768x1024.jpg 768w, https:\/\/taichytomato.com\/wp-content\/uploads\/2025\/11\/6c223f042507c235723f709e61b567e-1152x1536.jpg 1152w, https:\/\/taichytomato.com\/wp-content\/uploads\/2025\/11\/6c223f042507c235723f709e61b567e-9x12.jpg 9w, https:\/\/taichytomato.com\/wp-content\/uploads\/2025\/11\/6c223f042507c235723f709e61b567e-600x800.jpg 600w, https:\/\/taichytomato.com\/wp-content\/uploads\/2025\/11\/6c223f042507c235723f709e61b567e.jpg 1279w\" sizes=\"(max-width: 225px) 100vw, 225px\" \/><figcaption id=\"caption-attachment-2999\" class=\"wp-caption-text\">Chargement du conteneur avec le f\u00fbt de concentr\u00e9 de tomate<\/figcaption><\/figure>\n<hr \/>\n<h2>3. Cha\u00eene d'approvisionnement mondiale &amp; Achats<\/h2>\n<h3>Approvisionnement &amp; Tarification<\/h3>\n<p>En tant qu'entreprise exp\u00e9riment\u00e9e <strong>Fournisseur de concentr\u00e9 de tomate de 235 kg<\/strong>, nous fournissons une sourcing transparente et stable pour les acheteurs en gros :<\/p>\n<ul>\n<li><strong>Tarification<\/strong><br \/>\n<a href=\"https:\/\/taichytomato.com\/fr\/contact\/\">Demande de devis \u00e0 jour <strong>Devis pour 235kg de concentr\u00e9 de tomate<\/strong><\/a> et <strong>Prix de gros par kg pour 235kg de concentr\u00e9 de tomate<\/strong> en fonction du niveau de Brix et du volume de commande.<\/li>\n<li><strong>Personnalisation<\/strong><br \/>\nNous supportons <strong>Concentr\u00e9 de tomate personnalis\u00e9 de 235kg<\/strong> solutions, y compris la viscosit\u00e9, Brix, et la m\u00e9thode de traitement adapt\u00e9e \u00e0 votre ligne de production.<\/li>\n<li><strong>Quantit\u00e9 Minimum de Commande<\/strong><br \/>\nMOQ standard : <strong>1 \u00d7 conteneur de 20ft (80 f\u00fbts)<\/strong> \u2014 l\u2019unit\u00e9 la plus efficace pour l\u2019approvisionnement en gros.<\/li>\n<\/ul>\n<h2>Logistique &amp; Export<\/h2>\n<ul>\n<li><strong>Fourniture directe d\u2019usine en Chine<\/strong><br \/>\nId\u00e9al pour les acheteurs recherchant <strong>concentr\u00e9 de tomate 235kg en Chine<\/strong> or <strong>fabricants de concentr\u00e9 de tomate 235kg<\/strong>.<\/li>\n<li><strong>Documentation d\u2019exportation<\/strong><br \/>\nSupport complet pour CO, Certificat de Sant\u00e9, COA et conformit\u00e9 \u00e0 la s\u00e9curit\u00e9 alimentaire.<\/li>\n<li><strong>Distribution mondiale<\/strong><br \/>\nLivraison fiable vers l'Afrique, le Moyen-Orient, l'Europe, l'Asie et les Am\u00e9riques.<\/li>\n<\/ul>\n<hr \/>\n<h2>4. Applications &amp; Industries cibles<\/h2>\n<p>Notre <strong>F\u00fbt de 235 kg de concentr\u00e9 de tomate<\/strong> est largement utilis\u00e9 comme ingr\u00e9dient de base dans :<\/p>\n<ul>\n<li><strong>Fabrication de ketchup &amp; sauces<\/strong><br \/>\nP\u00e2te \u00e0 haute teneur en Brix pour ketchup industriel, sauces tomate et bases d'assaisonnement.<\/li>\n<li><strong>Conservation &amp; traitement en autoclave<\/strong><br \/>\nIndispensable pour les soupes, rago\u00fbts, l\u00e9gumes en conserve et plats \u00e0 base de tomate.<\/li>\n<li><strong>Restauration &amp; cuisines centrales<\/strong><br \/>\nRestauration \u00e0 grande \u00e9chelle, cuisines institutionnelles et installations de pr\u00e9paration de repas.<\/li>\n<li><strong>Reconditionnement &amp; production en marque blanche<\/strong><br \/>\nConvient aux entreprises transformant la p\u00e2te en vrac en conserves, sachets ou pochettes pour la vente au d\u00e9tail.<\/li>\n<\/ul>\n<hr \/>\n<h2>5. Questions fr\u00e9quemment pos\u00e9es (FAQ)<\/h2>\n<h4>Q1 : Quel est le poids net r\u00e9el d'un f\u00fbt de concentr\u00e9 de tomate de 235 kg ?<\/h4>\n<p><strong>A:<\/strong> Le f\u00fbt est un conteneur standard <strong>de 220 litres<\/strong>. Le poids net varie g\u00e9n\u00e9ralement de <strong>235 kg \u00e0 245 kg<\/strong>, en fonction du Brix et de la viscosit\u00e9. Le poids exact est indiqu\u00e9 dans le <strong>Certificat d'Analyse (COA)<\/strong>.<\/p>\n<h4>Q2 : Pourquoi choisir l'emballage en f\u00fbt aseptique pour 235 kg de concentr\u00e9 de tomate ?<\/h4>\n<p><strong>A:<\/strong> L'emballage aseptique maintient la st\u00e9rilit\u00e9 commerciale sans r\u00e9frig\u00e9ration, prolongeant la dur\u00e9e de conservation \u00e0 <strong>18\u201324 mois<\/strong> et emp\u00eachant la contamination microbienne.<\/p>\n<h4>Q3 : Puis-je acheter du concentr\u00e9 de tomate de 235 kg \u00e0 faible co\u00fbt pour de gros volumes ?<\/h4>\n<p><strong>A:<\/strong> Oui. Nous proposons <strong>des solutions de concentr\u00e9 de tomate de 235 kg \u00e0 faible co\u00fbt<\/strong> pour les acheteurs en gros gr\u00e2ce \u00e0 une production et une logistique optimis\u00e9es.<\/p>\n<h4>Q4 : \u00cates-vous une usine directe de concentr\u00e9 de tomate de 235 kg ?<\/h4>\n<p><strong>A:<\/strong> Oui. Nous sommes une <strong>usine et fabricant de concentr\u00e9 de tomate de 235 kg<\/strong>, et non un interm\u00e9diaire commercial.<\/p>\n<h4>Q5 : Soutenez-vous les commandes en gros et personnalis\u00e9es ?<\/h4>\n<p><strong>A:<\/strong> Absolument. Nous supportons <strong>le gros de concentr\u00e9 de tomate de 235 kg<\/strong>, les sp\u00e9cifications personnalis\u00e9es, et les contrats d'approvisionnement \u00e0 long terme.<\/p>\n<hr \/>\n<h2>Appel \u00e0 l'action<\/h2>\n<p>Si vous \u00e9valuez <strong>fournisseurs de concentr\u00e9 de tomate de 235 kg<\/strong>, fabricants, ou sourcing direct d'usine en Chine, contactez-nous d\u00e8s aujourd'hui pour <a href=\"https:\/\/taichytomato.com\/fr\/contact\/\"><strong>sp\u00e9cifications techniques, \u00e9chantillons et devis comp\u00e9titifs<\/strong>.<\/a><\/p>\n<p>&nbsp;<\/p>","protected":false},"excerpt":{"rendered":"<p data-start=\"117\" data-end=\"495\">Notre <strong data-start=\"121\" data-end=\"143\">235kg concentr\u00e9 de tomate<\/strong> est un produit de tomate concentr\u00e9 de qualit\u00e9 industrielle, emball\u00e9 dans <strong data-start=\"206\" data-end=\"228\">f\u00fbts aseptiques de 220L<\/strong>. Disponible en <strong data-start=\"414\" data-end=\"449\">28\u201330%, 30\u201332%, et 36\u201338% Brix<\/strong>, avec <strong data-start=\"456\" data-end=\"484\">m\u00e9thodes Hot Break et Cold Break<\/strong> options.Fabriqu\u00e9 \u00e0 partir de <strong data-start=\"240\" data-end=\"264\">tomates fra\u00eeches et m\u00fbres<\/strong>, il offre <strong data-start=\"278\" data-end=\"339\">une couleur rouge vif, une lycop\u00e8ne \u00e9lev\u00e9e et une viscosit\u00e9 constante<\/strong>\u2014parfait pour la ketchup, les sauces, les aliments en conserve et la revalorisation.<\/p>\n<p data-start=\"497\" data-end=\"796\">En tant que <strong data-start=\"509\" data-end=\"529\">fournisseur direct d'usine<\/strong>, nous proposons <strong data-start=\"540\" data-end=\"611\">des prix de gros, des solutions OEM\/personnalis\u00e9es, et un approvisionnement stable en gros<\/strong>. Enti\u00e8rement certifi\u00e9 et tra\u00e7able, notre concentr\u00e9 de tomate est export\u00e9 dans le monde entier vers <strong data-start=\"685\" data-end=\"744\">l'Afrique, le Moyen-Orient, l'Asie, l'Europe et les Am\u00e9riques<\/strong>, garantissant une qualit\u00e9 fiable pour les acheteurs industriels.<\/p>","protected":false},"featured_media":3258,"template":"","meta":{"_acf_changed":false,"_seopress_robots_primary_cat":"none","_seopress_titles_title":"Low Cost 235kg Tomato Paste | Bulk Price via Scale Production","_seopress_titles_desc":"Get the best low cost 235kg tomato paste directly from our factory. We minimize costs through large-scale automated production and optimized port logistics. High-quality 28-30% Brix at unbeatable bulk prices. Request a quote!","_seopress_robots_index":"","site-sidebar-layout":"default","site-content-layout":"","ast-site-content-layout":"default","site-content-style":"default","site-sidebar-style":"default","ast-global-header-display":"","ast-banner-title-visibility":"","ast-main-header-display":"","ast-hfb-above-header-display":"","ast-hfb-below-header-display":"","ast-hfb-mobile-header-display":"","site-post-title":"","ast-breadcrumbs-content":"","ast-featured-img":"","footer-sml-layout":"","ast-disable-related-posts":"","theme-transparent-header-meta":"default","adv-header-id-meta":"","stick-header-meta":"","header-above-stick-meta":"","header-main-stick-meta":"","header-below-stick-meta":"","astra-migrate-meta-layouts":"set","ast-page-background-enabled":"default","ast-page-background-meta":{"desktop":{"background-color":"var(--ast-global-color-5)","background-image":"","background-repeat":"repeat","background-position":"center center","background-size":"auto","background-attachment":"scroll","background-type":"","background-media":"","overlay-type":"","overlay-color":"","overlay-opacity":"","overlay-gradient":""},"tablet":{"background-color":"","background-image":"","background-repeat":"repeat","background-position":"center center","background-size":"auto","background-attachment":"scroll","background-type":"","background-media":"","overlay-type":"","overlay-color":"","overlay-opacity":"","overlay-gradient":""},"mobile":{"background-color":"","background-image":"","background-repeat":"repeat","background-position":"center center","background-size":"auto","background-attachment":"scroll","background-type":"","background-media":"","overlay-type":"","overlay-color":"","overlay-opacity":"","overlay-gradient":""}},"ast-content-background-meta":{"desktop":{"background-color":"var(--ast-global-color-4)","background-image":"","background-repeat":"repeat","background-position":"center center","background-size":"auto","background-attachment":"scroll","background-type":"","background-media":"","overlay-type":"","overlay-color":"","overlay-opacity":"","overlay-gradient":""},"tablet":{"background-color":"var(--ast-global-color-4)","background-image":"","background-repeat":"repeat","background-position":"center center","background-size":"auto","background-attachment":"scroll","background-type":"","background-media":"","overlay-type":"","overlay-color":"","overlay-opacity":"","overlay-gradient":""},"mobile":{"background-color":"var(--ast-global-color-4)","background-image":"","background-repeat":"repeat","background-position":"center center","background-size":"auto","background-attachment":"scroll","background-type":"","background-media":"","overlay-type":"","overlay-color":"","overlay-opacity":"","overlay-gradient":""}}},"product_brand":[],"product_cat":[28],"product_tag":[],"class_list":{"0":"post-3254","1":"product","2":"type-product","3":"status-publish","4":"has-post-thumbnail","6":"product_cat-drum-tomato-paste","7":"desktop-align-left","8":"tablet-align-left","9":"mobile-align-left","11":"first","12":"instock","13":"sale","14":"shipping-taxable","15":"purchasable","16":"product-type-simple"},"acf":[],"_links":{"self":[{"href":"https:\/\/taichytomato.com\/fr\/wp-json\/wp\/v2\/product\/3254","targetHints":{"allow":["GET"]}}],"collection":[{"href":"https:\/\/taichytomato.com\/fr\/wp-json\/wp\/v2\/product"}],"about":[{"href":"https:\/\/taichytomato.com\/fr\/wp-json\/wp\/v2\/types\/product"}],"version-history":[{"count":0,"href":"https:\/\/taichytomato.com\/fr\/wp-json\/wp\/v2\/product\/3254\/revisions"}],"wp:featuredmedia":[{"embeddable":true,"href":"https:\/\/taichytomato.com\/fr\/wp-json\/wp\/v2\/media\/3258"}],"wp:attachment":[{"href":"https:\/\/taichytomato.com\/fr\/wp-json\/wp\/v2\/media?parent=3254"}],"wp:term":[{"taxonomy":"product_brand","embeddable":true,"href":"https:\/\/taichytomato.com\/fr\/wp-json\/wp\/v2\/product_brand?post=3254"},{"taxonomy":"product_cat","embeddable":true,"href":"https:\/\/taichytomato.com\/fr\/wp-json\/wp\/v2\/product_cat?post=3254"},{"taxonomy":"product_tag","embeddable":true,"href":"https:\/\/taichytomato.com\/fr\/wp-json\/wp\/v2\/product_tag?post=3254"}],"curies":[{"name":"wp","href":"https:\/\/api.w.org\/{rel}","templated":true}]}}