{"id":296,"date":"2025-04-25T00:33:46","date_gmt":"2025-04-25T08:33:46","guid":{"rendered":"https:\/\/taichytomato.com\/?post_type=product&#038;p=296"},"modified":"2025-11-26T19:08:21","modified_gmt":"2025-11-27T03:08:21","slug":"drum-tomato-paste-36-38","status":"publish","type":"product","link":"https:\/\/taichytomato.com\/fr\/produit\/drum-tomato-paste-36-38\/","title":{"rendered":"P\u00e2te de Tomate Brix 36-38% en Tambour"},"content":{"rendered":"<h2><strong><b>P\u00e2te de tomate <\/b><\/strong><strong><b>degr\u00e9s Brix <\/b><\/strong><b><\/b><strong><b>36<\/b><\/strong><strong><b>%-3<\/b><\/strong><strong><b>8<\/b><\/strong><strong><b>%\uff08<\/b><\/strong><strong><b>CB<\/b><\/strong><strong><b>\uff09<\/b><\/strong><\/h2>\n<h3 data-start=\"328\" data-end=\"391\"><strong data-start=\"332\" data-end=\"391\">1. Excellence du produit : D\u00e9finition du concentr\u00e9 de tomate 36\u201338 Brix<\/strong><\/h3>\n<p data-start=\"393\" data-end=\"683\">Notre <strong data-start=\"397\" data-end=\"424\">Concentr\u00e9 de tomate 36\u201338 Brix<\/strong> fixe la r\u00e9f\u00e9rence mondiale pour les produits de tomate concentr\u00e9s. Ce <strong data-start=\"490\" data-end=\"519\">p\u00e2te triple concentr\u00e9e<\/strong> offre une puret\u00e9 exceptionnelle, une couleur riche et une forte teneur en solides \u2014 faisant de lui la mati\u00e8re premi\u00e8re privil\u00e9gi\u00e9e pour la production industrielle de sauces, ketchup et jus.<\/p>\n<p data-start=\"685\" data-end=\"986\">Nous sommes un <strong data-start=\"694\" data-end=\"747\">exportateur leader de concentr\u00e9 de tomate 36\u201338 Brix en France<\/strong>, fournissant <strong data-start=\"759\" data-end=\"786\">concentr\u00e9 de tomate industriel<\/strong> qui respecte les normes internationales les plus strictes (<strong>HACCP, ISO, Casher, Halal<\/strong>). Le <strong data-start=\"869\" data-end=\"894\">r\u00e9duction de la teneur en eau<\/strong> assure une logistique \u00e9conomique, un traitement plus rapide et une qualit\u00e9 constante \u00e0 chaque lot.<\/p>\n<h3 data-start=\"993\" data-end=\"1052\"><strong data-start=\"997\" data-end=\"1052\">2. Types de traitement :\u00a0 <a href=\"https:\/\/taichytomato.com\/fr\/what-is-cold-break-tomato-paste-a-guide-to-the-cb-production-process\/\">Cold Break<\/a>\u00a0<\/strong><\/h3>\n<h4 data-start=\"1054\" data-end=\"1097\"><strong data-start=\"1059\" data-end=\"1097\">Concentr\u00e9 de tomate Cold Break 36\u201338 Brix<\/strong><\/h4>\n<ul data-start=\"1098\" data-end=\"1453\">\n<li data-start=\"1098\" data-end=\"1202\">\n<p data-start=\"1100\" data-end=\"1202\"><strong data-start=\"1100\" data-end=\"1116\">Usage principal :<\/strong> Id\u00e9al pour le jus de tomate, les sauces et les applications n\u00e9cessitant une saveur naturelle et fra\u00eeche.<\/p>\n<\/li>\n<li data-start=\"1203\" data-end=\"1275\">\n<p data-start=\"1205\" data-end=\"1275\"><strong data-start=\"1205\" data-end=\"1217\">Profil :<\/strong> Valeur Bostwick plus faible et caract\u00e9ristiques d'\u00e9coulement plus lisse.<\/p>\n<\/li>\n<li data-start=\"1276\" data-end=\"1453\">\n<p data-start=\"1278\" data-end=\"1453\"><strong data-start=\"1278\" data-end=\"1303\">Avantage industriel :<\/strong> Notre <strong data-start=\"1308\" data-end=\"1356\">Concentr\u00e9 de tomate en vrac Cold Break 36\u201338 pour jus<\/strong> assure une couleur vive et une viscosit\u00e9 \u00e9quilibr\u00e9e, parfait pour la production de boissons et de sauces l\u00e9g\u00e8res.<\/p>\n<\/li>\n<\/ul>\n<p data-start=\"1915\" data-end=\"2067\">Nous personnalisons les niveaux de viscosit\u00e9 et les m\u00e9thodes de traitement selon les sp\u00e9cifications du client, garantissant que chaque lot offre une performance industrielle coh\u00e9rente.<\/p>\n<h2>3. <strong>Sp\u00e9cification du produit<\/strong><\/h2>\n<table>\n<tbody>\n<tr>\n<td width=\"147\"><a href=\"https:\/\/taichytomato.com\/fr\/brix-and-tomato-concentrate\/\">brix (solides)%<\/a><\/td>\n<td width=\"460\">36-38%<\/td>\n<\/tr>\n<tr>\n<td width=\"147\">type<\/td>\n<td width=\"460\">Cold Break<\/td>\n<\/tr>\n<tr>\n<td width=\"147\"><a href=\"https:\/\/taichytomato.com\/fr\/lycopene-mg-100g-summary-tomato-paste-information\/\">lycop\u00e8ne<\/a>(mg\/100g)<\/td>\n<td width=\"460\">&gt;55<\/td>\n<\/tr>\n<tr>\n<td width=\"147\"><a href=\"https:\/\/taichytomato.com\/fr\/viscosity-metric-summary-tomato-paste\/\">bostwick<\/a>(\u00e0 brix<br \/>\n12.5%cm\/30sec<\/td>\n<td width=\"460\">7.0-9.0<\/td>\n<\/tr>\n<tr>\n<td width=\"147\">acidit\u00e9 totale%<\/td>\n<td width=\"460\">&lt;8<\/td>\n<\/tr>\n<tr>\n<td width=\"147\">HM.C%<\/td>\n<td width=\"460\">&lt;45<\/td>\n<\/tr>\n<tr>\n<td width=\"147\">PH<\/td>\n<td width=\"460\">4,2\u00b10,2<\/td>\n<\/tr>\n<tr>\n<td width=\"147\"><a href=\"https:\/\/taichytomato.com\/fr\/l-and-a-b-values-tomato-paste\/\">A\/B<\/a><\/td>\n<td width=\"460\">&gt;2,1<\/td>\n<\/tr>\n<tr>\n<td width=\"147\">Conserve(mg)<\/td>\n<td width=\"460\">&lt;200<\/td>\n<\/tr>\n<tr>\n<td width=\"147\">Cuivre(mg)<\/td>\n<td width=\"460\">&lt;10<\/td>\n<\/tr>\n<tr>\n<td width=\"147\">Plomb(mg)<\/td>\n<td width=\"460\">&lt;1<\/td>\n<\/tr>\n<tr>\n<td width=\"147\">Arsenic(mg)<\/td>\n<td width=\"460\">&lt;0.5<\/td>\n<\/tr>\n<tr>\n<td width=\"147\">\u00c9cran<\/td>\n<td width=\"460\">0,6 mm<\/td>\n<\/tr>\n<tr>\n<td width=\"147\">Couleur<\/td>\n<td width=\"460\">Rouge vif \u00e0 rouge fonc\u00e9 sans nuances brunes<\/td>\n<\/tr>\n<tr>\n<td width=\"147\">Format d'emballage<\/td>\n<td width=\"460\">Sachet aseptique de 220 litres en f\u00fbt<\/p>\n<p>emballage 80 f\u00fbts\/20FCL,<\/p>\n<p>224 f\u00fbts\/wagon.<\/p>\n<p>N.W.235-260kg\/4 f\u00fbts sur une palette<\/td>\n<\/tr>\n<tr>\n<td width=\"147\"><a href=\"https:\/\/taichytomato.com\/fr\/where-to-store-tomato-paste\/\">Condition de stockage<\/a><\/td>\n<td width=\"460\">Rangez dans un espace propre, sec et bien ventil\u00e9, \u00e9vitez le contact direct<br \/>\nensoleillement pour les produits<\/td>\n<\/tr>\n<\/tbody>\n<\/table>\n<p>Pour des solutions personnalis\u00e9es ou des achats en gros,\u00a0<a href=\"https:\/\/taichytomato.com\/fr\/contact\/\">veuillez contacter notre \u00e9quipe commerciale \u00e0 tout moment.<\/a><\/p>\n<div class=\"mceTemp\"><\/div>\n<p><!--more--><\/p>\n<h3 data-start=\"2074\" data-end=\"2115\"><strong data-start=\"2078\" data-end=\"2115\">4. Emballage, Logistique &amp; Tarification<\/strong><\/h3>\n<h4 data-start=\"2117\" data-end=\"2150\"><strong data-start=\"2122\" data-end=\"2150\">Solutions d'emballage en vrac<\/strong><\/h4>\n<p data-start=\"2151\" data-end=\"2385\">Notre <strong data-start=\"2155\" data-end=\"2187\">Concentr\u00e9 de tomate en f\u00fbt 36\u201338 Brix<\/strong> est emball\u00e9 de mani\u00e8re aseptique dans <strong>sacs de 220 litres \u00e0 l'int\u00e9rieur de f\u00fbts en acier<\/strong>, garantissant st\u00e9rilit\u00e9 et <strong>longue dur\u00e9e de conservation (24 mois)<\/strong>. L'emballage robuste pr\u00e9serve la saveur, la couleur et la viscosit\u00e9 tout au long du transport international.<\/p>\n<h4 data-start=\"2387\" data-end=\"2416\"><strong data-start=\"2392\" data-end=\"2416\">Approvisionnement &amp; Exportation<\/strong><\/h4>\n<ul data-start=\"2417\" data-end=\"2913\">\n<li data-start=\"2417\" data-end=\"2563\">\n<p data-start=\"2419\" data-end=\"2563\"><strong data-start=\"2419\" data-end=\"2427\">Quantit\u00e9 minimale de commande :<\/strong> Veuillez vous renseigner sur notre <strong data-start=\"2453\" data-end=\"2503\">Quantit\u00e9 Minimale de Commande pour le Concentr\u00e9 de Tomate 36\u201338 Brix<\/strong>. La MOQ standard est un chargement complet de conteneur (\u224880\u2013100 f\u00fbts).<\/p>\n<\/li>\n<li data-start=\"2564\" data-end=\"2713\">\n<p data-start=\"2566\" data-end=\"2713\"><strong data-start=\"2566\" data-end=\"2578\">Tarification :<\/strong> Contactez-nous pour un <strong data-start=\"2596\" data-end=\"2654\">prix comp\u00e9titif sur la p\u00e2te de tomate en f\u00fbts aseptiques 36\u201338 Brix<\/strong>. Des tarifs bas\u00e9s sur le volume et des contrats annuels sont disponibles.<\/p>\n<\/li>\n<li data-start=\"2714\" data-end=\"2913\">\n<p data-start=\"2716\" data-end=\"2913\"><strong data-start=\"2716\" data-end=\"2735\">March\u00e9s d'exportation :<\/strong> En tant que fabricant de confiance de <strong data-start=\"2749\" data-end=\"2796\">Exportateur de p\u00e2te de tomate 36\u201338 Brix depuis la France<\/strong>, nous servons des partenaires \u00e0 travers l'Asie, l'Afrique, le Moyen-Orient et l'Am\u00e9rique du Sud avec un support complet pour la documentation d'exportation.<\/p>\n<\/li>\n<\/ul>\n<hr \/>\n<h3 data-start=\"2920\" data-end=\"2960\"><strong data-start=\"2924\" data-end=\"2960\">5. Applications industrielles id\u00e9ales<\/strong><\/h3>\n<p data-start=\"2962\" data-end=\"3125\">Choisir <strong data-start=\"2971\" data-end=\"3018\">P\u00e2te de tomate triple concentr\u00e9e 36\u201338 Brix<\/strong> permet aux fabricants d'aliments d'atteindre des concentrations souhait\u00e9es plus rapidement, am\u00e9liorant l'efficacit\u00e9 et les \u00e9conomies de co\u00fbts.<\/p>\n<ul data-start=\"3127\" data-end=\"3396\">\n<li data-start=\"3127\" data-end=\"3218\">\n<p data-start=\"3129\" data-end=\"3218\"><strong data-start=\"3129\" data-end=\"3155\">Ketchup &amp; Sauces pour p\u00e2tes :<\/strong> Couleur rouge profond et viscosit\u00e9 stable pour des condiments haut de gamme.<\/p>\n<\/li>\n<li data-start=\"3219\" data-end=\"3308\">\n<p data-start=\"3221\" data-end=\"3308\"><strong data-start=\"3221\" data-end=\"3247\">Jus de tomate &amp; Boissons :<\/strong> Go\u00fbt frais et couleur vive pour des boissons naturelles \u00e0 base de tomate.<\/p>\n<\/li>\n<li data-start=\"3309\" data-end=\"3396\">\n<p data-start=\"3311\" data-end=\"3396\"><strong data-start=\"3311\" data-end=\"3341\">Sauces de cuisson industrielles :<\/strong> Excellente r\u00e9tention de la texture dans les aliments trait\u00e9s par chaleur.<\/p>\n<\/li>\n<\/ul>\n<p data-start=\"3398\" data-end=\"3583\">Que vous ayez besoin <strong data-start=\"3415\" data-end=\"3453\">Concentr\u00e9 de tomate Cold Break 36\u201338 Brix<\/strong> pour des boissons ou des sauces, nous proposons des solutions sur mesure pour atteindre vos objectifs de production.<\/p>\n<h2><span style=\"color: #ff0000;\"><strong>6.FAQ<\/strong><\/span><\/h2>\n<p><strong>Q : Fournissez-vous un \u00e9chantillon ? Est-il gratuit ?\u00a0<\/strong><\/p>\n<p>R : Nous pouvons fournir un \u00e9chantillon gratuit, mais vous devez payer les frais de port. si vous le souhaitez, veuillez cliquer\u00a0<a href=\"https:\/\/taichytomato.com\/fr\/contact\/\">ici\u00a0<\/a><\/p>\n<p><strong>Q : Quel certificat avez-vous ?\u00a0<\/strong><\/p>\n<p>R : Nous sommes certifi\u00e9s HACCP, ISO, BRC, HALAL.<\/p>\n<p><strong>Q : Quel est votre service d'exp\u00e9dition ?\u00a0<\/strong><\/p>\n<p>R : Nous pouvons fournir des services de r\u00e9servation de navires, de consolidation de marchandises, de d\u00e9claration en douane, de pr\u00e9paration des documents d'exp\u00e9dition et de livraison en vrac au port d'exp\u00e9dition.<\/p>\n<p><strong>Q : Quel est votre MOQ ?\u00a0<\/strong><\/p>\n<p>R\u00a0: Notre MOQ est normalement d\u2019un conteneur, mais nous pouvons \u00e9galement vous aider avec le LCL si vous en avez besoin.<\/p>\n<p><strong>Q : Vous souhaitez en savoir plus sur l'achat<\/strong><\/p>\n<p>A : veuillez voir ceci<a href=\"https:\/\/taichytomato.com\/fr\/buyers-guide-for-drum-tomato-paste\/\">\u00a0Guide d'achat de tomates en conserve\u00a0<\/a><\/p>\n<p>[<a href=\"https:\/\/taichytomato.com\/fr\/contact\/\"><strong data-start=\"4165\" data-end=\"4183\">CONTACTEZ-NOUS MAINTENANT<\/strong><\/a>\u2014 Parlez avec l\u2019un de nos professionnels <strong data-start=\"4222\" data-end=\"4259\">Fournisseurs de concentr\u00e9 de tomate 36\u201338 Brix<\/strong> pour s\u00e9curiser votre prochaine exp\u00e9dition.<\/p>\n<p>&nbsp;<\/p>","protected":false},"excerpt":{"rendered":"<p>Ce produit est un concentr\u00e9 de tomate Brix 28-38%, f\u00fbt de 1000L, id\u00e9al pour une utilisation industrielle dans les sauces, soupes et jus. Il conserve la saveur naturelle de la tomate et ses nutriments, avec une couleur rouge vif, une acidit\u00e9 \u00e9quilibr\u00e9e et une teneur \u00e9lev\u00e9e en lycop\u00e8ne. Fabriqu\u00e9 \u00e0 partir de tomates de haute qualit\u00e9 provenant du nord-ouest de la Chine, il utilise des graines Heinz et Delmont de premi\u00e8re qualit\u00e9. Le produit est certifi\u00e9 ISO, HACCP, HALAL et KOSHER. Emball\u00e9 dans des f\u00fbts aseptiques de 1000L, il a une dur\u00e9e de conservation de 24 mois et est stock\u00e9 dans un environnement frais. TAICHY FOOD offre \u00e9galement une logistique performante, incluant un transport multimodal et un historique d\u2019exportation de concentr\u00e9 de tomate vers la Russie.<\/p>","protected":false},"featured_media":264,"template":"","meta":{"_acf_changed":false,"_seopress_robots_primary_cat":"none","_seopress_titles_title":"36-38% CB Drum Tomato Paste |Trible Concentration | Taichy","_seopress_titles_desc":"We're 36-38% Brix  Drum Tomato Past Cold Break manufacturers and suppliers in China, specialized in providing high quality customized service.","_seopress_robots_index":"","site-sidebar-layout":"default","site-content-layout":"","ast-site-content-layout":"default","site-content-style":"default","site-sidebar-style":"default","ast-global-header-display":"","ast-banner-title-visibility":"","ast-main-header-display":"","ast-hfb-above-header-display":"","ast-hfb-below-header-display":"","ast-hfb-mobile-header-display":"","site-post-title":"","ast-breadcrumbs-content":"","ast-featured-img":"","footer-sml-layout":"","ast-disable-related-posts":"","theme-transparent-header-meta":"default","adv-header-id-meta":"","stick-header-meta":"","header-above-stick-meta":"","header-main-stick-meta":"","header-below-stick-meta":"","astra-migrate-meta-layouts":"set","ast-page-background-enabled":"default","ast-page-background-meta":{"desktop":{"background-color":"var(--ast-global-color-5)","background-image":"","background-repeat":"repeat","background-position":"center center","background-size":"auto","background-attachment":"scroll","background-type":"","background-media":"","overlay-type":"","overlay-color":"","overlay-opacity":"","overlay-gradient":""},"tablet":{"background-color":"","background-image":"","background-repeat":"repeat","background-position":"center center","background-size":"auto","background-attachment":"scroll","background-type":"","background-media":"","overlay-type":"","overlay-color":"","overlay-opacity":"","overlay-gradient":""},"mobile":{"background-color":"","background-image":"","background-repeat":"repeat","background-position":"center center","background-size":"auto","background-attachment":"scroll","background-type":"","background-media":"","overlay-type":"","overlay-color":"","overlay-opacity":"","overlay-gradient":""}},"ast-content-background-meta":{"desktop":{"background-color":"var(--ast-global-color-4)","background-image":"","background-repeat":"repeat","background-position":"center center","background-size":"auto","background-attachment":"scroll","background-type":"","background-media":"","overlay-type":"","overlay-color":"","overlay-opacity":"","overlay-gradient":""},"tablet":{"background-color":"var(--ast-global-color-4)","background-image":"","background-repeat":"repeat","background-position":"center center","background-size":"auto","background-attachment":"scroll","background-type":"","background-media":"","overlay-type":"","overlay-color":"","overlay-opacity":"","overlay-gradient":""},"mobile":{"background-color":"var(--ast-global-color-4)","background-image":"","background-repeat":"repeat","background-position":"center center","background-size":"auto","background-attachment":"scroll","background-type":"","background-media":"","overlay-type":"","overlay-color":"","overlay-opacity":"","overlay-gradient":""}}},"product_brand":[],"product_cat":[28],"product_tag":[187,189,46,188],"class_list":{"0":"post-296","1":"product","2":"type-product","3":"status-publish","4":"has-post-thumbnail","6":"product_cat-drum-tomato-paste","7":"product_tag-36-38-cb","8":"product_tag-cold-break","9":"product_tag-drum-tomato-paste","10":"product_tag-tomato-paste-36-38","11":"desktop-align-left","12":"tablet-align-left","13":"mobile-align-left","15":"first","16":"instock","17":"sale","18":"shipping-taxable","19":"purchasable","20":"product-type-simple"},"acf":[],"_links":{"self":[{"href":"https:\/\/taichytomato.com\/fr\/wp-json\/wp\/v2\/product\/296","targetHints":{"allow":["GET"]}}],"collection":[{"href":"https:\/\/taichytomato.com\/fr\/wp-json\/wp\/v2\/product"}],"about":[{"href":"https:\/\/taichytomato.com\/fr\/wp-json\/wp\/v2\/types\/product"}],"version-history":[{"count":0,"href":"https:\/\/taichytomato.com\/fr\/wp-json\/wp\/v2\/product\/296\/revisions"}],"wp:featuredmedia":[{"embeddable":true,"href":"https:\/\/taichytomato.com\/fr\/wp-json\/wp\/v2\/media\/264"}],"wp:attachment":[{"href":"https:\/\/taichytomato.com\/fr\/wp-json\/wp\/v2\/media?parent=296"}],"wp:term":[{"taxonomy":"product_brand","embeddable":true,"href":"https:\/\/taichytomato.com\/fr\/wp-json\/wp\/v2\/product_brand?post=296"},{"taxonomy":"product_cat","embeddable":true,"href":"https:\/\/taichytomato.com\/fr\/wp-json\/wp\/v2\/product_cat?post=296"},{"taxonomy":"product_tag","embeddable":true,"href":"https:\/\/taichytomato.com\/fr\/wp-json\/wp\/v2\/product_tag?post=296"}],"curies":[{"name":"wp","href":"https:\/\/api.w.org\/{rel}","templated":true}]}}