{"id":2369,"date":"2025-09-03T19:23:56","date_gmt":"2025-09-04T03:23:56","guid":{"rendered":"https:\/\/taichytomato.com\/?post_type=product&#038;p=2369"},"modified":"2026-01-03T22:47:35","modified_gmt":"2026-01-04T06:47:35","slug":"220l-drum-tomato-paste","status":"publish","type":"product","link":"https:\/\/taichytomato.com\/fr\/produit\/220l-drum-tomato-paste\/","title":{"rendered":"P\u00e2te de tomate en tambour de 220L"},"content":{"rendered":"<h2>1. Cuve de tomate en vrac Premium 220L Usine | Devis en gros de Chine<\/h2>\n<p>Taichy Food est une entreprise professionnelle <strong data-start=\"244\" data-end=\"282\">usine de concentr\u00e9 de tomate de 220L en Chine<\/strong>, sp\u00e9cialis\u00e9e dans la production en vrac de concentr\u00e9 de tomate et l'approvisionnement mondial en gros. Avec <strong data-start=\"363\" data-end=\"403\">deux lignes de traitement de la tomate avanc\u00e9es<\/strong>, notre usine a la capacit\u00e9 de traiter <strong data-start=\"445\" data-end=\"490\">plus de 1 500 tonnes de tomates fra\u00eeches par jour<\/strong>, garantissant une production stable pour les commandes de gros volumes.<\/p>\n<h3 data-start=\"541\" data-end=\"599\">Avantage naturel pour un concentr\u00e9 de tomate 220L de haute qualit\u00e9<\/h3>\n<p data-start=\"600\" data-end=\"1019\">Situ\u00e9e \u00e0 Tacheng, une r\u00e9gion connue pour sa <strong data-start=\"643\" data-end=\"719\">longue dur\u00e9e d'ensoleillement et ses diff\u00e9rences de temp\u00e9rature jour\u2013nuit importantes<\/strong>, Taichy Food b\u00e9n\u00e9ficie de conditions id\u00e9ales pour la culture de la tomate. Ces facteurs naturels permettent aux tomates de pousser plus grosses, d'accumuler <strong data-start=\"844\" data-end=\"868\">une teneur en solides plus \u00e9lev\u00e9e<\/strong>, et de d\u00e9velopper <strong data-start=\"882\" data-end=\"906\">des niveaux riches en lycop\u00e8ne<\/strong>, ce qui les rend particuli\u00e8rement adapt\u00e9es pour <strong data-start=\"944\" data-end=\"970\">Concentr\u00e9 de tomate en f\u00fbt de 220L<\/strong> une utilisation dans les applications industrielles et de restauration.<\/p>\n<p><!--more--><\/p>\n<h2><strong>2. \u00c0 propos de notre pur\u00e9e de tomate en f\u00fbts <span class=\"math-inline\"><span class=\"katex\"><span class=\"katex-html\" aria-hidden=\"true\"><span class=\"base\"><span class=\"mord\">220<\/span><span class=\"mord text\"><span class=\"mord\">L<\/span><\/span><\/span><\/span><\/span><\/span><\/strong><\/h2>\n<p>Notre <b><span class=\"math-inline\"><span class=\"katex\"><span class=\"katex-html\" aria-hidden=\"true\"><span class=\"base\"><span class=\"mord\">220<\/span><span class=\"mord text\"><span class=\"mord\">L<\/span><\/span><\/span><\/span><\/span><\/span> <span class=\"math-inline\"><span class=\"katex\"><span class=\"katex-html\" aria-hidden=\"true\"><span class=\"base\"><span class=\"mord text\"><span class=\"mord\">pur\u00e9e de tomate en f\u00fbts<\/span><\/span><\/span><\/span><\/span><\/span><\/b> est fabriqu\u00e9e \u00e0 partir de <strong><span class=\"math-inline\"><span class=\"katex\"><span class=\"katex-html\" aria-hidden=\"true\"><span class=\"base\"><span class=\"mord\">100%<\/span><\/span><\/span><\/span><\/span> tomates fra\u00eeches<\/strong>, <strong>m\u00fbres<\/strong> et constitue la mati\u00e8re premi\u00e8re pr\u00e9f\u00e9r\u00e9e des fabricants alimentaires mondiaux. Nous proposons <b><span class=\"math-inline\"><span class=\"katex\"><span class=\"katex-html\" aria-hidden=\"true\"><span class=\"base\"><span class=\"mord\">220<\/span><span class=\"mord text\"><span class=\"mord\">L<\/span><\/span><\/span><\/span><\/span><\/span> <span class=\"math-inline\"><span class=\"katex\"><span class=\"katex-html\" aria-hidden=\"true\"><span class=\"base\"><span class=\"mord text\"><span class=\"mord\">de la pur\u00e9e de tomate en f\u00fbts en gros<\/span><\/span><\/span><\/span><\/span><\/span><\/b>\u00a0emballage pour garantir la plus haute qualit\u00e9 et rentabilit\u00e9.<\/p>\n<p><b>Points cl\u00e9s de vente :<\/b><\/p>\n<ul>\n<li><b>Assurance qualit\u00e9 :<\/b> Disponible en diff\u00e9rentes concentrations (<strong><span class=\"math-inline\"><span class=\"katex\"><span class=\"katex-html\" aria-hidden=\"true\"><span class=\"base\"><span class=\"mord text\"><span class=\"mord\">degr\u00e9s Brix<\/span><\/span><\/span><\/span><\/span><\/span><\/strong>) options, y compris la norme du march\u00e9 <strong><span class=\"math-inline\"><span class=\"katex\"><span class=\"katex-html\" aria-hidden=\"true\"><span class=\"base\"><span class=\"mord\">36<\/span><span class=\"mbin\">\u2212<\/span><\/span><span class=\"base\"><span class=\"mord\">38%<\/span><\/span><\/span><\/span><\/span> <span class=\"math-inline\"><span class=\"katex\"><span class=\"katex-html\" aria-hidden=\"true\"><span class=\"base\"><span class=\"mord text\"><span class=\"mord\">Refroidissement \u00e0 sec<\/span><\/span><\/span><\/span><\/span><\/span> p\u00e2te de tomate.<\/strong><\/li>\n<li><b>Emballage s\u00e9curis\u00e9 :<\/b> Conditionn\u00e9 dans un robuste <strong><span class=\"math-inline\"><span class=\"katex\"><span class=\"katex-html\" aria-hidden=\"true\"><span class=\"base\"><span class=\"mord\">220<\/span><span class=\"mord text\"><span class=\"mord\">L<\/span><\/span><\/span><\/span><\/span><\/span> <span class=\"math-inline\"><span class=\"katex\"><span class=\"katex-html\" aria-hidden=\"true\"><span class=\"base\"><span class=\"mord text\"><span class=\"mord\">en acier robuste<\/span><\/span><\/span><\/span><\/span><\/span><\/strong> avec un <strong>sac aseptique int\u00e9rieur<\/strong>, garantissant la fra\u00eecheur et la s\u00e9curit\u00e9 du produit pendant le transport et le stockage.<\/li>\n<li><b>Approvisionnement mondial :<\/b> Un r\u00e9seau logistique professionnel assure une livraison rapide dans le monde entier de <b><span class=\"math-inline\"><span class=\"katex\"><span class=\"katex-html\" aria-hidden=\"true\"><span class=\"base\"><span class=\"mord\">220<\/span><span class=\"mord text\"><span class=\"mord\">L<\/span><\/span><\/span><\/span><\/span><\/span> P\u00e2te de tomate en tambour<\/b>, y compris les principaux ports asiatiques <b><span class=\"math-inline\"><span class=\"katex\"><span class=\"katex-html\" aria-hidden=\"true\"><span class=\"base\"><span class=\"mord text\"><span class=\"mord\">pr\u00e8s de Hong Kong<\/span><\/span><\/span><\/span><\/span><\/span><\/b>.<\/li>\n<\/ul>\n<figure id=\"attachment_171\" aria-describedby=\"caption-attachment-171\" style=\"width: 300px\" class=\"wp-caption alignleft\"><img fetchpriority=\"high\" decoding=\"async\" class=\"size-medium wp-image-171\" src=\"https:\/\/taichytomato.com\/wp-content\/uploads\/2025\/04\/top4-300x225.jpg\" alt=\"Concentr\u00e9 de tomate en tambour\" width=\"300\" height=\"225\" srcset=\"https:\/\/taichytomato.com\/wp-content\/uploads\/2025\/04\/top4-300x225.jpg 300w, https:\/\/taichytomato.com\/wp-content\/uploads\/2025\/04\/top4.jpg 500w\" sizes=\"(max-width: 300px) 100vw, 300px\" \/><figcaption id=\"caption-attachment-171\" class=\"wp-caption-text\">Concentr\u00e9 de tomate en tambour<\/figcaption><\/figure>\n<figure id=\"attachment_169\" aria-describedby=\"caption-attachment-169\" style=\"width: 300px\" class=\"wp-caption alignleft\"><img decoding=\"async\" class=\"size-medium wp-image-169\" src=\"https:\/\/taichytomato.com\/wp-content\/uploads\/2025\/04\/top1-300x224.jpg\" alt=\"Concentr\u00e9 de tomate en tambour\" width=\"300\" height=\"224\" srcset=\"https:\/\/taichytomato.com\/wp-content\/uploads\/2025\/04\/top1-300x224.jpg 300w, https:\/\/taichytomato.com\/wp-content\/uploads\/2025\/04\/top1-600x448.jpg 600w, https:\/\/taichytomato.com\/wp-content\/uploads\/2025\/04\/top1.jpg 610w\" sizes=\"(max-width: 300px) 100vw, 300px\" \/><figcaption id=\"caption-attachment-169\" class=\"wp-caption-text\">Concentr\u00e9 de tomate en tambour<\/figcaption><\/figure>\n<figure id=\"attachment_2374\" aria-describedby=\"caption-attachment-2374\" style=\"width: 260px\" class=\"wp-caption alignleft\"><img decoding=\"async\" class=\"wp-image-2374\" src=\"https:\/\/taichytomato.com\/wp-content\/uploads\/2025\/09\/220L-Standard-Barrier-Aseptic-Packaging-Plastic-Packing-Pouch-Food-Package-for-Tomato-Paste-Aseptic-Bags-300x300.webp\" alt=\"Emballage Aseptique\" width=\"260\" height=\"260\" srcset=\"https:\/\/taichytomato.com\/wp-content\/uploads\/2025\/09\/220L-Standard-Barrier-Aseptic-Packaging-Plastic-Packing-Pouch-Food-Package-for-Tomato-Paste-Aseptic-Bags-300x300.webp 300w, https:\/\/taichytomato.com\/wp-content\/uploads\/2025\/09\/220L-Standard-Barrier-Aseptic-Packaging-Plastic-Packing-Pouch-Food-Package-for-Tomato-Paste-Aseptic-Bags-1024x1024.webp 1024w, https:\/\/taichytomato.com\/wp-content\/uploads\/2025\/09\/220L-Standard-Barrier-Aseptic-Packaging-Plastic-Packing-Pouch-Food-Package-for-Tomato-Paste-Aseptic-Bags-150x150.webp 150w, https:\/\/taichytomato.com\/wp-content\/uploads\/2025\/09\/220L-Standard-Barrier-Aseptic-Packaging-Plastic-Packing-Pouch-Food-Package-for-Tomato-Paste-Aseptic-Bags-768x768.webp 768w, https:\/\/taichytomato.com\/wp-content\/uploads\/2025\/09\/220L-Standard-Barrier-Aseptic-Packaging-Plastic-Packing-Pouch-Food-Package-for-Tomato-Paste-Aseptic-Bags-600x600.webp 600w, https:\/\/taichytomato.com\/wp-content\/uploads\/2025\/09\/220L-Standard-Barrier-Aseptic-Packaging-Plastic-Packing-Pouch-Food-Package-for-Tomato-Paste-Aseptic-Bags-100x100.webp 100w, https:\/\/taichytomato.com\/wp-content\/uploads\/2025\/09\/220L-Standard-Barrier-Aseptic-Packaging-Plastic-Packing-Pouch-Food-Package-for-Tomato-Paste-Aseptic-Bags.webp 1500w\" sizes=\"(max-width: 260px) 100vw, 260px\" \/><figcaption id=\"caption-attachment-2374\" class=\"wp-caption-text\">Emballage Aseptique<\/figcaption><\/figure>\n<p><!--more--><\/p>\n<h2>3. Tableau des sp\u00e9cifications du produit<\/h2>\n<table dir=\"ltr\" style=\"height: 312px;\" border=\"1\" width=\"1337\" cellspacing=\"0\" cellpadding=\"0\" data-sheets-root=\"1\" data-sheets-baot=\"1\">\n<colgroup>\n<col width=\"100\" \/>\n<col width=\"399\" \/><\/colgroup>\n<tbody>\n<tr>\n<td>\u00c9l\u00e9ment de sp\u00e9cification<\/td>\n<td>D\u00e9tail<\/td>\n<\/tr>\n<tr>\n<td>Type d'emballage<\/td>\n<td><strong>Sac aseptique dans un f\u00fbt en acier<\/strong><\/td>\n<\/tr>\n<tr>\n<td>Poids net<\/td>\n<td>Env. 235KG \/ <span class=\"math-inline\"><span class=\"katex\"><span class=\"katex-html\" aria-hidden=\"true\"><span class=\"base\"><span class=\"mord\">220<\/span><span class=\"mord text\"><span class=\"mord\">\u00a0f\u00fbt de litre<\/span><\/span><\/span><\/span><\/span><\/span><\/td>\n<\/tr>\n<tr>\n<td>Capacit\u00e9<\/td>\n<td>F\u00fbt de 220 litres<\/td>\n<\/tr>\n<tr>\n<td>Concentration de tomate (<a href=\"https:\/\/taichytomato.com\/fr\/brix-and-tomato-concentrate\/\">degr\u00e9s Brix<\/a>)<\/td>\n<td><a href=\"https:\/\/taichytomato.com\/fr\/produit\/drum-tomato-paste-36-38\/\">36\u221238% CB<\/a> (<a href=\"https:\/\/taichytomato.com\/fr\/what-is-cold-break-tomato-paste-a-guide-to-the-cb-production-process\/\">Cold Break<\/a>) \/<a href=\"https:\/\/taichytomato.com\/fr\/produit\/28-30-brix-tomato-paste\/\">28-30%CB<\/a> (Cold Break)\/ 28\u221230% HB (<a href=\"https:\/\/taichytomato.com\/fr\/what-is-hot-break-tomato-paste-key-features-industrial-applications\/\">Choc thermique<\/a>)<\/td>\n<\/tr>\n<tr>\n<td><a href=\"https:\/\/taichytomato.com\/fr\/l-and-a-b-values-tomato-paste\/\">Couleur (A\/B)<\/a><\/td>\n<td>A\/B\uff1e2.1<\/td>\n<\/tr>\n<\/tbody>\n<\/table>\n<h2><!--more-->4. Informations d'achat et service<\/h2>\n<h2>Promotions de concentr\u00e9 de tomate 220L &amp; Devis en gros<\/h2>\n<p data-start=\"1648\" data-end=\"1808\">Taichy Food offre des prix comp\u00e9titifs <strong data-start=\"1679\" data-end=\"1711\">Promotions de concentr\u00e9 de tomate 220L<\/strong> pendant la saison de transformation et pour une coop\u00e9ration \u00e0 long terme. En tant que fabricant direct, nous garantissons :<\/p>\n<ul data-start=\"1810\" data-end=\"2004\">\n<li data-start=\"1810\" data-end=\"1868\">\n<p data-start=\"1812\" data-end=\"1868\"><strong data-start=\"1812\" data-end=\"1840\">Devis pour concentr\u00e9 de tomate 220L<\/strong> avec une ventilation claire des co\u00fbts<\/p>\n<\/li>\n<li data-start=\"1869\" data-end=\"1911\">\n<p data-start=\"1871\" data-end=\"1911\">Capacit\u00e9 d'approvisionnement stable pour les commandes en gros<\/p>\n<\/li>\n<li data-start=\"1912\" data-end=\"1945\">\n<p data-start=\"1914\" data-end=\"1945\">MOQ flexible pour les commandes d'essai<\/p>\n<\/li>\n<li data-start=\"1946\" data-end=\"2004\">\n<p data-start=\"1948\" data-end=\"2004\">R\u00e9ponse rapide pour les prix et les sp\u00e9cifications techniques<\/p>\n<\/li>\n<\/ul>\n<p data-start=\"2006\" data-end=\"2171\">Si vous vous approvisionnez en Chine, notre <strong data-start=\"2042\" data-end=\"2074\">Prix du concentr\u00e9 de tomate en f\u00fbt de 220L<\/strong> est con\u00e7u pour offrir un <strong data-start=\"2102\" data-end=\"2141\">avantage de co\u00fbt \u00e9quitable et durable<\/strong> sans compromettre la qualit\u00e9.<\/p>\n<hr \/>\n<h2 data-start=\"2173\" data-end=\"2235\">5. Concentr\u00e9 de tomate en f\u00fbt de 220L en gros \u2013 Prix \u00e9quitable, direct usine<\/h2>\n<p data-start=\"2236\" data-end=\"2414\">Pour les acheteurs recherchant <strong data-start=\"2255\" data-end=\"2297\">Prix \u00e9quitable en gros pour concentr\u00e9 de tomate en f\u00fbt de 220L<\/strong>, Taichy Food propose une sourcing directe d'usine, r\u00e9duisant les interm\u00e9diaires inutiles. Nos produits sont largement utilis\u00e9s dans :<\/p>\n<ul data-start=\"2416\" data-end=\"2526\">\n<li data-start=\"2416\" data-end=\"2458\">\n<p data-start=\"2418\" data-end=\"2458\">Fabrication de sauces tomate et ketchup<\/p>\n<\/li>\n<li data-start=\"2459\" data-end=\"2485\">\n<p data-start=\"2461\" data-end=\"2485\">Usines de transformation alimentaire<\/p>\n<\/li>\n<li data-start=\"2486\" data-end=\"2526\">\n<p data-start=\"2488\" data-end=\"2526\">Projets de reconditionnement et de marque priv\u00e9e<\/p>\n<\/li>\n<\/ul>\n<figure id=\"attachment_1353\" class=\"wp-caption alignnone\" aria-describedby=\"caption-attachment-1353\"><\/figure>\n<h2><strong>6.FAQ<\/strong><\/h2>\n<p><strong>Q : Fournissez-vous un \u00e9chantillon ? Est-il gratuit ?\u00a0<\/strong><\/p>\n<p>R : Nous pouvons fournir un \u00e9chantillon gratuit, mais vous devez payer les frais de port. si vous le souhaitez, veuillez cliquer\u00a0<a href=\"https:\/\/taichytomato.com\/fr\/contact\/\">ici\u00a0<\/a><\/p>\n<p><strong>Q : Quel certificat avez-vous ?\u00a0<\/strong><\/p>\n<p>R : Nous sommes certifi\u00e9s HACCP, ISO, BRC, HALAL.<\/p>\n<p><strong>Q : Quel est votre service d'exp\u00e9dition ?\u00a0<\/strong><\/p>\n<p>R : Nous pouvons fournir des services de r\u00e9servation de navires, de consolidation de marchandises, de d\u00e9claration en douane, de pr\u00e9paration des documents d'exp\u00e9dition et de livraison en vrac au port d'exp\u00e9dition.<\/p>\n<p><strong>Q\u00a0: Quel est votre MOQ\u00a0?\u00a0<\/strong><\/p>\n<p>R\u00a0: Notre MOQ est normalement d\u2019un conteneur, mais nous pouvons \u00e9galement vous aider avec le LCL si vous en avez besoin.<\/p>\n<p><b>Q:<\/b> Est-ce que le <b><span class=\"math-inline\"><span class=\"katex\"><span class=\"katex-html\" aria-hidden=\"true\"><span class=\"base\"><span class=\"mord\">220<\/span><span class=\"mord text\"><span class=\"mord\">L<\/span><\/span><\/span><\/span><\/span><\/span> <span class=\"math-inline\"><span class=\"katex\"><span class=\"katex-html\" aria-hidden=\"true\"><span class=\"base\"><span class=\"mord text\"><span class=\"mord\">prix de la p\u00e2te de tomate en f\u00fbt<\/span><\/span><\/span><\/span><\/span><\/span><\/b> est fixe\u00a0?<\/p>\n<p>A<b>:<\/b> En raison des fluctuations des co\u00fbts des mati\u00e8res premi\u00e8res et d\u2019exp\u00e9dition, le <b><span class=\"math-inline\"><span class=\"katex\"><span class=\"katex-html\" aria-hidden=\"true\"><span class=\"base\"><span class=\"mord\">220<\/span><span class=\"mord text\"><span class=\"mord\">l<\/span><\/span><\/span><\/span><\/span><\/span> <span class=\"math-inline\"><span class=\"katex\"><span class=\"katex-html\" aria-hidden=\"true\"><span class=\"base\"><span class=\"mord text\"><span class=\"mord\">prix de la tomate en f\u00fbt<\/span><\/span><\/span><\/span><\/span><\/span><\/b> peut varier. Veuillez nous contacter pour obtenir les <b>derniers devis<\/b> en fonction du march\u00e9 actuel et du volume de votre commande.<\/p>\n<p><strong>Q<\/strong><b>:<\/b> Qu\u2019est-ce que <b><span class=\"math-inline\"><span class=\"katex\"><span class=\"katex-html\" aria-hidden=\"true\"><span class=\"base\"><span class=\"mord text\"><span class=\"mord\">P\u00e2te de Tomate en F\u00fbt en Vrac Cold Break F\u00fbt en Acier 220L<\/span><\/span><\/span><\/span><\/span><\/span><\/b>?<\/p>\n<p>A<b>:<\/b> Cela fait r\u00e9f\u00e9rence \u00e0 <span class=\"math-inline\"><span class=\"katex\"><span class=\"katex-html\" aria-hidden=\"true\"><span class=\"base\"><span class=\"mord\">220<\/span><span class=\"mord text\"><span class=\"mord\">L<\/span><\/span><\/span><\/span><\/span><\/span> grande capacit\u00e9 <b>en vrac<\/b> p\u00e2te de tomate emball\u00e9e, produite \u00e0 l\u2019aide du <b>Cold Break<\/b> processus, r\u00e9sultant en une viscosit\u00e9 \u00e9lev\u00e9e, g\u00e9n\u00e9ralement utilis\u00e9e pour la fabrication de produits de tomate \u00e9pais. L\u2019emballage est un <b>F\u00fbt en Acier<\/b> pour assurer la s\u00e9curit\u00e9.<\/p>","protected":false},"excerpt":{"rendered":"<p>Notre <b><span class=\"math-inline\"><span class=\"katex\"><span class=\"katex-html\" aria-hidden=\"true\"><span class=\"base\"><span class=\"mord\">220<\/span><span class=\"mord text\"><span class=\"mord\">L<\/span><\/span><\/span><\/span><\/span><\/span> P\u00e2te de tomate en tambour<\/b> est une <strong>Grossiste<\/strong>\u00a0ingr\u00e9dient sp\u00e9cialement con\u00e7u pour les besoins industriels et en gros. Concentr\u00e9e \u00e0 partir de tomates fra\u00eeches et m\u00fbres, elle est disponible en plusieurs <span class=\"math-inline\"><span class=\"katex\"><span class=\"katex-html\" aria-hidden=\"true\"><span class=\"base\"><span class=\"mord text\"><span class=\"mord\">degr\u00e9s Brix<\/span><\/span><\/span><\/span><\/span><\/span> (par exemple<a href=\"https:\/\/taichytomato.com\/fr\/produit\/tomato-paste-28-30\/\">28-30%<\/a> ,<a href=\"https:\/\/taichytomato.com\/fr\/produit\/30-32-drum-tomato-paste\/\"> 30-32%<\/a> ,<a href=\"https:\/\/taichytomato.com\/fr\/produit\/tomato-paste-36-38\/\"> <span class=\"math-inline\"><span class=\"katex\"><span class=\"katex-html\" aria-hidden=\"true\"><span class=\"base\"><span class=\"mord\">36<\/span><span class=\"mbin\">\u2212<\/span><\/span><span class=\"base\"><span class=\"mord\">38%<\/span><\/span><\/span><\/span><\/span><\/a> ). Le produit est<strong> emball\u00e9 de mani\u00e8re aseptique<\/strong> dans un <strong>tambour <span class=\"math-inline\"><span class=\"katex\"><span class=\"katex-html\" aria-hidden=\"true\"><span class=\"base\"><span class=\"mord text\"><span class=\"mord\">en acier robuste<\/span><\/span><\/span><\/span><\/span><\/span><\/strong> pour garantir <strong>une qualit\u00e9 constante<\/strong> et <strong>fra\u00eecheur<\/strong> du processus de production \u00e0 la livraison, ce qui en fait un choix id\u00e9al pour le <strong>traitement alimentaire<\/strong> et <strong>l'industrie de la restauration<\/strong>. Veuillez nous contacter pour les derni\u00e8res <b>Prix<\/b> et <b>Devis en gros<\/b>.<\/p>","protected":false},"featured_media":170,"template":"","meta":{"_acf_changed":false,"_seopress_robots_primary_cat":"none","_seopress_titles_title":"220L Drum Tomato Paste Factory & Wholesale Supply","_seopress_titles_desc":"China 220L tomato paste direct from factory. Low-cost pricing, fast wholesale supply, promotions, and customized drums. Request quotes today.","_seopress_robots_index":"","site-sidebar-layout":"default","site-content-layout":"","ast-site-content-layout":"default","site-content-style":"default","site-sidebar-style":"default","ast-global-header-display":"","ast-banner-title-visibility":"","ast-main-header-display":"","ast-hfb-above-header-display":"","ast-hfb-below-header-display":"","ast-hfb-mobile-header-display":"","site-post-title":"","ast-breadcrumbs-content":"","ast-featured-img":"","footer-sml-layout":"","ast-disable-related-posts":"","theme-transparent-header-meta":"default","adv-header-id-meta":"","stick-header-meta":"","header-above-stick-meta":"","header-main-stick-meta":"","header-below-stick-meta":"","astra-migrate-meta-layouts":"set","ast-page-background-enabled":"default","ast-page-background-meta":{"desktop":{"background-color":"var(--ast-global-color-5)","background-image":"","background-repeat":"repeat","background-position":"center center","background-size":"auto","background-attachment":"scroll","background-type":"","background-media":"","overlay-type":"","overlay-color":"","overlay-opacity":"","overlay-gradient":""},"tablet":{"background-color":"","background-image":"","background-repeat":"repeat","background-position":"center center","background-size":"auto","background-attachment":"scroll","background-type":"","background-media":"","overlay-type":"","overlay-color":"","overlay-opacity":"","overlay-gradient":""},"mobile":{"background-color":"","background-image":"","background-repeat":"repeat","background-position":"center center","background-size":"auto","background-attachment":"scroll","background-type":"","background-media":"","overlay-type":"","overlay-color":"","overlay-opacity":"","overlay-gradient":""}},"ast-content-background-meta":{"desktop":{"background-color":"var(--ast-global-color-4)","background-image":"","background-repeat":"repeat","background-position":"center center","background-size":"auto","background-attachment":"scroll","background-type":"","background-media":"","overlay-type":"","overlay-color":"","overlay-opacity":"","overlay-gradient":""},"tablet":{"background-color":"var(--ast-global-color-4)","background-image":"","background-repeat":"repeat","background-position":"center center","background-size":"auto","background-attachment":"scroll","background-type":"","background-media":"","overlay-type":"","overlay-color":"","overlay-opacity":"","overlay-gradient":""},"mobile":{"background-color":"var(--ast-global-color-4)","background-image":"","background-repeat":"repeat","background-position":"center center","background-size":"auto","background-attachment":"scroll","background-type":"","background-media":"","overlay-type":"","overlay-color":"","overlay-opacity":"","overlay-gradient":""}}},"product_brand":[],"product_cat":[28],"product_tag":[207],"class_list":{"0":"post-2369","1":"product","2":"type-product","3":"status-publish","4":"has-post-thumbnail","6":"product_cat-drum-tomato-paste","7":"product_tag-big-drum-tomato-paste","8":"desktop-align-left","9":"tablet-align-left","10":"mobile-align-left","12":"first","13":"instock","14":"sale","15":"shipping-taxable","16":"purchasable","17":"product-type-simple"},"acf":[],"_links":{"self":[{"href":"https:\/\/taichytomato.com\/fr\/wp-json\/wp\/v2\/product\/2369","targetHints":{"allow":["GET"]}}],"collection":[{"href":"https:\/\/taichytomato.com\/fr\/wp-json\/wp\/v2\/product"}],"about":[{"href":"https:\/\/taichytomato.com\/fr\/wp-json\/wp\/v2\/types\/product"}],"version-history":[{"count":0,"href":"https:\/\/taichytomato.com\/fr\/wp-json\/wp\/v2\/product\/2369\/revisions"}],"wp:featuredmedia":[{"embeddable":true,"href":"https:\/\/taichytomato.com\/fr\/wp-json\/wp\/v2\/media\/170"}],"wp:attachment":[{"href":"https:\/\/taichytomato.com\/fr\/wp-json\/wp\/v2\/media?parent=2369"}],"wp:term":[{"taxonomy":"product_brand","embeddable":true,"href":"https:\/\/taichytomato.com\/fr\/wp-json\/wp\/v2\/product_brand?post=2369"},{"taxonomy":"product_cat","embeddable":true,"href":"https:\/\/taichytomato.com\/fr\/wp-json\/wp\/v2\/product_cat?post=2369"},{"taxonomy":"product_tag","embeddable":true,"href":"https:\/\/taichytomato.com\/fr\/wp-json\/wp\/v2\/product_tag?post=2369"}],"curies":[{"name":"wp","href":"https:\/\/api.w.org\/{rel}","templated":true}]}}