{"id":1980,"date":"2025-07-20T23:17:02","date_gmt":"2025-07-21T07:17:02","guid":{"rendered":"https:\/\/taichytomato.com\/?post_type=product&#038;p=1980"},"modified":"2025-08-18T20:10:16","modified_gmt":"2025-08-19T04:10:16","slug":"whole-canned-peeled-tomatoes","status":"publish","type":"product","link":"https:\/\/taichytomato.com\/fr\/produit\/whole-canned-peeled-tomatoes\/","title":{"rendered":"Tomates pel\u00e9es enti\u00e8res en conserve"},"content":{"rendered":"<h2><span style=\"color: #ff0000;\">Tomates pel\u00e9es enti\u00e8res en conserve<\/span><\/h2>\n<h2><span style=\"color: #ff0000;\"><strong>1. Description du produit<\/strong><\/span><\/h2>\n<p>Les plants de tomates dans le Gansu et le nord-ouest de la Chine, o\u00f9 la diff\u00e9rence de temp\u00e9rature est la plus grande et o\u00f9 le temps d'ensoleillement est le plus long. Cela permet de garder des tomates de haute qualit\u00e9.<\/p>\n<p>Vous souhaitez voir comment nous transformons des mati\u00e8res premi\u00e8res de qualit\u00e9 en p\u00e2te de tomate de confiance ?<\/p>\n<p><a href=\"https:\/\/taichytomato.com\/fr\/why-choose-us\/\">D\u00e9couvrez nos avantages de production.\u201d<\/a><\/p>\n<hr \/>\n<h2><span style=\"color: #ff0000;\"><strong>Sp\u00e9cification du produit 2\u00a0<\/strong><\/span><\/h2>\n<p><strong>Sp\u00e9cification 1 :<\/strong><\/p>\n<div class=\"table-wrap\">\n<table class=\"table\" style=\"height: 613px;\" border=\"1\" width=\"1338\" cellspacing=\"1\" cellpadding=\"1\">\n<tbody>\n<tr>\n<td>Nom du produit<\/td>\n<td>Tomates pel\u00e9es et concass\u00e9es en conserve<\/td>\n<\/tr>\n<tr>\n<td>Quantit\u00e9 Minimum de Commande<\/td>\n<td>1*20\u2019FCL conteneur<\/td>\n<\/tr>\n<tr>\n<td>Emballage<\/td>\n<td>En bo\u00eete \u00e0 l'int\u00e9rieur et en carton \u00e0 l'ext\u00e9rieur, avec \u00e9tiquette en papier<\/td>\n<\/tr>\n<tr>\n<td>Conditions de livraison<\/td>\n<td>FOB, CIF, EXW<\/td>\n<\/tr>\n<tr>\n<td>D\u00e9lai de livraison<\/td>\n<td>35 jours apr\u00e8s r\u00e9ception de l'acompte<\/td>\n<\/tr>\n<tr>\n<td>Conditions de paiement<\/td>\n<td>T\/T ou L\/C \u00e0 vue, Western Union<\/td>\n<\/tr>\n<tr>\n<td>Capacit\u00e9 d'approvisionnement<\/td>\n<td>30\u00d720\u2019FCL \/mois<\/td>\n<\/tr>\n<tr>\n<td>Port de chargement<\/td>\n<td>Chine<\/td>\n<\/tr>\n<tr>\n<td>Quantit\u00e9 Minimum de Commande<\/td>\n<td>1*20\u2019FCL conteneur<\/td>\n<\/tr>\n<\/tbody>\n<\/table>\n<\/div>\n<div class=\"table-wrap\">\n<table class=\"table\" border=\"1\" cellspacing=\"1\" cellpadding=\"1\">\n<tbody>\n<tr>\n<td>&nbsp;<\/p>\n<p><strong>Nom du produit<\/strong><\/td>\n<td><strong>Conditionnement<\/strong><\/td>\n<td><strong>D.W. (G)<\/strong><\/td>\n<\/tr>\n<tr>\n<td rowspan=\"3\">Tomates pel\u00e9es et concass\u00e9es en conserve<\/td>\n<td>400gx24bo\u00eetes<\/td>\n<td>220g<\/td>\n<\/tr>\n<tr>\n<td>800gx12bo\u00eetes<\/td>\n<td>440g<\/td>\n<\/tr>\n<tr>\n<td>2500gx6bo\u00eetes<\/td>\n<td>1375g<\/td>\n<\/tr>\n<\/tbody>\n<\/table>\n<\/div>\n<p>&nbsp;<\/p>\n<p>Pour des solutions personnalis\u00e9es ou des achats en gros,\u00a0<a href=\"https:\/\/taichytomato.com\/fr\/contact\/\">veuillez contacter notre \u00e9quipe commerciale \u00e0 tout moment.<\/a><\/p>\n<hr \/>\n<h2><span style=\"color: #ff0000;\"><strong>3. Photo d\u00e9taill\u00e9e du produit<\/strong><\/span><\/h2>\n<figure id=\"attachment_1989\" aria-describedby=\"caption-attachment-1989\" style=\"width: 300px\" class=\"wp-caption alignnone\"><img fetchpriority=\"high\" decoding=\"async\" class=\"size-medium wp-image-1989\" src=\"https:\/\/taichytomato.com\/wp-content\/uploads\/2025\/07\/peeled-tomatoes-canned-oem-service2024071110171914dd3-300x300.webp\" alt=\"Tomates pel\u00e9es en conserve\" width=\"300\" height=\"300\" srcset=\"https:\/\/taichytomato.com\/wp-content\/uploads\/2025\/07\/peeled-tomatoes-canned-oem-service2024071110171914dd3-300x300.webp 300w, https:\/\/taichytomato.com\/wp-content\/uploads\/2025\/07\/peeled-tomatoes-canned-oem-service2024071110171914dd3-150x150.webp 150w, https:\/\/taichytomato.com\/wp-content\/uploads\/2025\/07\/peeled-tomatoes-canned-oem-service2024071110171914dd3-100x100.webp 100w, https:\/\/taichytomato.com\/wp-content\/uploads\/2025\/07\/peeled-tomatoes-canned-oem-service2024071110171914dd3.webp 600w\" sizes=\"(max-width: 300px) 100vw, 300px\" \/><figcaption id=\"caption-attachment-1989\" class=\"wp-caption-text\">Tomates pel\u00e9es en conserve<\/figcaption><\/figure>\n<figure id=\"attachment_1987\" aria-describedby=\"caption-attachment-1987\" style=\"width: 300px\" class=\"wp-caption alignnone\"><img decoding=\"async\" class=\"size-medium wp-image-1987\" src=\"https:\/\/taichytomato.com\/wp-content\/uploads\/2025\/07\/peeled-tomatoes-canned-oem-service20240711101719ed6e3-300x300.webp\" alt=\"Tomates pel\u00e9es en conserve\" width=\"300\" height=\"300\" srcset=\"https:\/\/taichytomato.com\/wp-content\/uploads\/2025\/07\/peeled-tomatoes-canned-oem-service20240711101719ed6e3-300x300.webp 300w, https:\/\/taichytomato.com\/wp-content\/uploads\/2025\/07\/peeled-tomatoes-canned-oem-service20240711101719ed6e3-150x150.webp 150w, https:\/\/taichytomato.com\/wp-content\/uploads\/2025\/07\/peeled-tomatoes-canned-oem-service20240711101719ed6e3-100x100.webp 100w, https:\/\/taichytomato.com\/wp-content\/uploads\/2025\/07\/peeled-tomatoes-canned-oem-service20240711101719ed6e3.webp 600w\" sizes=\"(max-width: 300px) 100vw, 300px\" \/><figcaption id=\"caption-attachment-1987\" class=\"wp-caption-text\">Tomates pel\u00e9es en conserve<\/figcaption><\/figure>\n<figure id=\"attachment_1986\" aria-describedby=\"caption-attachment-1986\" style=\"width: 300px\" class=\"wp-caption alignnone\"><img decoding=\"async\" class=\"size-medium wp-image-1986\" src=\"https:\/\/taichytomato.com\/wp-content\/uploads\/2025\/07\/peeled-tomatoes-canned-oem-service20240711101719cbc28-300x300.webp\" alt=\"Tomates pel\u00e9es en conserve\" width=\"300\" height=\"300\" srcset=\"https:\/\/taichytomato.com\/wp-content\/uploads\/2025\/07\/peeled-tomatoes-canned-oem-service20240711101719cbc28-300x300.webp 300w, https:\/\/taichytomato.com\/wp-content\/uploads\/2025\/07\/peeled-tomatoes-canned-oem-service20240711101719cbc28-150x150.webp 150w, https:\/\/taichytomato.com\/wp-content\/uploads\/2025\/07\/peeled-tomatoes-canned-oem-service20240711101719cbc28-100x100.webp 100w, https:\/\/taichytomato.com\/wp-content\/uploads\/2025\/07\/peeled-tomatoes-canned-oem-service20240711101719cbc28.webp 600w\" sizes=\"(max-width: 300px) 100vw, 300px\" \/><figcaption id=\"caption-attachment-1986\" class=\"wp-caption-text\">Tomates pel\u00e9es en conserve<\/figcaption><\/figure>\n<hr \/>\n<h2><span style=\"color: #ff0000;\"><strong>4. Atelier de production<\/strong><\/span><\/h2>\n<p>Bienvenue \u00e0 visiter notre usine de produits de tomate et \u00e0 nous contacter.<\/p>\n<figure id=\"attachment_1352\" aria-describedby=\"caption-attachment-1352\" style=\"width: 500px\" class=\"wp-caption alignnone\"><img loading=\"lazy\" decoding=\"async\" class=\"wp-image-1352\" src=\"https:\/\/taichytomato.com\/wp-content\/uploads\/2025\/04\/1749522102558-300x225.jpg\" alt=\"Gamme de produits\" width=\"500\" height=\"375\" srcset=\"https:\/\/taichytomato.com\/wp-content\/uploads\/2025\/04\/1749522102558-300x225.jpg 300w, https:\/\/taichytomato.com\/wp-content\/uploads\/2025\/04\/1749522102558-1024x768.jpg 1024w, https:\/\/taichytomato.com\/wp-content\/uploads\/2025\/04\/1749522102558-768x576.jpg 768w, https:\/\/taichytomato.com\/wp-content\/uploads\/2025\/04\/1749522102558-1536x1152.jpg 1536w, https:\/\/taichytomato.com\/wp-content\/uploads\/2025\/04\/1749522102558-2048x1536.jpg 2048w, https:\/\/taichytomato.com\/wp-content\/uploads\/2025\/04\/1749522102558-600x450.jpg 600w\" sizes=\"(max-width: 500px) 100vw, 500px\" \/><figcaption id=\"caption-attachment-1352\" class=\"wp-caption-text\">Gamme de produits<\/figcaption><\/figure>\n<p>En savoir plus sur notre contr\u00f4le qualit\u00e9, nos certifications et notre processus de production en cliquant\u00a0<a href=\"https:\/\/taichytomato.com\/fr\/how-is-tomato-paste-made-in-a-factory\/\">ici.<\/a><\/p>\n<hr \/>\n<h2><span style=\"color: #ff0000;\"><strong>5. Emballage &amp; Logistique<\/strong><\/span><\/h2>\n<p><strong>Notre emballage<\/strong><\/p>\n<ol>\n<li>Carton en papier dur et solide pour le transport \u00e0 l'exportation.<\/li>\n<li>Film r\u00e9tractable avec plateau<\/li>\n<li>Film r\u00e9tractable uniquement<\/li>\n<\/ol>\n<figure id=\"attachment_1380\" aria-describedby=\"caption-attachment-1380\" style=\"width: 529px\" class=\"wp-caption alignnone\"><img loading=\"lazy\" decoding=\"async\" class=\"wp-image-1380\" src=\"https:\/\/taichytomato.com\/wp-content\/uploads\/2025\/05\/\u56fe\u72471-300x76.jpg\" alt=\"Mode d&#039;emballage\" width=\"529\" height=\"134\" srcset=\"https:\/\/taichytomato.com\/wp-content\/uploads\/2025\/05\/\u56fe\u72471-300x76.jpg 300w, https:\/\/taichytomato.com\/wp-content\/uploads\/2025\/05\/\u56fe\u72471.jpg 600w\" sizes=\"(max-width: 529px) 100vw, 529px\" \/><figcaption id=\"caption-attachment-1380\" class=\"wp-caption-text\">Mode d'emballage<\/figcaption><\/figure>\n<hr \/>\n<p><strong>6. Certificat<\/strong><\/p>\n<figure id=\"attachment_1381\" aria-describedby=\"caption-attachment-1381\" style=\"width: 527px\" class=\"wp-caption alignnone\"><img loading=\"lazy\" decoding=\"async\" class=\"wp-image-1381\" src=\"https:\/\/taichytomato.com\/wp-content\/uploads\/2025\/05\/\u56fe\u72472-300x247.jpg\" alt=\"Certification\" width=\"527\" height=\"434\" srcset=\"https:\/\/taichytomato.com\/wp-content\/uploads\/2025\/05\/\u56fe\u72472-300x247.jpg 300w, https:\/\/taichytomato.com\/wp-content\/uploads\/2025\/05\/\u56fe\u72472.jpg 600w\" sizes=\"(max-width: 527px) 100vw, 527px\" \/><figcaption id=\"caption-attachment-1381\" class=\"wp-caption-text\">Certification<\/figcaption><\/figure>\n<h2><span style=\"color: #ff0000;\"><strong>7<\/strong><strong>.FAQ<\/strong><\/span><\/h2>\n<p><strong>1.Quand puis-je obtenir le devis?\u00a0<\/strong><\/p>\n<p>Nous citons g\u00e9n\u00e9ralement dans les 12 heures apr\u00e8s r\u00e9ception de votre demande. Si vous \u00eates tr\u00e8s urgent d'obtenir le prix, veuillez nous le dire afin que nous consid\u00e9rions votre priorit\u00e9 de demande. Vous pouvez \u00e9galement nous contacter de toute urgence par WhatsApp. et notre \u00e9quipe marketing restera en ligne 24 heures sur 24.<\/p>\n<p>&nbsp;<\/p>\n<p><strong>2.Comment puis-je obtenir un \u00e9chantillon pour v\u00e9rifier votre qualit\u00e9?\u00a0<\/strong><\/p>\n<p>Apr\u00e8s confirmation du prix, vous pouvez demander des \u00e9chantillons pour v\u00e9rifier notre qualit\u00e9.<\/p>\n<p>Nous acceptons \u00e9galement l'inspection par un tiers (SGS\/BV) avant l'exp\u00e9dition)<\/p>\n<p>&nbsp;<\/p>\n<p><strong>3.Quels types de fichiers acceptez-vous pour l'impression?<\/strong><\/p>\n<p>PDF, Core Draw, JPG haute r\u00e9solution ou format AI<\/p>\n<p>&nbsp;<\/p>\n<p><strong>4. Pouvez-vous faire le design pour nous ?\u00a0<\/strong><\/p>\n<p>Oui. Nous avons une \u00e9quipe professionnelle poss\u00e9dant une riche exp\u00e9rience en conception et fabrication.<\/p>\n<p>Et le service est gratuit.<\/p>\n<p>&nbsp;<\/p>\n<p><strong>5. Combien de temps puis-je esp\u00e9rer recevoir l'\u00e9chantillon ?\u00a0<\/strong><\/p>\n<p>3 \u00e0 5 jours ouvrables pour les \u00e9chantillons. Nous avons un accord avec DHL, TNT, UPS et Fedex.<\/p>\n<p>&nbsp;<\/p>\n<p><strong>6. Qu'en est-il du d\u00e9lai de production de masse ?\u00a0<\/strong><\/p>\n<p>25 jours ouvrables pour la production de masse. Cela d\u00e9pend de votre quantit\u00e9, et nous ferons de notre mieux pour r\u00e9pondre \u00e0 vos besoins.<\/p>\n<p>\ud83d\udce9 <a href=\"https:\/\/taichytomato.com\/fr\/contact\/\"><u>Contactez-nous maintenant<\/u><\/a>\u00a0pour les prix, les fiches techniques et les options d'emballage OEM !<\/p>\n<p>Si vous avez des questions, cliquez ici\u201d<a href=\"https:\/\/taichytomato.com\/fr\/buyers-guide-for-canned-tomato-paste\/\"><u>Guide d'achat pour la p\u00e2te de tomate en conserve<\/u><\/a>\u201d cela vous aidera<\/p>","protected":false},"excerpt":{"rendered":"<p>Whole Canned Peeled Tomatoes 1.Product Description The tomato plants in Gansu and North west of China, where have biggest temperature [&hellip;]<\/p>","protected":false},"featured_media":1987,"template":"","meta":{"_acf_changed":false,"_seopress_robots_primary_cat":"none","_seopress_titles_title":"Whole Canned Peeled Tomatoes | Pantry Staple | Taichy","_seopress_titles_desc":"Our canned whole peeled tomatoes retain their natural shape and fresh flavor. They are a versatile pantry staple, perfect for sauces, stews, and soups.","_seopress_robots_index":"","site-sidebar-layout":"default","site-content-layout":"","ast-site-content-layout":"default","site-content-style":"default","site-sidebar-style":"default","ast-global-header-display":"","ast-banner-title-visibility":"","ast-main-header-display":"","ast-hfb-above-header-display":"","ast-hfb-below-header-display":"","ast-hfb-mobile-header-display":"","site-post-title":"","ast-breadcrumbs-content":"","ast-featured-img":"","footer-sml-layout":"","ast-disable-related-posts":"","theme-transparent-header-meta":"default","adv-header-id-meta":"","stick-header-meta":"","header-above-stick-meta":"","header-main-stick-meta":"","header-below-stick-meta":"","astra-migrate-meta-layouts":"set","ast-page-background-enabled":"default","ast-page-background-meta":{"desktop":{"background-color":"var(--ast-global-color-5)","background-image":"","background-repeat":"repeat","background-position":"center center","background-size":"auto","background-attachment":"scroll","background-type":"","background-media":"","overlay-type":"","overlay-color":"","overlay-opacity":"","overlay-gradient":""},"tablet":{"background-color":"","background-image":"","background-repeat":"repeat","background-position":"center center","background-size":"auto","background-attachment":"scroll","background-type":"","background-media":"","overlay-type":"","overlay-color":"","overlay-opacity":"","overlay-gradient":""},"mobile":{"background-color":"","background-image":"","background-repeat":"repeat","background-position":"center center","background-size":"auto","background-attachment":"scroll","background-type":"","background-media":"","overlay-type":"","overlay-color":"","overlay-opacity":"","overlay-gradient":""}},"ast-content-background-meta":{"desktop":{"background-color":"var(--ast-global-color-4)","background-image":"","background-repeat":"repeat","background-position":"center center","background-size":"auto","background-attachment":"scroll","background-type":"","background-media":"","overlay-type":"","overlay-color":"","overlay-opacity":"","overlay-gradient":""},"tablet":{"background-color":"var(--ast-global-color-4)","background-image":"","background-repeat":"repeat","background-position":"center center","background-size":"auto","background-attachment":"scroll","background-type":"","background-media":"","overlay-type":"","overlay-color":"","overlay-opacity":"","overlay-gradient":""},"mobile":{"background-color":"var(--ast-global-color-4)","background-image":"","background-repeat":"repeat","background-position":"center center","background-size":"auto","background-attachment":"scroll","background-type":"","background-media":"","overlay-type":"","overlay-color":"","overlay-opacity":"","overlay-gradient":""}}},"product_brand":[],"product_cat":[96],"product_tag":[219,45,226,44,225],"class_list":{"0":"post-1980","1":"product","2":"type-product","3":"status-publish","4":"has-post-thumbnail","6":"product_cat-canned-tomato-paste","7":"product_tag-36-38brix","8":"product_tag-canned-tomato-paste","9":"product_tag-tomato","10":"product_tag-tomato-paste","11":"product_tag-whole-canned-peeled-tomatoes","12":"desktop-align-left","13":"tablet-align-left","14":"mobile-align-left","16":"first","17":"instock","18":"sale","19":"shipping-taxable","20":"purchasable","21":"product-type-simple"},"acf":[],"_links":{"self":[{"href":"https:\/\/taichytomato.com\/fr\/wp-json\/wp\/v2\/product\/1980","targetHints":{"allow":["GET"]}}],"collection":[{"href":"https:\/\/taichytomato.com\/fr\/wp-json\/wp\/v2\/product"}],"about":[{"href":"https:\/\/taichytomato.com\/fr\/wp-json\/wp\/v2\/types\/product"}],"version-history":[{"count":0,"href":"https:\/\/taichytomato.com\/fr\/wp-json\/wp\/v2\/product\/1980\/revisions"}],"wp:featuredmedia":[{"embeddable":true,"href":"https:\/\/taichytomato.com\/fr\/wp-json\/wp\/v2\/media\/1987"}],"wp:attachment":[{"href":"https:\/\/taichytomato.com\/fr\/wp-json\/wp\/v2\/media?parent=1980"}],"wp:term":[{"taxonomy":"product_brand","embeddable":true,"href":"https:\/\/taichytomato.com\/fr\/wp-json\/wp\/v2\/product_brand?post=1980"},{"taxonomy":"product_cat","embeddable":true,"href":"https:\/\/taichytomato.com\/fr\/wp-json\/wp\/v2\/product_cat?post=1980"},{"taxonomy":"product_tag","embeddable":true,"href":"https:\/\/taichytomato.com\/fr\/wp-json\/wp\/v2\/product_tag?post=1980"}],"curies":[{"name":"wp","href":"https:\/\/api.w.org\/{rel}","templated":true}]}}