{"id":1953,"date":"2025-07-15T22:41:22","date_gmt":"2025-07-16T06:41:22","guid":{"rendered":"https:\/\/taichytomato.com\/?post_type=product&#038;p=1953"},"modified":"2026-01-08T19:14:15","modified_gmt":"2026-01-09T03:14:15","slug":"china-wholesale-flat-sachet-tomato-paste","status":"publish","type":"product","link":"https:\/\/taichytomato.com\/fr\/produit\/china-wholesale-flat-sachet-tomato-paste\/","title":{"rendered":"Concentr\u00e9 de tomate en sachet plat \u2013 Fabricant et Exportateur professionnel de Chine"},"content":{"rendered":"<h2 data-start=\"851\" data-end=\"887\"><strong data-start=\"851\" data-end=\"887\">Qu'est-ce qu'une sachet plat de p\u00e2te de tomate<\/strong><\/h2>\n<p data-start=\"889\" data-end=\"1390\">Un sachet plat de p\u00e2te de tomate est un emballage compact et scell\u00e9 rempli de p\u00e2te de tomate concentr\u00e9e, g\u00e9n\u00e9ralement en formats de 18g, 50g ou 70g.<br data-start=\"1018\" data-end=\"1021\" \/>Ce type d'emballage est largement utilis\u00e9 sur les march\u00e9s de d\u00e9tail africains et asiatiques en raison de sa commodit\u00e9 et de son abordabilit\u00e9.<br data-start=\"1136\" data-end=\"1139\" \/>Les consommateurs pr\u00e9f\u00e8rent <strong data-start=\"1156\" data-end=\"1201\">le mini sachet plat de p\u00e2te de tomate (par exemple, 18g)<\/strong> or <strong data-start=\"1205\" data-end=\"1228\">les sachets de 50g et 70g<\/strong> pour la cuisine quotidienne.<br data-start=\"1247\" data-end=\"1250\" \/>Chaque sachet contient <strong data-start=\"1271\" data-end=\"1310\">100% p\u00e2te de tomate pure, sans additifs<\/strong>, offrant une saveur de tomate riche et naturelle adapt\u00e9e aux soupes, sauces et rago\u00fbts.<\/p>\n<h2>Sachet de Concentr\u00e9 de Tomate<\/h2>\n<p>&nbsp;<\/p>\n<table dir=\"ltr\" border=\"0\" cellspacing=\"0\" cellpadding=\"0\" align=\"left\">\n<tbody>\n<tr>\n<td>Lieu d'origine<\/td>\n<td>Nord de la France<\/td>\n<td>Ingr\u00e9dient principal<\/td>\n<td>Tomates fra\u00eeches<\/td>\n<\/tr>\n<tr>\n<td>Emballage<\/td>\n<td>sachet plat<\/td>\n<td>Type de traitement<\/td>\n<td>Assaisonn\u00e9<\/td>\n<\/tr>\n<tr>\n<td>Certification<\/td>\n<td>FDA, HACCP, ISO, QS<\/td>\n<td>Ingr\u00e9dient<\/td>\n<td>30%-100% Pur\u00e9e de tomate de qualit\u00e9<\/td>\n<\/tr>\n<tr>\n<td>Go\u00fbt<\/td>\n<td>Sucr\u00e9 et Acidul\u00e9<\/td>\n<td>Nom de Marque<\/td>\n<td>Nous pouvons concevoir ou OEM<\/td>\n<\/tr>\n<tr>\n<td>Poids (L)<\/td>\n<td>50g-70g<\/td>\n<td>A\/B<\/td>\n<td>\u22652<\/td>\n<\/tr>\n<tr>\n<td>Couleur<\/td>\n<td>Rouge fonc\u00e9 et Rouge vif<\/td>\n<td>PH<\/td>\n<td>4.0-4.4<\/td>\n<\/tr>\n<tr>\n<td>degr\u00e9s Brix<\/td>\n<td>9-11%,18-20%,22-24%,26-28%,28-30%<\/td>\n<td>Dur\u00e9e de conservation<\/td>\n<td>2-3 ans<\/td>\n<\/tr>\n<tr>\n<td>HMC<\/td>\n<td>50%max<\/td>\n<td>Condition de stockage<\/td>\n<td>Dans un entrep\u00f4t sec et int\u00e9rieur<\/td>\n<\/tr>\n<\/tbody>\n<\/table>\n<p>Nous fournissons \u00e0 la fois <strong data-start=\"1785\" data-end=\"1838\">p\u00e2te de tomate en sachet plat \u00e0 chaud et \u00e0 froid<\/strong>, permettant aux importateurs de choisir la viscosit\u00e9 et la couleur adapt\u00e9es aux styles culinaires locaux.<\/p>\n<h2 data-start=\"1942\" data-end=\"1987\"><strong data-start=\"1942\" data-end=\"1987\">Processus de fabrication et contr\u00f4le qualit\u00e9<\/strong><\/h2>\n<p data-start=\"1989\" data-end=\"2374\">Notre ligne de production utilise une technologie avanc\u00e9e de traitement \u00e0 chaud pour pr\u00e9server la couleur rouge naturelle et la texture riche de la p\u00e2te de tomate.<br data-start=\"2111\" data-end=\"2114\" \/>Chaque <strong data-start=\"2120\" data-end=\"2148\">les produits de p\u00e2te de tomate en sachet plat<\/strong> est produite \u00e0 partir de tomates fra\u00eeches 100%, sans additifs ni conservateurs.<br data-start=\"2222\" data-end=\"2225\" \/>Nous suivons des syst\u00e8mes stricts de s\u00e9curit\u00e9 alimentaire ISO et HACCP, et nos produits sont enti\u00e8rement <strong data-start=\"2304\" data-end=\"2323\">certifi\u00e9s Halal<\/strong>, garantissant la conformit\u00e9 aux normes d'exportation mondiales.<\/p>\n<p data-start=\"2376\" data-end=\"2507\">De la s\u00e9lection des mati\u00e8res premi\u00e8res \u00e0 l'emballage aseptique et \u00e0 la fermeture des sachets, chaque \u00e9tape est contr\u00f4l\u00e9e pour la coh\u00e9rence, la puret\u00e9 et l'hygi\u00e8ne.<\/p>\n<hr data-start=\"2509\" data-end=\"2512\" \/>\n<h2 data-start=\"2514\" data-end=\"2548\"><strong data-start=\"2514\" data-end=\"2548\">Services OEM et de marque priv\u00e9e<\/strong><\/h2>\n<p data-start=\"2550\" data-end=\"2783\">En tant qu'entreprise exp\u00e9riment\u00e9e <strong data-start=\"2568\" data-end=\"2618\">fabricant de p\u00e2te de tomate en sachet plat en Chine<\/strong>, Taichy Tomato propose des services complets OEM et de marque priv\u00e9e pour les importateurs et distributeurs.<br data-start=\"2712\" data-end=\"2715\" \/>Nous pouvons personnaliser votre <strong data-start=\"2737\" data-end=\"2775\">marque OEM de p\u00e2te de tomate en sachet plat<\/strong> avec :<\/p>\n<ul data-start=\"2784\" data-end=\"3038\">\n<li data-start=\"2784\" data-end=\"2839\">\n<p data-start=\"2786\" data-end=\"2839\">Sachets et cartons imprim\u00e9s personnalis\u00e9s dans votre langue<\/p>\n<\/li>\n<li data-start=\"2840\" data-end=\"2892\">\n<p data-start=\"2842\" data-end=\"2892\">Artwork sp\u00e9cifique au march\u00e9 et \u00e9tiquetage promotionnel<\/p>\n<\/li>\n<li data-start=\"2893\" data-end=\"2958\">\n<p data-start=\"2895\" data-end=\"2958\">Emballage de marque pour les march\u00e9s africain, moyen-oriental ou asiatique<\/p>\n<\/li>\n<li data-start=\"2959\" data-end=\"2998\">\n<p data-start=\"2961\" data-end=\"2998\">Profils de Brix et de saveur r\u00e9glables<\/p>\n<\/li>\n<li data-start=\"2999\" data-end=\"3038\">\n<p data-start=\"3001\" data-end=\"3038\">Options de cartons en vrac ou pr\u00eats \u00e0 la vente au d\u00e9tail<\/p>\n<\/li>\n<\/ul>\n<p data-start=\"3040\" data-end=\"3152\">Avec notre service d'\u00e9tiquette priv\u00e9e, votre marque peut lancer rapidement avec <strong data-start=\"3107\" data-end=\"3151\">prix d'usine et emballage pr\u00eat \u00e0 l'exportation<\/strong>.<\/p>\n<hr data-start=\"3154\" data-end=\"3157\" \/>\n<h2 data-start=\"3159\" data-end=\"3197\"><strong data-start=\"3159\" data-end=\"3197\">Prix d'usine et approvisionnement en gros<\/strong><\/h2>\n<p data-start=\"3199\" data-end=\"3610\">Nous proposons <strong data-start=\"3210\" data-end=\"3252\">Prix d'usine de p\u00e2te de tomate en sachet plat<\/strong> directement de notre usine en Chine.<br data-start=\"3283\" data-end=\"3286\" \/>En tant que <strong data-start=\"3291\" data-end=\"3334\">Exportateur de p\u00e2te de tomate en sachet plat en Chine<\/strong>, nous garantissons un co\u00fbt comp\u00e9titif et une fourniture constante pour les acheteurs en gros.<br data-start=\"3401\" data-end=\"3404\" \/>MOQ \u00e0 partir de <strong data-start=\"3420\" data-end=\"3433\">1\u00d720\u2019 FCL<\/strong>, avec des combinaisons d'exp\u00e9dition flexibles de sachets de 18g, 50g ou 70g.<br data-start=\"3499\" data-end=\"3502\" \/>Nous proposons \u00e9galement <strong data-start=\"3516\" data-end=\"3560\">prix de gros pour p\u00e2te de tomate en sachet plat<\/strong> des remises pour les distributeurs et les clients \u00e0 long terme.<\/p>\n<p data-start=\"3612\" data-end=\"3769\">Tous les mat\u00e9riaux d'emballage sont r\u00e9sistants \u00e0 l'humidit\u00e9 et thermosoud\u00e9s pour une stabilit\u00e9 maximale du produit lors du transport vers l'Afrique, le Moyen-Orient et d'autres r\u00e9gions.<\/p>\n<hr data-start=\"3771\" data-end=\"3774\" \/>\n<h2 data-start=\"3776\" data-end=\"3811\"><strong data-start=\"3776\" data-end=\"3811\">March\u00e9s d'exportation et applications<\/strong><\/h2>\n<p data-start=\"3813\" data-end=\"3870\">Notre <strong data-start=\"3817\" data-end=\"3845\">les produits de p\u00e2te de tomate en sachet plat<\/strong> est largement export\u00e9 vers:<\/p>\n<ul data-start=\"3871\" data-end=\"4162\">\n<li data-start=\"3871\" data-end=\"3939\">\n<p data-start=\"3873\" data-end=\"3939\"><strong data-start=\"3873\" data-end=\"3884\">Afrique :<\/strong> Nig\u00e9ria, Ghana, Cameroun, C\u00f4te d'Ivoire, Ouganda, Soudan<\/p>\n<\/li>\n<li data-start=\"3940\" data-end=\"3993\">\n<p data-start=\"3942\" data-end=\"3993\"><strong data-start=\"3942\" data-end=\"3958\">Moyen-Orient :<\/strong> Arabie Saoudite, Y\u00e9men, \u00c9mirats Arabes Unis, Jordanie<\/p>\n<\/li>\n<li data-start=\"3994\" data-end=\"4060\">\n<p data-start=\"3996\" data-end=\"4060\"><strong data-start=\"3996\" data-end=\"4015\">Asie du Sud-Est :<\/strong> Philippines, Indon\u00e9sie, Malaisie, Tha\u00eflande<\/p>\n<\/li>\n<li data-start=\"4061\" data-end=\"4126\">\n<p data-start=\"4063\" data-end=\"4126\"><strong data-start=\"4063\" data-end=\"4089\">Russie &amp; Asie Centrale :<\/strong> Ouzb\u00e9kistan, Kazakhstan, Kirghizistan<\/p>\n<\/li>\n<li data-start=\"4127\" data-end=\"4162\">\n<p data-start=\"4129\" data-end=\"4162\"><strong data-start=\"4129\" data-end=\"4141\">Am\u00e9rique :<\/strong> France, Panama, Ha\u00efti<\/p>\n<\/li>\n<\/ul>\n<p data-start=\"4164\" data-end=\"4282\">Les importateurs utilisent ces sachets pour la vente en supermarch\u00e9, les programmes alimentaires d'urgence, la restauration et les \u00e9v\u00e9nements promotionnels.<\/p>\n<hr data-start=\"4284\" data-end=\"4287\" \/>\n<h2 data-start=\"4289\" data-end=\"4340\"><strong data-start=\"4289\" data-end=\"4340\">Avantages du choix de la p\u00e2te de tomate en sachet plat<\/strong><\/h2>\n<ul data-start=\"4342\" data-end=\"4565\">\n<li data-start=\"4342\" data-end=\"4375\">\n<p data-start=\"4344\" data-end=\"4375\">Portion pratique \u00e0 usage unique<\/p>\n<\/li>\n<li data-start=\"4376\" data-end=\"4415\">\n<p data-start=\"4378\" data-end=\"4415\">Emballage l\u00e9ger et peu encombrant<\/p>\n<\/li>\n<li data-start=\"4416\" data-end=\"4464\">\n<p data-start=\"4418\" data-end=\"4464\">Adapt\u00e9 aux climats chauds et aux march\u00e9s de d\u00e9tail<\/p>\n<\/li>\n<li data-start=\"4465\" data-end=\"4505\">\n<p data-start=\"4467\" data-end=\"4505\">Rentable pour la distribution en masse<\/p>\n<\/li>\n<li data-start=\"4506\" data-end=\"4565\">\n<p data-start=\"4508\" data-end=\"4565\">Potentiel de volume de ventes \u00e9lev\u00e9 avec un renouvellement rapide des consommateurs<\/p>\n<\/li>\n<\/ul>\n<p data-start=\"4567\" data-end=\"4655\">Ce format aide les importateurs \u00e0 r\u00e9duire les co\u00fbts de reconditionnement et \u00e0 am\u00e9liorer l'efficacit\u00e9 logistique.<\/p>\n<hr data-start=\"4657\" data-end=\"4660\" \/>\n<h2 data-start=\"4662\" data-end=\"4690\"><strong data-start=\"4662\" data-end=\"4690\">Pourquoi choisir Taichy Tomato<\/strong><\/h2>\n<ul data-start=\"4692\" data-end=\"4984\">\n<li data-start=\"4692\" data-end=\"4757\">\n<p data-start=\"4694\" data-end=\"4757\">Professionnel <strong data-start=\"4707\" data-end=\"4755\">fournisseur de p\u00e2te de tomate en sachet plat en Chine<\/strong><\/p>\n<\/li>\n<li data-start=\"4758\" data-end=\"4812\">\n<p data-start=\"4760\" data-end=\"4812\">Syst\u00e8mes de production certifi\u00e9s ISO, HACCP et Halal<\/p>\n<\/li>\n<li data-start=\"4813\" data-end=\"4847\">\n<p data-start=\"4815\" data-end=\"4847\">Plus de 15 ans d'exp\u00e9rience \u00e0 l'exportation<\/p>\n<\/li>\n<li data-start=\"4848\" data-end=\"4885\">\n<p data-start=\"4850\" data-end=\"4885\">Flexibilit\u00e9 OEM et marque priv\u00e9e<\/p>\n<\/li>\n<li data-start=\"4886\" data-end=\"4934\">\n<p data-start=\"4888\" data-end=\"4934\">Contr\u00f4le qualit\u00e9 fiable et livraison stable<\/p>\n<\/li>\n<li data-start=\"4935\" data-end=\"4984\">\n<p data-start=\"4937\" data-end=\"4984\">Tarification comp\u00e9titive et support de conception personnalis\u00e9e<\/p>\n<\/li>\n<\/ul>\n<p data-start=\"4986\" data-end=\"5113\">Nous nous engageons \u00e0 fournir \u00e0 chaque client une p\u00e2te de tomate s\u00fbre, coh\u00e9rente et de haute qualit\u00e9 r\u00e9pondant aux exigences du march\u00e9.<\/p>\n<hr data-start=\"5115\" data-end=\"5118\" \/>\n<h2 data-start=\"5120\" data-end=\"5144\"><strong data-start=\"5120\" data-end=\"5144\">Quantit\u00e9 minimum de commande (MOQ) et conditions d'exportation<\/strong><\/h2>\n<p data-start=\"5146\" data-end=\"5444\">Notre <strong data-start=\"5150\" data-end=\"5182\">MOQ pour la p\u00e2te de tomate en sachet plat<\/strong> is <strong data-start=\"5186\" data-end=\"5199\">1\u00d720\u2019 FCL<\/strong>, et nous prenons en charge plusieurs incoterms tels que FOB, CFR et CIF.<br data-start=\"5261\" data-end=\"5264\" \/>Nous pouvons charger des tailles de cartons mixtes (par exemple, 50g + 70g) dans un seul conteneur pour optimiser le co\u00fbt de votre exp\u00e9dition.<br data-start=\"5361\" data-end=\"5364\" \/>Le d\u00e9lai de fabrication est g\u00e9n\u00e9ralement de 15 \u00e0 20 jours apr\u00e8s la confirmation de l'\u00e9tiquette et du design.<\/p>\n<hr data-start=\"5446\" data-end=\"5449\" \/>\n<h2 data-start=\"5451\" data-end=\"5476\"><strong data-start=\"5451\" data-end=\"5476\">Contactez Taichy Tomato<\/strong><\/h2>\n<p data-start=\"5478\" data-end=\"5801\">Si vous recherchez un fournisseur fiable <strong data-start=\"5512\" data-end=\"5558\">de p\u00e2te de tomate en sachet plat en Chine<\/strong>, contactez Taichy Tomato \u00e0 <strong data-start=\"5585\" data-end=\"5610\"><a class=\"decorated-link cursor-pointer\" rel=\"noopener\" data-start=\"5587\" data-end=\"5608\">info@taichysupply.com<\/a><\/strong> pour recevoir des sp\u00e9cifications d\u00e9taill\u00e9es, les derniers prix et les demandes d'\u00e9chantillons.<br data-start=\"5683\" data-end=\"5686\" \/>Nous sommes votre fournisseur de confiance <strong data-start=\"5706\" data-end=\"5743\">de p\u00e2te de tomate en sachet plat<\/strong>, pr\u00eat \u00e0 soutenir l'expansion de votre marque sur les march\u00e9s mondiaux.<\/p>\n<hr data-start=\"5803\" data-end=\"5806\" \/>\n<p data-start=\"5808\" data-end=\"5849\"><strong data-start=\"5808\" data-end=\"5849\">FAQ \u2013 Approvisionnement en sachets plats de p\u00e2te de tomate<\/strong><\/p>\n<p data-start=\"5851\" data-end=\"5995\"><strong data-start=\"5851\" data-end=\"5890\">Q1 : Quelles options de Brix proposez-vous ?<\/strong><br data-start=\"5890\" data-end=\"5893\" \/>R : Nous proposons \u00e0 la fois <strong data-start=\"5912\" data-end=\"5922\">22\u201324%<\/strong> et <strong data-start=\"5927\" data-end=\"5942\">28\u201330% Brix<\/strong> de p\u00e2te de tomate, adapt\u00e9es aux diff\u00e9rentes demandes du march\u00e9.<\/p>\n<p data-start=\"5997\" data-end=\"6143\"><strong data-start=\"5997\" data-end=\"6046\">Q2 : Puis-je obtenir un emballage OEM ou en marque blanche ?<\/strong><br data-start=\"6046\" data-end=\"6049\" \/>R : Oui, nous proposons des services complets <strong data-start=\"6077\" data-end=\"6115\">marque OEM de p\u00e2te de tomate en sachet plat<\/strong> et en marque blanche.<\/p>\n<p data-start=\"6145\" data-end=\"6297\"><strong data-start=\"6145\" data-end=\"6210\">Q3 : Fournissez-vous des mini-sachets plats de p\u00e2te de tomate (par exemple, 18g) ?<\/strong><br data-start=\"6210\" data-end=\"6213\" \/>A : Oui, nous produisons des sachets plats de 18g, 50g, 56g et 70g avec des \u0153uvres personnalis\u00e9es.<\/p>\n<p data-start=\"6299\" data-end=\"6441\"><strong data-start=\"6299\" data-end=\"6339\">Q4 : Quelles certifications avez-vous ?<\/strong><br data-start=\"6339\" data-end=\"6342\" \/>A : Notre usine est certifi\u00e9e avec <strong data-start=\"6375\" data-end=\"6400\">ISO, HACCP et Halal<\/strong>, garantissant la conformit\u00e9 \u00e0 la s\u00e9curit\u00e9 alimentaire mondiale.<\/p>\n<p data-start=\"6443\" data-end=\"6572\"><strong data-start=\"6443\" data-end=\"6482\">Q5 : Quel est votre MOQ et d\u00e9lai de livraison ?<\/strong><br data-start=\"6482\" data-end=\"6485\" \/>A : Le MOQ est <strong data-start=\"6495\" data-end=\"6508\">1\u00d720\u2019 FCL<\/strong>, et le d\u00e9lai de livraison est d'environ 15 \u00e0 20 jours selon la personnalisation.<\/p>\n<p data-start=\"6574\" data-end=\"6753\"><strong data-start=\"6574\" data-end=\"6623\">Q6 : Proposez-vous des prix de gros ou d'usine ?<\/strong><br data-start=\"6623\" data-end=\"6626\" \/>A : Oui, nous fournissons <strong data-start=\"6644\" data-end=\"6688\">prix de gros pour p\u00e2te de tomate en sachet plat<\/strong> directement de notre usine avec un soutien \u00e0 long terme pour les distributeurs.<\/p>","protected":false},"excerpt":{"rendered":"<p data-start=\"237\" data-end=\"660\">Taichy Tomato est un leader <strong data-start=\"264\" data-end=\"329\">du fabricant et exportateur de sachets plats de p\u00e2te de tomate en Chine<\/strong>, offrant une p\u00e2te de tomate de haute qualit\u00e9 en petits emballages en sachets aux march\u00e9s d'Afrique, d'Asie du Sud-Est, du Moyen-Orient, de France, d'Asie centrale et aux \u00c9tats-Unis.<br data-start=\"480\" data-end=\"483\" \/>Notre <strong data-start=\"487\" data-end=\"515\">les produits de p\u00e2te de tomate en sachet plat<\/strong> sont con\u00e7us pour une utilisation facile, un stockage pratique et une distribution abordable \u2014 id\u00e9aux pour les supermarch\u00e9s, les grossistes et les importateurs alimentaires.<\/p>\n<p data-start=\"662\" data-end=\"844\">Nous sommes sp\u00e9cialis\u00e9s dans <strong data-start=\"679\" data-end=\"719\">la p\u00e2te de tomate en sachet plat 28\u201330% Brix<\/strong> et <strong data-start=\"724\" data-end=\"771\">p\u00e2te de tomate en sachet plat 22\u201324% concentr\u00e9e<\/strong>, r\u00e9pondant aux diff\u00e9rents besoins des clients en force de saveur et en coh\u00e9rence.<\/p>","protected":false},"featured_media":3283,"template":"","meta":{"_acf_changed":false,"_seopress_robots_primary_cat":"none","_seopress_titles_title":"China Wholesale Flat Sachet Tomato Paste | Factory Direct","_seopress_titles_desc":"We provide wholesale high-quality flat sachet tomato paste directly from our factory in China. Wait for you inquiry .","_seopress_robots_index":"","site-sidebar-layout":"default","site-content-layout":"","ast-site-content-layout":"default","site-content-style":"default","site-sidebar-style":"default","ast-global-header-display":"","ast-banner-title-visibility":"","ast-main-header-display":"","ast-hfb-above-header-display":"","ast-hfb-below-header-display":"","ast-hfb-mobile-header-display":"","site-post-title":"","ast-breadcrumbs-content":"","ast-featured-img":"","footer-sml-layout":"","ast-disable-related-posts":"","theme-transparent-header-meta":"default","adv-header-id-meta":"","stick-header-meta":"","header-above-stick-meta":"","header-main-stick-meta":"","header-below-stick-meta":"","astra-migrate-meta-layouts":"set","ast-page-background-enabled":"default","ast-page-background-meta":{"desktop":{"background-color":"var(--ast-global-color-5)","background-image":"","background-repeat":"repeat","background-position":"center center","background-size":"auto","background-attachment":"scroll","background-type":"","background-media":"","overlay-type":"","overlay-color":"","overlay-opacity":"","overlay-gradient":""},"tablet":{"background-color":"","background-image":"","background-repeat":"repeat","background-position":"center center","background-size":"auto","background-attachment":"scroll","background-type":"","background-media":"","overlay-type":"","overlay-color":"","overlay-opacity":"","overlay-gradient":""},"mobile":{"background-color":"","background-image":"","background-repeat":"repeat","background-position":"center center","background-size":"auto","background-attachment":"scroll","background-type":"","background-media":"","overlay-type":"","overlay-color":"","overlay-opacity":"","overlay-gradient":""}},"ast-content-background-meta":{"desktop":{"background-color":"var(--ast-global-color-4)","background-image":"","background-repeat":"repeat","background-position":"center center","background-size":"auto","background-attachment":"scroll","background-type":"","background-media":"","overlay-type":"","overlay-color":"","overlay-opacity":"","overlay-gradient":""},"tablet":{"background-color":"var(--ast-global-color-4)","background-image":"","background-repeat":"repeat","background-position":"center center","background-size":"auto","background-attachment":"scroll","background-type":"","background-media":"","overlay-type":"","overlay-color":"","overlay-opacity":"","overlay-gradient":""},"mobile":{"background-color":"var(--ast-global-color-4)","background-image":"","background-repeat":"repeat","background-position":"center center","background-size":"auto","background-attachment":"scroll","background-type":"","background-media":"","overlay-type":"","overlay-color":"","overlay-opacity":"","overlay-gradient":""}}},"product_brand":[],"product_cat":[97],"product_tag":[158,212,44],"class_list":{"0":"post-1953","1":"product","2":"type-product","3":"status-publish","4":"has-post-thumbnail","6":"product_cat-tomato-paste-in-sachet","7":"product_tag-70g-sachet-tomato-paste","8":"product_tag-70g-tomato-paste-sauce","9":"product_tag-tomato-paste","10":"desktop-align-left","11":"tablet-align-left","12":"mobile-align-left","14":"first","15":"instock","16":"sale","17":"shipping-taxable","18":"purchasable","19":"product-type-simple"},"acf":[],"_links":{"self":[{"href":"https:\/\/taichytomato.com\/fr\/wp-json\/wp\/v2\/product\/1953","targetHints":{"allow":["GET"]}}],"collection":[{"href":"https:\/\/taichytomato.com\/fr\/wp-json\/wp\/v2\/product"}],"about":[{"href":"https:\/\/taichytomato.com\/fr\/wp-json\/wp\/v2\/types\/product"}],"version-history":[{"count":0,"href":"https:\/\/taichytomato.com\/fr\/wp-json\/wp\/v2\/product\/1953\/revisions"}],"wp:featuredmedia":[{"embeddable":true,"href":"https:\/\/taichytomato.com\/fr\/wp-json\/wp\/v2\/media\/3283"}],"wp:attachment":[{"href":"https:\/\/taichytomato.com\/fr\/wp-json\/wp\/v2\/media?parent=1953"}],"wp:term":[{"taxonomy":"product_brand","embeddable":true,"href":"https:\/\/taichytomato.com\/fr\/wp-json\/wp\/v2\/product_brand?post=1953"},{"taxonomy":"product_cat","embeddable":true,"href":"https:\/\/taichytomato.com\/fr\/wp-json\/wp\/v2\/product_cat?post=1953"},{"taxonomy":"product_tag","embeddable":true,"href":"https:\/\/taichytomato.com\/fr\/wp-json\/wp\/v2\/product_tag?post=1953"}],"curies":[{"name":"wp","href":"https:\/\/api.w.org\/{rel}","templated":true}]}}