{"id":1951,"date":"2025-07-15T22:33:15","date_gmt":"2025-07-16T06:33:15","guid":{"rendered":"https:\/\/taichytomato.com\/?post_type=product&#038;p=1951"},"modified":"2026-01-29T00:19:41","modified_gmt":"2026-01-29T08:19:41","slug":"standup-sachet-tomato-paste","status":"publish","type":"product","link":"https:\/\/taichytomato.com\/fr\/produit\/standup-sachet-tomato-paste\/","title":{"rendered":"Sachet stand-up de concentr\u00e9 de tomate \u2013 Fournisseur en gros de sachets autoportants de concentr\u00e9 de tomate"},"content":{"rendered":"<h2 data-start=\"547\" data-end=\"981\"><strong data-start=\"547\" data-end=\"603\">Introduction \u2014 Aper\u00e7u de la p\u00e2te de tomate en sachet stand-up<\/strong><\/h2>\n<p data-start=\"547\" data-end=\"981\">Le <strong data-start=\"610\" data-end=\"642\">p\u00e2te de tomate en sachet stand-up<\/strong> est une solution d'emballage innovante con\u00e7ue pour la commodit\u00e9, la fra\u00eecheur et l'efficacit\u00e9 \u00e9conomique. Sa <strong data-start=\"741\" data-end=\"766\">conception de sachet en stand-up<\/strong> permet un stockage facile, une pr\u00e9sentation attrayante et un contr\u00f4le des portions. Populaire en Afrique, en Asie du Sud-Est, au Moyen-Orient, en Russie, en Asie Centrale et en France, ce format r\u00e9pond aux besoins des m\u00e9nages, des restaurants et des distributeurs en gros.<\/p>\n<p data-start=\"983\" data-end=\"1186\">Taichy Tomato fournit une p\u00e2te de tomate en sachet de haute qualit\u00e9 <strong data-start=\"1019\" data-end=\"1052\">sachet en stand-up<\/strong> avec <strong data-start=\"1058\" data-end=\"1092\">services OEM et de marque priv\u00e9e<\/strong>, id\u00e9al pour les acheteurs B2B et les importateurs recherchant des fournisseurs fiables et <strong data-start=\"1160\" data-end=\"1183\">des prix comp\u00e9titifs<\/strong>.<\/p>\n<hr data-start=\"1188\" data-end=\"1191\" \/>\n<h2 data-start=\"1193\" data-end=\"1434\"><strong data-start=\"1193\" data-end=\"1219\">Sp\u00e9cifications du produit<\/strong><\/h2>\n<p data-start=\"1193\" data-end=\"1434\"><br data-start=\"1219\" data-end=\"1222\" \/>Notre <strong data-start=\"1226\" data-end=\"1258\">p\u00e2te de tomate en sachet stand-up<\/strong> est fabriqu\u00e9e \u00e0 partir de <strong data-start=\"1272\" data-end=\"1295\">tomates fra\u00eeches 100%<\/strong> et trait\u00e9e sous <strong data-start=\"1316\" data-end=\"1351\">les normes ISO, HACCP et Halal<\/strong> pour garantir un go\u00fbt constant, une couleur naturelle et la s\u00e9curit\u00e9 pour les march\u00e9s internationaux.<\/p>\n<div class=\"_tableContainer_1rjym_1\">\n<div class=\"group _tableWrapper_1rjym_13 flex w-fit flex-col-reverse\" tabindex=\"-1\">\n<table class=\"w-fit min-w-(--thread-content-width)\" data-start=\"1436\" data-end=\"1717\">\n<thead data-start=\"1436\" data-end=\"1458\">\n<tr data-start=\"1436\" data-end=\"1458\">\n<th data-start=\"1436\" data-end=\"1443\" data-col-size=\"sm\">Article<\/th>\n<th data-start=\"1443\" data-end=\"1458\" data-col-size=\"md\">Description<\/th>\n<\/tr>\n<\/thead>\n<tbody data-start=\"1481\" data-end=\"1717\">\n<tr data-start=\"1481\" data-end=\"1523\">\n<td data-start=\"1481\" data-end=\"1491\" data-col-size=\"sm\">Produit<\/td>\n<td data-col-size=\"md\" data-start=\"1491\" data-end=\"1523\">p\u00e2te de tomate en sachet stand-up<\/td>\n<\/tr>\n<tr data-start=\"1524\" data-end=\"1541\">\n<td data-start=\"1524\" data-end=\"1531\" data-col-size=\"sm\">degr\u00e9s Brix<\/td>\n<td data-col-size=\"md\" data-start=\"1531\" data-end=\"1541\">22-24%, 24-26%, 28-30%<\/td>\n<\/tr>\n<tr data-start=\"1542\" data-end=\"1600\">\n<td data-start=\"1542\" data-end=\"1554\" data-col-size=\"sm\">Emballage<\/td>\n<td data-col-size=\"md\" data-start=\"1554\" data-end=\"1600\">Sachet en stand-up (50g, 70g, 100g disponibles)<\/td>\n<\/tr>\n<tr data-start=\"1601\" data-end=\"1638\">\n<td data-start=\"1601\" data-end=\"1617\" data-col-size=\"sm\">Certification<\/td>\n<td data-col-size=\"md\" data-start=\"1617\" data-end=\"1638\">ISO, HACCP, Halal<\/td>\n<\/tr>\n<tr data-start=\"1639\" data-end=\"1670\">\n<td data-start=\"1639\" data-end=\"1647\" data-col-size=\"sm\">Marque<\/td>\n<td data-start=\"1647\" data-end=\"1670\" data-col-size=\"md\">OEM \/ Marque priv\u00e9e<\/td>\n<\/tr>\n<tr data-start=\"1671\" data-end=\"1690\">\n<td data-start=\"1671\" data-end=\"1677\" data-col-size=\"sm\">Quantit\u00e9 Minimum de Commande<\/td>\n<td data-col-size=\"md\" data-start=\"1677\" data-end=\"1690\">1\u00d720\u2019 FCL<\/td>\n<\/tr>\n<tr data-start=\"1691\" data-end=\"1717\">\n<td data-start=\"1691\" data-end=\"1704\" data-col-size=\"sm\">Dur\u00e9e de conservation<\/td>\n<td data-col-size=\"md\" data-start=\"1704\" data-end=\"1717\">24 mois<\/td>\n<\/tr>\n<\/tbody>\n<\/table>\n<\/div>\n<\/div>\n<p data-start=\"1719\" data-end=\"1838\">Nous proposons des options d'emballage flexibles <strong data-start=\"1737\" data-end=\"1770\">sachet en stand-up<\/strong> emballage pour r\u00e9pondre aux exigences de vente au d\u00e9tail, en gros ou promotionnelles.<\/p>\n<hr data-start=\"1840\" data-end=\"1843\" \/>\n<h2 data-start=\"1845\" data-end=\"1890\"><strong data-start=\"1845\" data-end=\"1888\">Avantages de l'emballage en sachet stand-up<\/strong><\/h2>\n<ol data-start=\"1891\" data-end=\"2357\">\n<li data-start=\"1891\" data-end=\"1973\">\n<p data-start=\"1894\" data-end=\"1973\"><strong data-start=\"1894\" data-end=\"1937\">Pratique pour la vente au d\u00e9tail et la restauration :<\/strong> Facile \u00e0 stocker, \u00e0 exposer et \u00e0 verser.<\/p>\n<\/li>\n<li data-start=\"1974\" data-end=\"2057\">\n<p data-start=\"1977\" data-end=\"2057\"><strong data-start=\"1977\" data-end=\"1996\">\u00c9conomique :<\/strong> L\u00e9ger et peu encombrant pour l'exp\u00e9dition et l'entreposage.<\/p>\n<\/li>\n<li data-start=\"2058\" data-end=\"2161\">\n<p data-start=\"2061\" data-end=\"2161\"><strong data-start=\"2061\" data-end=\"2093\">Support OEM et marque priv\u00e9e :<\/strong> Sachets et cartons enti\u00e8rement personnalisables avec votre logo et votre design.<\/p>\n<\/li>\n<li data-start=\"2162\" data-end=\"2252\">\n<p data-start=\"2165\" data-end=\"2252\"><strong data-start=\"2165\" data-end=\"2185\">Adapt\u00e9 au march\u00e9 :<\/strong> Populaire sur les march\u00e9s africains, moyen-orientaux et d'Asie du Sud-Est.<\/p>\n<\/li>\n<li data-start=\"2253\" data-end=\"2357\">\n<p data-start=\"2256\" data-end=\"2357\"><strong data-start=\"2256\" data-end=\"2275\">S\u00fbr &amp; Naturel :<\/strong> <strong data-start=\"2276\" data-end=\"2302\">100% concentr\u00e9 de tomate pur<\/strong> sans additifs, \u00e0 faible acidit\u00e9, et d'une qualit\u00e9 constante.<\/p>\n<\/li>\n<\/ol>\n<hr data-start=\"2359\" data-end=\"2362\" \/>\n<h2 data-start=\"2364\" data-end=\"2462\"><strong data-start=\"2364\" data-end=\"2394\">Service de gros et d'exportation<\/strong><\/h2>\n<p data-start=\"2364\" data-end=\"2462\">Nous fournissons <strong data-start=\"2407\" data-end=\"2439\">p\u00e2te de tomate en sachet stand-up<\/strong> au niveau mondial, fournissant :<\/p>\n<ul data-start=\"2463\" data-end=\"2717\">\n<li data-start=\"2463\" data-end=\"2535\">\n<p data-start=\"2465\" data-end=\"2535\"><strong data-start=\"2465\" data-end=\"2504\">Prix du sachet en sac stand-up de concentr\u00e9 de tomate<\/strong> \u00e0 des tarifs comp\u00e9titifs en usine<\/p>\n<\/li>\n<li data-start=\"2536\" data-end=\"2600\">\n<p data-start=\"2538\" data-end=\"2600\"><strong data-start=\"2538\" data-end=\"2589\">Fournisseurs en gros de concentr\u00e9 de tomate en sachet stand-up<\/strong> services<\/p>\n<\/li>\n<li data-start=\"2601\" data-end=\"2654\">\n<p data-start=\"2603\" data-end=\"2654\">Options d'exp\u00e9dition flexibles incluant FOB, CFR, CIF<\/p>\n<\/li>\n<li data-start=\"2655\" data-end=\"2717\">\n<p data-start=\"2657\" data-end=\"2717\">MOQ : 1\u00d720\u2019 FCL pour commandes en gros, avec tailles mixtes disponibles<\/p>\n<\/li>\n<\/ul>\n<p data-start=\"2719\" data-end=\"2837\">Nos produits sont con\u00e7us pour r\u00e9pondre aux exigences des importateurs pour les deux <strong data-start=\"2786\" data-end=\"2803\">achat en gros<\/strong> et <strong data-start=\"2808\" data-end=\"2834\">emballages pr\u00eats pour la vente au d\u00e9tail<\/strong>.<\/p>\n<hr data-start=\"2839\" data-end=\"2842\" \/>\n<h2 data-start=\"2844\" data-end=\"2937\"><strong data-start=\"2844\" data-end=\"2876\">Services OEM &amp; Marque Priv\u00e9e<\/strong><\/h2>\n<p data-start=\"2844\" data-end=\"2937\">Nous supportons la personnalisation compl\u00e8te <strong data-start=\"2895\" data-end=\"2934\">OEM et marque priv\u00e9e<\/strong>:<\/p>\n<ul data-start=\"2938\" data-end=\"3149\">\n<li data-start=\"2938\" data-end=\"2985\">\n<p data-start=\"2940\" data-end=\"2985\">Sachets \u00e0 stand-up imprim\u00e9s sur mesure et cartons<\/p>\n<\/li>\n<li data-start=\"2986\" data-end=\"3037\">\n<p data-start=\"2988\" data-end=\"3037\">Niveaux de Brix et de viscosit\u00e9 ajustables selon le march\u00e9<\/p>\n<\/li>\n<li data-start=\"3038\" data-end=\"3087\">\n<p data-start=\"3040\" data-end=\"3087\">\u00c9tiquetage sp\u00e9cifique \u00e0 la langue pour les r\u00e9gions cibles<\/p>\n<\/li>\n<li data-start=\"3088\" data-end=\"3149\">\n<p data-start=\"3090\" data-end=\"3149\">Options d'emballage promotionnel pour les supermarch\u00e9s et la vente au d\u00e9tail<\/p>\n<\/li>\n<\/ul>\n<p data-start=\"3151\" data-end=\"3285\">Notre <strong data-start=\"3155\" data-end=\"3187\">p\u00e2te de tomate en sachet stand-up<\/strong> Les solutions OEM aident les marques \u00e0 p\u00e9n\u00e9trer rapidement de nouveaux march\u00e9s avec des produits de haute qualit\u00e9, directement de l'usine.<\/p>\n<hr data-start=\"3287\" data-end=\"3290\" \/>\n<h2 data-start=\"3292\" data-end=\"3331\"><strong data-start=\"3292\" data-end=\"3329\">Assurance qualit\u00e9 &amp; Certification<\/strong><\/h2>\n<ul data-start=\"3332\" data-end=\"3556\">\n<li data-start=\"3332\" data-end=\"3378\">\n<p data-start=\"3334\" data-end=\"3378\"><strong data-start=\"3334\" data-end=\"3376\">Lignes de production certifi\u00e9es ISO &amp; HACCP<\/strong><\/p>\n<\/li>\n<li data-start=\"3379\" data-end=\"3437\">\n<p data-start=\"3381\" data-end=\"3437\"><strong data-start=\"3381\" data-end=\"3400\">certifi\u00e9s Halal<\/strong> pour l'Europe, l'Afrique et l'Asie du Sud-Est<\/p>\n<\/li>\n<li data-start=\"3438\" data-end=\"3495\">\n<p data-start=\"3440\" data-end=\"3495\">100% concentr\u00e9 de tomate pur, sans conservateurs ni additifs<\/p>\n<\/li>\n<li data-start=\"3496\" data-end=\"3556\">\n<p data-start=\"3498\" data-end=\"3556\">Les tests par lot garantissent une constance du Brix, de la couleur et de la saveur<\/p>\n<\/li>\n<\/ul>\n<p data-start=\"3558\" data-end=\"3652\">Cela garantit que chaque sachet exp\u00e9di\u00e9 respecte les normes internationales et les r\u00e9glementations d'importation.<\/p>\n<hr data-start=\"3654\" data-end=\"3657\" \/>\n<h2 data-start=\"3659\" data-end=\"3739\"><strong data-start=\"3659\" data-end=\"3682\">Port\u00e9e mondiale du march\u00e9<\/strong><\/h2>\n<p data-start=\"3659\" data-end=\"3739\">Notre <strong data-start=\"3689\" data-end=\"3721\">p\u00e2te de tomate en sachet stand-up<\/strong> est export\u00e9 vers :<\/p>\n<ul data-start=\"3740\" data-end=\"3979\">\n<li data-start=\"3740\" data-end=\"3793\">\n<p data-start=\"3742\" data-end=\"3793\"><strong data-start=\"3742\" data-end=\"3753\">Afrique :<\/strong> France, Allemagne, Espagne, Italie<\/p>\n<\/li>\n<li data-start=\"3794\" data-end=\"3839\">\n<p data-start=\"3796\" data-end=\"3839\"><strong data-start=\"3796\" data-end=\"3812\">Moyen-Orient :<\/strong> France, Belgique, Suisse<\/p>\n<\/li>\n<li data-start=\"3840\" data-end=\"3896\">\n<p data-start=\"3842\" data-end=\"3896\"><strong data-start=\"3842\" data-end=\"3861\">Asie du Sud-Est :<\/strong> Philippines, Indon\u00e9sie, Malaisie<\/p>\n<\/li>\n<li data-start=\"3897\" data-end=\"3950\">\n<p data-start=\"3899\" data-end=\"3950\"><strong data-start=\"3899\" data-end=\"3925\">Russie &amp; Asie Centrale :<\/strong> Ouzb\u00e9kistan, Kazakhstan<\/p>\n<\/li>\n<li data-start=\"3951\" data-end=\"3979\">\n<p data-start=\"3953\" data-end=\"3979\"><strong data-start=\"3953\" data-end=\"3965\">Am\u00e9rique :<\/strong> France, Panama<\/p>\n<\/li>\n<\/ul>\n<p data-start=\"3981\" data-end=\"4097\">La taille pratique du produit et son emballage durable le rendent adapt\u00e9 \u00e0 divers climats et environnements de vente au d\u00e9tail.<\/p>\n<hr data-start=\"4099\" data-end=\"4102\" \/>\n<h2 data-start=\"4104\" data-end=\"4134\"><strong data-start=\"4104\" data-end=\"4132\">Pourquoi choisir Taichy Tomato<\/strong><\/h2>\n<ul data-start=\"4135\" data-end=\"4389\">\n<li data-start=\"4135\" data-end=\"4201\">\n<p data-start=\"4137\" data-end=\"4201\">Exp\u00e9riment\u00e9 <strong data-start=\"4149\" data-end=\"4199\">fournisseur de p\u00e2te de tomate en sachet stand en Chine<\/strong><\/p>\n<\/li>\n<li data-start=\"4202\" data-end=\"4257\">\n<p data-start=\"4204\" data-end=\"4257\">Comp\u00e9titif <strong data-start=\"4216\" data-end=\"4255\">Prix du sachet en sac stand-up de p\u00e2te de tomate : US$13.00-17.00.<\/strong><\/p>\n<\/li>\n<li data-start=\"4258\" data-end=\"4293\">\n<p data-start=\"4260\" data-end=\"4293\">Flexibilit\u00e9 OEM et marque priv\u00e9e<\/p>\n<\/li>\n<li data-start=\"4294\" data-end=\"4342\">\n<p data-start=\"4296\" data-end=\"4342\">Livraison rapide et fiable vers les march\u00e9s mondiaux<\/p>\n<\/li>\n<li data-start=\"4343\" data-end=\"4389\">\n<p data-start=\"4345\" data-end=\"4389\">Installations certifi\u00e9es ISO, HACCP et Halal<\/p>\n<\/li>\n<\/ul>\n<p data-start=\"4391\" data-end=\"4492\">Nous offrons une qualit\u00e9 stable, une logistique fiable et un soutien marketing pour les clients B2B et les importateurs.<\/p>\n<hr data-start=\"4494\" data-end=\"4497\" \/>\n<p data-start=\"4499\" data-end=\"4539\"><strong data-start=\"4499\" data-end=\"4537\">FAQ \u2013 P\u00e2te de tomate en sachet stand<\/strong><\/p>\n<p data-start=\"4541\" data-end=\"4704\"><strong data-start=\"4541\" data-end=\"4580\">Q1 : Quels niveaux de Brix sont disponibles ?<\/strong><br data-start=\"4580\" data-end=\"4583\" \/>R1 : Nous produisons principalement <strong data-start=\"4605\" data-end=\"4620\">28\u201330% Brix<\/strong>, adapt\u00e9 au go\u00fbt des consommateurs internationaux, mais des niveaux de Brix personnalis\u00e9s sont disponibles.<\/p>\n<p data-start=\"4706\" data-end=\"4838\"><strong data-start=\"4706\" data-end=\"4745\">Q2 : Puis-je personnaliser l\u2019\u00e9tiquette de ma marque ?<\/strong><br data-start=\"4745\" data-end=\"4748\" \/>R2 : Oui, nous proposons un service complet OEM\/marque priv\u00e9e incluant l\u2019impression sur sachet et carton.<\/p>\n<p data-start=\"4840\" data-end=\"4970\"><strong data-start=\"4840\" data-end=\"4889\">Q3 : Quelle est la quantit\u00e9 minimale de commande (MOQ) ?<\/strong><br data-start=\"4889\" data-end=\"4892\" \/>R3 : La MOQ est <strong data-start=\"4903\" data-end=\"4916\">1\u00d720\u2019 FCL<\/strong>, qui peut inclure des tailles et types d'emballage mixtes. Pour un sachet stand-up de 70*50, il y a 4300 cartons pour un FCL de 20 pieds. .<\/p>\n<p data-start=\"4972\" data-end=\"5112\"><strong data-start=\"4972\" data-end=\"5012\">Q4 : Ce produit est-il certifi\u00e9 Halal ?<\/strong><br data-start=\"5012\" data-end=\"5015\" \/>A4 : Oui, notre sachet stand de concentr\u00e9 de tomate est <strong data-start=\"5060\" data-end=\"5079\">certifi\u00e9s Halal<\/strong> et respecte les normes ISO\/HACCP.<\/p>\n<p data-start=\"5114\" data-end=\"5280\"><strong data-start=\"5114\" data-end=\"5153\">Q5 : Proposez-vous des prix de gros ?<\/strong><br data-start=\"5153\" data-end=\"5156\" \/>A5 : Oui, nous proposons <strong data-start=\"5174\" data-end=\"5213\">prix de la p\u00e2te de tomate en sachet en sac stand<\/strong> pour les acheteurs en gros avec des prix directs d'usine et une fourniture fiable.<\/p>\n<hr data-start=\"5282\" data-end=\"5285\" \/>\n<h2 data-start=\"5287\" data-end=\"5583\"><strong data-start=\"5287\" data-end=\"5301\">Conclusion<\/strong><\/h2>\n<p data-start=\"5287\" data-end=\"5583\">Pour les importateurs et distributeurs recherchant des <strong data-start=\"5356\" data-end=\"5388\">p\u00e2te de tomate en sachet stand-up<\/strong>, Taichy Tomato offre <strong data-start=\"5411\" data-end=\"5488\">des prix comp\u00e9titifs, des services OEM\/\u00e9tiquettes priv\u00e9es, et une livraison rapide dans le monde entier<\/strong>. Contactez-nous d\u00e8s aujourd'hui pour demander des \u00e9chantillons, des prix et des options d'emballage pour votre march\u00e9 cible.<\/p>","protected":false},"excerpt":{"rendered":"<p>Sachet stand-up de p\u00e2te de tomate disponible en paquets de 25 g \u00e0 210 g (US$10.00-17.00), fabriqu\u00e9 \u00e0 partir de tomates fra\u00eeches 100% avec un Brix de 18 \u00e0 30%. L'emballage en sachet refermable conserve la couleur et la saveur pendant 2 \u00e0 3 ans, prend en charge les \u00e9tiquettes OEM en plusieurs langues, et est pr\u00eat pour les march\u00e9s de d\u00e9tail, de restauration ou d'exportation avec une quantit\u00e9 minimale de commande (QMC) d'un conteneur et une livraison rapide.<\/p>","protected":false},"featured_media":3284,"template":"","meta":{"_acf_changed":false,"_seopress_robots_primary_cat":"none","_seopress_titles_title":"Standing Sachet Tomato Paste \u2013 Wholesale Tomato Paste","_seopress_titles_desc":"Buy high-quality standing sachet tomato paste from China. We offer stand bag sachet tomato paste with competitive pricing, OEM\/private label service .","_seopress_robots_index":"","site-sidebar-layout":"default","site-content-layout":"","ast-site-content-layout":"default","site-content-style":"default","site-sidebar-style":"default","ast-global-header-display":"","ast-banner-title-visibility":"","ast-main-header-display":"","ast-hfb-above-header-display":"","ast-hfb-below-header-display":"","ast-hfb-mobile-header-display":"","site-post-title":"","ast-breadcrumbs-content":"","ast-featured-img":"","footer-sml-layout":"","ast-disable-related-posts":"","theme-transparent-header-meta":"default","adv-header-id-meta":"","stick-header-meta":"","header-above-stick-meta":"","header-main-stick-meta":"","header-below-stick-meta":"","astra-migrate-meta-layouts":"set","ast-page-background-enabled":"default","ast-page-background-meta":{"desktop":{"background-color":"var(--ast-global-color-5)","background-image":"","background-repeat":"repeat","background-position":"center center","background-size":"auto","background-attachment":"scroll","background-type":"","background-media":"","overlay-type":"","overlay-color":"","overlay-opacity":"","overlay-gradient":""},"tablet":{"background-color":"","background-image":"","background-repeat":"repeat","background-position":"center center","background-size":"auto","background-attachment":"scroll","background-type":"","background-media":"","overlay-type":"","overlay-color":"","overlay-opacity":"","overlay-gradient":""},"mobile":{"background-color":"","background-image":"","background-repeat":"repeat","background-position":"center center","background-size":"auto","background-attachment":"scroll","background-type":"","background-media":"","overlay-type":"","overlay-color":"","overlay-opacity":"","overlay-gradient":""}},"ast-content-background-meta":{"desktop":{"background-color":"var(--ast-global-color-4)","background-image":"","background-repeat":"repeat","background-position":"center center","background-size":"auto","background-attachment":"scroll","background-type":"","background-media":"","overlay-type":"","overlay-color":"","overlay-opacity":"","overlay-gradient":""},"tablet":{"background-color":"var(--ast-global-color-4)","background-image":"","background-repeat":"repeat","background-position":"center center","background-size":"auto","background-attachment":"scroll","background-type":"","background-media":"","overlay-type":"","overlay-color":"","overlay-opacity":"","overlay-gradient":""},"mobile":{"background-color":"var(--ast-global-color-4)","background-image":"","background-repeat":"repeat","background-position":"center center","background-size":"auto","background-attachment":"scroll","background-type":"","background-media":"","overlay-type":"","overlay-color":"","overlay-opacity":"","overlay-gradient":""}}},"product_brand":[],"product_cat":[97],"product_tag":[158,212,44],"class_list":{"0":"post-1951","1":"product","2":"type-product","3":"status-publish","4":"has-post-thumbnail","6":"product_cat-tomato-paste-in-sachet","7":"product_tag-70g-sachet-tomato-paste","8":"product_tag-70g-tomato-paste-sauce","9":"product_tag-tomato-paste","10":"desktop-align-left","11":"tablet-align-left","12":"mobile-align-left","14":"first","15":"instock","16":"sale","17":"shipping-taxable","18":"purchasable","19":"product-type-simple"},"acf":[],"_links":{"self":[{"href":"https:\/\/taichytomato.com\/fr\/wp-json\/wp\/v2\/product\/1951","targetHints":{"allow":["GET"]}}],"collection":[{"href":"https:\/\/taichytomato.com\/fr\/wp-json\/wp\/v2\/product"}],"about":[{"href":"https:\/\/taichytomato.com\/fr\/wp-json\/wp\/v2\/types\/product"}],"version-history":[{"count":0,"href":"https:\/\/taichytomato.com\/fr\/wp-json\/wp\/v2\/product\/1951\/revisions"}],"wp:featuredmedia":[{"embeddable":true,"href":"https:\/\/taichytomato.com\/fr\/wp-json\/wp\/v2\/media\/3284"}],"wp:attachment":[{"href":"https:\/\/taichytomato.com\/fr\/wp-json\/wp\/v2\/media?parent=1951"}],"wp:term":[{"taxonomy":"product_brand","embeddable":true,"href":"https:\/\/taichytomato.com\/fr\/wp-json\/wp\/v2\/product_brand?post=1951"},{"taxonomy":"product_cat","embeddable":true,"href":"https:\/\/taichytomato.com\/fr\/wp-json\/wp\/v2\/product_cat?post=1951"},{"taxonomy":"product_tag","embeddable":true,"href":"https:\/\/taichytomato.com\/fr\/wp-json\/wp\/v2\/product_tag?post=1951"}],"curies":[{"name":"wp","href":"https:\/\/api.w.org\/{rel}","templated":true}]}}