{"id":1949,"date":"2025-07-15T22:19:19","date_gmt":"2025-07-16T06:19:19","guid":{"rendered":"https:\/\/taichytomato.com\/?post_type=product&#038;p=1949"},"modified":"2026-01-12T22:01:05","modified_gmt":"2026-01-13T06:01:05","slug":"china-56g-sachet-tomato-paste","status":"publish","type":"product","link":"https:\/\/taichytomato.com\/fr\/produit\/china-56g-sachet-tomato-paste\/","title":{"rendered":"Concentr\u00e9 de tomate en sachet de 56g en Chine \u2013 Fabricant et Exportateur de concentr\u00e9 de tomate de qualit\u00e9"},"content":{"rendered":"<h2 data-start=\"320\" data-end=\"400\">56g Sachet de Concentr\u00e9 de Tomate Fabricant en Chine | Fournisseur OEM &amp; Grossiste<\/h2>\n<p data-start=\"402\" data-end=\"788\">Le <strong data-start=\"406\" data-end=\"433\">Sachet de 56g de concentr\u00e9 de tomate<\/strong> est l'un des formats de concentr\u00e9 de tomate en petites portions les plus largement consomm\u00e9s en Afrique, au Moyen-Orient et sur les march\u00e9s de d\u00e9tail asiatiques. En tant que professionnel <strong data-start=\"576\" data-end=\"622\">Fabricant de concentr\u00e9 de tomate en sachet de 56g en Chine<\/strong>, Taichy Tomato fournit des produits directement issus de l'usine avec une qualit\u00e9 stable, des options de Brix flexibles et un support complet OEM\/\u00e9tiquette priv\u00e9e pour les importateurs et distributeurs mondiaux.<\/p>\n<p data-start=\"790\" data-end=\"1005\">Produit \u00e0 partir de tomates fra\u00eeches cultiv\u00e9es dans le Nord de la Chine, nos <strong data-start=\"848\" data-end=\"876\">sachets de concentr\u00e9 de tomate de 56g<\/strong> offrent une saveur concentr\u00e9e, une longue dur\u00e9e de conservation et une excellente rentabilit\u00e9 pour la vente en gros et la distribution en restauration.<\/p>\n<hr data-start=\"1007\" data-end=\"1010\" \/>\n<h2 data-start=\"1012\" data-end=\"1047\">Qu'est-ce que le concentr\u00e9 de tomate en sachet de 56g ?<\/h2>\n<p data-start=\"1049\" data-end=\"1300\">A <strong data-start=\"1051\" data-end=\"1078\">Sachet de 56g de concentr\u00e9 de tomate<\/strong> est un emballage de concentr\u00e9 de tomate \u00e0 usage unique ou pour petite famille con\u00e7u pour la commodit\u00e9, l'accessibilit\u00e9 et un fort taux de rotation. Chaque sachet contient du concentr\u00e9 de tomate tr\u00e8s concentr\u00e9\u2014le plus souvent <strong data-start=\"1264\" data-end=\"1279\">28\u201330% Brix<\/strong>\u2014ce qui le rend id\u00e9al pour :<\/p>\n<ul data-start=\"1302\" data-end=\"1427\">\n<li data-start=\"1302\" data-end=\"1321\">\n<p data-start=\"1304\" data-end=\"1321\">Soupes et rago\u00fbts<\/p>\n<\/li>\n<li data-start=\"1322\" data-end=\"1350\">\n<p data-start=\"1324\" data-end=\"1350\">Cuisine maison traditionnelle<\/p>\n<\/li>\n<li data-start=\"1351\" data-end=\"1387\">\n<p data-start=\"1353\" data-end=\"1387\">Cuisines de restaurants et de traiteurs<\/p>\n<\/li>\n<li data-start=\"1388\" data-end=\"1427\">\n<p data-start=\"1390\" data-end=\"1427\">Street food et commerces de takeaway<\/p>\n<\/li>\n<\/ul>\n<p data-start=\"1429\" data-end=\"1591\">En raison de sa taille compacte, <strong data-start=\"1458\" data-end=\"1491\">Sachet de concentr\u00e9 de tomate de 56g en Chine<\/strong> il est facile \u00e0 stocker, transporter et distribuer, en particulier sur des march\u00e9s sensibles aux prix et \u00e0 fort volume.<\/p>\n<p data-start=\"1429\" data-end=\"1591\"><img fetchpriority=\"high\" decoding=\"async\" class=\"wp-image-3300 aligncenter\" src=\"https:\/\/taichytomato.com\/wp-content\/uploads\/2025\/05\/gemini_generated_image_kd3x6pkd3x6pkd3x-300x233.png\" alt=\"56g sachet de p\u00e2te de tomate\" width=\"361\" height=\"280\" srcset=\"https:\/\/taichytomato.com\/wp-content\/uploads\/2025\/05\/gemini_generated_image_kd3x6pkd3x6pkd3x-300x233.png 300w, https:\/\/taichytomato.com\/wp-content\/uploads\/2025\/05\/gemini_generated_image_kd3x6pkd3x6pkd3x-1024x796.png 1024w, https:\/\/taichytomato.com\/wp-content\/uploads\/2025\/05\/gemini_generated_image_kd3x6pkd3x6pkd3x-768x597.png 768w, https:\/\/taichytomato.com\/wp-content\/uploads\/2025\/05\/gemini_generated_image_kd3x6pkd3x6pkd3x-15x12.png 15w, https:\/\/taichytomato.com\/wp-content\/uploads\/2025\/05\/gemini_generated_image_kd3x6pkd3x6pkd3x-600x467.png 600w, https:\/\/taichytomato.com\/wp-content\/uploads\/2025\/05\/gemini_generated_image_kd3x6pkd3x6pkd3x.png 1152w\" sizes=\"(max-width: 361px) 100vw, 361px\" \/><\/p>\n<hr data-start=\"1593\" data-end=\"1596\" \/>\n<h2 data-start=\"1598\" data-end=\"1639\">Caract\u00e9ristiques du concentr\u00e9 de tomate en sachet de 56g<\/h2>\n<p data-start=\"1641\" data-end=\"1661\"><strong data-start=\"1641\" data-end=\"1661\">Aper\u00e7u du produit<\/strong><\/p>\n<ul data-start=\"1663\" data-end=\"2092\">\n<li data-start=\"1663\" data-end=\"1708\">\n<p data-start=\"1665\" data-end=\"1708\"><strong data-start=\"1665\" data-end=\"1682\">Nom du produit :<\/strong> Sachet de concentr\u00e9 de tomate de 56g<\/p>\n<\/li>\n<li data-start=\"1709\" data-end=\"1739\">\n<p data-start=\"1711\" data-end=\"1739\"><strong data-start=\"1711\" data-end=\"1722\">Origine :<\/strong> Chine du Nord<\/p>\n<\/li>\n<li data-start=\"1740\" data-end=\"1782\">\n<p data-start=\"1742\" data-end=\"1782\"><strong data-start=\"1742\" data-end=\"1765\">Ingr\u00e9dient principal :<\/strong> Tomates fra\u00eeches<\/p>\n<\/li>\n<li data-start=\"1783\" data-end=\"1833\">\n<p data-start=\"1785\" data-end=\"1833\"><strong data-start=\"1785\" data-end=\"1799\">Emballage :<\/strong> Sachet (plat ou poche \u00e0 fond plat)<\/p>\n<\/li>\n<li data-start=\"1834\" data-end=\"1867\">\n<p data-start=\"1836\" data-end=\"1867\"><strong data-start=\"1836\" data-end=\"1856\">Type de traitement :<\/strong> Assaisonn\u00e9<\/p>\n<\/li>\n<li data-start=\"1868\" data-end=\"1891\">\n<p data-start=\"1870\" data-end=\"1891\"><strong data-start=\"1870\" data-end=\"1885\">Poids net :<\/strong> 56g<\/p>\n<\/li>\n<li data-start=\"1892\" data-end=\"1919\">\n<p data-start=\"1894\" data-end=\"1919\"><strong data-start=\"1894\" data-end=\"1904\">Go\u00fbt :<\/strong> Doux &amp; acidul\u00e9<\/p>\n<\/li>\n<li data-start=\"1920\" data-end=\"1956\">\n<p data-start=\"1922\" data-end=\"1956\"><strong data-start=\"1922\" data-end=\"1932\">Couleur :<\/strong> Rouge fonc\u00e9 \/ rouge vif<\/p>\n<\/li>\n<li data-start=\"1957\" data-end=\"1982\">\n<p data-start=\"1959\" data-end=\"1982\"><strong data-start=\"1959\" data-end=\"1972\">Valeur pH :<\/strong> 4.0\u20134.4<\/p>\n<\/li>\n<li data-start=\"1983\" data-end=\"2004\">\n<p data-start=\"1985\" data-end=\"2004\"><strong data-start=\"1985\" data-end=\"1999\">Ratio A\/B :<\/strong> \u22652<\/p>\n<\/li>\n<li data-start=\"2005\" data-end=\"2022\">\n<p data-start=\"2007\" data-end=\"2022\"><strong data-start=\"2007\" data-end=\"2015\">HMC :<\/strong> \u226450%<\/p>\n<\/li>\n<li data-start=\"2023\" data-end=\"2052\">\n<p data-start=\"2025\" data-end=\"2052\"><strong data-start=\"2025\" data-end=\"2040\">Dur\u00e9e de conservation :<\/strong> 2\u20133 ans<\/p>\n<\/li>\n<li data-start=\"2053\" data-end=\"2092\">\n<p data-start=\"2055\" data-end=\"2092\"><strong data-start=\"2055\" data-end=\"2067\">Stockage :<\/strong> Entrep\u00f4t sec et int\u00e9rieur<\/p>\n<\/li>\n<\/ul>\n<p data-start=\"2094\" data-end=\"2120\"><strong data-start=\"2094\" data-end=\"2120\">Options de Brix disponibles<\/strong><\/p>\n<ul data-start=\"2122\" data-end=\"2213\">\n<li data-start=\"2122\" data-end=\"2131\">\n<p data-start=\"2124\" data-end=\"2131\">9\u201311%<\/p>\n<\/li>\n<li data-start=\"2132\" data-end=\"2142\">\n<p data-start=\"2134\" data-end=\"2142\">18\u201320%<\/p>\n<\/li>\n<li data-start=\"2143\" data-end=\"2153\">\n<p data-start=\"2145\" data-end=\"2153\">22\u201324%<\/p>\n<\/li>\n<li data-start=\"2154\" data-end=\"2164\">\n<p data-start=\"2156\" data-end=\"2164\">26\u201328%<\/p>\n<\/li>\n<li data-start=\"2165\" data-end=\"2213\">\n<p data-start=\"2167\" data-end=\"2213\"><strong data-start=\"2167\" data-end=\"2211\">28\u201330% (le plus populaire pour les march\u00e9s de d\u00e9tail)<\/strong><\/p>\n<\/li>\n<\/ul>\n<p data-start=\"2215\" data-end=\"2307\"><strong data-start=\"2215\" data-end=\"2234\">Certifications :<\/strong> FDA, HACCP, ISO, QS, Halal<br data-start=\"2261\" data-end=\"2264\" \/><strong data-start=\"2264\" data-end=\"2277\">Image de marque :<\/strong> OEM \/ marque priv\u00e9e disponible<\/p>\n<hr data-start=\"2309\" data-end=\"2312\" \/>\n<h2 data-start=\"2314\" data-end=\"2374\">Sachet de 56g de concentr\u00e9 de tomate en Chine \u2013 Avantages de l'approvisionnement en usine<\/h2>\n<p data-start=\"2376\" data-end=\"2453\">En tant que <strong data-start=\"2381\" data-end=\"2412\">Usine de concentr\u00e9 de tomate directe<\/strong>, nous contr\u00f4lons toute la cha\u00eene de production :<\/p>\n<h3 data-start=\"2455\" data-end=\"2488\">1. Base de mati\u00e8res premi\u00e8res stable<\/h3>\n<p data-start=\"2489\" data-end=\"2611\">Nos tomates proviennent du Nord de la Chine, o\u00f9 un fort ensoleillement et de grandes diff\u00e9rences de temp\u00e9rature jour-nuit entra\u00eenent :<\/p>\n<ul data-start=\"2612\" data-end=\"2689\">\n<li data-start=\"2612\" data-end=\"2637\">\n<p data-start=\"2614\" data-end=\"2637\">Une teneur en solides naturels plus \u00e9lev\u00e9e<\/p>\n<\/li>\n<li data-start=\"2638\" data-end=\"2659\">\n<p data-start=\"2640\" data-end=\"2659\">Une couleur de tomate riche<\/p>\n<\/li>\n<li data-start=\"2660\" data-end=\"2689\">\n<p data-start=\"2662\" data-end=\"2689\">Une saveur forte et constante<\/p>\n<\/li>\n<\/ul>\n<h3 data-start=\"2691\" data-end=\"2739\">2. Traitement contr\u00f4l\u00e9 et remplissage aseptique<\/h3>\n<p data-start=\"2740\" data-end=\"2848\">Du lavage des tomates \u00e0 la concentration et au remplissage aseptique en sachet, chaque \u00e9tape est strictement surveill\u00e9e pour garantir :<\/p>\n<ul data-start=\"2849\" data-end=\"2954\">\n<li data-start=\"2849\" data-end=\"2874\">\n<p data-start=\"2851\" data-end=\"2874\">Un contr\u00f4le pr\u00e9cis du Brix<\/p>\n<\/li>\n<li data-start=\"2875\" data-end=\"2909\">\n<p data-start=\"2877\" data-end=\"2909\">Une faible acidit\u00e9 et une texture lisse<\/p>\n<\/li>\n<li data-start=\"2910\" data-end=\"2954\">\n<p data-start=\"2912\" data-end=\"2954\">Formulations sans additifs ou personnalis\u00e9es<\/p>\n<\/li>\n<\/ul>\n<h3 data-start=\"2956\" data-end=\"2990\">3. Emballage en sachet flexible<\/h3>\n<p data-start=\"2991\" data-end=\"3056\">Les acheteurs peuvent choisir les formats d'emballage en fonction de leur march\u00e9 cible :<\/p>\n<ul data-start=\"3057\" data-end=\"3178\">\n<li data-start=\"3057\" data-end=\"3115\">\n<p data-start=\"3059\" data-end=\"3115\"><strong data-start=\"3059\" data-end=\"3074\">Sachet plat<\/strong> \u2013 \u00e9conomique pour la distribution de masse<\/p>\n<\/li>\n<li data-start=\"3116\" data-end=\"3178\">\n<p data-start=\"3118\" data-end=\"3178\"><strong data-start=\"3118\" data-end=\"3136\">Sachet \u00e0 fermeture automatique<\/strong> \u2013 apparence haut de gamme pour les rayons de d\u00e9tail<\/p>\n<\/li>\n<\/ul>\n<hr data-start=\"3180\" data-end=\"3183\" \/>\n<h2 data-start=\"3185\" data-end=\"3231\">Sachet de 56g OEM &amp; Marque Priv\u00e9e de Concentr\u00e9 de Tomate<\/h2>\n<p data-start=\"3233\" data-end=\"3369\">Nous sommes sp\u00e9cialis\u00e9s dans <strong data-start=\"3250\" data-end=\"3297\">Solutions OEM de concentr\u00e9 de tomate en sachet de 56g en Chine<\/strong>, aidant les distributeurs et les propri\u00e9taires de marques \u00e0 construire leur propre identit\u00e9 de march\u00e9.<\/p>\n<p data-start=\"3371\" data-end=\"3396\">Nos services OEM incluent :<\/p>\n<ul data-start=\"3397\" data-end=\"3597\">\n<li data-start=\"3397\" data-end=\"3429\">\n<p data-start=\"3399\" data-end=\"3429\">Conception de logo et d\u2019\u00e9tiquette personnalis\u00e9s<\/p>\n<\/li>\n<li data-start=\"3430\" data-end=\"3497\">\n<p data-start=\"3432\" data-end=\"3497\">Emballage multilingue (Anglais, Fran\u00e7ais, Arabe, Russe, etc.)<\/p>\n<\/li>\n<li data-start=\"3498\" data-end=\"3541\">\n<p data-start=\"3500\" data-end=\"3541\">Sachets en aluminium ou en film lamin\u00e9<\/p>\n<\/li>\n<li data-start=\"3542\" data-end=\"3597\">\n<p data-start=\"3544\" data-end=\"3597\">Structure de carton ajustable pour les habitudes de vente au d\u00e9tail locales<\/p>\n<\/li>\n<\/ul>\n<p data-start=\"3599\" data-end=\"3685\">Tous les produits OEM peuvent \u00eatre fournis en tant que <strong data-start=\"3635\" data-end=\"3684\">Concentr\u00e9 de tomate certifi\u00e9 Halal au prix d'usine<\/strong>.<\/p>\n<hr data-start=\"3687\" data-end=\"3690\" \/>\n<h2 data-start=\"3692\" data-end=\"3732\">Normes de production et certifications<\/h2>\n<p data-start=\"3734\" data-end=\"3788\">Nos lignes de production de concentr\u00e9 de tomate sont certifi\u00e9es selon :<\/p>\n<ul data-start=\"3789\" data-end=\"3828\">\n<li data-start=\"3789\" data-end=\"3800\">\n<p data-start=\"3791\" data-end=\"3800\"><strong data-start=\"3791\" data-end=\"3798\">ISO<\/strong><\/p>\n<\/li>\n<li data-start=\"3801\" data-end=\"3814\">\n<p data-start=\"3803\" data-end=\"3814\"><strong data-start=\"3803\" data-end=\"3812\">HACCP<\/strong><\/p>\n<\/li>\n<li data-start=\"3815\" data-end=\"3828\">\n<p data-start=\"3817\" data-end=\"3828\"><strong data-start=\"3817\" data-end=\"3826\">Halal<\/strong><\/p>\n<\/li>\n<\/ul>\n<p data-start=\"3830\" data-end=\"4003\">En contr\u00f4lant l\u2019approvisionnement, la transformation, la concentration et l\u2019emballage en interne, nous garantissons que chaque <strong data-start=\"3922\" data-end=\"3949\">Sachet de 56g de concentr\u00e9 de tomate<\/strong> respecte les normes internationales de s\u00e9curit\u00e9 alimentaire et d\u2019exportation.<\/p>\n<hr data-start=\"4005\" data-end=\"4008\" \/>\n<h2 data-start=\"4010\" data-end=\"4062\">March\u00e9s d\u2019exportation mondiaux pour le concentr\u00e9 de tomate en sachet de 56g<\/h2>\n<p data-start=\"4064\" data-end=\"4135\">Notre <strong data-start=\"4068\" data-end=\"4101\">Sachet de concentr\u00e9 de tomate de 56g en Chine<\/strong> est export\u00e9 dans le monde entier, y compris :<\/p>\n<ul data-start=\"4137\" data-end=\"4419\">\n<li data-start=\"4137\" data-end=\"4198\">\n<p data-start=\"4139\" data-end=\"4198\"><strong data-start=\"4139\" data-end=\"4150\">Afrique :<\/strong> Nig\u00e9ria, Ghana, C\u00f4te d\u2019Ivoire, Ouganda, Cameroun<\/p>\n<\/li>\n<li data-start=\"4199\" data-end=\"4244\">\n<p data-start=\"4201\" data-end=\"4244\"><strong data-start=\"4201\" data-end=\"4217\">Moyen-Orient :<\/strong> Arabie Saoudite, Y\u00e9men, \u00c9mirats Arabes Unis<\/p>\n<\/li>\n<li data-start=\"4245\" data-end=\"4301\">\n<p data-start=\"4247\" data-end=\"4301\"><strong data-start=\"4247\" data-end=\"4266\">Asie du Sud-Est :<\/strong> Philippines, Indon\u00e9sie, Malaisie<\/p>\n<\/li>\n<li data-start=\"4302\" data-end=\"4355\">\n<p data-start=\"4304\" data-end=\"4355\"><strong data-start=\"4304\" data-end=\"4330\">Russie &amp; Asie Centrale :<\/strong> Ouzb\u00e9kistan, Kazakhstan<\/p>\n<\/li>\n<li data-start=\"4356\" data-end=\"4419\">\n<p data-start=\"4358\" data-end=\"4419\"><strong data-start=\"4358\" data-end=\"4370\">Am\u00e9rique :<\/strong> March\u00e9s de distributeurs de d\u00e9tail hispaniques et d'importation<\/p>\n<\/li>\n<\/ul>\n<p data-start=\"4421\" data-end=\"4542\">Le niveau de Brix, la langue de l'\u00e9tiquette et l'impression sur le carton peuvent \u00eatre ajust\u00e9s pour respecter les r\u00e9glementations locales et les pr\u00e9f\u00e9rences gustatives des consommateurs.<\/p>\n<hr data-start=\"4544\" data-end=\"4547\" \/>\n<h2 data-start=\"4549\" data-end=\"4592\">Options d'emballage &amp; MOQ (directement de l'usine)<\/h2>\n<p data-start=\"4594\" data-end=\"4648\">Nous proposons des solutions de chargement flexibles pour les acheteurs en gros :<\/p>\n<ul data-start=\"4650\" data-end=\"4754\">\n<li data-start=\"4650\" data-end=\"4683\">\n<p data-start=\"4652\" data-end=\"4683\">Sachet plat ou poche refermable<\/p>\n<\/li>\n<li data-start=\"4684\" data-end=\"4713\">\n<p data-start=\"4686\" data-end=\"4713\">Personnalisation de la taille du carton<\/p>\n<\/li>\n<li data-start=\"4714\" data-end=\"4754\">\n<p data-start=\"4716\" data-end=\"4754\">Tailles disponibles : <strong data-start=\"4733\" data-end=\"4752\">50g \/ 56g \/ 70g<\/strong><\/p>\n<\/li>\n<\/ul>\n<p data-start=\"4756\" data-end=\"4887\"><strong data-start=\"4756\" data-end=\"4764\">Quantit\u00e9 minimale de commande :<\/strong> 1 \u00d7 20\u2019 FCL<br data-start=\"4776\" data-end=\"4779\" \/><strong data-start=\"4779\" data-end=\"4795\">Conditions de commerce :<\/strong> FOB \/ CFR \/ CIF port de France<br data-start=\"4822\" data-end=\"4825\" \/>Les commandes en gros b\u00e9n\u00e9ficient de <strong data-start=\"4850\" data-end=\"4886\">tarifs de gros directement de l'usine<\/strong>.<\/p>\n<hr data-start=\"4889\" data-end=\"4892\" \/>\n<h2 data-start=\"4894\" data-end=\"4942\">Cat\u00e9gories compl\u00e8tes de concentr\u00e9 de tomate en sachet que nous fournissons<\/h2>\n<p data-start=\"4944\" data-end=\"5043\">Nous offrons une gamme compl\u00e8te de tailles de sachets et de configurations d'emballage, y compris mais sans s'y limiter :<\/p>\n<ul data-start=\"5045\" data-end=\"5223\">\n<li data-start=\"5045\" data-end=\"5092\">\n<p data-start=\"5047\" data-end=\"5092\">18g, 36g, 40g, 50g, <strong data-start=\"5067\" data-end=\"5074\">56g<\/strong>, 70g, 80g, 100g<\/p>\n<\/li>\n<li data-start=\"5093\" data-end=\"5134\">\n<p data-start=\"5095\" data-end=\"5134\">Options de Brix de 18\u201320% jusqu'\u00e0 28\u201330%<\/p>\n<\/li>\n<li data-start=\"5135\" data-end=\"5173\">\n<p data-start=\"5137\" data-end=\"5173\">Formats de sachets plats (non refermables)<\/p>\n<\/li>\n<li data-start=\"5174\" data-end=\"5223\">\n<p data-start=\"5176\" data-end=\"5223\">Chargement de conteneurs \u00e0 volume \u00e9lev\u00e9 pour 20FT &amp; 40HQ<\/p>\n<\/li>\n<\/ul>\n<p data-start=\"5225\" data-end=\"5327\">Cela permet aux acheteurs de consolider plusieurs r\u00e9f\u00e9rences (SKUs) \u00e0 partir de <strong data-start=\"5278\" data-end=\"5326\">un fabricant fiable de concentr\u00e9 de tomate en Chine<\/strong>.<\/p>\n<hr data-start=\"5329\" data-end=\"5332\" \/>\n<h2 data-start=\"5334\" data-end=\"5402\">Pourquoi choisir Taichy comme fournisseur de concentr\u00e9 de tomate en sachet de 56g en France ?<\/h2>\n<ul data-start=\"5404\" data-end=\"5692\">\n<li data-start=\"5404\" data-end=\"5466\">\n<p data-start=\"5406\" data-end=\"5466\">Plus de <strong data-start=\"5411\" data-end=\"5464\">15 ans d'exp\u00e9rience dans la fabrication de concentr\u00e9 de tomate<\/strong><\/p>\n<\/li>\n<li data-start=\"5467\" data-end=\"5523\">\n<p data-start=\"5469\" data-end=\"5523\">Capacit\u00e9 de production stable et s\u00e9curit\u00e9 des mati\u00e8res premi\u00e8res<\/p>\n<\/li>\n<li data-start=\"5524\" data-end=\"5567\">\n<p data-start=\"5526\" data-end=\"5567\">Forte capacit\u00e9 OEM et marque priv\u00e9e<\/p>\n<\/li>\n<li data-start=\"5568\" data-end=\"5617\">\n<p data-start=\"5570\" data-end=\"5617\">Prix comp\u00e9titifs d'usine avec livraison rapide<\/p>\n<\/li>\n<li data-start=\"5618\" data-end=\"5692\">\n<p data-start=\"5620\" data-end=\"5692\">Exp\u00e9rience d'exportation \u00e9prouv\u00e9e en Afrique, au Moyen-Orient, en Asie et en Am\u00e9rique<\/p>\n<\/li>\n<\/ul>\n<p data-start=\"5694\" data-end=\"5836\">Si vous recherchez une <strong data-start=\"5721\" data-end=\"5772\">Fournisseur fiable de concentr\u00e9 de tomate en sachet de 56g en Chine<\/strong>, Taichy Tomato est positionn\u00e9 pour une coop\u00e9ration \u00e0 long terme et stable.<\/p>\n<hr data-start=\"5838\" data-end=\"5841\" \/>\n<h2 data-start=\"5843\" data-end=\"5873\">Obtenez le prix d'usine &amp; \u00e9chantillons<\/h2>\n<p data-start=\"5875\" data-end=\"5979\">Pour <strong data-start=\"5879\" data-end=\"5916\">Vente en gros de concentr\u00e9 de tomate en sachet de 56g<\/strong>, Pour toute demande OEM, tarification ou \u00e9chantillons d'emballage, veuillez contacter :<\/p>\n<p data-start=\"5981\" data-end=\"6015\"><strong data-start=\"5981\" data-end=\"5991\">Email :<\/strong> <a class=\"decorated-link cursor-pointer\" rel=\"noopener\" data-start=\"5992\" data-end=\"6013\">info@taichysupply.com<\/a><\/p>\n<p data-start=\"6017\" data-end=\"6136\" data-is-last-node=\"\" data-is-only-node=\"\">Notre \u00e9quipe commerciale vous soutiendra avec les sp\u00e9cifications, les plans de chargement et les solutions personnalis\u00e9es\u2014directement de l'usine.<\/p>","protected":false},"excerpt":{"rendered":"<p>Taichy Tomato est un fabricant et exportateur professionnel de concentr\u00e9 de tomate en sachet de 56g en Chine, offrant un concentr\u00e9 de tomate de haute qualit\u00e9 pour l'Afrique, l'Asie du Sud-Est, le Moyen-Orient, la Russie et la France.<br data-start=\"383\" data-end=\"386\" \/>Notre concentr\u00e9 de tomate en sachet de 56g est fabriqu\u00e9 \u00e0 partir de tomates 100% pure et fra\u00eeche, trait\u00e9es selon des normes strictes ISO, HACCP et Halal, garantissant un go\u00fbt excellent, une coh\u00e9rence et une s\u00e9curit\u00e9 pour les march\u00e9s internationaux.<br \/>\nCode SH : 2002901100<\/p>","protected":false},"featured_media":3287,"template":"","meta":{"_acf_changed":false,"_seopress_robots_primary_cat":"none","_seopress_titles_title":"China 56g Sachet Tomato Paste | Bulk Export | Taichy","_seopress_titles_desc":"Taichy Tomato \u2013 China manufacturer of 56g sachet tomato paste (28\u201330% Brix), Halal & ISO certified. OEM brands, factory price, export to all the world","_seopress_robots_index":"","site-sidebar-layout":"default","site-content-layout":"","ast-site-content-layout":"default","site-content-style":"default","site-sidebar-style":"default","ast-global-header-display":"","ast-banner-title-visibility":"","ast-main-header-display":"","ast-hfb-above-header-display":"","ast-hfb-below-header-display":"","ast-hfb-mobile-header-display":"","site-post-title":"","ast-breadcrumbs-content":"","ast-featured-img":"","footer-sml-layout":"","ast-disable-related-posts":"","theme-transparent-header-meta":"default","adv-header-id-meta":"","stick-header-meta":"","header-above-stick-meta":"","header-main-stick-meta":"","header-below-stick-meta":"","astra-migrate-meta-layouts":"set","ast-page-background-enabled":"default","ast-page-background-meta":{"desktop":{"background-color":"var(--ast-global-color-5)","background-image":"","background-repeat":"repeat","background-position":"center center","background-size":"auto","background-attachment":"scroll","background-type":"","background-media":"","overlay-type":"","overlay-color":"","overlay-opacity":"","overlay-gradient":""},"tablet":{"background-color":"","background-image":"","background-repeat":"repeat","background-position":"center center","background-size":"auto","background-attachment":"scroll","background-type":"","background-media":"","overlay-type":"","overlay-color":"","overlay-opacity":"","overlay-gradient":""},"mobile":{"background-color":"","background-image":"","background-repeat":"repeat","background-position":"center center","background-size":"auto","background-attachment":"scroll","background-type":"","background-media":"","overlay-type":"","overlay-color":"","overlay-opacity":"","overlay-gradient":""}},"ast-content-background-meta":{"desktop":{"background-color":"var(--ast-global-color-4)","background-image":"","background-repeat":"repeat","background-position":"center center","background-size":"auto","background-attachment":"scroll","background-type":"","background-media":"","overlay-type":"","overlay-color":"","overlay-opacity":"","overlay-gradient":""},"tablet":{"background-color":"var(--ast-global-color-4)","background-image":"","background-repeat":"repeat","background-position":"center center","background-size":"auto","background-attachment":"scroll","background-type":"","background-media":"","overlay-type":"","overlay-color":"","overlay-opacity":"","overlay-gradient":""},"mobile":{"background-color":"var(--ast-global-color-4)","background-image":"","background-repeat":"repeat","background-position":"center center","background-size":"auto","background-attachment":"scroll","background-type":"","background-media":"","overlay-type":"","overlay-color":"","overlay-opacity":"","overlay-gradient":""}}},"product_brand":[],"product_cat":[97],"product_tag":[193,162,161,163],"class_list":{"0":"post-1949","1":"product","2":"type-product","3":"status-publish","4":"has-post-thumbnail","6":"product_cat-tomato-paste-in-sachet","7":"product_tag-56g-tomato-paste-sachet","8":"product_tag-bulk-sachet-paste-supplier","9":"product_tag-sachet-tomato-paste-manufacture","10":"product_tag-tomato-paste-factory","11":"desktop-align-left","12":"tablet-align-left","13":"mobile-align-left","15":"first","16":"instock","17":"sale","18":"shipping-taxable","19":"purchasable","20":"product-type-simple"},"acf":[],"_links":{"self":[{"href":"https:\/\/taichytomato.com\/fr\/wp-json\/wp\/v2\/product\/1949","targetHints":{"allow":["GET"]}}],"collection":[{"href":"https:\/\/taichytomato.com\/fr\/wp-json\/wp\/v2\/product"}],"about":[{"href":"https:\/\/taichytomato.com\/fr\/wp-json\/wp\/v2\/types\/product"}],"version-history":[{"count":0,"href":"https:\/\/taichytomato.com\/fr\/wp-json\/wp\/v2\/product\/1949\/revisions"}],"wp:featuredmedia":[{"embeddable":true,"href":"https:\/\/taichytomato.com\/fr\/wp-json\/wp\/v2\/media\/3287"}],"wp:attachment":[{"href":"https:\/\/taichytomato.com\/fr\/wp-json\/wp\/v2\/media?parent=1949"}],"wp:term":[{"taxonomy":"product_brand","embeddable":true,"href":"https:\/\/taichytomato.com\/fr\/wp-json\/wp\/v2\/product_brand?post=1949"},{"taxonomy":"product_cat","embeddable":true,"href":"https:\/\/taichytomato.com\/fr\/wp-json\/wp\/v2\/product_cat?post=1949"},{"taxonomy":"product_tag","embeddable":true,"href":"https:\/\/taichytomato.com\/fr\/wp-json\/wp\/v2\/product_tag?post=1949"}],"curies":[{"name":"wp","href":"https:\/\/api.w.org\/{rel}","templated":true}]}}