{"id":1947,"date":"2025-07-15T22:12:09","date_gmt":"2025-07-16T06:12:09","guid":{"rendered":"https:\/\/taichytomato.com\/?post_type=product&#038;p=1947"},"modified":"2026-01-08T19:24:38","modified_gmt":"2026-01-09T03:24:38","slug":"50g-tomato-paste-sachet","status":"publish","type":"product","link":"https:\/\/taichytomato.com\/fr\/produit\/50g-tomato-paste-sachet\/","title":{"rendered":"P\u00e2te de tomate en sachet de 50g"},"content":{"rendered":"<h2 data-start=\"278\" data-end=\"313\">Qu'est-ce qu'un sachet de 50g de concentr\u00e9 de tomate<\/h2>\n<p data-start=\"315\" data-end=\"646\"><strong data-start=\"315\" data-end=\"342\">Le concentr\u00e9 de tomate en sachet de 50g<\/strong> est l'un des formats d'emballage de d\u00e9tail les plus populaires sur les march\u00e9s en d\u00e9veloppement et \u00e9mergents, notamment en Afrique, au Moyen-Orient et en Asie du Sud-Est.<br data-start=\"493\" data-end=\"496\" \/>Chaque sachet contient un concentr\u00e9 de tomate \u00e9pais et concentr\u00e9, fabriqu\u00e9 \u00e0 partir de tomates fra\u00eeches, offrant une saveur riche, une couleur intense et d'excellentes performances en cuisine.<\/p>\n<p data-start=\"648\" data-end=\"984\">En tant qu'exportateur professionnel <strong data-start=\"666\" data-end=\"720\">Fournisseur et usine de concentr\u00e9 de tomate en sachet de 50g en Chine<\/strong>, nous fournissons un concentr\u00e9 de tomate de haute qualit\u00e9 de 50g avec <strong data-start=\"767\" data-end=\"782\">28\u201330% Brix<\/strong>, adapt\u00e9 aux soupes, sauces, rago\u00fbts et \u00e0 la cuisine quotidienne domestique.<br data-start=\"847\" data-end=\"850\" \/>Cette petite taille de sachet est largement pr\u00e9f\u00e9r\u00e9e pour son <strong data-start=\"901\" data-end=\"983\">prix abordable, le contr\u00f4le des portions, la distribution facile et le renouvellement rapide du march\u00e9<\/strong>.<\/p>\n<hr data-start=\"986\" data-end=\"989\" \/>\n<h2 data-start=\"991\" data-end=\"1037\">Concentr\u00e9 de tomate de 50g en sachet \u00e0 ouverture facile et plat<\/h2>\n<h3 data-start=\"1039\" data-end=\"1065\"><strong data-start=\"1039\" data-end=\"1065\">Sp\u00e9cifications du produit<\/strong><\/h3>\n<ul data-start=\"1067\" data-end=\"1673\">\n<li data-start=\"1067\" data-end=\"1106\">\n<p data-start=\"1069\" data-end=\"1106\"><strong data-start=\"1069\" data-end=\"1089\">Lieu d'origine :<\/strong> Nord de la France<\/p>\n<\/li>\n<li data-start=\"1107\" data-end=\"1154\">\n<p data-start=\"1109\" data-end=\"1154\"><strong data-start=\"1109\" data-end=\"1132\">Ingr\u00e9dient principal :<\/strong> 100% Tomates fra\u00eeches<\/p>\n<\/li>\n<li data-start=\"1155\" data-end=\"1208\">\n<p data-start=\"1157\" data-end=\"1208\"><strong data-start=\"1157\" data-end=\"1176\">Type d'emballage :<\/strong> <strong>Sachet plat \/ Sachet \u00e0 ouverture facile<\/strong><\/p>\n<\/li>\n<li data-start=\"1209\" data-end=\"1243\">\n<p data-start=\"1211\" data-end=\"1243\"><strong data-start=\"1211\" data-end=\"1231\">Type de traitement :<\/strong> Traitement chaud \/ Traitement froid<\/p>\n<\/li>\n<li data-start=\"1244\" data-end=\"1287\">\n<p data-start=\"1246\" data-end=\"1287\"><strong data-start=\"1246\" data-end=\"1265\">Certifications :<\/strong> FDA, HACCP, ISO, QS<\/p>\n<\/li>\n<li data-start=\"1288\" data-end=\"1336\">\n<p data-start=\"1290\" data-end=\"1336\"><strong data-start=\"1290\" data-end=\"1312\">Puret\u00e9 de l'ingr\u00e9dient :<\/strong> 30%\u2013100% Concentr\u00e9 de tomate<\/p>\n<\/li>\n<li data-start=\"1337\" data-end=\"1364\">\n<p data-start=\"1339\" data-end=\"1364\"><strong data-start=\"1339\" data-end=\"1349\">Go\u00fbt :<\/strong> Doux &amp; Acidul\u00e9<\/p>\n<\/li>\n<li data-start=\"1365\" data-end=\"1410\">\n<p data-start=\"1367\" data-end=\"1410\"><strong data-start=\"1367\" data-end=\"1377\">Marque :<\/strong> OEM \/ Marque Priv\u00e9e Personnalis\u00e9e<\/p>\n<\/li>\n<li data-start=\"1411\" data-end=\"1434\">\n<p data-start=\"1413\" data-end=\"1434\"><strong data-start=\"1413\" data-end=\"1428\">Poids net :<\/strong> 50g<\/p>\n<\/li>\n<li data-start=\"1435\" data-end=\"1457\">\n<p data-start=\"1437\" data-end=\"1457\"><strong data-start=\"1437\" data-end=\"1451\">Ratio A\/B :<\/strong> \u2265 2<\/p>\n<\/li>\n<li data-start=\"1458\" data-end=\"1494\">\n<p data-start=\"1460\" data-end=\"1494\"><strong data-start=\"1460\" data-end=\"1470\">Couleur :<\/strong> Rouge fonc\u00e9 \/ Rouge vif<\/p>\n<\/li>\n<li data-start=\"1495\" data-end=\"1514\">\n<p data-start=\"1497\" data-end=\"1514\"><strong data-start=\"1497\" data-end=\"1504\">pH :<\/strong> 4.0\u20134.4<\/p>\n<\/li>\n<li data-start=\"1515\" data-end=\"1578\">\n<p data-start=\"1517\" data-end=\"1578\"><strong data-start=\"1517\" data-end=\"1534\">Options de Brix :<\/strong> 9\u201311%, 18\u201320%, 22\u201324%, 26\u201328%, <strong data-start=\"1566\" data-end=\"1576\">28\u201330%<\/strong><\/p>\n<\/li>\n<li data-start=\"1579\" data-end=\"1608\">\n<p data-start=\"1581\" data-end=\"1608\"><strong data-start=\"1581\" data-end=\"1596\">Dur\u00e9e de conservation :<\/strong> 2\u20133 ans<\/p>\n<\/li>\n<li data-start=\"1609\" data-end=\"1629\">\n<p data-start=\"1611\" data-end=\"1629\"><strong data-start=\"1611\" data-end=\"1619\">HMC :<\/strong> Max 50%<\/p>\n<\/li>\n<li data-start=\"1630\" data-end=\"1673\">\n<p data-start=\"1632\" data-end=\"1673\"><strong data-start=\"1632\" data-end=\"1644\">Stockage :<\/strong> Entrep\u00f4t int\u00e9rieur sec et frais<\/p>\n<\/li>\n<\/ul>\n<p data-start=\"1675\" data-end=\"1804\">Nous fournissons <strong data-start=\"1685\" data-end=\"1712\">Le concentr\u00e9 de tomate en sachet de 50g<\/strong> avec une viscosit\u00e9 stable, une saveur naturelle de tomate, et sans conservateurs ni additifs artificiels.<\/p>\n<hr data-start=\"1806\" data-end=\"1809\" \/>\n<h2 data-start=\"1811\" data-end=\"1865\">Solutions OEM &amp; Personnalis\u00e9es de p\u00e2te de tomate en sachet de 50g<\/h2>\n<p data-start=\"1867\" data-end=\"2026\">En tant qu'entreprise exp\u00e9riment\u00e9e <strong data-start=\"1885\" data-end=\"1929\">Usine de p\u00e2te de tomate en sachet de 50g en Chine<\/strong>, nous fournissons une gamme compl\u00e8te <strong data-start=\"1947\" data-end=\"1979\">de solutions OEM et personnalis\u00e9es<\/strong> pour importateurs, distributeurs et propri\u00e9taires de marques.<\/p>\n<p data-start=\"2028\" data-end=\"2058\">Les options de personnalisation incluent :<\/p>\n<ul data-start=\"2060\" data-end=\"2329\">\n<li data-start=\"2060\" data-end=\"2097\">\n<p data-start=\"2062\" data-end=\"2097\">Conception d'\u00e9tiquette priv\u00e9e &amp; de logo de marque<\/p>\n<\/li>\n<li data-start=\"2098\" data-end=\"2168\">\n<p data-start=\"2100\" data-end=\"2168\">\u00c9tiquetage en langue locale (Afrique, Moyen-Orient, Russie, march\u00e9s CIS)<\/p>\n<\/li>\n<li data-start=\"2169\" data-end=\"2233\">\n<p data-start=\"2171\" data-end=\"2233\">S\u00e9lection de mat\u00e9riaux d'emballage (papier aluminium, film lamin\u00e9)<\/p>\n<\/li>\n<li data-start=\"2234\" data-end=\"2281\">\n<p data-start=\"2236\" data-end=\"2281\">\u00c9ditions d'emballages promotionnels et saisonniers<\/p>\n<\/li>\n<li data-start=\"2282\" data-end=\"2329\">\n<p data-start=\"2284\" data-end=\"2329\">Taille de carton personnalis\u00e9e et quantit\u00e9 d'emballage<\/p>\n<\/li>\n<\/ul>\n<p data-start=\"2331\" data-end=\"2489\">Nous aidons nos partenaires \u00e0 d\u00e9velopper <strong data-start=\"2356\" data-end=\"2394\">Tomate en sachet de 50g personnalis\u00e9e<\/strong> pour leurs march\u00e9s cibles, en assurant la conformit\u00e9 avec les r\u00e9glementations locales et les pr\u00e9f\u00e9rences des consommateurs.<\/p>\n<hr data-start=\"2491\" data-end=\"2494\" \/>\n<h2 data-start=\"2496\" data-end=\"2538\">Normes de production &amp; Contr\u00f4le qualit\u00e9<\/h2>\n<p data-start=\"2540\" data-end=\"2650\">Notre production de p\u00e2te de tomate suit des syst\u00e8mes stricts de gestion de la qualit\u00e9, de la s\u00e9lection des tomates \u00e0 l'emballage final.<\/p>\n<ul data-start=\"2652\" data-end=\"2891\">\n<li data-start=\"2652\" data-end=\"2703\">\n<p data-start=\"2654\" data-end=\"2703\">Fabriqu\u00e9 \u00e0 partir de <strong data-start=\"2664\" data-end=\"2687\">tomates fra\u00eeches 100%<\/strong>, sans additifs<\/p>\n<\/li>\n<li data-start=\"2704\" data-end=\"2760\">\n<p data-start=\"2706\" data-end=\"2760\">Traitement Hot Break pour pr\u00e9server la couleur et la viscosit\u00e9<\/p>\n<\/li>\n<li data-start=\"2761\" data-end=\"2821\">\n<p data-start=\"2763\" data-end=\"2821\">Enti\u00e8rement conforme \u00e0 <strong data-start=\"2784\" data-end=\"2819\">les normes ISO, HACCP et Halal<\/strong><\/p>\n<\/li>\n<li data-start=\"2822\" data-end=\"2891\">\n<p data-start=\"2824\" data-end=\"2891\">Chaque lot test\u00e9 pour le Brix, le pH, la couleur et la s\u00e9curit\u00e9 microbiologique<\/p>\n<\/li>\n<\/ul>\n<p data-start=\"2893\" data-end=\"2967\">Cela garantit une qualit\u00e9 constante pour une fourniture \u00e0 long terme et des commandes r\u00e9p\u00e9t\u00e9es.<\/p>\n<hr data-start=\"2969\" data-end=\"2972\" \/>\n<h2 data-start=\"2974\" data-end=\"3032\">Pourquoi nous choisir comme fournisseur de p\u00e2te de tomate en sachet de 50g<\/h2>\n<ul data-start=\"3034\" data-end=\"3346\">\n<li data-start=\"3034\" data-end=\"3085\">\n<p data-start=\"3036\" data-end=\"3085\">Plus de 15 ans d'exp\u00e9rience dans la fabrication de p\u00e2te de tomate<\/p>\n<\/li>\n<li data-start=\"3086\" data-end=\"3135\">\n<p data-start=\"3088\" data-end=\"3135\">Syst\u00e8me de production certifi\u00e9 ISO, HACCP, Halal<\/p>\n<\/li>\n<li data-start=\"3136\" data-end=\"3189\">\n<p data-start=\"3138\" data-end=\"3189\">Comp\u00e9titif <strong data-start=\"3150\" data-end=\"3187\">Prix d'usine &amp; offre \u00e0 prix \u00e9quitable<\/strong><\/p>\n<\/li>\n<li data-start=\"3190\" data-end=\"3231\">\n<p data-start=\"3192\" data-end=\"3231\">Forte capacit\u00e9 OEM &amp; marque priv\u00e9e<\/p>\n<\/li>\n<li data-start=\"3232\" data-end=\"3283\">\n<p data-start=\"3234\" data-end=\"3283\">Approvisionnement stable en mati\u00e8res premi\u00e8res &amp; logistique d'exportation<\/p>\n<\/li>\n<li data-start=\"3284\" data-end=\"3346\">\n<p data-start=\"3286\" data-end=\"3346\">Record d'exportation prouv\u00e9 en Afrique, Moyen-Orient &amp; Asie centrale<\/p>\n<\/li>\n<\/ul>\n<p data-start=\"3348\" data-end=\"3465\">Nous ne sommes pas seulement un fournisseur \u2014 nous aidons les clients \u00e0 construire <strong data-start=\"3399\" data-end=\"3464\">des mod\u00e8les commerciaux durables de p\u00e2te de tomate pour la vente au d\u00e9tail et en gros<\/strong>.<\/p>\n<hr data-start=\"3467\" data-end=\"3470\" \/>\n<h2 data-start=\"3472\" data-end=\"3497\">March\u00e9s d'exportation mondiaux<\/h2>\n<p data-start=\"3499\" data-end=\"3564\">Notre <strong data-start=\"3503\" data-end=\"3530\">Le concentr\u00e9 de tomate en sachet de 50g<\/strong> est export\u00e9 vers plus de 30 pays :<\/p>\n<ul data-start=\"3566\" data-end=\"3855\">\n<li data-start=\"3566\" data-end=\"3632\">\n<p data-start=\"3568\" data-end=\"3632\"><strong data-start=\"3568\" data-end=\"3579\">Afrique :<\/strong> Nig\u00e9ria, Ghana, Cameroun, C\u00f4te d'Ivoire, Togo, Soudan<\/p>\n<\/li>\n<li data-start=\"3633\" data-end=\"3686\">\n<p data-start=\"3635\" data-end=\"3686\"><strong data-start=\"3635\" data-end=\"3651\">Moyen-Orient :<\/strong> Arabie Saoudite, Y\u00e9men, \u00c9mirats Arabes Unis, Jordanie<\/p>\n<\/li>\n<li data-start=\"3687\" data-end=\"3753\">\n<p data-start=\"3689\" data-end=\"3753\"><strong data-start=\"3689\" data-end=\"3708\">Asie du Sud-Est :<\/strong> Philippines, Indon\u00e9sie, Malaisie, Tha\u00eflande<\/p>\n<\/li>\n<li data-start=\"3754\" data-end=\"3819\">\n<p data-start=\"3756\" data-end=\"3819\"><strong data-start=\"3756\" data-end=\"3782\">Russie &amp; Asie Centrale :<\/strong> Ouzb\u00e9kistan, Kazakhstan, Kirghizistan<\/p>\n<\/li>\n<li data-start=\"3820\" data-end=\"3855\">\n<p data-start=\"3822\" data-end=\"3855\"><strong data-start=\"3822\" data-end=\"3834\">Am\u00e9rique :<\/strong> France, Panama, Ha\u00efti<\/p>\n<\/li>\n<\/ul>\n<p data-start=\"3857\" data-end=\"3973\">Nous comprenons les pr\u00e9f\u00e9rences locales, y compris <strong data-start=\"3900\" data-end=\"3972\">le niveau de Brix, le style de sachet, l'emballage en carton et les exigences promotionnelles<\/strong>.<\/p>\n<hr data-start=\"3975\" data-end=\"3978\" \/>\n<h2 data-start=\"3980\" data-end=\"4032\">Prix et devis en gros pour la p\u00e2te de tomate en sachet de 50g<\/h2>\n<p data-start=\"4034\" data-end=\"4122\">Nous proposons <strong data-start=\"4043\" data-end=\"4089\">devis comp\u00e9titifs pour la p\u00e2te de tomate en sachet de 50g<\/strong> directement de notre usine en Chine.<\/p>\n<ul data-start=\"4124\" data-end=\"4272\">\n<li data-start=\"4124\" data-end=\"4148\">\n<p data-start=\"4126\" data-end=\"4148\"><strong data-start=\"4126\" data-end=\"4134\">Quantit\u00e9 minimale de commande :<\/strong> 1 \u00d7 20\u2019 FCL<\/p>\n<\/li>\n<li data-start=\"4149\" data-end=\"4185\">\n<p data-start=\"4151\" data-end=\"4185\"><strong data-start=\"4151\" data-end=\"4167\">Conditions de commerce :<\/strong> FOB \/ CFR \/ CIF<\/p>\n<\/li>\n<li data-start=\"4186\" data-end=\"4214\">\n<p data-start=\"4188\" data-end=\"4214\">Options de paiement flexibles<\/p>\n<\/li>\n<li data-start=\"4215\" data-end=\"4272\">\n<p data-start=\"4217\" data-end=\"4272\">Tarifs sp\u00e9ciaux pour les distributeurs et partenaires \u00e0 long terme<\/p>\n<\/li>\n<\/ul>\n<p data-start=\"4274\" data-end=\"4427\">Si vous cherchez \u00e0 <strong data-start=\"4296\" data-end=\"4346\">fournir de la p\u00e2te de tomate en sachet de 50g \u00e0 un prix \u00e9quitable<\/strong>, notre \u00e9quipe peut vous aider avec des \u00e9chantillons, des maquettes d'emballage et la documentation d'exportation.<\/p>\n<hr data-start=\"4429\" data-end=\"4432\" \/>\n<h2 data-start=\"4434\" data-end=\"4469\">Options de sachets et emballage d'exportation<\/h2>\n<p data-start=\"4471\" data-end=\"4505\">Les options d'emballage disponibles incluent :<\/p>\n<ul data-start=\"4507\" data-end=\"4604\">\n<li data-start=\"4507\" data-end=\"4537\">\n<p data-start=\"4509\" data-end=\"4537\">50g \u00d7 100 sachets \/ carton<\/p>\n<\/li>\n<li data-start=\"4538\" data-end=\"4568\">\n<p data-start=\"4540\" data-end=\"4568\">50g \u00d7 120 sachets \/ carton<\/p>\n<\/li>\n<li data-start=\"4569\" data-end=\"4604\">\n<p data-start=\"4571\" data-end=\"4604\">Emballage personnalis\u00e9 sur demande<\/p>\n<\/li>\n<\/ul>\n<p data-start=\"4606\" data-end=\"4700\">Nous garantissons un emballage \u00e9tanche \u00e0 l'humidit\u00e9, thermosoud\u00e9, adapt\u00e9 au transport maritime longue distance.<\/p>\n<hr data-start=\"4702\" data-end=\"4705\" \/>\n<h2 data-start=\"4707\" data-end=\"4739\">Support &amp; Image de Marque pour la Promotion<\/h2>\n<p data-start=\"4741\" data-end=\"4793\">Pour la distribution en supermarch\u00e9 et au d\u00e9tail, nous soutenons :<\/p>\n<ul data-start=\"4795\" data-end=\"4992\">\n<li data-start=\"4795\" data-end=\"4837\">\n<p data-start=\"4797\" data-end=\"4837\">Impression personnalis\u00e9e de sachets avec logo de marque<\/p>\n<\/li>\n<li data-start=\"4838\" data-end=\"4882\">\n<p data-start=\"4840\" data-end=\"4882\">Instructions multilingues &amp; logo Halal<\/p>\n<\/li>\n<li data-start=\"4883\" data-end=\"4933\">\n<p data-start=\"4885\" data-end=\"4933\">Cartons promotionnels (par exemple \u201c Achetez 10, obtenez-en 1 gratuit \u201d)<\/p>\n<\/li>\n<li data-start=\"4934\" data-end=\"4992\">\n<p data-start=\"4936\" data-end=\"4992\">Sp\u00e9cifique au march\u00e9 <strong data-start=\"4952\" data-end=\"4990\">Promotions de p\u00e2te de tomate en sachet de 50g<\/strong><\/p>\n<\/li>\n<\/ul>\n<p data-start=\"4994\" data-end=\"5062\">Cela aide les importateurs \u00e0 augmenter la visibilit\u00e9 en rayon et la conversion des ventes.<\/p>\n<hr data-start=\"5064\" data-end=\"5067\" \/>\n<h2 data-start=\"5069\" data-end=\"5133\">Contactez-nous \u2013 Fournisseur fiable de p\u00e2te de tomate en sachet de 50g en France<\/h2>\n<p data-start=\"5135\" data-end=\"5288\">Si vous recherchez une <strong data-start=\"5162\" data-end=\"5218\">fournisseur fiable de p\u00e2te de tomate en sachet de 50g en France<\/strong>, Taichy Tomato propose des solutions compl\u00e8tes OEM, d'exportation et de branding.<\/p>\n<p data-start=\"5290\" data-end=\"5341\">Contactez-nous \u00e0 <strong data-start=\"5304\" data-end=\"5329\"><a class=\"decorated-link cursor-pointer\" rel=\"noopener\" data-start=\"5306\" data-end=\"5327\">info@taichysupply.com<\/a><\/strong> pour recevoir :<\/p>\n<ul data-start=\"5342\" data-end=\"5433\">\n<li data-start=\"5342\" data-end=\"5382\">\n<p data-start=\"5344\" data-end=\"5382\">Dernier prix de la p\u00e2te de tomate en sachet de 50g<\/p>\n<\/li>\n<li data-start=\"5383\" data-end=\"5399\">\n<p data-start=\"5385\" data-end=\"5399\">\u00c9chantillons gratuits<\/p>\n<\/li>\n<li data-start=\"5400\" data-end=\"5433\">\n<p data-start=\"5402\" data-end=\"5433\">Propositions d'emballage &amp; de design<\/p>\n<\/li>\n<\/ul>\n<hr data-start=\"5435\" data-end=\"5438\" \/>\n<h2>FAQ \u2013 Approvisionnement en p\u00e2te de tomate en sachet de 50g<\/h2>\n<p data-start=\"5481\" data-end=\"5603\"><strong data-start=\"5481\" data-end=\"5519\">Q1 : Quel niveau de Brix fournissez-vous ?<\/strong><br data-start=\"5519\" data-end=\"5522\" \/>R : Principalement <strong data-start=\"5532\" data-end=\"5547\">28\u201330% Brix<\/strong>, le choix le plus populaire pour les march\u00e9s africains et asiatiques.<\/p>\n<p data-start=\"5605\" data-end=\"5715\"><strong data-start=\"5605\" data-end=\"5654\">Q2 : Pouvez-vous personnaliser l'emballage et le branding ?<\/strong><br data-start=\"5654\" data-end=\"5657\" \/>R : Oui, nous proposons une personnalisation compl\u00e8te OEM et en marque blanche.<\/p>\n<p data-start=\"5717\" data-end=\"5780\"><strong data-start=\"5717\" data-end=\"5741\">Q3 : Quel est le MOQ ?<\/strong><br data-start=\"5741\" data-end=\"5744\" \/>R : 1 \u00d7 20\u2019 FCL, tailles mixtes autoris\u00e9es.<\/p>\n<p data-start=\"5782\" data-end=\"5909\"><strong data-start=\"5782\" data-end=\"5837\">Q4 : Proposez-vous des promotions ou des remises en gros ?<\/strong><br data-start=\"5837\" data-end=\"5840\" \/>R : Oui, r\u00e9guli\u00e8rement <strong data-start=\"5856\" data-end=\"5894\">Promotions de p\u00e2te de tomate en sachet de 50g<\/strong> des promotions sont disponibles.<\/p>\n<p data-start=\"5911\" data-end=\"6027\"><strong data-start=\"5911\" data-end=\"5950\">Q5 : Vers quels march\u00e9s exportez-vous ?<\/strong><br data-start=\"5950\" data-end=\"5953\" \/>R : Afrique, Moyen-Orient, Asie du Sud-Est, Russie, Asie centrale et Am\u00e9rique.<\/p>","protected":false},"excerpt":{"rendered":"<p data-start=\"233\" data-end=\"674\">Taichy Tomato est un professionnel <strong>fabricant de concentr\u00e9 de tomate de 50g<\/strong> et exportateur de Chine, fournissant du concentr\u00e9 de tomate en sachet de qualit\u00e9 sup\u00e9rieure \u00e0 l'Afrique, \u00e0 l'Asie du Sud-Est, au Moyen-Orient, \u00e0 la Russie, \u00e0 l'Asie centrale et \u00e0 la France.<br data-start=\"454\" data-end=\"457\" \/>Notre<strong> Le concentr\u00e9 de tomate en sachet de 50g<\/strong> est fabriqu\u00e9 \u00e0 partir de tomates fra\u00eeches et m\u00fbres, et trait\u00e9 selon <strong>ISO, HACCP<\/strong>, et normes Halal pour garantir un go\u00fbt constant, une couleur naturelle et une saveur forte de tomate pour un usage \u00e0 la fois domestique et industriel.<\/p>\n<p>Code SH : 2002901100<\/p>","protected":false},"featured_media":3289,"template":"","meta":{"_acf_changed":false,"_seopress_robots_primary_cat":"none","_seopress_titles_title":"50g Sachet Tomato Paste Supplier & Factory in China | OEM","_seopress_titles_desc":"China 50g sachet tomato paste supplier and factory. OEM customized packaging, fair price supply, promotions and wholesale export worldwide.","_seopress_robots_index":"","site-sidebar-layout":"default","site-content-layout":"","ast-site-content-layout":"default","site-content-style":"default","site-sidebar-style":"default","ast-global-header-display":"","ast-banner-title-visibility":"","ast-main-header-display":"","ast-hfb-above-header-display":"","ast-hfb-below-header-display":"","ast-hfb-mobile-header-display":"","site-post-title":"","ast-breadcrumbs-content":"","ast-featured-img":"","footer-sml-layout":"","ast-disable-related-posts":"","theme-transparent-header-meta":"default","adv-header-id-meta":"","stick-header-meta":"","header-above-stick-meta":"","header-main-stick-meta":"","header-below-stick-meta":"","astra-migrate-meta-layouts":"set","ast-page-background-enabled":"default","ast-page-background-meta":{"desktop":{"background-color":"var(--ast-global-color-5)","background-image":"","background-repeat":"repeat","background-position":"center center","background-size":"auto","background-attachment":"scroll","background-type":"","background-media":"","overlay-type":"","overlay-color":"","overlay-opacity":"","overlay-gradient":""},"tablet":{"background-color":"","background-image":"","background-repeat":"repeat","background-position":"center center","background-size":"auto","background-attachment":"scroll","background-type":"","background-media":"","overlay-type":"","overlay-color":"","overlay-opacity":"","overlay-gradient":""},"mobile":{"background-color":"","background-image":"","background-repeat":"repeat","background-position":"center center","background-size":"auto","background-attachment":"scroll","background-type":"","background-media":"","overlay-type":"","overlay-color":"","overlay-opacity":"","overlay-gradient":""}},"ast-content-background-meta":{"desktop":{"background-color":"var(--ast-global-color-4)","background-image":"","background-repeat":"repeat","background-position":"center center","background-size":"auto","background-attachment":"scroll","background-type":"","background-media":"","overlay-type":"","overlay-color":"","overlay-opacity":"","overlay-gradient":""},"tablet":{"background-color":"var(--ast-global-color-4)","background-image":"","background-repeat":"repeat","background-position":"center center","background-size":"auto","background-attachment":"scroll","background-type":"","background-media":"","overlay-type":"","overlay-color":"","overlay-opacity":"","overlay-gradient":""},"mobile":{"background-color":"var(--ast-global-color-4)","background-image":"","background-repeat":"repeat","background-position":"center center","background-size":"auto","background-attachment":"scroll","background-type":"","background-media":"","overlay-type":"","overlay-color":"","overlay-opacity":"","overlay-gradient":""}}},"product_brand":[],"product_cat":[97],"product_tag":[194,166],"class_list":{"0":"post-1947","1":"product","2":"type-product","3":"status-publish","4":"has-post-thumbnail","6":"product_cat-tomato-paste-in-sachet","7":"product_tag-50g-tomato-paste-sachet","8":"product_tag-tomato-paste-sachet","9":"desktop-align-left","10":"tablet-align-left","11":"mobile-align-left","13":"first","14":"instock","15":"sale","16":"shipping-taxable","17":"purchasable","18":"product-type-simple"},"acf":[],"_links":{"self":[{"href":"https:\/\/taichytomato.com\/fr\/wp-json\/wp\/v2\/product\/1947","targetHints":{"allow":["GET"]}}],"collection":[{"href":"https:\/\/taichytomato.com\/fr\/wp-json\/wp\/v2\/product"}],"about":[{"href":"https:\/\/taichytomato.com\/fr\/wp-json\/wp\/v2\/types\/product"}],"version-history":[{"count":0,"href":"https:\/\/taichytomato.com\/fr\/wp-json\/wp\/v2\/product\/1947\/revisions"}],"wp:featuredmedia":[{"embeddable":true,"href":"https:\/\/taichytomato.com\/fr\/wp-json\/wp\/v2\/media\/3289"}],"wp:attachment":[{"href":"https:\/\/taichytomato.com\/fr\/wp-json\/wp\/v2\/media?parent=1947"}],"wp:term":[{"taxonomy":"product_brand","embeddable":true,"href":"https:\/\/taichytomato.com\/fr\/wp-json\/wp\/v2\/product_brand?post=1947"},{"taxonomy":"product_cat","embeddable":true,"href":"https:\/\/taichytomato.com\/fr\/wp-json\/wp\/v2\/product_cat?post=1947"},{"taxonomy":"product_tag","embeddable":true,"href":"https:\/\/taichytomato.com\/fr\/wp-json\/wp\/v2\/product_tag?post=1947"}],"curies":[{"name":"wp","href":"https:\/\/api.w.org\/{rel}","templated":true}]}}