{"id":1944,"date":"2025-07-15T20:18:44","date_gmt":"2025-07-16T04:18:44","guid":{"rendered":"https:\/\/taichytomato.com\/?post_type=product&#038;p=1944"},"modified":"2026-01-19T22:39:09","modified_gmt":"2026-01-20T06:39:09","slug":"240kg-tomato-paste-manufacture","status":"publish","type":"product","link":"https:\/\/taichytomato.com\/fr\/produit\/240kg-tomato-paste-manufacture\/","title":{"rendered":"P\u00e2te de tomate en f\u00fbt de 240 kg"},"content":{"rendered":"<h1 data-start=\"185\" data-end=\"212\">Concentr\u00e9 de Tomate en F\u00fbt de 240kg<\/h1>\n<p data-start=\"213\" data-end=\"262\"><strong data-start=\"213\" data-end=\"262\">Approvisionnement en gros fiable Directement du Fabricant<\/strong><\/p>\n<p data-start=\"264\" data-end=\"660\">En tant qu'usine professionnelle de concentr\u00e9 de tomate en Chine, nous sommes sp\u00e9cialis\u00e9s dans la production et l'exportation mondiale de <strong data-start=\"366\" data-end=\"397\">concentr\u00e9 de tomate en f\u00fbts de 240kg<\/strong>, fournissant aux fabricants alimentaires, importateurs et traders en gros du monde entier. Notre <strong data-start=\"472\" data-end=\"507\">concentr\u00e9 de tomate en f\u00fbt aseptique de 240kg<\/strong> est con\u00e7u pour le traitement industriel, l'exp\u00e9dition internationale et le stockage \u00e0 long terme, garantissant une qualit\u00e9 constante de l'origine \u00e0 votre ligne de production.<\/p>\n<p data-start=\"662\" data-end=\"908\">Que vous compariez <strong data-start=\"688\" data-end=\"722\">les prix du concentr\u00e9 de tomate en f\u00fbt de 240kg<\/strong>, \u00e9valuiez <strong data-start=\"735\" data-end=\"761\">les fournisseurs de concentr\u00e9 de tomate<\/strong>, ou cherchiez <strong data-start=\"780\" data-end=\"821\">o\u00f9 acheter des f\u00fbts de concentr\u00e9 de tomate de 240kg<\/strong>, cette page fournit une r\u00e9f\u00e9rence d'achat compl\u00e8te d'une perspective directe d'usine.<\/p>\n<hr data-start=\"910\" data-end=\"913\" \/>\n<h2 data-start=\"915\" data-end=\"959\">1. Aper\u00e7u du produit et principaux avantages<\/h2>\n<h3 data-start=\"960\" data-end=\"1014\">Concentr\u00e9 de tomate en f\u00fbt de 240kg de qualit\u00e9 sup\u00e9rieure pour usage industriel<\/h3>\n<p data-start=\"1016\" data-end=\"1300\">Notre <strong data-start=\"1020\" data-end=\"1050\">F\u00fbt de 240kg de concentr\u00e9 de tomate<\/strong> est produit \u00e0 partir de tomates fra\u00eeches, m\u00fbries sur la vigne, r\u00e9colt\u00e9es en saison. Gr\u00e2ce \u00e0 un traitement avanc\u00e9 par rupture \u00e0 chaud et \u00e0 froid, nous pr\u00e9servons la couleur, la saveur et la viscosit\u00e9 naturelles de la tomate, rendant le produit id\u00e9al pour la fabrication alimentaire en aval.<\/p>\n<h3 data-start=\"1302\" data-end=\"1331\">Principaux avantages pour les acheteurs<\/h3>\n<ul data-start=\"1333\" data-end=\"2177\">\n<li data-start=\"1333\" data-end=\"1464\">\n<p data-start=\"1335\" data-end=\"1464\"><strong data-start=\"1335\" data-end=\"1367\">Ingr\u00e9dients de tomate pure 100%<\/strong><br data-start=\"1367\" data-end=\"1370\" \/>Sans additifs, conservateurs ou colorants artificiels. Convient \u00e0 la production alimentaire \u00e0 \u00e9tiquette propre.<\/p>\n<\/li>\n<li data-start=\"1466\" data-end=\"1658\">\n<p data-start=\"1468\" data-end=\"1495\"><strong data-start=\"1468\" data-end=\"1493\">Options de Brix flexibles<\/strong><\/p>\n<ul data-start=\"1498\" data-end=\"1658\">\n<li data-start=\"1498\" data-end=\"1564\">\n<p data-start=\"1500\" data-end=\"1564\">36\u201338% Brix : Concentration \u00e9lev\u00e9e pour une formulation \u00e9conomique<\/p>\n<\/li>\n<li data-start=\"1567\" data-end=\"1612\">\n<p data-start=\"1569\" data-end=\"1612\">30\u201332% Brix : Viscosit\u00e9 et couleur \u00e9quilibr\u00e9es<\/p>\n<\/li>\n<li data-start=\"1615\" data-end=\"1658\">\n<p data-start=\"1617\" data-end=\"1658\">28\u201330% Brix : Id\u00e9al pour le ketchup et les sauces<\/p>\n<\/li>\n<\/ul>\n<\/li>\n<li data-start=\"1660\" data-end=\"1847\">\n<p data-start=\"1662\" data-end=\"1847\"><strong data-start=\"1662\" data-end=\"1694\">Conditionnement en f\u00fbt aseptique de 240 kg<\/strong><br data-start=\"1694\" data-end=\"1697\" \/>Chaque f\u00fbt utilise un <strong data-start=\"1716\" data-end=\"1752\">sac aseptique multicouche de 220 litres<\/strong> \u00e0 l\u2019int\u00e9rieur d\u2019un f\u00fbt en acier galvanis\u00e9, garantissant la s\u00e9curit\u00e9 microbiologique lors du transport longue distance.<\/p>\n<\/li>\n<li data-start=\"1849\" data-end=\"2025\">\n<p data-start=\"1851\" data-end=\"2025\"><strong data-start=\"1851\" data-end=\"1886\">Approvisionnement en vrac stable depuis l\u2019usine<\/strong><br data-start=\"1886\" data-end=\"1889\" \/>En tant qu'entreprise exp\u00e9riment\u00e9e <strong data-start=\"1909\" data-end=\"1949\">fournisseur de concentr\u00e9 de tomate en f\u00fbts de 240 kg<\/strong>, nous maintenons un contr\u00f4le strict des mati\u00e8res premi\u00e8res et un inventaire saisonnier suffisant.<\/p>\n<\/li>\n<li data-start=\"2027\" data-end=\"2177\">\n<p data-start=\"2029\" data-end=\"2177\"><strong data-start=\"2029\" data-end=\"2057\">Tarifs comp\u00e9titifs en vrac<\/strong><br data-start=\"2057\" data-end=\"2060\" \/>L\u2019approvisionnement direct en usine nous permet d\u2019offrir des prix transparents et comp\u00e9titifs <strong data-start=\"2133\" data-end=\"2176\">pour le concentr\u00e9 de tomate en vrac dans des f\u00fbts de 240 kg<\/strong>.<\/p>\n<\/li>\n<\/ul>\n<hr data-start=\"2179\" data-end=\"2182\" \/>\n<h2 data-start=\"2184\" data-end=\"2236\">2. Sp\u00e9cifications techniques (Norme industrielle)<\/h2>\n<div class=\"TyagGW_tableContainer\">\n<div class=\"group TyagGW_tableWrapper flex flex-col-reverse w-fit\" tabindex=\"-1\">\n<table class=\"w-fit min-w-(--thread-content-width)\" data-start=\"2238\" data-end=\"2991\">\n<thead data-start=\"2238\" data-end=\"2262\">\n<tr data-start=\"2238\" data-end=\"2262\">\n<th data-start=\"2238\" data-end=\"2245\" data-col-size=\"sm\">Article<\/th>\n<th data-start=\"2245\" data-end=\"2262\" data-col-size=\"md\">Sp\u00e9cification<\/th>\n<\/tr>\n<\/thead>\n<tbody data-start=\"2273\" data-end=\"2991\">\n<tr data-start=\"2273\" data-end=\"2317\">\n<td data-start=\"2273\" data-end=\"2291\" data-col-size=\"sm\">Brix (Solides %)<\/td>\n<td data-col-size=\"md\" data-start=\"2291\" data-end=\"2317\">36\u201338%, 30\u201332%, 28\u201330%<\/td>\n<\/tr>\n<tr data-start=\"2318\" data-end=\"2362\">\n<td data-start=\"2318\" data-end=\"2336\" data-col-size=\"sm\">Type de traitement<\/td>\n<td data-col-size=\"md\" data-start=\"2336\" data-end=\"2362\">Chaleur forte \/ Chaleur douce<\/td>\n<\/tr>\n<tr data-start=\"2363\" data-end=\"2391\">\n<td data-start=\"2363\" data-end=\"2384\" data-col-size=\"sm\">Lycop\u00e8ne (mg\/100g)<\/td>\n<td data-col-size=\"md\" data-start=\"2384\" data-end=\"2391\">Plus de 50<\/td>\n<\/tr>\n<tr data-start=\"2392\" data-end=\"2436\">\n<td data-start=\"2392\" data-end=\"2419\" data-col-size=\"sm\">Bostwick (12.5%, cm\/30s)<\/td>\n<td data-col-size=\"md\" data-start=\"2419\" data-end=\"2436\">7,0\u20139,0 \/ 3\u20134<\/td>\n<\/tr>\n<tr data-start=\"2437\" data-end=\"2463\">\n<td data-start=\"2437\" data-end=\"2457\" data-col-size=\"sm\">Acidit\u00e9 totale (%)<\/td>\n<td data-col-size=\"md\" data-start=\"2457\" data-end=\"2463\">&lt;8<\/td>\n<\/tr>\n<tr data-start=\"2464\" data-end=\"2483\">\n<td data-start=\"2464\" data-end=\"2476\" data-col-size=\"sm\">H.M.C (%)<\/td>\n<td data-col-size=\"md\" data-start=\"2476\" data-end=\"2483\">Je suis d\u00e9sol\u00e9, mais il semble que vous n'ayez pas fourni le texte \u00e0 traduire. Veuillez fournir le texte en anglais que vous souhaitez faire traduire en fran\u00e7ais.<\/td>\n<\/tr>\n<tr data-start=\"2484\" data-end=\"2502\">\n<td data-start=\"2484\" data-end=\"2489\" data-col-size=\"sm\">pH<\/td>\n<td data-col-size=\"md\" data-start=\"2489\" data-end=\"2502\">4,2 \u00b1 0,2<\/td>\n<\/tr>\n<tr data-start=\"2503\" data-end=\"2523\">\n<td data-start=\"2503\" data-end=\"2515\" data-col-size=\"sm\">Ratio A\/B<\/td>\n<td data-col-size=\"md\" data-start=\"2515\" data-end=\"2523\">&gt;2,1<\/td>\n<\/tr>\n<tr data-start=\"2524\" data-end=\"2546\">\n<td data-start=\"2524\" data-end=\"2538\" data-col-size=\"sm\">\u00c9tain (mg\/kg)<\/td>\n<td data-col-size=\"md\" data-start=\"2538\" data-end=\"2546\">&lt;200<\/td>\n<\/tr>\n<tr data-start=\"2547\" data-end=\"2571\">\n<td data-start=\"2547\" data-end=\"2564\" data-col-size=\"sm\">Cuivre (mg\/kg)<\/td>\n<td data-col-size=\"md\" data-start=\"2564\" data-end=\"2571\">&lt;10<\/td>\n<\/tr>\n<tr data-start=\"2572\" data-end=\"2593\">\n<td data-start=\"2572\" data-end=\"2587\" data-col-size=\"sm\">Plomb (mg\/kg)<\/td>\n<td data-col-size=\"md\" data-start=\"2587\" data-end=\"2593\">&lt;1<\/td>\n<\/tr>\n<tr data-start=\"2594\" data-end=\"2620\">\n<td data-start=\"2594\" data-end=\"2612\" data-col-size=\"sm\">Arsenic (mg\/kg)<\/td>\n<td data-col-size=\"md\" data-start=\"2612\" data-end=\"2620\">&lt;0.5<\/td>\n<\/tr>\n<tr data-start=\"2621\" data-end=\"2640\">\n<td data-start=\"2621\" data-end=\"2630\" data-col-size=\"sm\">\u00c9cran<\/td>\n<td data-col-size=\"md\" data-start=\"2630\" data-end=\"2640\">0,6 mm<\/td>\n<\/tr>\n<tr data-start=\"2641\" data-end=\"2692\">\n<td data-start=\"2641\" data-end=\"2649\" data-col-size=\"sm\">Couleur<\/td>\n<td data-col-size=\"md\" data-start=\"2649\" data-end=\"2692\">Rouge vif \u00e0 rouge fonc\u00e9, sans nuances de brun<\/td>\n<\/tr>\n<tr data-start=\"2693\" data-end=\"2744\">\n<td data-start=\"2693\" data-end=\"2710\" data-col-size=\"sm\">Format d'emballage<\/td>\n<td data-col-size=\"md\" data-start=\"2710\" data-end=\"2744\">Sac aseptique de 220L en f\u00fbt en acier<\/td>\n<\/tr>\n<tr data-start=\"2745\" data-end=\"2776\">\n<td data-start=\"2745\" data-end=\"2755\" data-col-size=\"sm\">Chargement<\/td>\n<td data-col-size=\"md\" data-start=\"2755\" data-end=\"2776\">80 f\u00fbts \/ conteneur de 20 pieds<\/td>\n<\/tr>\n<tr data-start=\"2777\" data-end=\"2813\">\n<td data-start=\"2777\" data-end=\"2790\" data-col-size=\"sm\">Poids net<\/td>\n<td data-col-size=\"md\" data-start=\"2790\" data-end=\"2813\">235\u2013260 kg par f\u00fbt<\/td>\n<\/tr>\n<tr data-start=\"2814\" data-end=\"2850\">\n<td data-start=\"2814\" data-end=\"2828\" data-col-size=\"sm\">Palettisation<\/td>\n<td data-col-size=\"md\" data-start=\"2828\" data-end=\"2850\">4 f\u00fbts par palette<\/td>\n<\/tr>\n<tr data-start=\"2851\" data-end=\"2924\">\n<td data-start=\"2851\" data-end=\"2871\" data-col-size=\"sm\">Condition de stockage<\/td>\n<td data-start=\"2871\" data-end=\"2924\" data-col-size=\"md\">Zone fra\u00eeche, s\u00e8che et ventil\u00e9e, \u00e9viter la lumi\u00e8re directe du soleil<\/td>\n<\/tr>\n<tr data-start=\"2925\" data-end=\"2972\">\n<td data-start=\"2925\" data-end=\"2938\" data-col-size=\"sm\">Dur\u00e9e de conservation<\/td>\n<td data-col-size=\"md\" data-start=\"2938\" data-end=\"2972\">24 mois \u00e0 partir de la date de fabrication<\/td>\n<\/tr>\n<tr data-start=\"2973\" data-end=\"2991\">\n<td data-start=\"2973\" data-end=\"2982\" data-col-size=\"sm\">Origine<\/td>\n<td data-col-size=\"md\" data-start=\"2982\" data-end=\"2991\">Chine<\/td>\n<\/tr>\n<\/tbody>\n<\/table>\n<\/div>\n<\/div>\n<hr data-start=\"2993\" data-end=\"2996\" \/>\n<h2 data-start=\"2998\" data-end=\"3044\">3. Dur\u00e9e de conservation de la p\u00e2te de tomate dans un f\u00fbt de 240 kg<\/h2>\n<p data-start=\"3046\" data-end=\"3313\">Dans des conditions de stockage appropri\u00e9es, <strong data-start=\"3083\" data-end=\"3148\">la dur\u00e9e de conservation de la p\u00e2te de tomate dans un f\u00fbt de 240 kg est jusqu'\u00e0 24 mois<\/strong> \u00e0 partir de la date de fabrication. Le syst\u00e8me de remplissage aseptique emp\u00eache la contamination, ce qui le rend adapt\u00e9 \u00e0 la planification d'inventaire \u00e0 long terme et \u00e0 la distribution internationale.<\/p>\n<p data-start=\"3315\" data-end=\"3455\">Une fois ouvert, nous recommandons de transf\u00e9rer la p\u00e2te dans des contenants alimentaires et de l'utiliser rapidement conform\u00e9ment aux pratiques standard de s\u00e9curit\u00e9 alimentaire.<\/p>\n<hr data-start=\"3457\" data-end=\"3460\" \/>\n<h2 data-start=\"3462\" data-end=\"3504\">4. Champ d'application et valeur pour le client<\/h2>\n<p data-start=\"3506\" data-end=\"3619\">Notre <strong data-start=\"3510\" data-end=\"3546\">p\u00e2te de tomate en vrac dans des f\u00fbts de 240 kg<\/strong> con\u00e7ue pour soutenir une production \u00e0 haut volume tout en r\u00e9duisant les co\u00fbts unitaires.<\/p>\n<h3 data-start=\"3621\" data-end=\"3645\">Applications typiques<\/h3>\n<ul data-start=\"3647\" data-end=\"4097\">\n<li data-start=\"3647\" data-end=\"3758\">\n<p data-start=\"3649\" data-end=\"3758\"><strong data-start=\"3649\" data-end=\"3674\">Fabrication de ketchup<\/strong><br data-start=\"3674\" data-end=\"3677\" \/>La p\u00e2te de cassure \u00e0 froid Brix 28\u201330% offre une viscosit\u00e9 stable et une saveur de tomate fra\u00eeche.<\/p>\n<\/li>\n<li data-start=\"3760\" data-end=\"3862\">\n<p data-start=\"3762\" data-end=\"3862\"><strong data-start=\"3762\" data-end=\"3788\">Aliments en conserve et soupes<\/strong><br data-start=\"3788\" data-end=\"3791\" \/>La p\u00e2te Brix 36\u201338% offre une couleur forte et une efficacit\u00e9 de concentration.<\/p>\n<\/li>\n<li data-start=\"3864\" data-end=\"3968\">\n<p data-start=\"3866\" data-end=\"3968\"><strong data-start=\"3866\" data-end=\"3891\">Sauces et assaisonnements<\/strong><br data-start=\"3891\" data-end=\"3894\" \/>Convient pour les sauces \u00e0 base de tomate, les sauces chili et les assaisonnements compos\u00e9s.<\/p>\n<\/li>\n<li data-start=\"3970\" data-end=\"4097\">\n<p data-start=\"3972\" data-end=\"4097\"><strong data-start=\"3972\" data-end=\"4007\">Commerce international et reconditionnement<\/strong><br data-start=\"4007\" data-end=\"4010\" \/>Le format de tambour standardis\u00e9 permet un chargement efficace des conteneurs et une redistribution facile.<\/p>\n<\/li>\n<\/ul>\n<hr data-start=\"4099\" data-end=\"4102\" \/>\n<h2 data-start=\"4104\" data-end=\"4141\">5. Guide d'achat et services<\/h2>\n<h3 data-start=\"4142\" data-end=\"4183\">O\u00f9 acheter des tambours de concentr\u00e9 de tomate de 240 kg<\/h3>\n<p data-start=\"4185\" data-end=\"4345\">Si vous recherchez un fournisseur fiable <strong data-start=\"4219\" data-end=\"4255\">fournisseur de p\u00e2te de tomate en f\u00fbt de 240 kg<\/strong>, nous fournissons une offre directe d'usine avec des solutions d'exp\u00e9dition flexibles vers les principaux ports mondiaux.<\/p>\n<h4 data-start=\"4347\" data-end=\"4384\">Mots-cl\u00e9s d'achat et services<\/h4>\n<ul data-start=\"4386\" data-end=\"4860\">\n<li data-start=\"4386\" data-end=\"4510\">\n<p data-start=\"4388\" data-end=\"4510\"><strong data-start=\"4388\" data-end=\"4424\">Prix du tambour de concentr\u00e9 de tomate de 240 kg<\/strong><br data-start=\"4424\" data-end=\"4427\" \/>Demandez des devis FOB ou CIF en temps r\u00e9el en fonction du Brix, de la quantit\u00e9 et de la destination.<\/p>\n<\/li>\n<li data-start=\"4512\" data-end=\"4668\">\n<p data-start=\"4514\" data-end=\"4668\"><strong data-start=\"4514\" data-end=\"4575\">Concentr\u00e9 de tomate en vrac dans des tambours de 240 kg pr\u00e8s de l'Asie et des ports mondiaux<\/strong><br data-start=\"4575\" data-end=\"4578\" \/>Exp\u00e9ditions r\u00e9guli\u00e8res vers l'Asie du Sud-Est, le Moyen-Orient, l'Afrique, l'Am\u00e9rique du Sud et l'Europe.<\/p>\n<\/li>\n<li data-start=\"4670\" data-end=\"4766\">\n<p data-start=\"4672\" data-end=\"4766\"><strong data-start=\"4672\" data-end=\"4702\">Promotions pour les acheteurs en gros<\/strong><br data-start=\"4702\" data-end=\"4705\" \/>Avantages tarifaires saisonniers pendant la campagne de transformation.<\/p>\n<\/li>\n<li data-start=\"4768\" data-end=\"4860\">\n<p data-start=\"4770\" data-end=\"4860\"><strong data-start=\"4770\" data-end=\"4788\">Certifications<\/strong><br data-start=\"4788\" data-end=\"4791\" \/>HACCP, ISO, BRC, HALAL, et documentation d'exportation compl\u00e8te fournis.<\/p>\n<\/li>\n<\/ul>\n<hr data-start=\"4862\" data-end=\"4865\" \/>\n<h2 data-start=\"4867\" data-end=\"4904\">6. Capacit\u00e9 logistique et d'exportation<\/h2>\n<ul data-start=\"4906\" data-end=\"5134\">\n<li data-start=\"4906\" data-end=\"4970\">\n<p data-start=\"4908\" data-end=\"4970\">Approx. <strong data-start=\"4916\" data-end=\"4939\">80 tambours par 20\u2019FCL<\/strong>, optimis\u00e9 pour le fret maritime<\/p>\n<\/li>\n<li data-start=\"4971\" data-end=\"5057\">\n<p data-start=\"4973\" data-end=\"5057\">Support pour la r\u00e9servation de navires, la d\u00e9claration en douane et la pr\u00e9paration des documents d'exp\u00e9dition<\/p>\n<\/li>\n<li data-start=\"5058\" data-end=\"5134\">\n<p data-start=\"5060\" data-end=\"5134\">Exp\u00e9rience dans le service aux usines alimentaires, distributeurs et soci\u00e9t\u00e9s commerciales<\/p>\n<\/li>\n<\/ul>\n<hr data-start=\"5136\" data-end=\"5139\" \/>\n<h2 data-start=\"5141\" data-end=\"5176\">7. FAQ \u2013 Concentr\u00e9 de tomate en f\u00fbt de 240 kg<\/h2>\n<p data-start=\"5178\" data-end=\"5298\"><strong data-start=\"5178\" data-end=\"5224\">Q1 : Fournissez-vous des \u00e9chantillons ? Sont-ils gratuits ?<\/strong><br data-start=\"5224\" data-end=\"5227\" \/>R : Oui, des \u00e9chantillons gratuits sont disponibles. Les frais de transport sont \u00e0 la charge de l'acheteur.<\/p>\n<p data-start=\"5300\" data-end=\"5389\"><strong data-start=\"5300\" data-end=\"5341\">Q2 : Quelles certifications poss\u00e9dez-vous ?<\/strong><br data-start=\"5341\" data-end=\"5344\" \/>R : Certifications HACCP, ISO, BRC et HALAL.<\/p>\n<p data-start=\"5391\" data-end=\"5537\"><strong data-start=\"5391\" data-end=\"5435\">Q3 : Quels services d'exp\u00e9dition proposez-vous ?<\/strong><br data-start=\"5435\" data-end=\"5438\" \/>R : R\u00e9servation de navires, consolidation de cargaison, d\u00e9douanement, documentation d'exportation et livraison au port.<\/p>\n<p data-start=\"5539\" data-end=\"5636\"><strong data-start=\"5539\" data-end=\"5564\">Q4 : Quel est votre MOQ ?<\/strong><br data-start=\"5564\" data-end=\"5567\" \/>R : Un conteneur complet est standard. Le LCL peut \u00eatre support\u00e9 sur demande.<\/p>\n<p data-start=\"5638\" data-end=\"5792\"><strong data-start=\"5638\" data-end=\"5683\">Q5 : Vous souhaitez en savoir plus avant d'acheter ?<\/strong><br data-start=\"5683\" data-end=\"5686\" \/>R : Veuillez consulter notre guide d'achat d\u00e9taill\u00e9 <strong data-start=\"5718\" data-end=\"5756\">du concentr\u00e9 de tomate en f\u00fbt<\/strong> ou contacter directement notre \u00e9quipe commerciale.<\/p>\n<hr data-start=\"5794\" data-end=\"5797\" \/>\n<h3 data-start=\"5799\" data-end=\"5838\">Contactez-nous pour des solutions personnalis\u00e9es<\/h3>\n<p data-start=\"5840\" data-end=\"6092\">Pour des sp\u00e9cifications personnalis\u00e9es, un support en marque blanche ou des demandes d'achat en gros, veuillez contacter notre \u00e9quipe commerciale. En tant qu'usine ax\u00e9e sur<a href=\"https:\/\/taichytomato.com\/fr\/contact\/\"> <strong data-start=\"5979\" data-end=\"6019\">fournisseur de concentr\u00e9 de tomate en f\u00fbts de 240 kg<\/strong>,<\/a> nous nous engageons \u00e0 une coop\u00e9ration \u00e0 long terme et stable avec des partenaires du monde entier.<\/p>","protected":false},"excerpt":{"rendered":"<p><b>P\u00e2te de tomate aseptique en f\u00fbt de 240 kg de qualit\u00e9 sup\u00e9rieure.<\/b> Concentr\u00e9e \u00e0 partir de tomates de pleine saison, disponible en <b><a href=\"https:\/\/taichytomato.com\/fr\/produit\/tomato-paste-36-38\/\">Brix 36-38%<\/a> \/ <a href=\"https:\/\/taichytomato.com\/fr\/produit\/28-30-brix-tomato-paste-%ef%bc%88cb%ef%bc%89\/\">28-30% (CB<\/a>\/<a href=\"https:\/\/taichytomato.com\/fr\/produit\/tomato-paste-28-30\/\">HB<\/a>)<\/b>. Sans additifs et certifi\u00e9e HACCP\/BRC. L'id\u00e9al <b>mati\u00e8re premi\u00e8re<\/b> pour les fabricants alimentaires mondiaux \u00e0 la recherche d'un <b>approvisionnement en vrac<\/b>.<\/p>","protected":false},"featured_media":2579,"template":"","meta":{"_acf_changed":false,"_seopress_robots_primary_cat":"none","_seopress_titles_title":"240kg Drum Tomato Paste | Manufacturer Direct Taichy tomato","_seopress_titles_desc":"Purchase  tomato paste 240kg drum directly from our factory. We guarantee quality and competitive prices suit for sauces, canned goods .","_seopress_robots_index":"","site-sidebar-layout":"default","site-content-layout":"","ast-site-content-layout":"default","site-content-style":"default","site-sidebar-style":"default","ast-global-header-display":"","ast-banner-title-visibility":"","ast-main-header-display":"","ast-hfb-above-header-display":"","ast-hfb-below-header-display":"","ast-hfb-mobile-header-display":"","site-post-title":"","ast-breadcrumbs-content":"","ast-featured-img":"","footer-sml-layout":"","ast-disable-related-posts":"","theme-transparent-header-meta":"default","adv-header-id-meta":"","stick-header-meta":"","header-above-stick-meta":"","header-main-stick-meta":"","header-below-stick-meta":"","astra-migrate-meta-layouts":"set","ast-page-background-enabled":"default","ast-page-background-meta":{"desktop":{"background-color":"var(--ast-global-color-5)","background-image":"","background-repeat":"repeat","background-position":"center center","background-size":"auto","background-attachment":"scroll","background-type":"","background-media":"","overlay-type":"","overlay-color":"","overlay-opacity":"","overlay-gradient":""},"tablet":{"background-color":"","background-image":"","background-repeat":"repeat","background-position":"center center","background-size":"auto","background-attachment":"scroll","background-type":"","background-media":"","overlay-type":"","overlay-color":"","overlay-opacity":"","overlay-gradient":""},"mobile":{"background-color":"","background-image":"","background-repeat":"repeat","background-position":"center center","background-size":"auto","background-attachment":"scroll","background-type":"","background-media":"","overlay-type":"","overlay-color":"","overlay-opacity":"","overlay-gradient":""}},"ast-content-background-meta":{"desktop":{"background-color":"var(--ast-global-color-4)","background-image":"","background-repeat":"repeat","background-position":"center center","background-size":"auto","background-attachment":"scroll","background-type":"","background-media":"","overlay-type":"","overlay-color":"","overlay-opacity":"","overlay-gradient":""},"tablet":{"background-color":"var(--ast-global-color-4)","background-image":"","background-repeat":"repeat","background-position":"center center","background-size":"auto","background-attachment":"scroll","background-type":"","background-media":"","overlay-type":"","overlay-color":"","overlay-opacity":"","overlay-gradient":""},"mobile":{"background-color":"var(--ast-global-color-4)","background-image":"","background-repeat":"repeat","background-position":"center center","background-size":"auto","background-attachment":"scroll","background-type":"","background-media":"","overlay-type":"","overlay-color":"","overlay-opacity":"","overlay-gradient":""}}},"product_brand":[],"product_cat":[28],"product_tag":[207,189,46,191],"class_list":{"0":"post-1944","1":"product","2":"type-product","3":"status-publish","4":"has-post-thumbnail","6":"product_cat-drum-tomato-paste","7":"product_tag-big-drum-tomato-paste","8":"product_tag-cold-break","9":"product_tag-drum-tomato-paste","10":"product_tag-hot-break","11":"desktop-align-left","12":"tablet-align-left","13":"mobile-align-left","15":"first","16":"instock","17":"sale","18":"shipping-taxable","19":"purchasable","20":"product-type-simple"},"acf":[],"_links":{"self":[{"href":"https:\/\/taichytomato.com\/fr\/wp-json\/wp\/v2\/product\/1944","targetHints":{"allow":["GET"]}}],"collection":[{"href":"https:\/\/taichytomato.com\/fr\/wp-json\/wp\/v2\/product"}],"about":[{"href":"https:\/\/taichytomato.com\/fr\/wp-json\/wp\/v2\/types\/product"}],"version-history":[{"count":0,"href":"https:\/\/taichytomato.com\/fr\/wp-json\/wp\/v2\/product\/1944\/revisions"}],"wp:featuredmedia":[{"embeddable":true,"href":"https:\/\/taichytomato.com\/fr\/wp-json\/wp\/v2\/media\/2579"}],"wp:attachment":[{"href":"https:\/\/taichytomato.com\/fr\/wp-json\/wp\/v2\/media?parent=1944"}],"wp:term":[{"taxonomy":"product_brand","embeddable":true,"href":"https:\/\/taichytomato.com\/fr\/wp-json\/wp\/v2\/product_brand?post=1944"},{"taxonomy":"product_cat","embeddable":true,"href":"https:\/\/taichytomato.com\/fr\/wp-json\/wp\/v2\/product_cat?post=1944"},{"taxonomy":"product_tag","embeddable":true,"href":"https:\/\/taichytomato.com\/fr\/wp-json\/wp\/v2\/product_tag?post=1944"}],"curies":[{"name":"wp","href":"https:\/\/api.w.org\/{rel}","templated":true}]}}