{"id":1816,"date":"2025-12-04T15:03:37","date_gmt":"2025-12-04T23:03:37","guid":{"rendered":"https:\/\/taichytomato.com\/?post_type=product&#038;p=1816"},"modified":"2026-01-07T22:57:04","modified_gmt":"2026-01-08T06:57:04","slug":"1000l-drum-tomato-paste","status":"publish","type":"product","link":"https:\/\/taichytomato.com\/fr\/produit\/1000l-drum-tomato-paste\/","title":{"rendered":"F\u00fbt de 1000L de concentr\u00e9 de tomate \u2013 Approvisionnement en usine, prix de gros et exportation mondiale"},"content":{"rendered":"<p data-start=\"385\" data-end=\"670\">En tant que fournisseur et usine leader <strong data-start=\"398\" data-end=\"446\">de concentr\u00e9 de tomate en f\u00fbt de 1000L<\/strong>, nous sommes sp\u00e9cialis\u00e9s dans la production de concentr\u00e9 de tomate de haute qualit\u00e9 pour un usage industriel. Nos <strong data-start=\"525\" data-end=\"548\">f\u00fbts aseptiques de 1000L<\/strong> sont con\u00e7us pour les grands fabricants alimentaires qui ont besoin de <strong data-start=\"606\" data-end=\"667\">qualit\u00e9 stable, de volume en gros et de solutions \u00e9conomiques<\/strong>.<\/p>\n<p data-start=\"672\" data-end=\"922\">Que vous cherchiez \u00e0 <strong data-start=\"698\" data-end=\"729\">acheter du concentr\u00e9 de tomate en f\u00fbt de 1000L<\/strong>, v\u00e9rifier <strong data-start=\"737\" data-end=\"780\">le prix de gros du concentr\u00e9 de tomate en f\u00fbt de 1000L<\/strong>, ou obtenir une <strong data-start=\"798\" data-end=\"819\">approvisionnement fiable et des devis<\/strong>, notre entreprise propose des options comp\u00e9titives avec des certifications internationales et des conditions d\u2019exp\u00e9dition flexibles.<\/p>\n<h2 data-start=\"929\" data-end=\"956\"><strong data-start=\"932\" data-end=\"956\">1. \u00c0 propos de notre usine<\/strong><\/h2>\n<p data-start=\"957\" data-end=\"1264\">Nous sommes un <strong data-start=\"979\" data-end=\"1014\">fabricant de concentr\u00e9 de tomate en f\u00fbt de 1000L<\/strong> et <strong data-start=\"1019\" data-end=\"1035\">professionnel<\/strong> avec des ann\u00e9es d\u2019exp\u00e9rience dans la transformation de tomates et l\u2019emballage aseptique.<br data-start=\"1104\" data-end=\"1107\" \/>Notre site de production est <strong data-start=\"1134\" data-end=\"1169\">certifi\u00e9 HACCP, ISO et HALAL<\/strong>, garantissant une qualit\u00e9 constante pour l'export vers<strong> Europe<\/strong>, <strong>Afrique<\/strong>, <strong>l'Am\u00e9rique du Sud<\/strong>, et le <strong>Moyen-Orient<\/strong>.<\/p>\n<h3 data-start=\"1266\" data-end=\"1294\"><strong data-start=\"1272\" data-end=\"1294\">Avantages de l'entreprise<\/strong><\/h3>\n<ul data-start=\"1295\" data-end=\"1544\">\n<li data-start=\"1295\" data-end=\"1368\">\n<p data-start=\"1297\" data-end=\"1368\">Ventes directes <strong data-start=\"1304\" data-end=\"1348\">du fabricant de concentr\u00e9 de tomate en f\u00fbt de 1000L<\/strong> sans interm\u00e9diaires<\/p>\n<\/li>\n<li data-start=\"1369\" data-end=\"1441\">\n<p data-start=\"1371\" data-end=\"1441\">Production rapide et livraison \u00e0 temps pour <strong data-start=\"1412\" data-end=\"1439\">les commandes importantes<\/strong><\/p>\n<\/li>\n<li data-start=\"1442\" data-end=\"1482\">\n<p data-start=\"1444\" data-end=\"1482\">Contr\u00f4le qualit\u00e9 strict sur chaque lot<\/p>\n<\/li>\n<li data-start=\"1483\" data-end=\"1544\">\n<p data-start=\"1485\" data-end=\"1544\">Support pour OEM, personnalisation d'\u00e9tiquettes et partenariat de marque<\/p>\n<\/li>\n<\/ul>\n<p data-start=\"1546\" data-end=\"1683\">Si vous recherchez une <strong data-start=\"1573\" data-end=\"1616\">entreprise fiable de concentr\u00e9 de tomate en f\u00fbt de 1000L<\/strong>, nous pouvons \u00eatre votre partenaire \u00e0 long terme pour l'approvisionnement mondial et la co-emballage.<\/p>\n<hr \/>\n<h2>2.\u00a0<strong>Sp\u00e9cification du produit<\/strong><\/h2>\n<p>Pour des solutions personnalis\u00e9es ou des achats en gros,\u00a0<a href=\"https:\/\/taichytomato.com\/fr\/contact\/\">veuillez contacter notre \u00e9quipe commerciale \u00e0 tout moment.<\/a><\/p>\n<div class=\"_tableContainer_1rjym_1\">\n<div class=\"group _tableWrapper_1rjym_13 flex w-fit flex-col-reverse\" tabindex=\"-1\">\n<table class=\"w-fit min-w-(--thread-content-width)\" style=\"height: 415px;\" width=\"1001\" data-start=\"1724\" data-end=\"2195\">\n<thead data-start=\"1724\" data-end=\"1759\">\n<tr data-start=\"1724\" data-end=\"1759\">\n<th data-start=\"1724\" data-end=\"1738\" data-col-size=\"sm\"><strong data-start=\"1726\" data-end=\"1737\">Caract\u00e9ristique<\/strong><\/th>\n<th data-start=\"1738\" data-end=\"1759\" data-col-size=\"md\"><strong data-start=\"1740\" data-end=\"1757\">Sp\u00e9cification<\/strong><\/th>\n<\/tr>\n<\/thead>\n<tbody data-start=\"1797\" data-end=\"2195\">\n<tr data-start=\"1797\" data-end=\"1860\">\n<td data-start=\"1797\" data-end=\"1808\" data-col-size=\"sm\"><strong data-start=\"1799\" data-end=\"1807\">Type<\/strong><\/td>\n<td data-col-size=\"md\" data-start=\"1808\" data-end=\"1860\">Concentr\u00e9 de tomate industriel (Hot Break \/ Cold Break)<\/td>\n<\/tr>\n<tr data-start=\"1861\" data-end=\"1906\">\n<td data-start=\"1861\" data-end=\"1881\" data-col-size=\"sm\"><strong data-start=\"1863\" data-end=\"1880\">Concentration (Brix)<\/strong><\/td>\n<td data-col-size=\"md\" data-start=\"1881\" data-end=\"1906\"><a href=\"https:\/\/taichytomato.com\/fr\/produit\/28-30-brix-tomato-paste\/\">28\u201330%<\/a> or <a href=\"https:\/\/taichytomato.com\/fr\/produit\/30-32-drum-tomato-paste\/\">30\u201332%<\/a> Brix ou <a href=\"https:\/\/taichytomato.com\/fr\/produit\/drum-tomato-paste-36-38\/\">36-38%<\/a> degr\u00e9s Brix<\/td>\n<\/tr>\n<tr data-start=\"1907\" data-end=\"1967\">\n<td data-start=\"1907\" data-end=\"1923\" data-col-size=\"sm\"><strong data-start=\"1909\" data-end=\"1922\">Emballage<\/strong><\/td>\n<td data-col-size=\"md\" data-start=\"1923\" data-end=\"1967\">F\u00fbt aseptique IBC de 1000L avec sac int\u00e9rieur en PE<\/td>\n<\/tr>\n<tr data-start=\"1968\" data-end=\"2010\">\n<td data-start=\"1968\" data-end=\"1985\" data-col-size=\"sm\"><strong data-start=\"1970\" data-end=\"1984\">Poids net<\/strong><\/td>\n<td data-col-size=\"md\" data-start=\"1985\" data-end=\"2010\">1 350 kg par cuve IBC<\/td>\n<\/tr>\n<tr data-start=\"2011\" data-end=\"2068\">\n<td data-start=\"2011\" data-end=\"2028\" data-col-size=\"sm\"><strong data-start=\"2013\" data-end=\"2027\">Dur\u00e9e de conservation<\/strong><\/td>\n<td data-col-size=\"md\" data-start=\"2028\" data-end=\"2068\">24 mois dans des conditions fra\u00eeches et s\u00e8ches<\/td>\n<\/tr>\n<tr data-start=\"2069\" data-end=\"2145\">\n<td data-start=\"2069\" data-end=\"2085\" data-col-size=\"sm\"><strong data-start=\"2071\" data-end=\"2084\">Additifs<\/strong><\/td>\n<td data-col-size=\"md\" data-start=\"2085\" data-end=\"2145\">Aucun (NON-GMO, sans conservateurs, sans colorants artificiels)<\/td>\n<\/tr>\n<tr data-start=\"2146\" data-end=\"2195\">\n<td data-start=\"2146\" data-end=\"2167\" data-col-size=\"sm\"><strong data-start=\"2148\" data-end=\"2166\">Certifications<\/strong><\/td>\n<td data-col-size=\"md\" data-start=\"2167\" data-end=\"2195\">HACCP \/ ISO22000 \/ HALAL<\/td>\n<\/tr>\n<\/tbody>\n<\/table>\n<\/div>\n<\/div>\n<p data-start=\"2197\" data-end=\"2373\">Notre <strong data-start=\"2201\" data-end=\"2228\">Conserve de concentr\u00e9 de tomate de 1000L<\/strong> est id\u00e9al pour les transformateurs alimentaires industriels recherchant <strong data-start=\"2277\" data-end=\"2309\">faible co\u00fbt et haute efficacit\u00e9<\/strong> concentr\u00e9 de tomate pour sauces, soupes, ketchup et plats pr\u00e9par\u00e9s.<\/p>\n<figure id=\"attachment_2552\" aria-describedby=\"caption-attachment-2552\" style=\"width: 335px\" class=\"wp-caption aligncenter\"><img fetchpriority=\"high\" decoding=\"async\" class=\"wp-image-2552\" src=\"https:\/\/taichytomato.com\/wp-content\/uploads\/2025\/09\/1000L_Drum_Tomato_Paste_TREn2R9j8-300x225.webp\" alt=\"F\u00fbt de 1000L_P\u00e2te de tomate\" width=\"335\" height=\"251\" srcset=\"https:\/\/taichytomato.com\/wp-content\/uploads\/2025\/09\/1000L_Drum_Tomato_Paste_TREn2R9j8-300x225.webp 300w, https:\/\/taichytomato.com\/wp-content\/uploads\/2025\/09\/1000L_Drum_Tomato_Paste_TREn2R9j8-1024x767.webp 1024w, https:\/\/taichytomato.com\/wp-content\/uploads\/2025\/09\/1000L_Drum_Tomato_Paste_TREn2R9j8-768x575.webp 768w, https:\/\/taichytomato.com\/wp-content\/uploads\/2025\/09\/1000L_Drum_Tomato_Paste_TREn2R9j8-600x450.webp 600w, https:\/\/taichytomato.com\/wp-content\/uploads\/2025\/09\/1000L_Drum_Tomato_Paste_TREn2R9j8.webp 1300w\" sizes=\"(max-width: 335px) 100vw, 335px\" \/><figcaption id=\"caption-attachment-2552\" class=\"wp-caption-text\">F\u00fbt de 1000L_P\u00e2te de tomate<\/figcaption><\/figure>\n<hr \/>\n<h2 data-start=\"2380\" data-end=\"2429\"><strong data-start=\"2383\" data-end=\"2429\">3. Pourquoi choisir notre concentr\u00e9 de tomate en conserve de 1000L ?<\/strong><\/h2>\n<h3 data-start=\"2431\" data-end=\"2466\">\ud83d\udd39 <strong data-start=\"2438\" data-end=\"2466\">Concentr\u00e9 de haute qualit\u00e9<\/strong><\/h3>\n<p data-start=\"2467\" data-end=\"2608\">Fabriqu\u00e9 \u00e0 partir de tomates fra\u00eeches, m\u00fbres, NON-GMO, trait\u00e9es dans les heures suivant la r\u00e9colte, notre p\u00e2te conserve une couleur rouge riche et une saveur naturelle de tomate.<\/p>\n<h3 data-start=\"2610\" data-end=\"2642\">\ud83d\udd39 <strong data-start=\"2617\" data-end=\"2642\">Avantage en gros et en co\u00fbt<\/strong><\/h3>\n<p data-start=\"2643\" data-end=\"2812\">Nous proposons <strong data-start=\"2652\" data-end=\"2685\">concentr\u00e9 de tomate en conserve de 1000L \u00e0 bas prix<\/strong> at <strong data-start=\"2689\" data-end=\"2714\">prix directs d'usine<\/strong>, parfait pour les importateurs et fabricants alimentaires \u00e0 la recherche de <strong data-start=\"2773\" data-end=\"2792\">approvisionnement \u00e0 faible co\u00fbt<\/strong> et d'une qualit\u00e9 stable.<\/p>\n<h3 data-start=\"2814\" data-end=\"2848\">\ud83d\udd39 <strong data-start=\"2821\" data-end=\"2848\">Options d'approvisionnement flexibles<\/strong><\/h3>\n<p data-start=\"2849\" data-end=\"2987\">Nous g\u00e9rons les deux <strong data-start=\"2864\" data-end=\"2886\">petites commandes d'essai<\/strong> et <strong data-start=\"2891\" data-end=\"2910\">achats en gros<\/strong>, garantissant une livraison constante <strong data-start=\"2932\" data-end=\"2966\">approvisionnement en p\u00e2te de tomate en f\u00fbts de 1000L<\/strong> tout au long de l'ann\u00e9e.<\/p>\n<h3 data-start=\"2989\" data-end=\"3022\">\ud83d\udd39 <strong data-start=\"2996\" data-end=\"3022\">Exportation fiable \u00e0 l'\u00e9chelle mondiale<\/strong><\/h3>\n<p data-start=\"3023\" data-end=\"3160\">Avec une riche exp\u00e9rience d'exportation, nous g\u00e9rons <strong data-start=\"3062\" data-end=\"3083\">FOB, CIF et CFR<\/strong> exp\u00e9ditions depuis les principaux ports chinois, assurant une logistique s\u00e9curis\u00e9e et efficace.<\/p>\n<hr data-start=\"3162\" data-end=\"3165\" \/>\n<h2 data-start=\"3167\" data-end=\"3189\"><strong data-start=\"3170\" data-end=\"3189\">4. Applications<\/strong><\/h2>\n<p data-start=\"3190\" data-end=\"3248\">Notre <strong data-start=\"3194\" data-end=\"3229\">P\u00e2te de tomate aseptique en f\u00fbt de 1000L<\/strong> est largement utilis\u00e9e dans :<\/p>\n<ul data-start=\"3249\" data-end=\"3410\">\n<li data-start=\"3249\" data-end=\"3278\">\n<p data-start=\"3251\" data-end=\"3278\">Ketchup et sauces \u00e0 base de tomate<\/p>\n<\/li>\n<li data-start=\"3279\" data-end=\"3305\">\n<p data-start=\"3281\" data-end=\"3305\">Sauces pour p\u00e2tes et pizzas<\/p>\n<\/li>\n<li data-start=\"3306\" data-end=\"3338\">\n<p data-start=\"3308\" data-end=\"3338\">Soupes et plats pr\u00eats \u00e0 manger<\/p>\n<\/li>\n<li data-start=\"3339\" data-end=\"3370\">\n<p data-start=\"3341\" data-end=\"3370\">Aliments en conserve et condiments<\/p>\n<\/li>\n<li data-start=\"3371\" data-end=\"3410\">\n<p data-start=\"3373\" data-end=\"3410\">Services de restauration et transformation industrielle<\/p>\n<\/li>\n<\/ul>\n<hr \/>\n<figure id=\"attachment_1353\" class=\"wp-caption alignnone\" aria-describedby=\"caption-attachment-1353\">\n<h2 data-start=\"3417\" data-end=\"3452\"><strong data-start=\"3420\" data-end=\"3452\">5. Prix, Ventes &amp; Promotions<\/strong><\/h2>\n<p data-start=\"3454\" data-end=\"3742\">Nous proposons des promotions r\u00e9guli\u00e8res <strong data-start=\"3471\" data-end=\"3519\">pour la vente de p\u00e2te de tomate en f\u00fbts de 1000L<\/strong>, y compris <strong data-start=\"3531\" data-end=\"3554\">des remises en gros<\/strong> et <strong data-start=\"3559\" data-end=\"3584\">des devis directs d'usine<\/strong>.<br data-start=\"3585\" data-end=\"3588\" \/>Notre <strong data-start=\"3592\" data-end=\"3625\">Prix de la p\u00e2te de tomate en f\u00fbts de 1000L<\/strong> varie en fonction du niveau de Brix, de l'emballage et de la quantit\u00e9 de commande \u2014 veuillez nous contacter pour <strong data-start=\"3712\" data-end=\"3741\">des devis en gros pr\u00e9cis<\/strong>.<\/p>\n<p data-start=\"3744\" data-end=\"3945\">Que vous recherchiez <strong data-start=\"3772\" data-end=\"3805\">concentr\u00e9 de tomate en conserve de 1000L \u00e0 bas prix<\/strong> pour l'importation ou souhaitiez collaborer avec une <strong data-start=\"3853\" data-end=\"3886\">marque de p\u00e2te de tomate en f\u00fbts de 1000L<\/strong>, nous proposons <strong data-start=\"3899\" data-end=\"3944\">des prix comp\u00e9titifs et une qualit\u00e9 garantie<\/strong>.<\/p>\n<\/figure>\n<h2 data-start=\"3952\" data-end=\"3979\"><strong data-start=\"3955\" data-end=\"3979\">6. Obtenez un devis aujourd'hui<\/strong><\/h2>\n<p data-start=\"3981\" data-end=\"4175\">Vous cherchez <strong data-start=\"3993\" data-end=\"4030\">de la p\u00e2te de tomate en gros en f\u00fbts de 1000L<\/strong> ou pr\u00e9voyez de <strong data-start=\"4046\" data-end=\"4061\">acheter en gros<\/strong>?<br data-start=\"4062\" data-end=\"4065\" \/>Contactez notre <strong data-start=\"4077\" data-end=\"4091\">\u00e9quipe commerciale<\/strong> pour les derni\u00e8res <strong data-start=\"4107\" data-end=\"4141\">Devis de p\u00e2te de tomate en f\u00fbt de 1000L<\/strong> et <strong data-start=\"4146\" data-end=\"4172\">D\u00e9tails de l'approvisionnement de l'usine<\/strong>.<\/p>\n<p data-start=\"4177\" data-end=\"4327\">\ud83d\udce7 <strong data-start=\"4180\" data-end=\"4190\">Email :<\/strong> <a class=\"decorated-link cursor-pointer\" rel=\"noopener\" data-start=\"4191\" data-end=\"4212\">info@taichysupply.com<\/a><br data-start=\"4212\" data-end=\"4215\" \/>\ud83c\udf10 <strong data-start=\"4218\" data-end=\"4230\">Site Web :<\/strong> <a class=\"decorated-link cursor-pointer\" target=\"_new\" rel=\"noopener\" data-start=\"4231\" data-end=\"4283\">www.taichytomato.com<\/a><br data-start=\"4283\" data-end=\"4286\" \/>\ud83c\udfed <strong data-start=\"4289\" data-end=\"4310\">Emplacement de l'usine :<\/strong> Tianjin, Chine<\/p>\n<hr \/>\n<h2><strong>7.FAQ<\/strong><\/h2>\n<p><strong>Q : Fournissez-vous un \u00e9chantillon ? Est-il gratuit ?\u00a0<\/strong><\/p>\n<p>R : Nous pouvons fournir un \u00e9chantillon gratuit, mais vous devez payer les frais de port. si vous le souhaitez, veuillez cliquer\u00a0<a href=\"https:\/\/taichytomato.com\/fr\/contact\/\">ici\u00a0<\/a><\/p>\n<p><strong>Q : Quel certificat avez-vous ?\u00a0<\/strong><\/p>\n<p>A : Nous sommes <strong>HACCP, ISO, BRC, HALAL<\/strong> certifi\u00e9s.<\/p>\n<p><strong>Q : Quel est votre service d'exp\u00e9dition ?\u00a0<\/strong><\/p>\n<p>R : Nous pouvons fournir des services de r\u00e9servation de navires, de consolidation de marchandises, de d\u00e9claration en douane, de pr\u00e9paration des documents d'exp\u00e9dition et de livraison en vrac au port d'exp\u00e9dition.<\/p>\n<p><strong>Q\u00a0: Quel est votre MOQ\u00a0?\u00a0<\/strong><\/p>\n<p>R\u00a0: Notre MOQ est normalement d\u2019un conteneur, mais nous pouvons \u00e9galement vous aider avec le LCL si vous en avez besoin.<\/p>\n<p><strong>Q : Vous souhaitez en savoir plus sur l'achat<\/strong><\/p>","protected":false},"excerpt":{"rendered":"<p>Ce produit est un concentr\u00e9 de tomate Brix 28-38%, f\u00fbt de 1000L, id\u00e9al pour une utilisation industrielle dans les sauces, soupes et jus. Il conserve la saveur naturelle de la tomate et ses nutriments, avec une couleur rouge vif, une acidit\u00e9 \u00e9quilibr\u00e9e et une teneur \u00e9lev\u00e9e en lycop\u00e8ne. Fabriqu\u00e9 \u00e0 partir de tomates de haute qualit\u00e9 provenant du nord-ouest de la Chine, il utilise des graines Heinz et Delmont de premi\u00e8re qualit\u00e9. Le produit est certifi\u00e9 ISO, HACCP, HALAL et KOSHER. Emball\u00e9 dans des f\u00fbts aseptiques de 1000L, il a une dur\u00e9e de conservation de 24 mois et est stock\u00e9 dans un environnement frais. TAICHY FOOD offre \u00e9galement une logistique performante, incluant un transport multimodal et un historique d\u2019exportation de concentr\u00e9 de tomate vers la Russie.<\/p>","protected":false},"featured_media":2552,"template":"","meta":{"_acf_changed":false,"_seopress_robots_primary_cat":"none","_seopress_titles_title":"1000L Drum Tomato Paste Manufacturer in China | Wholesale","_seopress_titles_desc":"Factory 1000L drum tomato paste for global purchasing. Low cost pricing, brand variety, and promotions available. Request wholesale quotes today.","_seopress_robots_index":"","site-sidebar-layout":"default","site-content-layout":"","ast-site-content-layout":"default","site-content-style":"default","site-sidebar-style":"default","ast-global-header-display":"","ast-banner-title-visibility":"","ast-main-header-display":"","ast-hfb-above-header-display":"","ast-hfb-below-header-display":"","ast-hfb-mobile-header-display":"","site-post-title":"","ast-breadcrumbs-content":"","ast-featured-img":"","footer-sml-layout":"","ast-disable-related-posts":"","theme-transparent-header-meta":"default","adv-header-id-meta":"","stick-header-meta":"","header-above-stick-meta":"","header-main-stick-meta":"","header-below-stick-meta":"","astra-migrate-meta-layouts":"set","ast-page-background-enabled":"default","ast-page-background-meta":{"desktop":{"background-color":"var(--ast-global-color-5)","background-image":"","background-repeat":"repeat","background-position":"center center","background-size":"auto","background-attachment":"scroll","background-type":"","background-media":"","overlay-type":"","overlay-color":"","overlay-opacity":"","overlay-gradient":""},"tablet":{"background-color":"","background-image":"","background-repeat":"repeat","background-position":"center center","background-size":"auto","background-attachment":"scroll","background-type":"","background-media":"","overlay-type":"","overlay-color":"","overlay-opacity":"","overlay-gradient":""},"mobile":{"background-color":"","background-image":"","background-repeat":"repeat","background-position":"center center","background-size":"auto","background-attachment":"scroll","background-type":"","background-media":"","overlay-type":"","overlay-color":"","overlay-opacity":"","overlay-gradient":""}},"ast-content-background-meta":{"desktop":{"background-color":"var(--ast-global-color-4)","background-image":"","background-repeat":"repeat","background-position":"center center","background-size":"auto","background-attachment":"scroll","background-type":"","background-media":"","overlay-type":"","overlay-color":"","overlay-opacity":"","overlay-gradient":""},"tablet":{"background-color":"var(--ast-global-color-4)","background-image":"","background-repeat":"repeat","background-position":"center center","background-size":"auto","background-attachment":"scroll","background-type":"","background-media":"","overlay-type":"","overlay-color":"","overlay-opacity":"","overlay-gradient":""},"mobile":{"background-color":"var(--ast-global-color-4)","background-image":"","background-repeat":"repeat","background-position":"center center","background-size":"auto","background-attachment":"scroll","background-type":"","background-media":"","overlay-type":"","overlay-color":"","overlay-opacity":"","overlay-gradient":""}}},"product_brand":[],"product_cat":[28],"product_tag":[203,186,189,191,44],"class_list":{"0":"post-1816","1":"product","2":"type-product","3":"status-publish","4":"has-post-thumbnail","6":"product_cat-drum-tomato-paste","7":"product_tag-1000l-drum-tomato-paste","8":"product_tag-30-32-tomato-paste-cb","9":"product_tag-cold-break","10":"product_tag-hot-break","11":"product_tag-tomato-paste","12":"desktop-align-left","13":"tablet-align-left","14":"mobile-align-left","16":"first","17":"instock","18":"sale","19":"shipping-taxable","20":"purchasable","21":"product-type-simple"},"acf":[],"_links":{"self":[{"href":"https:\/\/taichytomato.com\/fr\/wp-json\/wp\/v2\/product\/1816","targetHints":{"allow":["GET"]}}],"collection":[{"href":"https:\/\/taichytomato.com\/fr\/wp-json\/wp\/v2\/product"}],"about":[{"href":"https:\/\/taichytomato.com\/fr\/wp-json\/wp\/v2\/types\/product"}],"version-history":[{"count":0,"href":"https:\/\/taichytomato.com\/fr\/wp-json\/wp\/v2\/product\/1816\/revisions"}],"wp:featuredmedia":[{"embeddable":true,"href":"https:\/\/taichytomato.com\/fr\/wp-json\/wp\/v2\/media\/2552"}],"wp:attachment":[{"href":"https:\/\/taichytomato.com\/fr\/wp-json\/wp\/v2\/media?parent=1816"}],"wp:term":[{"taxonomy":"product_brand","embeddable":true,"href":"https:\/\/taichytomato.com\/fr\/wp-json\/wp\/v2\/product_brand?post=1816"},{"taxonomy":"product_cat","embeddable":true,"href":"https:\/\/taichytomato.com\/fr\/wp-json\/wp\/v2\/product_cat?post=1816"},{"taxonomy":"product_tag","embeddable":true,"href":"https:\/\/taichytomato.com\/fr\/wp-json\/wp\/v2\/product_tag?post=1816"}],"curies":[{"name":"wp","href":"https:\/\/api.w.org\/{rel}","templated":true}]}}