{"id":1415,"date":"2025-06-10T00:45:18","date_gmt":"2025-06-10T08:45:18","guid":{"rendered":"https:\/\/taichytomato.com\/?post_type=product&#038;p=1415"},"modified":"2026-01-12T23:29:28","modified_gmt":"2026-01-13T07:29:28","slug":"830g-tomato-paste-canned","status":"publish","type":"product","link":"https:\/\/taichytomato.com\/fr\/produit\/830g-tomato-paste-canned\/","title":{"rendered":"P\u00e2te de tomate de 830g"},"content":{"rendered":"<h2 data-start=\"125\" data-end=\"192\">Concentr\u00e9 de tomate 830g Fabricant &amp; Fournisseur | Approvisionnement direct d'usine<\/h2>\n<p data-start=\"194\" data-end=\"535\">En tant que <strong data-start=\"199\" data-end=\"246\">fabricant professionnel de concentr\u00e9 de tomate 830g<\/strong>, Taichy fournit directement depuis l'usine <strong data-start=\"279\" data-end=\"307\">830g concentr\u00e9 de tomate en conserve<\/strong> pour les march\u00e9s de d\u00e9tail, de restauration et d'export en gros.<br data-start=\"359\" data-end=\"362\" \/>Cette bo\u00eete de taille moyenne est l'un des <strong data-start=\"397\" data-end=\"465\">articles les plus demand\u00e9s en Afrique, au Moyen-Orient et en Am\u00e9rique du Sud<\/strong>, alliant la commodit\u00e9 de la taille familiale \u00e0 une coh\u00e9rence de qualit\u00e9 industrielle.<\/p>\n<p data-start=\"537\" data-end=\"760\">Notre <strong data-start=\"541\" data-end=\"562\">concentr\u00e9 de tomate 830g<\/strong> est produit \u00e0 partir de tomates fra\u00eeches et m\u00fbres 100% et concentr\u00e9 \u00e0 plusieurs niveaux de Brix, offrant une couleur forte, une texture \u00e9paisse et une saveur stable pour l'export \u00e0 longue distance et la distribution en marque blanche.<\/p>\n<hr data-start=\"762\" data-end=\"765\" \/>\n<h2 data-start=\"767\" data-end=\"806\">Concentr\u00e9 de tomate 830g \u2013 Aper\u00e7u du produit<\/h2>\n<ul data-start=\"808\" data-end=\"1180\">\n<li data-start=\"808\" data-end=\"842\">\n<p data-start=\"810\" data-end=\"842\"><strong data-start=\"810\" data-end=\"827\">Nom du produit :<\/strong> P\u00e2te de tomate<\/p>\n<\/li>\n<li data-start=\"843\" data-end=\"867\">\n<p data-start=\"845\" data-end=\"867\"><strong data-start=\"845\" data-end=\"860\">Poids net :<\/strong> 830g<\/p>\n<\/li>\n<li data-start=\"868\" data-end=\"919\">\n<p data-start=\"870\" data-end=\"919\"><strong data-start=\"870\" data-end=\"887\">Mat\u00e9riau brut :<\/strong> Tomates fra\u00eeches 100% (Non-OGM)<\/p>\n<\/li>\n<li data-start=\"920\" data-end=\"983\">\n<p data-start=\"922\" data-end=\"983\"><strong data-start=\"922\" data-end=\"947\">Concentration (Brix) :<\/strong> 18\u201320% \/ 22\u201324% \/ 26\u201328% \/ 28\u201330%<\/p>\n<\/li>\n<li data-start=\"984\" data-end=\"1015\">\n<p data-start=\"986\" data-end=\"1015\"><strong data-start=\"986\" data-end=\"996\">Couleur :<\/strong> Rouge profond naturel<\/p>\n<\/li>\n<li data-start=\"1016\" data-end=\"1049\">\n<p data-start=\"1018\" data-end=\"1049\"><strong data-start=\"1018\" data-end=\"1030\">Texture :<\/strong> \u00c9pais et lisse<\/p>\n<\/li>\n<li data-start=\"1050\" data-end=\"1079\">\n<p data-start=\"1052\" data-end=\"1079\"><strong data-start=\"1052\" data-end=\"1067\">Dur\u00e9e de conservation :<\/strong> 24 mois<\/p>\n<\/li>\n<li data-start=\"1080\" data-end=\"1105\">\n<p data-start=\"1082\" data-end=\"1105\"><strong data-start=\"1082\" data-end=\"1094\">Code SH :<\/strong> 20029011<\/p>\n<\/li>\n<li data-start=\"1106\" data-end=\"1140\">\n<p data-start=\"1108\" data-end=\"1140\"><strong data-start=\"1108\" data-end=\"1118\">Marque :<\/strong> OEM \/ Marque priv\u00e9e<\/p>\n<\/li>\n<li data-start=\"1141\" data-end=\"1180\">\n<p data-start=\"1143\" data-end=\"1180\"><strong data-start=\"1143\" data-end=\"1162\">Certifications :<\/strong> FDA, HACCP, ISO<\/p>\n<\/li>\n<\/ul>\n<p data-start=\"1182\" data-end=\"1274\">Cette sp\u00e9cification r\u00e9pond aux <strong data-start=\"1211\" data-end=\"1243\">exigences standard d'importation<\/strong> des principaux march\u00e9s de concentr\u00e9 de tomate.<\/p>\n<hr data-start=\"1276\" data-end=\"1279\" \/>\n<h2 data-start=\"1281\" data-end=\"1321\">D\u00e9tails d'emballage &amp; Chargement du conteneur<\/h2>\n<p data-start=\"1323\" data-end=\"1343\"><strong data-start=\"1323\" data-end=\"1343\">Conditionnement standard<\/strong><\/p>\n<ul data-start=\"1344\" data-end=\"1482\">\n<li data-start=\"1344\" data-end=\"1373\">\n<p data-start=\"1346\" data-end=\"1373\"><strong data-start=\"1346\" data-end=\"1373\">830g \u00d7 12 bo\u00eetes \/ carton<\/strong><\/p>\n<\/li>\n<li data-start=\"1374\" data-end=\"1421\">\n<p data-start=\"1376\" data-end=\"1421\">Type de bo\u00eete : <strong data-start=\"1386\" data-end=\"1421\">Facile \u00e0 ouvrir (EO) \/ Difficile \u00e0 ouvrir (HO)<\/strong><\/p>\n<\/li>\n<li data-start=\"1422\" data-end=\"1482\">\n<p data-start=\"1424\" data-end=\"1482\">\u00c9tiquette : <strong data-start=\"1431\" data-end=\"1482\">Impression lithographique (design personnalis\u00e9 disponible)<\/strong><\/p>\n<\/li>\n<\/ul>\n<p data-start=\"1484\" data-end=\"1515\"><strong data-start=\"1484\" data-end=\"1515\">R\u00e9f\u00e9rence de chargement en conteneur<\/strong><\/p>\n<ul data-start=\"1516\" data-end=\"1626\">\n<li data-start=\"1516\" data-end=\"1563\">\n<p data-start=\"1518\" data-end=\"1563\"><strong data-start=\"1518\" data-end=\"1537\">Conteneur de 20FT :<\/strong> environ. <strong data-start=\"1546\" data-end=\"1563\">2 000 cartons<\/strong><\/p>\n<\/li>\n<li data-start=\"1564\" data-end=\"1626\">\n<p data-start=\"1566\" data-end=\"1626\"><strong data-start=\"1566\" data-end=\"1585\">Conteneur de 40HQ :<\/strong> Chargement optimis\u00e9 disponible sur demande<\/p>\n<\/li>\n<\/ul>\n<p data-start=\"1628\" data-end=\"1635\"><strong data-start=\"1628\" data-end=\"1635\">Quantit\u00e9 Minimum de Commande<\/strong><\/p>\n<ul data-start=\"1636\" data-end=\"1721\">\n<li data-start=\"1636\" data-end=\"1680\">\n<p data-start=\"1638\" data-end=\"1680\">Commandes OEM \/ Marque priv\u00e9e : <strong data-start=\"1666\" data-end=\"1680\">N\u00e9gociable<\/strong><\/p>\n<\/li>\n<li data-start=\"1681\" data-end=\"1721\">\n<p data-start=\"1683\" data-end=\"1721\">Commandes d'essai prises en charge pour les nouveaux march\u00e9s<\/p>\n<\/li>\n<\/ul>\n<hr data-start=\"1723\" data-end=\"1726\" \/>\n<h2 data-start=\"1728\" data-end=\"1784\">Processus de production en usine (Concentr\u00e9 de tomate en conserve de 830g)<\/h2>\n<p data-start=\"1786\" data-end=\"1870\">Notre concentr\u00e9 de tomate de 830g est produit sous un <strong data-start=\"1828\" data-end=\"1869\">syst\u00e8me enti\u00e8rement contr\u00f4l\u00e9 et automatis\u00e9<\/strong>:<\/p>\n<ol data-start=\"1872\" data-end=\"2356\">\n<li data-start=\"1872\" data-end=\"1954\">\n<p data-start=\"1875\" data-end=\"1954\"><strong data-start=\"1875\" data-end=\"1899\">S\u00e9lection de tomates crues<\/strong> \u2013 Tomates fra\u00eeches et m\u00fbres provenant de fermes contractuelles<\/p>\n<\/li>\n<li data-start=\"1955\" data-end=\"2017\">\n<p data-start=\"1958\" data-end=\"2017\"><strong data-start=\"1958\" data-end=\"1979\">Lavage &amp; Tri<\/strong> \u2013 \u00c9limination des d\u00e9fauts et des impuret\u00e9s<\/p>\n<\/li>\n<li data-start=\"2018\" data-end=\"2087\">\n<p data-start=\"2021\" data-end=\"2087\"><strong data-start=\"2021\" data-end=\"2049\">Pressage &amp; Concentration<\/strong> \u2013 Ajust\u00e9 pr\u00e9cis\u00e9ment pour cibler le Brix<\/p>\n<\/li>\n<li data-start=\"2088\" data-end=\"2150\">\n<p data-start=\"2091\" data-end=\"2150\"><strong data-start=\"2091\" data-end=\"2106\">Remplissage \u00e0 chaud<\/strong> \u2013 Remplissage aseptique dans des bo\u00eetes en t\u00f4le de 830 g<\/p>\n<\/li>\n<li data-start=\"2151\" data-end=\"2213\">\n<p data-start=\"2154\" data-end=\"2213\"><strong data-start=\"2154\" data-end=\"2172\">S\u00e9chage sous vide<\/strong> \u2013 Pr\u00e9venir la contamination et l'oxydation<\/p>\n<\/li>\n<li data-start=\"2214\" data-end=\"2285\">\n<p data-start=\"2217\" data-end=\"2285\"><strong data-start=\"2217\" data-end=\"2234\">St\u00e9rilisation<\/strong> \u2013 Traitement \u00e0 haute temp\u00e9rature pour assurer la s\u00e9curit\u00e9 alimentaire<\/p>\n<\/li>\n<li data-start=\"2286\" data-end=\"2356\">\n<p data-start=\"2289\" data-end=\"2356\"><strong data-start=\"2289\" data-end=\"2310\">Refroidissement &amp; Emballage<\/strong> \u2013 Emballage en carton et palettisation pour l'exportation<\/p>\n<\/li>\n<\/ol>\n<p data-start=\"2358\" data-end=\"2430\">Cela garantit <strong data-start=\"2371\" data-end=\"2429\">une qualit\u00e9 stable, une coh\u00e9rence de la couleur et une longue dur\u00e9e de conservation<\/strong>.<\/p>\n<hr data-start=\"2432\" data-end=\"2435\" \/>\n<h2 data-start=\"2437\" data-end=\"2477\">Caract\u00e9ristiques cl\u00e9s de notre concentr\u00e9 de tomate de 830 g<\/h2>\n<ul data-start=\"2479\" data-end=\"2724\">\n<li data-start=\"2479\" data-end=\"2510\">\n<p data-start=\"2481\" data-end=\"2510\">Contenu naturel de tomate 100%<\/p>\n<\/li>\n<li data-start=\"2511\" data-end=\"2554\">\n<p data-start=\"2513\" data-end=\"2554\">Sans conservateurs ni colorants artificiels<\/p>\n<\/li>\n<li data-start=\"2555\" data-end=\"2596\">\n<p data-start=\"2557\" data-end=\"2596\">Texture \u00e9paisse et ar\u00f4me de tomate fort<\/p>\n<\/li>\n<li data-start=\"2597\" data-end=\"2642\">\n<p data-start=\"2599\" data-end=\"2642\">Qualit\u00e9 stable pour un transport longue distance<\/p>\n<\/li>\n<li data-start=\"2643\" data-end=\"2694\">\n<p data-start=\"2645\" data-end=\"2694\">Comp\u00e9titif <strong data-start=\"2657\" data-end=\"2692\">Prix d'usine pour la p\u00e2te de tomate 830 g<\/strong><\/p>\n<\/li>\n<li data-start=\"2695\" data-end=\"2724\">\n<p data-start=\"2697\" data-end=\"2724\">Pr\u00eat pour OEM &amp; marque priv\u00e9e<\/p>\n<\/li>\n<\/ul>\n<hr data-start=\"2726\" data-end=\"2729\" \/>\n<h2 data-start=\"2731\" data-end=\"2755\">Sc\u00e9narios d'application<\/h2>\n<p data-start=\"2757\" data-end=\"2809\">Le <strong data-start=\"2761\" data-end=\"2789\">830g concentr\u00e9 de tomate en conserve<\/strong> est largement utilis\u00e9e pour :<\/p>\n<ul data-start=\"2811\" data-end=\"2994\">\n<li data-start=\"2811\" data-end=\"2845\">\n<p data-start=\"2813\" data-end=\"2845\">Grande distribution et vente au d\u00e9tail<\/p>\n<\/li>\n<li data-start=\"2846\" data-end=\"2896\">\n<p data-start=\"2848\" data-end=\"2896\">Cuisine quotidienne domestique (soupes, rago\u00fbts, sauces)<\/p>\n<\/li>\n<li data-start=\"2897\" data-end=\"2942\">\n<p data-start=\"2899\" data-end=\"2942\">Services de restauration et cuisines de restaurants<\/p>\n<\/li>\n<li data-start=\"2943\" data-end=\"2994\">\n<p data-start=\"2945\" data-end=\"2994\">Programmes de distribution en gros et d'exportation en vrac<\/p>\n<\/li>\n<\/ul>\n<p data-start=\"2996\" data-end=\"3067\">Cette taille est particuli\u00e8rement populaire dans <strong data-start=\"3031\" data-end=\"3066\">march\u00e9s familiaux \u00e0 forte consommation<\/strong>.<\/p>\n<hr data-start=\"3069\" data-end=\"3072\" \/>\n<h2 data-start=\"3074\" data-end=\"3105\">Services OEM &amp; Marque Priv\u00e9e<\/h2>\n<p data-start=\"3107\" data-end=\"3168\">En tant qu'entreprise exp\u00e9riment\u00e9e <strong data-start=\"3125\" data-end=\"3155\">fournisseur de concentr\u00e9 de tomate 830g<\/strong>, nous fournissons :<\/p>\n<ul data-start=\"3170\" data-end=\"3348\">\n<li data-start=\"3170\" data-end=\"3214\">\n<p data-start=\"3172\" data-end=\"3214\">Conception d'\u00e9tiquettes personnalis\u00e9es (langue &amp; artwork)<\/p>\n<\/li>\n<li data-start=\"3215\" data-end=\"3244\">\n<p data-start=\"3217\" data-end=\"3244\">Options de couvercles en bo\u00eete (EO \/ HO)<\/p>\n<\/li>\n<li data-start=\"3245\" data-end=\"3294\">\n<p data-start=\"3247\" data-end=\"3294\">Support \u00e0 l'enregistrement de marque pour les march\u00e9s d'exportation<\/p>\n<\/li>\n<li data-start=\"3295\" data-end=\"3348\">\n<p data-start=\"3297\" data-end=\"3348\">Emballage optimis\u00e9 pour la rentabilit\u00e9 des conteneurs<\/p>\n<\/li>\n<\/ul>\n<p data-start=\"3350\" data-end=\"3391\">Le service de conception OEM est <strong data-start=\"3372\" data-end=\"3390\">gratuit<\/strong>.<\/p>\n<hr data-start=\"3393\" data-end=\"3396\" \/>\n<h2 data-start=\"3398\" data-end=\"3415\">March\u00e9s d'exportation<\/h2>\n<p data-start=\"3417\" data-end=\"3464\">Notre concentr\u00e9 de tomate 830g est r\u00e9guli\u00e8rement export\u00e9 vers :<\/p>\n<ul data-start=\"3466\" data-end=\"3529\">\n<li data-start=\"3466\" data-end=\"3476\">\n<p data-start=\"3468\" data-end=\"3476\">Afrique<\/p>\n<\/li>\n<li data-start=\"3477\" data-end=\"3492\">\n<p data-start=\"3479\" data-end=\"3492\">Moyen-Orient<\/p>\n<\/li>\n<li data-start=\"3493\" data-end=\"3510\">\n<p data-start=\"3495\" data-end=\"3510\">l'Am\u00e9rique du Sud<\/p>\n<\/li>\n<li data-start=\"3511\" data-end=\"3529\">\n<p data-start=\"3513\" data-end=\"3529\">Asie du Sud-Est<\/p>\n<\/li>\n<\/ul>\n<p data-start=\"3531\" data-end=\"3627\">Nous comprenons <strong data-start=\"3545\" data-end=\"3611\">pr\u00e9f\u00e9rences locales en Brix, habitudes d'emballage et structures de prix<\/strong> dans chaque r\u00e9gion.<\/p>\n<hr data-start=\"3629\" data-end=\"3632\" \/>\n<h2 data-start=\"3634\" data-end=\"3659\">FAQ \u2013 Usine &amp; Exportation<\/h2>\n<p data-start=\"3661\" data-end=\"3748\"><strong data-start=\"3661\" data-end=\"3696\">Q1 : Quand puis-je obtenir un devis ?<\/strong><br data-start=\"3696\" data-end=\"3699\" \/>Dans <strong data-start=\"3706\" data-end=\"3718\">12 heures<\/strong> apr\u00e8s r\u00e9ception de votre demande.<\/p>\n<p data-start=\"3750\" data-end=\"3882\"><strong data-start=\"3750\" data-end=\"3776\">Q2 : Puis-je obtenir des \u00e9chantillons ?<\/strong><br data-start=\"3776\" data-end=\"3779\" \/>Oui. Des \u00e9chantillons sont disponibles apr\u00e8s confirmation du prix.<br data-start=\"3831\" data-end=\"3834\" \/>Les inspections par des tiers (SGS \/ BV) sont accept\u00e9es.<\/p>\n<p data-start=\"3884\" data-end=\"3977\"><strong data-start=\"3884\" data-end=\"3937\">Q3 : Quels formats de fichiers acceptez-vous pour l'impression ?<\/strong><br data-start=\"3937\" data-end=\"3940\" \/>PDF, AI, CDR ou JPG haute r\u00e9solution.<\/p>\n<p data-start=\"3979\" data-end=\"4069\"><strong data-start=\"3979\" data-end=\"4017\">Q4 : Fournissez-vous un service de conception ?<\/strong><br data-start=\"4017\" data-end=\"4020\" \/>Oui. Un service de conception OEM professionnel est <strong data-start=\"4060\" data-end=\"4068\">gratuit<\/strong>.<\/p>\n<p data-start=\"4071\" data-end=\"4160\"><strong data-start=\"4071\" data-end=\"4100\">Q5 : D\u00e9lai de production ?<\/strong><br data-start=\"4100\" data-end=\"4103\" \/>Environ <strong data-start=\"4117\" data-end=\"4136\">25 jours ouvrables<\/strong>, selon la quantit\u00e9.<\/p>\n<hr data-start=\"4162\" data-end=\"4165\" \/>\n<p data-start=\"4167\" data-end=\"4256\">\ud83d\udce9 <a href=\"https:\/\/taichytomato.com\/fr\/contact\/\"><strong data-start=\"4170\" data-end=\"4188\">Contactez-nous maintenant<\/strong><\/a> pour recevoir des devis, des sp\u00e9cifications compl\u00e8tes, des \u00e9chantillons ou des propositions OEM.<\/p>","protected":false},"excerpt":{"rendered":"<p>Notre <strong data-start=\"108\" data-end=\"136\">830g concentr\u00e9 de tomate en conserve<\/strong> est fabriqu\u00e9e \u00e0 partir de <strong data-start=\"150\" data-end=\"182\" data-is-only-node=\"\">100% tomates fra\u00eeches et m\u00fbres<\/strong>, trait\u00e9es dans les heures suivant la r\u00e9colte pour pr\u00e9server la saveur et la couleur naturelles. Il pr\u00e9sente un <strong data-start=\"270\" data-end=\"288\">couleur rouge riche<\/strong>, <strong data-start=\"290\" data-end=\"307\">texture \u00e9paisse<\/strong>, et <strong data-start=\"313\" data-end=\"336\">ar\u00f4me de tomate puissant<\/strong>, parfait pour la cuisson de sauces, soupes et rago\u00fbts. Emball\u00e9 dans <strong data-start=\"394\" data-end=\"426\">bo\u00eetes en fer avec couvercles \u00e0 ouverture facile<\/strong>, il garantit une longue dur\u00e9e de conservation et une utilisation pratique.<\/p>","protected":false},"featured_media":3290,"template":"","meta":{"_acf_changed":false,"_seopress_robots_primary_cat":"none","_seopress_titles_title":"Canned 830g Tomato Paste Tins | Catering Bulk Size |Taichy","_seopress_titles_desc":"Designed for the catering industry, our 830g canned tomato paste is a high-quality ingredient for professional kitchens. Wait for you inquiry .","_seopress_robots_index":"","site-sidebar-layout":"default","site-content-layout":"","ast-site-content-layout":"default","site-content-style":"default","site-sidebar-style":"default","ast-global-header-display":"","ast-banner-title-visibility":"","ast-main-header-display":"","ast-hfb-above-header-display":"","ast-hfb-below-header-display":"","ast-hfb-mobile-header-display":"","site-post-title":"","ast-breadcrumbs-content":"","ast-featured-img":"","footer-sml-layout":"","ast-disable-related-posts":"","theme-transparent-header-meta":"default","adv-header-id-meta":"","stick-header-meta":"","header-above-stick-meta":"","header-main-stick-meta":"","header-below-stick-meta":"","astra-migrate-meta-layouts":"set","ast-page-background-enabled":"default","ast-page-background-meta":{"desktop":{"background-color":"var(--ast-global-color-5)","background-image":"","background-repeat":"repeat","background-position":"center center","background-size":"auto","background-attachment":"scroll","background-type":"","background-media":"","overlay-type":"","overlay-color":"","overlay-opacity":"","overlay-gradient":""},"tablet":{"background-color":"","background-image":"","background-repeat":"repeat","background-position":"center center","background-size":"auto","background-attachment":"scroll","background-type":"","background-media":"","overlay-type":"","overlay-color":"","overlay-opacity":"","overlay-gradient":""},"mobile":{"background-color":"","background-image":"","background-repeat":"repeat","background-position":"center center","background-size":"auto","background-attachment":"scroll","background-type":"","background-media":"","overlay-type":"","overlay-color":"","overlay-opacity":"","overlay-gradient":""}},"ast-content-background-meta":{"desktop":{"background-color":"var(--ast-global-color-4)","background-image":"","background-repeat":"repeat","background-position":"center center","background-size":"auto","background-attachment":"scroll","background-type":"","background-media":"","overlay-type":"","overlay-color":"","overlay-opacity":"","overlay-gradient":""},"tablet":{"background-color":"var(--ast-global-color-4)","background-image":"","background-repeat":"repeat","background-position":"center center","background-size":"auto","background-attachment":"scroll","background-type":"","background-media":"","overlay-type":"","overlay-color":"","overlay-opacity":"","overlay-gradient":""},"mobile":{"background-color":"var(--ast-global-color-4)","background-image":"","background-repeat":"repeat","background-position":"center center","background-size":"auto","background-attachment":"scroll","background-type":"","background-media":"","overlay-type":"","overlay-color":"","overlay-opacity":"","overlay-gradient":""}}},"product_brand":[],"product_cat":[96],"product_tag":[192,45,44],"class_list":{"0":"post-1415","1":"product","2":"type-product","3":"status-publish","4":"has-post-thumbnail","6":"product_cat-canned-tomato-paste","7":"product_tag-830g-canned-tomato-paste","8":"product_tag-canned-tomato-paste","9":"product_tag-tomato-paste","10":"desktop-align-left","11":"tablet-align-left","12":"mobile-align-left","14":"first","15":"instock","16":"sale","17":"shipping-taxable","18":"purchasable","19":"product-type-simple"},"acf":[],"_links":{"self":[{"href":"https:\/\/taichytomato.com\/fr\/wp-json\/wp\/v2\/product\/1415","targetHints":{"allow":["GET"]}}],"collection":[{"href":"https:\/\/taichytomato.com\/fr\/wp-json\/wp\/v2\/product"}],"about":[{"href":"https:\/\/taichytomato.com\/fr\/wp-json\/wp\/v2\/types\/product"}],"version-history":[{"count":0,"href":"https:\/\/taichytomato.com\/fr\/wp-json\/wp\/v2\/product\/1415\/revisions"}],"wp:featuredmedia":[{"embeddable":true,"href":"https:\/\/taichytomato.com\/fr\/wp-json\/wp\/v2\/media\/3290"}],"wp:attachment":[{"href":"https:\/\/taichytomato.com\/fr\/wp-json\/wp\/v2\/media?parent=1415"}],"wp:term":[{"taxonomy":"product_brand","embeddable":true,"href":"https:\/\/taichytomato.com\/fr\/wp-json\/wp\/v2\/product_brand?post=1415"},{"taxonomy":"product_cat","embeddable":true,"href":"https:\/\/taichytomato.com\/fr\/wp-json\/wp\/v2\/product_cat?post=1415"},{"taxonomy":"product_tag","embeddable":true,"href":"https:\/\/taichytomato.com\/fr\/wp-json\/wp\/v2\/product_tag?post=1415"}],"curies":[{"name":"wp","href":"https:\/\/api.w.org\/{rel}","templated":true}]}}