{"id":1054,"date":"2025-05-25T23:31:22","date_gmt":"2025-05-26T07:31:22","guid":{"rendered":"https:\/\/taichytomato.com\/?post_type=product&#038;p=1054"},"modified":"2026-01-12T23:09:05","modified_gmt":"2026-01-13T07:09:05","slug":"100g-tomato-paste-sache","status":"publish","type":"product","link":"https:\/\/taichytomato.com\/fr\/produit\/100g-tomato-paste-sache\/","title":{"rendered":"sachet de p\u00e2te de tomate 100g"},"content":{"rendered":"<h2 data-start=\"280\" data-end=\"337\">Sachet de concentr\u00e9 de tomate 100g | Approvisionnement d'usine &amp; Export OEM<\/h2>\n<p data-start=\"339\" data-end=\"708\"><strong data-start=\"339\" data-end=\"367\">Sachet de concentr\u00e9 de tomate 100g<\/strong> est une solution pratique en petit format con\u00e7ue pour le commerce de d\u00e9tail, la restauration et les march\u00e9s d'exportation qui n\u00e9cessitent un contr\u00f4le des portions, une qualit\u00e9 stable et un co\u00fbt comp\u00e9titif.<br data-start=\"524\" data-end=\"527\" \/>Fournisseurs Taichy <strong data-start=\"543\" data-end=\"612\">Sachet de concentr\u00e9 de tomate 100g directement de notre usine en Chine du Nord<\/strong>, produit \u00e0 partir de tomates fra\u00eeches avec des options de Brix flexibles et toutes les certifications internationales.<\/p>\n<p data-start=\"710\" data-end=\"904\">Ce produit est largement utilis\u00e9 par <strong data-start=\"741\" data-end=\"824\">supermarch\u00e9s, marques \u00e0 marque priv\u00e9e, producteurs de plats pr\u00e9par\u00e9s et programmes d'aide alimentaire<\/strong> qui ont besoin d'un concentr\u00e9 de tomate fiable, stable en rayon, en emballage pratique en sachet.<\/p>\n<hr data-start=\"906\" data-end=\"909\" \/>\n<h2 data-start=\"911\" data-end=\"963\">Sp\u00e9cifications du produit \u2013 Sachet de concentr\u00e9 de tomate 100g<\/h2>\n<ul data-start=\"965\" data-end=\"1488\">\n<li data-start=\"965\" data-end=\"1006\">\n<p data-start=\"967\" data-end=\"1006\"><strong data-start=\"967\" data-end=\"984\">Type de produit :<\/strong> Sachet de p\u00e2te de tomate<\/p>\n<\/li>\n<li data-start=\"1007\" data-end=\"1031\">\n<p data-start=\"1009\" data-end=\"1031\"><strong data-start=\"1009\" data-end=\"1024\">Poids net :<\/strong> 100g<\/p>\n<\/li>\n<li data-start=\"1032\" data-end=\"1079\">\n<p data-start=\"1034\" data-end=\"1079\"><strong data-start=\"1034\" data-end=\"1057\">Ingr\u00e9dient principal :<\/strong> 100% Tomates fra\u00eeches<\/p>\n<\/li>\n<li data-start=\"1080\" data-end=\"1141\">\n<p data-start=\"1082\" data-end=\"1141\"><strong data-start=\"1082\" data-end=\"1093\">Puret\u00e9 :<\/strong> 30%\u2013100% (sans amidon ni \u00e9paississants artificiels)<\/p>\n<\/li>\n<li data-start=\"1142\" data-end=\"1205\">\n<p data-start=\"1144\" data-end=\"1205\"><strong data-start=\"1144\" data-end=\"1161\">Options de Brix :<\/strong> 9\u201311% \/ 18\u201320% \/ 22\u201324% \/ 26\u201328% \/ 28\u201330%<\/p>\n<\/li>\n<li data-start=\"1206\" data-end=\"1242\">\n<p data-start=\"1208\" data-end=\"1242\"><strong data-start=\"1208\" data-end=\"1218\">Couleur :<\/strong> Rouge vif \/ Rouge fonc\u00e9<\/p>\n<\/li>\n<li data-start=\"1243\" data-end=\"1287\">\n<p data-start=\"1245\" data-end=\"1287\"><strong data-start=\"1245\" data-end=\"1263\">Profil de go\u00fbt :<\/strong> \u00c9quilibre entre douceur et acidit\u00e9<\/p>\n<\/li>\n<li data-start=\"1288\" data-end=\"1307\">\n<p data-start=\"1290\" data-end=\"1307\"><strong data-start=\"1290\" data-end=\"1297\">pH :<\/strong> 4.0\u20134.4<\/p>\n<\/li>\n<li data-start=\"1308\" data-end=\"1337\">\n<p data-start=\"1310\" data-end=\"1337\"><strong data-start=\"1310\" data-end=\"1325\">Dur\u00e9e de conservation :<\/strong> 2\u20133 ans<\/p>\n<\/li>\n<li data-start=\"1338\" data-end=\"1376\">\n<p data-start=\"1340\" data-end=\"1376\"><strong data-start=\"1340\" data-end=\"1352\">Stockage :<\/strong> Entrep\u00f4t sec en int\u00e9rieur<\/p>\n<\/li>\n<li data-start=\"1377\" data-end=\"1397\">\n<p data-start=\"1379\" data-end=\"1397\"><strong data-start=\"1379\" data-end=\"1387\">HMC :<\/strong> Max 50%<\/p>\n<\/li>\n<li data-start=\"1398\" data-end=\"1440\">\n<p data-start=\"1400\" data-end=\"1440\"><strong data-start=\"1400\" data-end=\"1418\">Certification :<\/strong> FDA, HACCP, ISO, QS<\/p>\n<\/li>\n<li data-start=\"1441\" data-end=\"1488\">\n<p data-start=\"1443\" data-end=\"1488\"><strong data-start=\"1443\" data-end=\"1456\">Image de marque :<\/strong> OEM \/ Marque priv\u00e9e disponible<\/p>\n<\/li>\n<\/ul>\n<hr data-start=\"1490\" data-end=\"1493\" \/>\n<h2 data-start=\"1495\" data-end=\"1545\">Applications id\u00e9ales pour le sachet de concentr\u00e9 de tomate 100g<\/h2>\n<p data-start=\"1547\" data-end=\"1720\">Le <strong data-start=\"1551\" data-end=\"1579\">Sachet de concentr\u00e9 de tomate 100g<\/strong> est positionn\u00e9 pour <strong data-start=\"1598\" data-end=\"1652\">une consommation \u00e0 haute fr\u00e9quence et une distribution \u00e0 l'exportation<\/strong>, en particulier l\u00e0 o\u00f9 la pr\u00e9cision des portions et l'efficacit\u00e9 de l'emballage sont importantes :<\/p>\n<ul data-start=\"1722\" data-end=\"2000\">\n<li data-start=\"1722\" data-end=\"1774\">\n<p data-start=\"1724\" data-end=\"1774\">Cuisine domestique quotidienne (usage unique, sans d\u00e9chets)<\/p>\n<\/li>\n<li data-start=\"1775\" data-end=\"1831\">\n<p data-start=\"1777\" data-end=\"1831\">Nouilles instantan\u00e9es, bo\u00eetes \u00e0 lunch et repas pr\u00eats \u00e0 manger<\/p>\n<\/li>\n<li data-start=\"1832\" data-end=\"1873\">\n<p data-start=\"1834\" data-end=\"1873\">D\u00e9taillants en supermarch\u00e9 et cha\u00eenes d'\u00e9picerie<\/p>\n<\/li>\n<li data-start=\"1874\" data-end=\"1931\">\n<p data-start=\"1876\" data-end=\"1931\">Kits d'aide alimentaire, rations d'urgence et programmes d'exportation<\/p>\n<\/li>\n<li data-start=\"1932\" data-end=\"2000\">\n<p data-start=\"1934\" data-end=\"2000\">Distribution de marques de distributeur en Afrique, au Moyen-Orient, dans la CEI et en Asie<\/p>\n<\/li>\n<\/ul>\n<p data-start=\"2002\" data-end=\"2113\">Cette taille est particuli\u00e8rement populaire dans <strong data-start=\"2037\" data-end=\"2064\">march\u00e9s sensibles au prix<\/strong> et r\u00e9gions avec des habitudes de consommation de sachets \u00e9lev\u00e9es.<\/p>\n<hr data-start=\"2115\" data-end=\"2118\" \/>\n<h2 data-start=\"2120\" data-end=\"2162\">Pourquoi choisir notre sachet de concentr\u00e9 de tomate de 100 g<\/h2>\n<ul data-start=\"2164\" data-end=\"2549\">\n<li data-start=\"2164\" data-end=\"2239\">\n<p data-start=\"2166\" data-end=\"2239\"><strong data-start=\"2166\" data-end=\"2191\">Contr\u00f4le pr\u00e9cis des portions<\/strong> \u2013 r\u00e9duit les d\u00e9chets et am\u00e9liore la commodit\u00e9 pour l'utilisateur<\/p>\n<\/li>\n<li data-start=\"2240\" data-end=\"2312\">\n<p data-start=\"2242\" data-end=\"2312\"><strong data-start=\"2242\" data-end=\"2270\">Sachet en aluminium \u00e0 barri\u00e8re \u00e9lev\u00e9e<\/strong> \u2013 prot\u00e8ge la couleur, la saveur et les nutriments<\/p>\n<\/li>\n<li data-start=\"2313\" data-end=\"2379\">\n<p data-start=\"2315\" data-end=\"2379\"><strong data-start=\"2315\" data-end=\"2350\">Options de sachet \u00e0 ouverture verticale ou plate<\/strong> selon la pr\u00e9f\u00e9rence du march\u00e9<\/p>\n<\/li>\n<li data-start=\"2380\" data-end=\"2462\">\n<p data-start=\"2382\" data-end=\"2462\"><strong data-start=\"2382\" data-end=\"2408\">Solutions OEM flexibles<\/strong> \u2013 logo, graphisme, conception de carton, \u00e9tiquettes multilingues<\/p>\n<\/li>\n<li data-start=\"2463\" data-end=\"2549\">\n<p data-start=\"2465\" data-end=\"2549\"><strong data-start=\"2465\" data-end=\"2490\">Approvisionnement stable en usine<\/strong> \u2013 adapt\u00e9 aux contrats \u00e0 long terme et aux exp\u00e9ditions mensuelles<\/p>\n<\/li>\n<\/ul>\n<hr data-start=\"2551\" data-end=\"2554\" \/>\n<h2 data-start=\"2556\" data-end=\"2591\">Conditionnement, MOQ &amp; Chargement en conteneur<\/h2>\n<p data-start=\"2593\" data-end=\"2621\"><strong data-start=\"2593\" data-end=\"2621\">Options d'emballage standard<\/strong><\/p>\n<ul data-start=\"2622\" data-end=\"2731\">\n<li data-start=\"2622\" data-end=\"2652\">\n<p data-start=\"2624\" data-end=\"2652\">100g \u00d7 50 sachets \/ carton<\/p>\n<\/li>\n<li data-start=\"2653\" data-end=\"2684\">\n<p data-start=\"2655\" data-end=\"2684\">100g \u00d7 100 sachets \/ carton<\/p>\n<\/li>\n<li data-start=\"2685\" data-end=\"2731\">\n<p data-start=\"2687\" data-end=\"2731\">100g \u00d7 25 sachets \u00d7 4 bo\u00eetes int\u00e9rieures \/ carton<\/p>\n<\/li>\n<\/ul>\n<p data-start=\"2733\" data-end=\"2764\"><strong data-start=\"2733\" data-end=\"2764\">R\u00e9f\u00e9rence de chargement en conteneur<\/strong><\/p>\n<ul data-start=\"2765\" data-end=\"2906\">\n<li data-start=\"2765\" data-end=\"2839\">\n<p data-start=\"2767\" data-end=\"2839\"><strong data-start=\"2767\" data-end=\"2776\">20FT :<\/strong> environ 1 530\u20133 200 cartons (selon la structure d'emballage)<\/p>\n<\/li>\n<li data-start=\"2840\" data-end=\"2906\">\n<p data-start=\"2842\" data-end=\"2906\"><strong data-start=\"2842\" data-end=\"2851\">40HQ :<\/strong> volume plus \u00e9lev\u00e9 disponible avec une palettisation optimis\u00e9e<\/p>\n<\/li>\n<\/ul>\n<p data-start=\"2908\" data-end=\"2915\"><strong data-start=\"2908\" data-end=\"2915\">Quantit\u00e9 Minimum de Commande<\/strong><\/p>\n<ul data-start=\"2916\" data-end=\"3058\">\n<li data-start=\"2916\" data-end=\"2992\">\n<p data-start=\"2918\" data-end=\"2992\">OEM \/ Marque priv\u00e9e : <strong data-start=\"2939\" data-end=\"2990\">N\u00e9gociable (petit MOQ support\u00e9 pour les commandes d'essai)<\/strong><\/p>\n<\/li>\n<li data-start=\"2993\" data-end=\"3058\">\n<p data-start=\"2995\" data-end=\"3058\">Les commandes en gros b\u00e9n\u00e9ficient d'avantages de co\u00fbt sur l'impression et l'emballage<\/p>\n<\/li>\n<\/ul>\n<hr data-start=\"3060\" data-end=\"3063\" \/>\n<h2 data-start=\"3065\" data-end=\"3107\">Capacit\u00e9s d'export OEM &amp; Marque priv\u00e9e<\/h2>\n<p data-start=\"3109\" data-end=\"3182\">Nous supportons <strong data-start=\"3120\" data-end=\"3145\">services OEM\/ODM complets<\/strong> pour l'exportation de sachets de p\u00e2te de tomate de 100g :<\/p>\n<ul data-start=\"3184\" data-end=\"3420\">\n<li data-start=\"3184\" data-end=\"3224\">\n<p data-start=\"3186\" data-end=\"3224\">Mat\u00e9riau et \u00e9paisseur du sachet personnalis\u00e9s<\/p>\n<\/li>\n<li data-start=\"3225\" data-end=\"3299\">\n<p data-start=\"3227\" data-end=\"3299\">Emballage multilingue (Anglais \/ Fran\u00e7ais \/ Arabe \/ Russe \/ Espagnol)<\/p>\n<\/li>\n<li data-start=\"3300\" data-end=\"3363\">\n<p data-start=\"3302\" data-end=\"3363\">Support pour code-barres, panneau nutritionnel et conformit\u00e9 r\u00e9glementaire<\/p>\n<\/li>\n<li data-start=\"3364\" data-end=\"3420\">\n<p data-start=\"3366\" data-end=\"3420\">Optimisation du carton d'exportation pour le contr\u00f4le des co\u00fbts d'exp\u00e9dition<\/p>\n<\/li>\n<\/ul>\n<p data-start=\"3422\" data-end=\"3496\">Notre \u00e9quipe assiste les acheteurs de <strong data-start=\"3451\" data-end=\"3495\">concept \u2192 conception \u2192 production \u2192 exp\u00e9dition<\/strong>.<\/p>\n<hr data-start=\"3498\" data-end=\"3501\" \/>\n<h2 data-start=\"3503\" data-end=\"3533\">March\u00e9s d'exportation &amp; exp\u00e9rience<\/h2>\n<p data-start=\"3535\" data-end=\"3650\">Taichy a plus de <strong data-start=\"3551\" data-end=\"3615\">10 ans d'exp\u00e9rience dans la fabrication et l'exportation de concentr\u00e9 de tomate<\/strong>, fournissant des sachets de concentr\u00e9 de tomate \u00e0 :<\/p>\n<ul data-start=\"3652\" data-end=\"3733\">\n<li data-start=\"3652\" data-end=\"3662\">\n<p data-start=\"3654\" data-end=\"3662\">Afrique<\/p>\n<\/li>\n<li data-start=\"3663\" data-end=\"3678\">\n<p data-start=\"3665\" data-end=\"3678\">Moyen-Orient<\/p>\n<\/li>\n<li data-start=\"3679\" data-end=\"3696\">\n<p data-start=\"3681\" data-end=\"3696\">pays de la CEI<\/p>\n<\/li>\n<li data-start=\"3697\" data-end=\"3715\">\n<p data-start=\"3699\" data-end=\"3715\">Asie du Sud-Est<\/p>\n<\/li>\n<li data-start=\"3716\" data-end=\"3733\">\n<p data-start=\"3718\" data-end=\"3733\">Am\u00e9rique Latine<\/p>\n<\/li>\n<\/ul>\n<p data-start=\"3735\" data-end=\"3825\">Nous comprenons <strong data-start=\"3749\" data-end=\"3824\">les pr\u00e9f\u00e9rences sp\u00e9cifiques du march\u00e9 en Brix, les r\u00e8gles d'\u00e9tiquetage et le positionnement des prix<\/strong>.<\/p>\n<hr data-start=\"4288\" data-end=\"4291\" \/>\n<h2 data-start=\"4293\" data-end=\"4321\">Guides li\u00e9s pour les acheteurs<\/h2>\n<ul data-start=\"4323\" data-end=\"4446\">\n<li data-start=\"4323\" data-end=\"4378\">\n<p data-start=\"4325\" data-end=\"4378\"><strong data-start=\"4325\" data-end=\"4376\">Guide d'achat pour sachets de concentr\u00e9 de tomate en petit paquet<\/strong><\/p>\n<\/li>\n<li data-start=\"4379\" data-end=\"4446\">\n<p data-start=\"4381\" data-end=\"4446\"><strong data-start=\"4381\" data-end=\"4444\">Guide d'exportation de sachets de concentr\u00e9 de tomate (marques &amp; r\u00e9f\u00e9rence de prix)<\/strong><\/p>\n<\/li>\n<\/ul>\n<p data-start=\"4448\" data-end=\"4571\">\ud83d\udce9 <a href=\"https:\/\/taichytomato.com\/fr\/contact\/\"><strong data-start=\"4451\" data-end=\"4469\">Contactez-nous maintenant<\/strong><\/a> pour recevoir des catalogues de produits, des devis, des \u00e9chantillons gratuits ou des propositions OEM pour votre march\u00e9 cible.<\/p>","protected":false},"excerpt":{"rendered":"<p>Brix : 18-20%, 22-24%, 26-28%, 28-30%<br \/>\nBo\u00eete en t\u00f4le anti-rouille\/anti-stress\/humidit\u00e9<br \/>\nMarque : Design ou OEM<br \/>\nQuantit\u00e9 minimale : 1X20ft<br \/>\nD\u00e9tail de livraison : 30-35 jours apr\u00e8s r\u00e9ception de l'acompte ou de la lettre de cr\u00e9dit. Livraison la plus rapide.<br \/>\nCode SH : 2002901100<\/p>","protected":false},"featured_media":3292,"template":"","meta":{"_acf_changed":false,"_seopress_robots_primary_cat":"none","_seopress_titles_title":"100g Sachet Tomato Paste | Wholesale Purchase | Best Price","_seopress_titles_desc":"Searching for a reliable source for 100g sachet tomato paste? We provide high-quality bulk supplies with traceable product quality.Contact Us Now","_seopress_robots_index":"","site-sidebar-layout":"default","site-content-layout":"","ast-site-content-layout":"default","site-content-style":"default","site-sidebar-style":"default","ast-global-header-display":"","ast-banner-title-visibility":"","ast-main-header-display":"","ast-hfb-above-header-display":"","ast-hfb-below-header-display":"","ast-hfb-mobile-header-display":"","site-post-title":"","ast-breadcrumbs-content":"","ast-featured-img":"","footer-sml-layout":"","ast-disable-related-posts":"","theme-transparent-header-meta":"default","adv-header-id-meta":"","stick-header-meta":"","header-above-stick-meta":"","header-main-stick-meta":"","header-below-stick-meta":"","astra-migrate-meta-layouts":"set","ast-page-background-enabled":"default","ast-page-background-meta":{"desktop":{"background-color":"var(--ast-global-color-5)","background-image":"","background-repeat":"repeat","background-position":"center center","background-size":"auto","background-attachment":"scroll","background-type":"","background-media":"","overlay-type":"","overlay-color":"","overlay-opacity":"","overlay-gradient":""},"tablet":{"background-color":"","background-image":"","background-repeat":"repeat","background-position":"center center","background-size":"auto","background-attachment":"scroll","background-type":"","background-media":"","overlay-type":"","overlay-color":"","overlay-opacity":"","overlay-gradient":""},"mobile":{"background-color":"","background-image":"","background-repeat":"repeat","background-position":"center center","background-size":"auto","background-attachment":"scroll","background-type":"","background-media":"","overlay-type":"","overlay-color":"","overlay-opacity":"","overlay-gradient":""}},"ast-content-background-meta":{"desktop":{"background-color":"var(--ast-global-color-4)","background-image":"","background-repeat":"repeat","background-position":"center center","background-size":"auto","background-attachment":"scroll","background-type":"","background-media":"","overlay-type":"","overlay-color":"","overlay-opacity":"","overlay-gradient":""},"tablet":{"background-color":"var(--ast-global-color-4)","background-image":"","background-repeat":"repeat","background-position":"center center","background-size":"auto","background-attachment":"scroll","background-type":"","background-media":"","overlay-type":"","overlay-color":"","overlay-opacity":"","overlay-gradient":""},"mobile":{"background-color":"var(--ast-global-color-4)","background-image":"","background-repeat":"repeat","background-position":"center center","background-size":"auto","background-attachment":"scroll","background-type":"","background-media":"","overlay-type":"","overlay-color":"","overlay-opacity":"","overlay-gradient":""}}},"product_brand":[],"product_cat":[97],"product_tag":[171],"class_list":{"0":"post-1054","1":"product","2":"type-product","3":"status-publish","4":"has-post-thumbnail","6":"product_cat-tomato-paste-in-sachet","7":"product_tag-100g-tomato-paste-sachet","8":"desktop-align-left","9":"tablet-align-left","10":"mobile-align-left","12":"first","13":"instock","14":"sale","15":"shipping-taxable","16":"purchasable","17":"product-type-simple"},"acf":[],"_links":{"self":[{"href":"https:\/\/taichytomato.com\/fr\/wp-json\/wp\/v2\/product\/1054","targetHints":{"allow":["GET"]}}],"collection":[{"href":"https:\/\/taichytomato.com\/fr\/wp-json\/wp\/v2\/product"}],"about":[{"href":"https:\/\/taichytomato.com\/fr\/wp-json\/wp\/v2\/types\/product"}],"version-history":[{"count":0,"href":"https:\/\/taichytomato.com\/fr\/wp-json\/wp\/v2\/product\/1054\/revisions"}],"wp:featuredmedia":[{"embeddable":true,"href":"https:\/\/taichytomato.com\/fr\/wp-json\/wp\/v2\/media\/3292"}],"wp:attachment":[{"href":"https:\/\/taichytomato.com\/fr\/wp-json\/wp\/v2\/media?parent=1054"}],"wp:term":[{"taxonomy":"product_brand","embeddable":true,"href":"https:\/\/taichytomato.com\/fr\/wp-json\/wp\/v2\/product_brand?post=1054"},{"taxonomy":"product_cat","embeddable":true,"href":"https:\/\/taichytomato.com\/fr\/wp-json\/wp\/v2\/product_cat?post=1054"},{"taxonomy":"product_tag","embeddable":true,"href":"https:\/\/taichytomato.com\/fr\/wp-json\/wp\/v2\/product_tag?post=1054"}],"curies":[{"name":"wp","href":"https:\/\/api.w.org\/{rel}","templated":true}]}}