{"id":1042,"date":"2025-05-25T23:05:14","date_gmt":"2025-05-26T07:05:14","guid":{"rendered":"https:\/\/taichytomato.com\/?post_type=product&#038;p=1042"},"modified":"2026-01-12T22:56:31","modified_gmt":"2026-01-13T06:56:31","slug":"250g-tomato-paste-sachet-taichy-tomato","status":"publish","type":"product","link":"https:\/\/taichytomato.com\/fr\/produit\/250g-tomato-paste-sachet-taichy-tomato\/","title":{"rendered":"Sachet de concentr\u00e9 de tomate de 250g"},"content":{"rendered":"<h2 data-start=\"193\" data-end=\"271\">250g Sachet de Concentr\u00e9 de Tomate Fabricant | Usine en Chine OEM &amp; Fourniture en Gros<\/h2>\n<p data-start=\"273\" data-end=\"659\">Le <strong data-start=\"277\" data-end=\"305\">sachet de p\u00e2te de tomate de 250g<\/strong> est une solution d'emballage pratique de taille moyenne con\u00e7ue pour la cuisine domestique, les \u00e9tag\u00e8res de vente au d\u00e9tail et l'approvisionnement en restauration. En tant que professionnel <strong data-start=\"439\" data-end=\"474\">fabricant de p\u00e2te de tomate en Chine<\/strong>, Taichy fournit <strong data-start=\"492\" data-end=\"521\">sachets de concentr\u00e9 de tomate de 250g<\/strong> directement de l'usine, offrant une qualit\u00e9 constante, des options de Brix flexibles et des services OEM\/marque priv\u00e9e fiables pour les acheteurs mondiaux.<\/p>\n<p data-start=\"661\" data-end=\"792\">Ce format d'emballage est particuli\u00e8rement adapt\u00e9 aux march\u00e9s qui n\u00e9cessitent <strong data-start=\"724\" data-end=\"791\">des portions plus grandes pour la maison avec une efficacit\u00e9 \u00e9conomique et un stockage facile<\/strong>.<\/p>\n<hr data-start=\"794\" data-end=\"797\" \/>\n<h2 data-start=\"799\" data-end=\"837\">Qu'est-ce qu'un sachet de concentr\u00e9 de tomate de 250g ?<\/h2>\n<p data-start=\"839\" data-end=\"1004\">A <strong data-start=\"841\" data-end=\"869\">sachet de p\u00e2te de tomate de 250g<\/strong> est un format d'emballage flexible de taille moyenne \u00e0 grande qui comble le foss\u00e9 entre les petits sachets et la p\u00e2te de tomate en conserve. Il est con\u00e7u pour :<\/p>\n<ul data-start=\"1006\" data-end=\"1186\">\n<li data-start=\"1006\" data-end=\"1038\">\n<p data-start=\"1008\" data-end=\"1038\">Portions de cuisine familiales<\/p>\n<\/li>\n<li data-start=\"1039\" data-end=\"1081\">\n<p data-start=\"1041\" data-end=\"1081\">Utilisation multi-repas avec une gestion contr\u00f4l\u00e9e des d\u00e9chets<\/p>\n<\/li>\n<li data-start=\"1082\" data-end=\"1133\">\n<p data-start=\"1084\" data-end=\"1133\">Produits de vente au d\u00e9tail n\u00e9cessitant une meilleure pr\u00e9sence en rayon<\/p>\n<\/li>\n<li data-start=\"1134\" data-end=\"1186\">\n<p data-start=\"1136\" data-end=\"1186\">Op\u00e9rateurs de restauration cherchant un emballage flexible<\/p>\n<\/li>\n<\/ul>\n<p data-start=\"1188\" data-end=\"1313\">Pour les importateurs, <strong data-start=\"1203\" data-end=\"1241\">vente en gros de sachets de concentr\u00e9 de tomate de 250g<\/strong> est souvent positionn\u00e9 comme un <strong data-start=\"1267\" data-end=\"1286\">SKU de vente au d\u00e9tail principal<\/strong> avec une forte demande de r\u00e9p\u00e9tition.<\/p>\n<hr data-start=\"1315\" data-end=\"1318\" \/>\n<h2 data-start=\"1320\" data-end=\"1372\">Sachet de concentr\u00e9 de tomate de 250g \u2013 Caract\u00e9ristiques du produit<\/h2>\n<ul data-start=\"1374\" data-end=\"1829\">\n<li data-start=\"1374\" data-end=\"1420\">\n<p data-start=\"1376\" data-end=\"1420\"><strong data-start=\"1376\" data-end=\"1393\">Nom du produit :<\/strong> Sachet de concentr\u00e9 de tomate de 250g<\/p>\n<\/li>\n<li data-start=\"1421\" data-end=\"1460\">\n<p data-start=\"1423\" data-end=\"1460\"><strong data-start=\"1423\" data-end=\"1443\">Lieu d'origine :<\/strong> Chine du Nord<\/p>\n<\/li>\n<li data-start=\"1461\" data-end=\"1503\">\n<p data-start=\"1463\" data-end=\"1503\"><strong data-start=\"1463\" data-end=\"1486\">Ingr\u00e9dient principal :<\/strong> Tomates fra\u00eeches<\/p>\n<\/li>\n<li data-start=\"1504\" data-end=\"1551\">\n<p data-start=\"1506\" data-end=\"1551\"><strong data-start=\"1506\" data-end=\"1525\">Type d'emballage :<\/strong> Sachet \/ poche refermable<\/p>\n<\/li>\n<li data-start=\"1552\" data-end=\"1585\">\n<p data-start=\"1554\" data-end=\"1585\"><strong data-start=\"1554\" data-end=\"1574\">Type de traitement :<\/strong> Assaisonn\u00e9<\/p>\n<\/li>\n<li data-start=\"1586\" data-end=\"1610\">\n<p data-start=\"1588\" data-end=\"1610\"><strong data-start=\"1588\" data-end=\"1603\">Poids net :<\/strong> 250g<\/p>\n<\/li>\n<li data-start=\"1611\" data-end=\"1646\">\n<p data-start=\"1613\" data-end=\"1646\"><strong data-start=\"1613\" data-end=\"1631\">Profil de go\u00fbt :<\/strong> Doux &amp; acidul\u00e9<\/p>\n<\/li>\n<li data-start=\"1647\" data-end=\"1683\">\n<p data-start=\"1649\" data-end=\"1683\"><strong data-start=\"1649\" data-end=\"1659\">Couleur :<\/strong> Rouge vif \/ rouge fonc\u00e9<\/p>\n<\/li>\n<li data-start=\"1684\" data-end=\"1709\">\n<p data-start=\"1686\" data-end=\"1709\"><strong data-start=\"1686\" data-end=\"1699\">Valeur pH :<\/strong> 4.0\u20134.4<\/p>\n<\/li>\n<li data-start=\"1710\" data-end=\"1731\">\n<p data-start=\"1712\" data-end=\"1731\"><strong data-start=\"1712\" data-end=\"1726\">Ratio A\/B :<\/strong> \u22652<\/p>\n<\/li>\n<li data-start=\"1732\" data-end=\"1749\">\n<p data-start=\"1734\" data-end=\"1749\"><strong data-start=\"1734\" data-end=\"1742\">HMC :<\/strong> \u226450%<\/p>\n<\/li>\n<li data-start=\"1750\" data-end=\"1779\">\n<p data-start=\"1752\" data-end=\"1779\"><strong data-start=\"1752\" data-end=\"1767\">Dur\u00e9e de conservation :<\/strong> 2\u20133 ans<\/p>\n<\/li>\n<li data-start=\"1780\" data-end=\"1829\">\n<p data-start=\"1782\" data-end=\"1829\"><strong data-start=\"1782\" data-end=\"1804\">Condition de stockage :<\/strong> Entrep\u00f4t sec et int\u00e9rieur<\/p>\n<\/li>\n<\/ul>\n<p data-start=\"1831\" data-end=\"1857\"><strong data-start=\"1831\" data-end=\"1857\">Options de Brix disponibles<\/strong><\/p>\n<ul data-start=\"1858\" data-end=\"1911\">\n<li data-start=\"1858\" data-end=\"1867\">\n<p data-start=\"1860\" data-end=\"1867\">9\u201311%<\/p>\n<\/li>\n<li data-start=\"1868\" data-end=\"1878\">\n<p data-start=\"1870\" data-end=\"1878\">18\u201320%<\/p>\n<\/li>\n<li data-start=\"1879\" data-end=\"1889\">\n<p data-start=\"1881\" data-end=\"1889\">22\u201324%<\/p>\n<\/li>\n<li data-start=\"1890\" data-end=\"1900\">\n<p data-start=\"1892\" data-end=\"1900\">26\u201328%<\/p>\n<\/li>\n<li data-start=\"1901\" data-end=\"1911\">\n<p data-start=\"1903\" data-end=\"1911\">28\u201330%<\/p>\n<\/li>\n<\/ul>\n<p data-start=\"1913\" data-end=\"1998\"><strong data-start=\"1913\" data-end=\"1932\">Certifications :<\/strong> FDA, HACCP, ISO, QS<br data-start=\"1952\" data-end=\"1955\" \/><strong data-start=\"1955\" data-end=\"1968\">Image de marque :<\/strong> Support OEM \/ marque priv\u00e9e<\/p>\n<hr data-start=\"2000\" data-end=\"2003\" \/>\n<h2 data-start=\"2005\" data-end=\"2056\">Principaux sc\u00e9narios d'utilisation pour le sachet de concentr\u00e9 de tomate de 250g<\/h2>\n<p data-start=\"2058\" data-end=\"2134\">Le <strong data-start=\"2062\" data-end=\"2090\">sachet de p\u00e2te de tomate de 250g<\/strong> est largement utilis\u00e9 dans plusieurs canaux :<\/p>\n<ul data-start=\"2136\" data-end=\"2383\">\n<li data-start=\"2136\" data-end=\"2193\">\n<p data-start=\"2138\" data-end=\"2193\">Cuisine maison quotidienne : rago\u00fbts, sauces, p\u00e2tes, plats de riz<\/p>\n<\/li>\n<li data-start=\"2194\" data-end=\"2234\">\n<p data-start=\"2196\" data-end=\"2234\">Lignes de produits pour supermarch\u00e9s et d\u00e9taillants<\/p>\n<\/li>\n<li data-start=\"2235\" data-end=\"2279\">\n<p data-start=\"2237\" data-end=\"2279\">Kits repas pr\u00eats \u00e0 cuire et paniers alimentaires<\/p>\n<\/li>\n<li data-start=\"2280\" data-end=\"2324\">\n<p data-start=\"2282\" data-end=\"2324\">Cha\u00eenes de restaurants et fournisseurs de restauration<\/p>\n<\/li>\n<li data-start=\"2325\" data-end=\"2383\">\n<p data-start=\"2327\" data-end=\"2383\">March\u00e9s d'exportation n\u00e9cessitant une qualit\u00e9 stable et une dur\u00e9e de conservation prolong\u00e9e<\/p>\n<\/li>\n<\/ul>\n<p data-start=\"2385\" data-end=\"2472\">Cette taille offre un \u00e9quilibre optimal entre <strong data-start=\"2429\" data-end=\"2471\">convenance des portions et valeur \u00e9conomique<\/strong>.<\/p>\n<hr data-start=\"2474\" data-end=\"2477\" \/>\n<h2 data-start=\"2479\" data-end=\"2537\">Avantages de l'usine derri\u00e8re nos sachets de concentr\u00e9 de tomate de 210g<\/h2>\n<p data-start=\"2539\" data-end=\"2630\">En tant que <strong data-start=\"2544\" data-end=\"2587\">Usine de sachets de concentr\u00e9 de tomate de 250 g en direct<\/strong>, nous contr\u00f4lons l'ensemble du processus de production.<\/p>\n<h3 data-start=\"2632\" data-end=\"2663\">Approvisionnement en tomates brutes de qualit\u00e9 sup\u00e9rieure<\/h3>\n<p data-start=\"2664\" data-end=\"2715\">Les tomates proviennent du Nord de la Chine, garantissant :<\/p>\n<ul data-start=\"2716\" data-end=\"2796\">\n<li data-start=\"2716\" data-end=\"2747\">\n<p data-start=\"2718\" data-end=\"2747\">Solides solubles naturels \u00e9lev\u00e9s<\/p>\n<\/li>\n<li data-start=\"2748\" data-end=\"2766\">\n<p data-start=\"2750\" data-end=\"2766\">Couleur rouge riche<\/p>\n<\/li>\n<li data-start=\"2767\" data-end=\"2796\">\n<p data-start=\"2769\" data-end=\"2796\">Coh\u00e9rence de saveur stable<\/p>\n<\/li>\n<\/ul>\n<h3 data-start=\"2798\" data-end=\"2838\">Concentration contr\u00f4l\u00e9e &amp; Remplissage<\/h3>\n<p data-start=\"2839\" data-end=\"2868\">Nos syst\u00e8mes de transformation permettent :<\/p>\n<ul data-start=\"2869\" data-end=\"2976\">\n<li data-start=\"2869\" data-end=\"2894\">\n<p data-start=\"2871\" data-end=\"2894\">Un contr\u00f4le pr\u00e9cis du Brix<\/p>\n<\/li>\n<li data-start=\"2895\" data-end=\"2936\">\n<p data-start=\"2897\" data-end=\"2936\">Formulation \u00e0 faible acidit\u00e9, adapt\u00e9e \u00e0 l'exportation<\/p>\n<\/li>\n<li data-start=\"2937\" data-end=\"2976\">\n<p data-start=\"2939\" data-end=\"2976\">Concentr\u00e9 de tomate sans additifs en option<\/p>\n<\/li>\n<\/ul>\n<h3 data-start=\"2978\" data-end=\"3008\">Emballage souple en poche<\/h3>\n<p data-start=\"3009\" data-end=\"3040\">Le design de la poche refermable offre :<\/p>\n<ul data-start=\"3041\" data-end=\"3145\">\n<li data-start=\"3041\" data-end=\"3070\">\n<p data-start=\"3043\" data-end=\"3070\">Meilleure visibilit\u00e9 en rayon<\/p>\n<\/li>\n<li data-start=\"3071\" data-end=\"3095\">\n<p data-start=\"3073\" data-end=\"3095\">Stockage peu encombrant<\/p>\n<\/li>\n<li data-start=\"3096\" data-end=\"3145\">\n<p data-start=\"3098\" data-end=\"3145\">Protection renforc\u00e9e contre les barri\u00e8res pour une longue dur\u00e9e de conservation<\/p>\n<\/li>\n<\/ul>\n<hr data-start=\"3147\" data-end=\"3150\" \/>\n<h2 data-start=\"3152\" data-end=\"3213\">Solutions OEM &amp; Marque Priv\u00e9e pour sachet de concentr\u00e9 de tomate de 250g<\/h2>\n<p data-start=\"3215\" data-end=\"3311\">Nous proposons <strong data-start=\"3224\" data-end=\"3267\">Production OEM de sachets de concentr\u00e9 de tomate de 250g<\/strong> adapt\u00e9 aux propri\u00e9taires de marques et distributeurs.<\/p>\n<p data-start=\"3313\" data-end=\"3334\">Les services OEM incluent :<\/p>\n<ul data-start=\"3335\" data-end=\"3525\">\n<li data-start=\"3335\" data-end=\"3372\">\n<p data-start=\"3337\" data-end=\"3372\">Logo personnalis\u00e9 et artwork d'emballage<\/p>\n<\/li>\n<li data-start=\"3373\" data-end=\"3437\">\n<p data-start=\"3375\" data-end=\"3437\">\u00c9tiquettes multilingues (anglais, fran\u00e7ais, arabe, russe, etc.)<\/p>\n<\/li>\n<li data-start=\"3438\" data-end=\"3476\">\n<p data-start=\"3440\" data-end=\"3476\">Conception de carton et impression de codes-barres<\/p>\n<\/li>\n<li data-start=\"3477\" data-end=\"3525\">\n<p data-start=\"3479\" data-end=\"3525\">MOQ flexible avec des d\u00e9lais de d\u00e9veloppement rapides<\/p>\n<\/li>\n<\/ul>\n<p data-start=\"3527\" data-end=\"3670\">Cela rend notre <strong data-start=\"3542\" data-end=\"3587\">Fourniture OEM de sachets de concentr\u00e9 de tomate de 250g en Chine<\/strong> adapt\u00e9 \u00e0 l'Afrique, au Moyen-Orient, \u00e0 l'Asie du Sud-Est et aux march\u00e9s de d\u00e9tail \u00e9mergents.<\/p>\n<hr data-start=\"3672\" data-end=\"3675\" \/>\n<h2 data-start=\"3677\" data-end=\"3707\">Options d'emballage &amp; logistique<\/h2>\n<p data-start=\"3709\" data-end=\"3737\"><strong data-start=\"3709\" data-end=\"3737\">Formats d'emballage standard<\/strong><\/p>\n<ul data-start=\"3738\" data-end=\"3808\">\n<li data-start=\"3738\" data-end=\"3772\">\n<p data-start=\"3740\" data-end=\"3772\"><strong data-start=\"3740\" data-end=\"3770\">250g \u00d7 50 sachets \/ carton<\/strong><\/p>\n<\/li>\n<li data-start=\"3773\" data-end=\"3808\">\n<p data-start=\"3775\" data-end=\"3808\"><strong data-start=\"3775\" data-end=\"3806\">250g \u00d7 100 sachets \/ carton<\/strong><\/p>\n<\/li>\n<\/ul>\n<p data-start=\"3810\" data-end=\"3848\">Les cartons d'exportation peuvent \u00eatre personnalis\u00e9s avec :<\/p>\n<ul data-start=\"3849\" data-end=\"3941\">\n<li data-start=\"3849\" data-end=\"3867\">\n<p data-start=\"3851\" data-end=\"3867\">Marques priv\u00e9es<\/p>\n<\/li>\n<li data-start=\"3868\" data-end=\"3899\">\n<p data-start=\"3870\" data-end=\"3899\">Codes-barres et marquages sur carton<\/p>\n<\/li>\n<li data-start=\"3900\" data-end=\"3941\">\n<p data-start=\"3902\" data-end=\"3941\">Exigences linguistiques sp\u00e9cifiques au march\u00e9<\/p>\n<\/li>\n<\/ul>\n<p data-start=\"3943\" data-end=\"4072\"><strong data-start=\"3943\" data-end=\"3951\">Quantit\u00e9 minimale de commande :<\/strong> 1 \u00d7 20\u2019 FCL<br data-start=\"3963\" data-end=\"3966\" \/><strong data-start=\"3966\" data-end=\"3982\">Conditions de commerce :<\/strong> FOB \/ CFR \/ CIF port de France<br data-start=\"4009\" data-end=\"4012\" \/>Capacit\u00e9 d'approvisionnement mensuelle stable soutenant des contrats \u00e0 long terme.<\/p>\n<hr data-start=\"4074\" data-end=\"4077\" \/>\n<h2 data-start=\"4079\" data-end=\"4125\">March\u00e9s d'exportation pour sachet de concentr\u00e9 de tomate de 250g<\/h2>\n<p data-start=\"4127\" data-end=\"4190\">Notre <strong data-start=\"4131\" data-end=\"4174\">Sachet de 250g de concentr\u00e9 de tomate fourni par l'usine<\/strong> est export\u00e9 vers :<\/p>\n<ul data-start=\"4192\" data-end=\"4369\">\n<li data-start=\"4192\" data-end=\"4233\">\n<p data-start=\"4194\" data-end=\"4233\">Afrique (march\u00e9s de d\u00e9tail et m\u00e9nages)<\/p>\n<\/li>\n<li data-start=\"4234\" data-end=\"4279\">\n<p data-start=\"4236\" data-end=\"4279\">Supermarch\u00e9s et distributeurs du Moyen-Orient<\/p>\n<\/li>\n<li data-start=\"4280\" data-end=\"4326\">\n<p data-start=\"4282\" data-end=\"4326\">Canaux de consommation familiale en Asie du Sud-Est<\/p>\n<\/li>\n<li data-start=\"4327\" data-end=\"4369\">\n<p data-start=\"4329\" data-end=\"4369\">March\u00e9s s\u00e9lectionn\u00e9s de la CEI et internationaux<\/p>\n<\/li>\n<\/ul>\n<p data-start=\"4371\" data-end=\"4486\">Le niveau de Brix, le format d'emballage et l'\u00e9tiquetage peuvent \u00eatre ajust\u00e9s selon les r\u00e9glementations locales et les pr\u00e9f\u00e9rences des consommateurs.<\/p>\n<hr data-start=\"4488\" data-end=\"4491\" \/>\n<h2 data-start=\"4493\" data-end=\"4547\">Tailles compl\u00e8tes de sachets de concentr\u00e9 de tomate provenant d'une seule usine<\/h2>\n<p data-start=\"4549\" data-end=\"4639\">En plus de <strong data-start=\"4564\" data-end=\"4593\">sachets de concentr\u00e9 de tomate de 250g<\/strong>, nous fabriquons une gamme compl\u00e8te de tailles de sachets :<\/p>\n<ul data-start=\"4641\" data-end=\"4777\">\n<li data-start=\"4641\" data-end=\"4684\">\n<p data-start=\"4643\" data-end=\"4684\">18g, 36g, 40g, 50g, 56g, 70g, 80g, 100g<\/p>\n<\/li>\n<li data-start=\"4685\" data-end=\"4734\">\n<p data-start=\"4687\" data-end=\"4734\">Niveaux de Brix multiples de 18\u201320% jusqu'\u00e0 28\u201330%<\/p>\n<\/li>\n<li data-start=\"4735\" data-end=\"4777\">\n<p data-start=\"4737\" data-end=\"4777\">Formats de sachets plats et pochettes refermables<\/p>\n<\/li>\n<\/ul>\n<p data-start=\"4779\" data-end=\"4876\">Cela permet aux acheteurs de consolider leurs approvisionnements avec <strong data-start=\"4827\" data-end=\"4875\">un fabricant fiable de concentr\u00e9 de tomate en Chine<\/strong>.<\/p>\n<hr data-start=\"4878\" data-end=\"4881\" \/>\n<h2 data-start=\"4883\" data-end=\"4946\">Pourquoi choisir Taichy comme fournisseur de sachets de concentr\u00e9 de tomate de 250g ?<\/h2>\n<ul data-start=\"4948\" data-end=\"5228\">\n<li data-start=\"4948\" data-end=\"5021\">\n<p data-start=\"4950\" data-end=\"5021\">Plus de <strong data-start=\"4955\" data-end=\"5019\">10 ans d'exp\u00e9rience dans la fabrication et l'exportation de concentr\u00e9 de tomate<\/strong><\/p>\n<\/li>\n<li data-start=\"5022\" data-end=\"5075\">\n<p data-start=\"5024\" data-end=\"5075\">Approvisionnement en tomates fra\u00eeches 100% avec tra\u00e7abilit\u00e9 compl\u00e8te<\/p>\n<\/li>\n<li data-start=\"5076\" data-end=\"5131\">\n<p data-start=\"5078\" data-end=\"5131\">Forte capacit\u00e9 de d\u00e9veloppement OEM et de marque priv\u00e9e<\/p>\n<\/li>\n<li data-start=\"5132\" data-end=\"5185\">\n<p data-start=\"5134\" data-end=\"5185\">Prix comp\u00e9titifs en usine et livraison fiable<\/p>\n<\/li>\n<li data-start=\"5186\" data-end=\"5228\">\n<p data-start=\"5188\" data-end=\"5228\">Exportation vers <strong data-start=\"5201\" data-end=\"5228\">plus de 30 pays dans le monde<\/strong><\/p>\n<\/li>\n<\/ul>\n<p data-start=\"5230\" data-end=\"5377\">Si vous recherchez un <strong data-start=\"5252\" data-end=\"5302\">Fabricant de sachets de concentr\u00e9 de tomate de 250g en Chine<\/strong>, Taichy offre stabilit\u00e9, transparence et valeur de coop\u00e9ration \u00e0 long terme.<\/p>\n<hr data-start=\"5379\" data-end=\"5382\" \/>\n<h2 data-start=\"5384\" data-end=\"5414\">Demande de renseignements &amp; Devis d'usine<\/h2>\n<p data-start=\"5416\" data-end=\"5535\">Pour <strong data-start=\"5420\" data-end=\"5458\">vente en gros de sachets de concentr\u00e9 de tomate de 250g<\/strong>, Pour la personnalisation de marque, prix, \u00e9chantillons ou catalogues, veuillez contacter notre \u00e9quipe commerciale.<\/p>\n<p data-start=\"5537\" data-end=\"5656\">Nous soutenons les projets de marque priv\u00e9e, la documentation d'exportation et le chargement efficace des conteneurs\u2014<strong data-start=\"5626\" data-end=\"5655\">directement de l'usine<\/strong>.<\/p>","protected":false},"excerpt":{"rendered":"<p>Brix : 18-20%, 22-24%, 26-28%, 28-30%<br \/>\nBo\u00eete en t\u00f4le anti-rouille\/anti-stress\/humidit\u00e9<br \/>\nMarque : Design ou OEM<br \/>\nQuantit\u00e9 minimale : 1X20ft<br \/>\nD\u00e9tail de livraison : 30-35 jours apr\u00e8s r\u00e9ception de l'acompte ou de la lettre de cr\u00e9dit. Livraison la plus rapide.<br \/>\nCode SH : 2002901100<\/p>","protected":false},"featured_media":3294,"template":"","meta":{"_acf_changed":false,"_seopress_robots_primary_cat":"none","_seopress_titles_title":"250g Sachet Tomato Paste | Industrial Grade Ingredient","_seopress_titles_desc":"Our 250g sachet tomato paste is designed for industrial use. We are dedicated to providing food manufacturers with a stable, high-quality .Wait for you .","_seopress_robots_index":"","site-sidebar-layout":"default","site-content-layout":"","ast-site-content-layout":"default","site-content-style":"default","site-sidebar-style":"default","ast-global-header-display":"","ast-banner-title-visibility":"","ast-main-header-display":"","ast-hfb-above-header-display":"","ast-hfb-below-header-display":"","ast-hfb-mobile-header-display":"","site-post-title":"","ast-breadcrumbs-content":"","ast-featured-img":"","footer-sml-layout":"","ast-disable-related-posts":"","theme-transparent-header-meta":"default","adv-header-id-meta":"","stick-header-meta":"","header-above-stick-meta":"","header-main-stick-meta":"","header-below-stick-meta":"","astra-migrate-meta-layouts":"set","ast-page-background-enabled":"default","ast-page-background-meta":{"desktop":{"background-color":"var(--ast-global-color-5)","background-image":"","background-repeat":"repeat","background-position":"center center","background-size":"auto","background-attachment":"scroll","background-type":"","background-media":"","overlay-type":"","overlay-color":"","overlay-opacity":"","overlay-gradient":""},"tablet":{"background-color":"","background-image":"","background-repeat":"repeat","background-position":"center center","background-size":"auto","background-attachment":"scroll","background-type":"","background-media":"","overlay-type":"","overlay-color":"","overlay-opacity":"","overlay-gradient":""},"mobile":{"background-color":"","background-image":"","background-repeat":"repeat","background-position":"center center","background-size":"auto","background-attachment":"scroll","background-type":"","background-media":"","overlay-type":"","overlay-color":"","overlay-opacity":"","overlay-gradient":""}},"ast-content-background-meta":{"desktop":{"background-color":"var(--ast-global-color-4)","background-image":"","background-repeat":"repeat","background-position":"center center","background-size":"auto","background-attachment":"scroll","background-type":"","background-media":"","overlay-type":"","overlay-color":"","overlay-opacity":"","overlay-gradient":""},"tablet":{"background-color":"var(--ast-global-color-4)","background-image":"","background-repeat":"repeat","background-position":"center center","background-size":"auto","background-attachment":"scroll","background-type":"","background-media":"","overlay-type":"","overlay-color":"","overlay-opacity":"","overlay-gradient":""},"mobile":{"background-color":"var(--ast-global-color-4)","background-image":"","background-repeat":"repeat","background-position":"center center","background-size":"auto","background-attachment":"scroll","background-type":"","background-media":"","overlay-type":"","overlay-color":"","overlay-opacity":"","overlay-gradient":""}}},"product_brand":[],"product_cat":[97],"product_tag":[169,166],"class_list":{"0":"post-1042","1":"product","2":"type-product","3":"status-publish","4":"has-post-thumbnail","6":"product_cat-tomato-paste-in-sachet","7":"product_tag-250g-tomato-paste-sachet","8":"product_tag-tomato-paste-sachet","9":"desktop-align-left","10":"tablet-align-left","11":"mobile-align-left","13":"first","14":"instock","15":"sale","16":"shipping-taxable","17":"purchasable","18":"product-type-simple"},"acf":[],"_links":{"self":[{"href":"https:\/\/taichytomato.com\/fr\/wp-json\/wp\/v2\/product\/1042","targetHints":{"allow":["GET"]}}],"collection":[{"href":"https:\/\/taichytomato.com\/fr\/wp-json\/wp\/v2\/product"}],"about":[{"href":"https:\/\/taichytomato.com\/fr\/wp-json\/wp\/v2\/types\/product"}],"version-history":[{"count":0,"href":"https:\/\/taichytomato.com\/fr\/wp-json\/wp\/v2\/product\/1042\/revisions"}],"wp:featuredmedia":[{"embeddable":true,"href":"https:\/\/taichytomato.com\/fr\/wp-json\/wp\/v2\/media\/3294"}],"wp:attachment":[{"href":"https:\/\/taichytomato.com\/fr\/wp-json\/wp\/v2\/media?parent=1042"}],"wp:term":[{"taxonomy":"product_brand","embeddable":true,"href":"https:\/\/taichytomato.com\/fr\/wp-json\/wp\/v2\/product_brand?post=1042"},{"taxonomy":"product_cat","embeddable":true,"href":"https:\/\/taichytomato.com\/fr\/wp-json\/wp\/v2\/product_cat?post=1042"},{"taxonomy":"product_tag","embeddable":true,"href":"https:\/\/taichytomato.com\/fr\/wp-json\/wp\/v2\/product_tag?post=1042"}],"curies":[{"name":"wp","href":"https:\/\/api.w.org\/{rel}","templated":true}]}}