{"id":1032,"date":"2025-05-25T22:35:02","date_gmt":"2025-05-26T06:35:02","guid":{"rendered":"https:\/\/taichytomato.com\/?post_type=product&#038;p=1032"},"modified":"2026-01-12T22:41:31","modified_gmt":"2026-01-13T06:41:31","slug":"36g-tomato-paste-sachet-taichy-food","status":"publish","type":"product","link":"https:\/\/taichytomato.com\/fr\/produit\/36g-tomato-paste-sachet-taichy-food\/","title":{"rendered":"Sachet de concentr\u00e9 de tomate de 36g"},"content":{"rendered":"<h2 data-start=\"174\" data-end=\"245\">Sachet de 36 g de concentr\u00e9 de tomate en Chine | Fournisseur OEM &amp; export en gros<\/h2>\n<p data-start=\"247\" data-end=\"607\">Le <strong data-start=\"251\" data-end=\"278\">Sachet de concentr\u00e9 de tomate de 36g<\/strong> est un format d'emballage compact et \u00e9conomique largement utilis\u00e9 sur les march\u00e9s \u00e0 forte consommation o\u00f9 la sensibilit\u00e9 au prix et le contr\u00f4le des portions sont cruciaux. En tant que professionnel <strong data-start=\"441\" data-end=\"471\">usine de p\u00e2te de tomate en Chine<\/strong>, Taichy fournit <strong data-start=\"489\" data-end=\"517\">Sachets de concentr\u00e9 de tomate de 36 g<\/strong> directement de la production, soutenant les commandes en gros, le branding OEM et une offre d'export stable.<\/p>\n<p data-start=\"609\" data-end=\"789\">Cette taille est particuli\u00e8rement appr\u00e9ci\u00e9e par les importateurs desservant les canaux de vente traditionnels, les march\u00e9s ouverts et les distributeurs de restauration qui n\u00e9cessitent <strong data-start=\"747\" data-end=\"788\">une haute densit\u00e9 de cartons et un turnover rapide<\/strong>.<\/p>\n<hr data-start=\"791\" data-end=\"794\" \/>\n<h2 data-start=\"796\" data-end=\"833\">Qu'est-ce qu'un sachet de concentr\u00e9 de tomate de 36 g ?<\/h2>\n<p data-start=\"835\" data-end=\"1047\">A <strong data-start=\"837\" data-end=\"864\">Sachet de concentr\u00e9 de tomate de 36g<\/strong> est con\u00e7u pour une utilisation unique ou la cuisine en petite famille, offrant une saveur de tomate concentr\u00e9e dans un format l\u00e9ger et abordable. Compar\u00e9 aux sachets plus grands, la taille de 36 g se concentre sur :<\/p>\n<ul data-start=\"1049\" data-end=\"1173\">\n<li data-start=\"1049\" data-end=\"1069\">\n<p data-start=\"1051\" data-end=\"1069\">Prix unitaire plus bas<\/p>\n<\/li>\n<li data-start=\"1070\" data-end=\"1098\">\n<p data-start=\"1072\" data-end=\"1098\">Consommation quotidienne plus facile<\/p>\n<\/li>\n<li data-start=\"1099\" data-end=\"1130\">\n<p data-start=\"1101\" data-end=\"1130\">Fr\u00e9quence de r\u00e9achat plus \u00e9lev\u00e9e<\/p>\n<\/li>\n<li data-start=\"1131\" data-end=\"1173\">\n<p data-start=\"1133\" data-end=\"1173\">Efficacit\u00e9 optimis\u00e9e de chargement des contenants<\/p>\n<\/li>\n<\/ul>\n<p data-start=\"1175\" data-end=\"1288\">Pour les distributeurs, <strong data-start=\"1193\" data-end=\"1230\">Vente en gros de sachets de concentr\u00e9 de tomate de 36 g<\/strong> est souvent positionn\u00e9 comme un produit d'entr\u00e9e de gamme ou de march\u00e9 de masse.<\/p>\n<hr data-start=\"1290\" data-end=\"1293\" \/>\n<h2 data-start=\"1295\" data-end=\"1346\">Sachet de concentr\u00e9 de tomate de 36 g \u2013 Sp\u00e9cifications du produit<\/h2>\n<ul data-start=\"1348\" data-end=\"1771\">\n<li data-start=\"1348\" data-end=\"1393\">\n<p data-start=\"1350\" data-end=\"1393\"><strong data-start=\"1350\" data-end=\"1367\">Nom du produit :<\/strong> Sachet de concentr\u00e9 de tomate de 36g<\/p>\n<\/li>\n<li data-start=\"1394\" data-end=\"1424\">\n<p data-start=\"1396\" data-end=\"1424\"><strong data-start=\"1396\" data-end=\"1407\">Origine :<\/strong> Chine du Nord<\/p>\n<\/li>\n<li data-start=\"1425\" data-end=\"1461\">\n<p data-start=\"1427\" data-end=\"1461\"><strong data-start=\"1427\" data-end=\"1444\">Mat\u00e9riau brut :<\/strong> Tomates fra\u00eeches<\/p>\n<\/li>\n<li data-start=\"1462\" data-end=\"1519\">\n<p data-start=\"1464\" data-end=\"1519\"><strong data-start=\"1464\" data-end=\"1483\">Type d'emballage :<\/strong> Sachet (plat \/ option stand-up)<\/p>\n<\/li>\n<li data-start=\"1520\" data-end=\"1553\">\n<p data-start=\"1522\" data-end=\"1553\"><strong data-start=\"1522\" data-end=\"1542\">Type de traitement :<\/strong> Assaisonn\u00e9<\/p>\n<\/li>\n<li data-start=\"1554\" data-end=\"1577\">\n<p data-start=\"1556\" data-end=\"1577\"><strong data-start=\"1556\" data-end=\"1571\">Poids net :<\/strong> 36g<\/p>\n<\/li>\n<li data-start=\"1578\" data-end=\"1605\">\n<p data-start=\"1580\" data-end=\"1605\"><strong data-start=\"1580\" data-end=\"1590\">Go\u00fbt :<\/strong> Doux &amp; acidul\u00e9<\/p>\n<\/li>\n<li data-start=\"1606\" data-end=\"1642\">\n<p data-start=\"1608\" data-end=\"1642\"><strong data-start=\"1608\" data-end=\"1618\">Couleur :<\/strong> Rouge vif \/ rouge fonc\u00e9<\/p>\n<\/li>\n<li data-start=\"1643\" data-end=\"1662\">\n<p data-start=\"1645\" data-end=\"1662\"><strong data-start=\"1645\" data-end=\"1652\">pH :<\/strong> 4.0\u20134.4<\/p>\n<\/li>\n<li data-start=\"1663\" data-end=\"1684\">\n<p data-start=\"1665\" data-end=\"1684\"><strong data-start=\"1665\" data-end=\"1679\">Ratio A\/B :<\/strong> \u22652<\/p>\n<\/li>\n<li data-start=\"1685\" data-end=\"1702\">\n<p data-start=\"1687\" data-end=\"1702\"><strong data-start=\"1687\" data-end=\"1695\">HMC :<\/strong> \u226450%<\/p>\n<\/li>\n<li data-start=\"1703\" data-end=\"1732\">\n<p data-start=\"1705\" data-end=\"1732\"><strong data-start=\"1705\" data-end=\"1720\">Dur\u00e9e de conservation :<\/strong> 2\u20133 ans<\/p>\n<\/li>\n<li data-start=\"1733\" data-end=\"1771\">\n<p data-start=\"1735\" data-end=\"1771\"><strong data-start=\"1735\" data-end=\"1747\">Stockage :<\/strong> Entrep\u00f4t sec en int\u00e9rieur<\/p>\n<\/li>\n<\/ul>\n<p data-start=\"1773\" data-end=\"1799\"><strong data-start=\"1773\" data-end=\"1799\">Options de Brix disponibles<\/strong><\/p>\n<ul data-start=\"1800\" data-end=\"1853\">\n<li data-start=\"1800\" data-end=\"1809\">\n<p data-start=\"1802\" data-end=\"1809\">9\u201311%<\/p>\n<\/li>\n<li data-start=\"1810\" data-end=\"1820\">\n<p data-start=\"1812\" data-end=\"1820\">18\u201320%<\/p>\n<\/li>\n<li data-start=\"1821\" data-end=\"1831\">\n<p data-start=\"1823\" data-end=\"1831\">22\u201324%<\/p>\n<\/li>\n<li data-start=\"1832\" data-end=\"1842\">\n<p data-start=\"1834\" data-end=\"1842\">26\u201328%<\/p>\n<\/li>\n<li data-start=\"1843\" data-end=\"1853\">\n<p data-start=\"1845\" data-end=\"1853\">28\u201330%<\/p>\n<\/li>\n<\/ul>\n<p data-start=\"1855\" data-end=\"1940\"><strong data-start=\"1855\" data-end=\"1874\">Certifications :<\/strong> FDA, HACCP, ISO, QS<br data-start=\"1894\" data-end=\"1897\" \/><strong data-start=\"1897\" data-end=\"1910\">Image de marque :<\/strong> Support OEM &amp; marque priv\u00e9e<\/p>\n<hr data-start=\"1942\" data-end=\"1945\" \/>\n<h2 data-start=\"1947\" data-end=\"2010\">Avantages de fabrication en usine pour le sachet de concentr\u00e9 de tomate de 36 g<\/h2>\n<p data-start=\"2012\" data-end=\"2104\">En tant que <strong data-start=\"2017\" data-end=\"2064\">fabricant direct de sachets de concentr\u00e9 de tomate de 36 g<\/strong>, nous op\u00e9rons sous contr\u00f4le total de l'usine :<\/p>\n<h3 data-start=\"2106\" data-end=\"2132\">S\u00e9lection de tomates crues<\/h3>\n<p data-start=\"2133\" data-end=\"2184\">Les tomates proviennent du Nord de la Chine, garantissant :<\/p>\n<ul data-start=\"2185\" data-end=\"2268\">\n<li data-start=\"2185\" data-end=\"2210\">\n<p data-start=\"2187\" data-end=\"2210\">Solides solubles stables<\/p>\n<\/li>\n<li data-start=\"2211\" data-end=\"2239\">\n<p data-start=\"2213\" data-end=\"2239\">Couleur rouge naturel intense<\/p>\n<\/li>\n<li data-start=\"2240\" data-end=\"2268\">\n<p data-start=\"2242\" data-end=\"2268\">Profil de go\u00fbt coh\u00e9rent<\/p>\n<\/li>\n<\/ul>\n<h3 data-start=\"2270\" data-end=\"2307\">Contr\u00f4le de la concentration et de la qualit\u00e9<\/h3>\n<p data-start=\"2308\" data-end=\"2373\">Gr\u00e2ce \u00e0 une \u00e9vaporation contr\u00f4l\u00e9e et \u00e0 un traitement aseptique, nous assurons :<\/p>\n<ul data-start=\"2374\" data-end=\"2490\">\n<li data-start=\"2374\" data-end=\"2401\">\n<p data-start=\"2376\" data-end=\"2401\">Ciblage pr\u00e9cis du Brix<\/p>\n<\/li>\n<li data-start=\"2402\" data-end=\"2450\">\n<p data-start=\"2404\" data-end=\"2450\">\u00c9quilibre faible en acide adapt\u00e9 aux march\u00e9s d'exportation<\/p>\n<\/li>\n<li data-start=\"2451\" data-end=\"2490\">\n<p data-start=\"2453\" data-end=\"2490\">Formulations sans additifs en option<\/p>\n<\/li>\n<\/ul>\n<h3 data-start=\"2492\" data-end=\"2525\">Conditionnement en sachets \u00e0 haute densit\u00e9<\/h3>\n<p data-start=\"2526\" data-end=\"2651\">Nos lignes sont optimis\u00e9es pour <strong data-start=\"2554\" data-end=\"2597\">Production en vrac de p\u00e2te de tomate en sachets de 36 g<\/strong>, permettant une utilisation efficace des cartons et des conteneurs.<\/p>\n<hr data-start=\"2653\" data-end=\"2656\" \/>\n<h2 data-start=\"2658\" data-end=\"2719\">Solutions OEM et marque priv\u00e9e pour sachets de p\u00e2te de tomate de 36 g<\/h2>\n<p data-start=\"2721\" data-end=\"2864\">Nous proposons <strong data-start=\"2732\" data-end=\"2772\">Services OEM pour sachets de p\u00e2te de tomate de 36 g<\/strong> pour les importateurs et les propri\u00e9taires de marques souhaitant une personnalisation au niveau de l'usine sans quantit\u00e9s minimales excessives.<\/p>\n<p data-start=\"2866\" data-end=\"2891\">Les capacit\u00e9s OEM incluent :<\/p>\n<ul data-start=\"2892\" data-end=\"3098\">\n<li data-start=\"2892\" data-end=\"2925\">\n<p data-start=\"2894\" data-end=\"2925\">Logo de marque personnalis\u00e9 et artwork<\/p>\n<\/li>\n<li data-start=\"2926\" data-end=\"2992\">\n<p data-start=\"2928\" data-end=\"2992\">\u00c9tiquetage multilingue (anglais, fran\u00e7ais, arabe, russe, etc.)<\/p>\n<\/li>\n<li data-start=\"2993\" data-end=\"3036\">\n<p data-start=\"2995\" data-end=\"3036\">Sachets en aluminium ou en film lamin\u00e9<\/p>\n<\/li>\n<li data-start=\"3037\" data-end=\"3098\">\n<p data-start=\"3039\" data-end=\"3098\">Taille et structure du carton ajust\u00e9es aux habitudes de vente au d\u00e9tail locales<\/p>\n<\/li>\n<\/ul>\n<p data-start=\"3100\" data-end=\"3244\">Cela rend notre <strong data-start=\"3115\" data-end=\"3159\">Sachet de concentr\u00e9 de tomate de 36 g en OEM<\/strong> adapt\u00e9 \u00e0 l'Afrique, au Moyen-Orient, \u00e0 l'Asie du Sud-Est et aux march\u00e9s de d\u00e9tail en d\u00e9veloppement.<\/p>\n<hr data-start=\"3246\" data-end=\"3249\" \/>\n<h2 data-start=\"3251\" data-end=\"3297\">Configuration d'emballage et chargement en conteneur<\/h2>\n<p data-start=\"3299\" data-end=\"3326\"><strong data-start=\"3299\" data-end=\"3326\">Conditionnement standard \u00e0 l'exportation<\/strong><\/p>\n<ul data-start=\"3327\" data-end=\"3361\">\n<li data-start=\"3327\" data-end=\"3361\">\n<p data-start=\"3329\" data-end=\"3361\"><strong data-start=\"3329\" data-end=\"3359\">36 g \u00d7 250 sachets \/ carton<\/strong><\/p>\n<\/li>\n<\/ul>\n<p data-start=\"3363\" data-end=\"3389\">Cette configuration permet :<\/p>\n<ul data-start=\"3390\" data-end=\"3505\">\n<li data-start=\"3390\" data-end=\"3425\">\n<p data-start=\"3392\" data-end=\"3425\">Un nombre \u00e9lev\u00e9 de cartons par conteneur<\/p>\n<\/li>\n<li data-start=\"3426\" data-end=\"3457\">\n<p data-start=\"3428\" data-end=\"3457\">Un co\u00fbt de fret par unit\u00e9 plus faible<\/p>\n<\/li>\n<li data-start=\"3458\" data-end=\"3505\">\n<p data-start=\"3460\" data-end=\"3505\">Une forte comp\u00e9titivit\u00e9 en prix de gros<\/p>\n<\/li>\n<\/ul>\n<p data-start=\"3507\" data-end=\"3629\"><strong data-start=\"3507\" data-end=\"3515\">Quantit\u00e9 minimale de commande :<\/strong> 1 \u00d7 20\u2019 FCL<br data-start=\"3527\" data-end=\"3530\" \/><strong data-start=\"3530\" data-end=\"3546\">Conditions de commerce :<\/strong> FOB \/ CFR \/ CIF port de France<br data-start=\"3573\" data-end=\"3576\" \/>Les commandes en gros b\u00e9n\u00e9ficient d'un contr\u00f4le des co\u00fbts direct depuis l'usine.<\/p>\n<hr data-start=\"3631\" data-end=\"3634\" \/>\n<h2 data-start=\"3636\" data-end=\"3681\">March\u00e9s d'exportation pour le sachet de concentr\u00e9 de tomate de 36 g<\/h2>\n<p data-start=\"3683\" data-end=\"3744\">Notre <strong data-start=\"3687\" data-end=\"3729\">Approvisionnement en usine de sachets de concentr\u00e9 de tomate de 36 g<\/strong> est exp\u00e9di\u00e9 vers :<\/p>\n<ul data-start=\"3746\" data-end=\"3901\">\n<li data-start=\"3746\" data-end=\"3771\">\n<p data-start=\"3748\" data-end=\"3771\">Afrique de l'Ouest et centrale<\/p>\n<\/li>\n<li data-start=\"3772\" data-end=\"3821\">\n<p data-start=\"3774\" data-end=\"3821\">Distributeurs en gros et d\u00e9taillants du Moyen-Orient<\/p>\n<\/li>\n<li data-start=\"3822\" data-end=\"3861\">\n<p data-start=\"3824\" data-end=\"3861\">March\u00e9s traditionnels d'Asie du Sud-Est<\/p>\n<\/li>\n<li data-start=\"3862\" data-end=\"3901\">\n<p data-start=\"3864\" data-end=\"3901\">R\u00e9gions s\u00e9lectionn\u00e9es de la CEI et en d\u00e9veloppement<\/p>\n<\/li>\n<\/ul>\n<p data-start=\"3903\" data-end=\"3940\">Nous soutenons les ajustements localis\u00e9s pour :<\/p>\n<ul data-start=\"3941\" data-end=\"4010\">\n<li data-start=\"3941\" data-end=\"3955\">\n<p data-start=\"3943\" data-end=\"3955\">en \u00b0Brix<\/p>\n<\/li>\n<li data-start=\"3956\" data-end=\"3974\">\n<p data-start=\"3958\" data-end=\"3974\">Langue de l'\u00e9tiquette<\/p>\n<\/li>\n<li data-start=\"3975\" data-end=\"4010\">\n<p data-start=\"3977\" data-end=\"4010\">Marquages et r\u00e9glementations sur les cartons<\/p>\n<\/li>\n<\/ul>\n<hr data-start=\"4012\" data-end=\"4015\" \/>\n<h2 data-start=\"4017\" data-end=\"4071\">Gammes compl\u00e8tes de sachets de concentr\u00e9 de tomate provenant d'une seule usine<\/h2>\n<p data-start=\"4073\" data-end=\"4138\">En plus de <strong data-start=\"4088\" data-end=\"4115\">Sachet de concentr\u00e9 de tomate de 36g<\/strong>, notre usine fournit :<\/p>\n<ul data-start=\"4140\" data-end=\"4299\">\n<li data-start=\"4140\" data-end=\"4186\">\n<p data-start=\"4142\" data-end=\"4186\">sachets de 18g, 40g, 50g, 56g, 70g, 80g, 100g<\/p>\n<\/li>\n<li data-start=\"4187\" data-end=\"4233\">\n<p data-start=\"4189\" data-end=\"4233\">Niveaux de Brix multiples de 18\u201320% \u00e0 28\u201330%<\/p>\n<\/li>\n<li data-start=\"4234\" data-end=\"4299\">\n<p data-start=\"4236\" data-end=\"4299\">Formats de sachets plats (non-pouss\u00e9s) pour les march\u00e9s sensibles au co\u00fbt<\/p>\n<\/li>\n<\/ul>\n<p data-start=\"4301\" data-end=\"4394\">Cela permet aux importateurs de consolider plusieurs r\u00e9f\u00e9rences avec <strong data-start=\"4358\" data-end=\"4393\">un seul fournisseur de concentr\u00e9 de tomate en Chine<\/strong>.<\/p>\n<hr data-start=\"4396\" data-end=\"4399\" \/>\n<h2 data-start=\"4401\" data-end=\"4460\">Pourquoi les importateurs choisissent Taichy pour les sachets de concentr\u00e9 de tomate de 36g<\/h2>\n<ul data-start=\"4462\" data-end=\"4786\">\n<li data-start=\"4462\" data-end=\"4540\">\n<p data-start=\"4464\" data-end=\"4540\">Plus de <strong data-start=\"4474\" data-end=\"4538\">10 ans d'exp\u00e9rience dans la fabrication et l'exportation de concentr\u00e9 de tomate<\/strong><\/p>\n<\/li>\n<li data-start=\"4541\" data-end=\"4606\">\n<p data-start=\"4543\" data-end=\"4606\">Approvisionnement stable en mati\u00e8res premi\u00e8res et planification saisonni\u00e8re de la production<\/p>\n<\/li>\n<li data-start=\"4607\" data-end=\"4664\">\n<p data-start=\"4609\" data-end=\"4664\">Solutions OEM pratiques adapt\u00e9es aux besoins des distributeurs<\/p>\n<\/li>\n<li data-start=\"4665\" data-end=\"4729\">\n<p data-start=\"4667\" data-end=\"4729\">Tarifs comp\u00e9titifs en usine avec des d\u00e9lais de livraison fiables<\/p>\n<\/li>\n<li data-start=\"4730\" data-end=\"4786\">\n<p data-start=\"4732\" data-end=\"4786\">Coop\u00e9ration \u00e0 long terme avec les acheteurs dans <strong data-start=\"4769\" data-end=\"4786\">30+ pays<\/strong><\/p>\n<\/li>\n<\/ul>\n<p data-start=\"4788\" data-end=\"4937\">Si vous recherchez une <strong data-start=\"4815\" data-end=\"4869\">fournisseur fiable de sachets de concentr\u00e9 de tomate de 36g en Chine<\/strong>, Taichy offre coh\u00e9rence, flexibilit\u00e9 et support au niveau de l'usine.<\/p>\n<hr data-start=\"4939\" data-end=\"4942\" \/>\n<h2 data-start=\"4944\" data-end=\"4978\">Demande de renseignements &amp; Coop\u00e9ration en gros<\/h2>\n<p data-start=\"4980\" data-end=\"5091\">Pour <strong data-start=\"4984\" data-end=\"5023\">Commandes en gros de sachets de concentr\u00e9 de tomate de 36g<\/strong>, branding OEM, ou devis d'exportation, veuillez contacter notre \u00e9quipe commerciale.<\/p>\n<p data-start=\"5093\" data-end=\"5258\">Nous fournissons des sp\u00e9cifications, des plans de chargement de conteneurs et un support \u00e9chantillons pour vous aider \u00e0 lancer ou d\u00e9velopper efficacement votre activit\u00e9 de concentr\u00e9 de tomate\u2014directement de l'usine.<\/p>","protected":false},"excerpt":{"rendered":"<p>Brix : 18-20%, 22-24%, 26-28%, 28-30%<br \/>\nBo\u00eete en t\u00f4le anti-rouille\/anti-stress\/humidit\u00e9<br \/>\nMarque : Design ou OEM<br \/>\nQuantit\u00e9 minimale : 1X20ft<br \/>\nD\u00e9tail de livraison : 30-35 jours apr\u00e8s r\u00e9ception de l'acompte ou de la lettre de cr\u00e9dit. Livraison la plus rapide.<br \/>\nCode SH : 2002901100<\/p>","protected":false},"featured_media":3298,"template":"","meta":{"_acf_changed":false,"_seopress_robots_primary_cat":"none","_seopress_titles_title":"36g Tomato Paste Sachet-Taichy food","_seopress_titles_desc":"36g tomato paste sachet with 9\u201330% Brix options. Ideal for families and food service. OEM, FDA, HACCP, ISO, QS certified. Clean, rich, natural flavor","_seopress_robots_index":"","site-sidebar-layout":"default","site-content-layout":"","ast-site-content-layout":"default","site-content-style":"default","site-sidebar-style":"default","ast-global-header-display":"","ast-banner-title-visibility":"","ast-main-header-display":"","ast-hfb-above-header-display":"","ast-hfb-below-header-display":"","ast-hfb-mobile-header-display":"","site-post-title":"","ast-breadcrumbs-content":"","ast-featured-img":"","footer-sml-layout":"","ast-disable-related-posts":"","theme-transparent-header-meta":"default","adv-header-id-meta":"","stick-header-meta":"","header-above-stick-meta":"","header-main-stick-meta":"","header-below-stick-meta":"","astra-migrate-meta-layouts":"set","ast-page-background-enabled":"default","ast-page-background-meta":{"desktop":{"background-color":"var(--ast-global-color-5)","background-image":"","background-repeat":"repeat","background-position":"center center","background-size":"auto","background-attachment":"scroll","background-type":"","background-media":"","overlay-type":"","overlay-color":"","overlay-opacity":"","overlay-gradient":""},"tablet":{"background-color":"","background-image":"","background-repeat":"repeat","background-position":"center center","background-size":"auto","background-attachment":"scroll","background-type":"","background-media":"","overlay-type":"","overlay-color":"","overlay-opacity":"","overlay-gradient":""},"mobile":{"background-color":"","background-image":"","background-repeat":"repeat","background-position":"center center","background-size":"auto","background-attachment":"scroll","background-type":"","background-media":"","overlay-type":"","overlay-color":"","overlay-opacity":"","overlay-gradient":""}},"ast-content-background-meta":{"desktop":{"background-color":"var(--ast-global-color-4)","background-image":"","background-repeat":"repeat","background-position":"center center","background-size":"auto","background-attachment":"scroll","background-type":"","background-media":"","overlay-type":"","overlay-color":"","overlay-opacity":"","overlay-gradient":""},"tablet":{"background-color":"var(--ast-global-color-4)","background-image":"","background-repeat":"repeat","background-position":"center center","background-size":"auto","background-attachment":"scroll","background-type":"","background-media":"","overlay-type":"","overlay-color":"","overlay-opacity":"","overlay-gradient":""},"mobile":{"background-color":"var(--ast-global-color-4)","background-image":"","background-repeat":"repeat","background-position":"center center","background-size":"auto","background-attachment":"scroll","background-type":"","background-media":"","overlay-type":"","overlay-color":"","overlay-opacity":"","overlay-gradient":""}}},"product_brand":[],"product_cat":[97],"product_tag":[196,166],"class_list":{"0":"post-1032","1":"product","2":"type-product","3":"status-publish","4":"has-post-thumbnail","6":"product_cat-tomato-paste-in-sachet","7":"product_tag-36g-tomato-paste-sachet","8":"product_tag-tomato-paste-sachet","9":"desktop-align-left","10":"tablet-align-left","11":"mobile-align-left","13":"first","14":"instock","15":"sale","16":"shipping-taxable","17":"purchasable","18":"product-type-simple"},"acf":[],"_links":{"self":[{"href":"https:\/\/taichytomato.com\/fr\/wp-json\/wp\/v2\/product\/1032","targetHints":{"allow":["GET"]}}],"collection":[{"href":"https:\/\/taichytomato.com\/fr\/wp-json\/wp\/v2\/product"}],"about":[{"href":"https:\/\/taichytomato.com\/fr\/wp-json\/wp\/v2\/types\/product"}],"version-history":[{"count":0,"href":"https:\/\/taichytomato.com\/fr\/wp-json\/wp\/v2\/product\/1032\/revisions"}],"wp:featuredmedia":[{"embeddable":true,"href":"https:\/\/taichytomato.com\/fr\/wp-json\/wp\/v2\/media\/3298"}],"wp:attachment":[{"href":"https:\/\/taichytomato.com\/fr\/wp-json\/wp\/v2\/media?parent=1032"}],"wp:term":[{"taxonomy":"product_brand","embeddable":true,"href":"https:\/\/taichytomato.com\/fr\/wp-json\/wp\/v2\/product_brand?post=1032"},{"taxonomy":"product_cat","embeddable":true,"href":"https:\/\/taichytomato.com\/fr\/wp-json\/wp\/v2\/product_cat?post=1032"},{"taxonomy":"product_tag","embeddable":true,"href":"https:\/\/taichytomato.com\/fr\/wp-json\/wp\/v2\/product_tag?post=1032"}],"curies":[{"name":"wp","href":"https:\/\/api.w.org\/{rel}","templated":true}]}}