{"id":1011,"date":"2025-05-25T18:36:13","date_gmt":"2025-05-26T02:36:13","guid":{"rendered":"https:\/\/taichytomato.com\/?post_type=product&#038;p=1011"},"modified":"2026-01-12T21:51:15","modified_gmt":"2026-01-13T05:51:15","slug":"210g-sachet-tomato-paste","status":"publish","type":"product","link":"https:\/\/taichytomato.com\/fr\/produit\/210g-sachet-tomato-paste\/","title":{"rendered":"210g Sachet de concentr\u00e9 de tomate"},"content":{"rendered":"<h2 data-start=\"141\" data-end=\"208\">210g Sachet de Concentr\u00e9 de Tomate Fabricant | Fournisseur OEM Direct en usine<\/h2>\n<p data-start=\"210\" data-end=\"615\">En tant qu'exportateur professionnel <strong data-start=\"228\" data-end=\"278\">Fabricant de sachets de concentr\u00e9 de tomate de 210g en France<\/strong>, Taichy se sp\u00e9cialise dans la production de sachets de concentr\u00e9 de tomate de haute qualit\u00e9 pour les marques alimentaires mondiales, importateurs et distributeurs. Soutenu par un approvisionnement stable en mati\u00e8res premi\u00e8res dans le Nord de la France et des lignes de traitement avanc\u00e9es, nous fournissons <strong data-start=\"496\" data-end=\"539\">concentr\u00e9 de tomate en sachet direct d'usine de 210g<\/strong> avec des options de Brix flexibles, des prix comp\u00e9titifs et des services OEM\/ODM complets.<\/p>\n<p data-start=\"617\" data-end=\"797\">Que vous approvisionniez pour la vente au d\u00e9tail, la restauration ou l'exportation en marque priv\u00e9e, notre <strong data-start=\"696\" data-end=\"724\">sachet de concentr\u00e9 de tomate de 210g<\/strong> est con\u00e7u pour r\u00e9pondre \u00e0 la fois \u00e0 la commodit\u00e9 du consommateur et \u00e0 l'efficacit\u00e9 commerciale.<\/p>\n<hr data-start=\"799\" data-end=\"802\" \/>\n<h2 data-start=\"804\" data-end=\"856\">Sp\u00e9cifications du produit \u2013 Sachet de concentr\u00e9 de tomate de 210g<\/h2>\n<ul data-start=\"858\" data-end=\"1362\">\n<li data-start=\"858\" data-end=\"904\">\n<p data-start=\"860\" data-end=\"904\"><strong data-start=\"860\" data-end=\"877\">Nom du produit :<\/strong> 210g Sachet de Concentr\u00e9 de Tomate<\/p>\n<\/li>\n<li data-start=\"905\" data-end=\"944\">\n<p data-start=\"907\" data-end=\"944\"><strong data-start=\"907\" data-end=\"927\">Lieu d'origine :<\/strong> Chine du Nord<\/p>\n<\/li>\n<li data-start=\"945\" data-end=\"987\">\n<p data-start=\"947\" data-end=\"987\"><strong data-start=\"947\" data-end=\"970\">Ingr\u00e9dient principal :<\/strong> Tomates fra\u00eeches<\/p>\n<\/li>\n<li data-start=\"988\" data-end=\"1035\">\n<p data-start=\"990\" data-end=\"1035\"><strong data-start=\"990\" data-end=\"1009\">Type d'emballage :<\/strong> Sachet \/ poche refermable<\/p>\n<\/li>\n<li data-start=\"1036\" data-end=\"1069\">\n<p data-start=\"1038\" data-end=\"1069\"><strong data-start=\"1038\" data-end=\"1058\">Type de traitement :<\/strong> Assaisonn\u00e9<\/p>\n<\/li>\n<li data-start=\"1070\" data-end=\"1094\">\n<p data-start=\"1072\" data-end=\"1094\"><strong data-start=\"1072\" data-end=\"1087\">Poids net :<\/strong> 210g<\/p>\n<\/li>\n<li data-start=\"1095\" data-end=\"1180\">\n<p data-start=\"1097\" data-end=\"1116\"><strong data-start=\"1097\" data-end=\"1114\">Options de Brix :<\/strong><\/p>\n<ul data-start=\"1119\" data-end=\"1180\">\n<li data-start=\"1119\" data-end=\"1128\">\n<p data-start=\"1121\" data-end=\"1128\">9\u201311%<\/p>\n<\/li>\n<li data-start=\"1131\" data-end=\"1141\">\n<p data-start=\"1133\" data-end=\"1141\">18\u201320%<\/p>\n<\/li>\n<li data-start=\"1144\" data-end=\"1154\">\n<p data-start=\"1146\" data-end=\"1154\">22\u201324%<\/p>\n<\/li>\n<li data-start=\"1157\" data-end=\"1167\">\n<p data-start=\"1159\" data-end=\"1167\">26\u201328%<\/p>\n<\/li>\n<li data-start=\"1170\" data-end=\"1180\">\n<p data-start=\"1172\" data-end=\"1180\">28\u201330%<\/p>\n<\/li>\n<\/ul>\n<\/li>\n<li data-start=\"1181\" data-end=\"1217\">\n<p data-start=\"1183\" data-end=\"1217\"><strong data-start=\"1183\" data-end=\"1193\">Couleur :<\/strong> Rouge fonc\u00e9 \/ rouge vif<\/p>\n<\/li>\n<li data-start=\"1218\" data-end=\"1243\">\n<p data-start=\"1220\" data-end=\"1243\"><strong data-start=\"1220\" data-end=\"1233\">Valeur pH :<\/strong> 4.0\u20134.4<\/p>\n<\/li>\n<li data-start=\"1244\" data-end=\"1265\">\n<p data-start=\"1246\" data-end=\"1265\"><strong data-start=\"1246\" data-end=\"1260\">Ratio A\/B :<\/strong> \u22652<\/p>\n<\/li>\n<li data-start=\"1266\" data-end=\"1283\">\n<p data-start=\"1268\" data-end=\"1283\"><strong data-start=\"1268\" data-end=\"1276\">HMC :<\/strong> \u226450%<\/p>\n<\/li>\n<li data-start=\"1284\" data-end=\"1313\">\n<p data-start=\"1286\" data-end=\"1313\"><strong data-start=\"1286\" data-end=\"1301\">Dur\u00e9e de conservation :<\/strong> 2\u20133 ans<\/p>\n<\/li>\n<li data-start=\"1314\" data-end=\"1362\">\n<p data-start=\"1316\" data-end=\"1362\"><strong data-start=\"1316\" data-end=\"1338\">Condition de stockage :<\/strong> Entrep\u00f4t sec en int\u00e9rieur<\/p>\n<\/li>\n<\/ul>\n<p data-start=\"1364\" data-end=\"1449\"><strong data-start=\"1364\" data-end=\"1383\">Certifications :<\/strong> FDA, HACCP, ISO, QS<br data-start=\"1403\" data-end=\"1406\" \/><strong data-start=\"1406\" data-end=\"1419\">Image de marque :<\/strong> OEM \/ marque priv\u00e9e disponible<\/p>\n<p data-start=\"1451\" data-end=\"1660\">Cette gamme de sp\u00e9cifications permet aux acheteurs de choisir le bon <strong data-start=\"1510\" data-end=\"1538\">sachet de concentr\u00e9 de tomate de 210g<\/strong> pour diff\u00e9rents march\u00e9s et applications, du faible Brix pour la cuisson \u00e0 la haute concentration pour les besoins industriels et de restauration.<\/p>\n<hr data-start=\"1662\" data-end=\"1665\" \/>\n<h2 data-start=\"1667\" data-end=\"1725\">Avantages de l'usine derri\u00e8re nos sachets de concentr\u00e9 de tomate de 210g<\/h2>\n<p data-start=\"1727\" data-end=\"1864\">Nous ne sommes pas des commer\u00e7ants. Nous sommes une <strong data-start=\"1756\" data-end=\"1787\">Usine de concentr\u00e9 de tomate directe<\/strong>, contr\u00f4lant chaque \u00e9tape de la s\u00e9lection des tomates brutes \u00e0 l'emballage final du sachet.<\/p>\n<h3 data-start=\"1866\" data-end=\"1896\">1. Mati\u00e8res premi\u00e8res de qualit\u00e9 sup\u00e9rieure<\/h3>\n<p data-start=\"1897\" data-end=\"2066\">Nos tomates sont issues du Nord de la France, connu pour ses longues heures d'ensoleillement et ses grandes diff\u00e9rences de temp\u00e9rature jour-nuit. Cet avantage naturel donne aux tomates :<\/p>\n<ul data-start=\"2067\" data-end=\"2160\">\n<li data-start=\"2067\" data-end=\"2092\">\n<p data-start=\"2069\" data-end=\"2092\">Des solides solubles plus \u00e9lev\u00e9s<\/p>\n<\/li>\n<li data-start=\"2093\" data-end=\"2118\">\n<p data-start=\"2095\" data-end=\"2118\">Une teneur riche en lycop\u00e8ne<\/p>\n<\/li>\n<li data-start=\"2119\" data-end=\"2160\">\n<p data-start=\"2121\" data-end=\"2160\">Une meilleure concentration en couleur et en saveur<\/p>\n<\/li>\n<\/ul>\n<h3 data-start=\"2162\" data-end=\"2201\">2. Technologie de traitement avanc\u00e9e<\/h3>\n<p data-start=\"2202\" data-end=\"2269\">En utilisant des syst\u00e8mes modernes d'\u00e9vaporation et de traitement aseptique, nous garantissons :<\/p>\n<ul data-start=\"2270\" data-end=\"2370\">\n<li data-start=\"2270\" data-end=\"2294\">\n<p data-start=\"2272\" data-end=\"2294\">Pr\u00e9cision stable du Brix<\/p>\n<\/li>\n<li data-start=\"2295\" data-end=\"2331\">\n<p data-start=\"2297\" data-end=\"2331\">Texture et viscosit\u00e9 coh\u00e9rentes<\/p>\n<\/li>\n<li data-start=\"2332\" data-end=\"2370\">\n<p data-start=\"2334\" data-end=\"2370\">R\u00e9tention de la saveur naturelle de la tomate<\/p>\n<\/li>\n<\/ul>\n<h3 data-start=\"2372\" data-end=\"2412\">3. Lignes d'emballage souples en sachets<\/h3>\n<p data-start=\"2413\" data-end=\"2486\">Nos lignes de production supportent <strong data-start=\"2442\" data-end=\"2480\">L'emballage de p\u00e2te de tomate en sachet de 210 g<\/strong> avec :<\/p>\n<ul data-start=\"2487\" data-end=\"2590\">\n<li data-start=\"2487\" data-end=\"2509\">\n<p data-start=\"2489\" data-end=\"2509\">Scellage anti-fuite<\/p>\n<\/li>\n<li data-start=\"2510\" data-end=\"2544\">\n<p data-start=\"2512\" data-end=\"2544\">Mat\u00e9riaux lamin\u00e9s de qualit\u00e9 alimentaire<\/p>\n<\/li>\n<li data-start=\"2545\" data-end=\"2590\">\n<p data-start=\"2547\" data-end=\"2590\">Production \u00e0 haute vitesse et stable pour les commandes en gros<\/p>\n<\/li>\n<\/ul>\n<hr data-start=\"2592\" data-end=\"2595\" \/>\n<h2 data-start=\"2597\" data-end=\"2646\">Applications id\u00e9ales du sachet de 210 g de p\u00e2te de tomate<\/h2>\n<p data-start=\"2648\" data-end=\"2751\">Le <strong data-start=\"2652\" data-end=\"2672\">Taille du sachet de 210 g<\/strong> est l'un des formats les plus polyvalents sur les march\u00e9s mondiaux et est largement utilis\u00e9 pour :<\/p>\n<ul data-start=\"2753\" data-end=\"2986\">\n<li data-start=\"2753\" data-end=\"2801\">\n<p data-start=\"2755\" data-end=\"2801\">Cuisine maison quotidienne (sauces, rago\u00fbts, saut\u00e9s)<\/p>\n<\/li>\n<li data-start=\"2802\" data-end=\"2837\">\n<p data-start=\"2804\" data-end=\"2837\">Restaurants et restauration collective<\/p>\n<\/li>\n<li data-start=\"2838\" data-end=\"2873\">\n<p data-start=\"2840\" data-end=\"2873\">Kits repas pr\u00eats \u00e0 l'emploi et packs combin\u00e9s<\/p>\n<\/li>\n<li data-start=\"2874\" data-end=\"2904\">\n<p data-start=\"2876\" data-end=\"2904\">Rayons de supermarch\u00e9<\/p>\n<\/li>\n<li data-start=\"2905\" data-end=\"2938\">\n<p data-start=\"2907\" data-end=\"2938\">Programmes d'exportation en marque propre<\/p>\n<\/li>\n<li data-start=\"2939\" data-end=\"2986\">\n<p data-start=\"2941\" data-end=\"2986\">Approvisionnement alimentaire d'urgence et packs alimentaires de voyage<\/p>\n<\/li>\n<\/ul>\n<p data-start=\"2988\" data-end=\"3140\">Pour les importateurs ciblant les consommateurs soucieux de la commodit\u00e9, <strong data-start=\"3043\" data-end=\"3071\">sachet de 210g de p\u00e2te de tomate<\/strong> offre un \u00e9quilibre optimal entre la taille de la portion et l'efficacit\u00e9 en rayon.<\/p>\n<hr data-start=\"3142\" data-end=\"3145\" \/>\n<h2 data-start=\"3147\" data-end=\"3202\">Pourquoi choisir le sachet de concentr\u00e9 de tomate de 210 g pour votre march\u00e9 ?<\/h2>\n<ul data-start=\"3204\" data-end=\"3535\">\n<li data-start=\"3204\" data-end=\"3268\">\n<p data-start=\"3206\" data-end=\"3268\"><strong data-start=\"3206\" data-end=\"3237\">Emballage pratique de taille moyenne<\/strong> pour repas uniques ou multiples<\/p>\n<\/li>\n<li data-start=\"3269\" data-end=\"3328\">\n<p data-start=\"3271\" data-end=\"3328\"><strong data-start=\"3271\" data-end=\"3301\">Saveur de tomate concentr\u00e9e<\/strong> fabriqu\u00e9 \u00e0 partir de tomates fra\u00eeches<\/p>\n<\/li>\n<li data-start=\"3329\" data-end=\"3408\">\n<p data-start=\"3331\" data-end=\"3408\"><strong data-start=\"3331\" data-end=\"3356\">Conception de sachet refermable<\/strong> am\u00e9liore la visibilit\u00e9 en rayon et la conservation de la fra\u00eecheur<\/p>\n<\/li>\n<li data-start=\"3409\" data-end=\"3473\">\n<p data-start=\"3411\" data-end=\"3473\"><strong data-start=\"3411\" data-end=\"3449\">Certifications reconnues mondialement<\/strong> (FDA, HACCP, ISO, QS)<\/p>\n<\/li>\n<li data-start=\"3474\" data-end=\"3535\">\n<p data-start=\"3476\" data-end=\"3535\"><strong data-start=\"3476\" data-end=\"3499\">Format compatible OEM<\/strong> pour les marques de vente au d\u00e9tail et de restauration<\/p>\n<\/li>\n<\/ul>\n<p data-start=\"3537\" data-end=\"3686\">Cela rend <strong data-start=\"3548\" data-end=\"3577\">sachets de concentr\u00e9 de tomate de 210 g<\/strong> particuli\u00e8rement adapt\u00e9 aux march\u00e9s africains, du Moyen-Orient, d'Asie du Sud-Est, d'Europe de l'Est et d'Am\u00e9rique latine.<\/p>\n<hr data-start=\"3688\" data-end=\"3691\" \/>\n<h2 data-start=\"3693\" data-end=\"3750\">Solutions OEM et marque priv\u00e9e pour sachets de concentr\u00e9 de tomate de 210 g<\/h2>\n<p data-start=\"3752\" data-end=\"3849\">En tant qu'entreprise exp\u00e9riment\u00e9e <strong data-start=\"3770\" data-end=\"3811\">Fournisseur OEM de sachets de concentr\u00e9 de tomate de 210 g<\/strong>, nous proposons une personnalisation compl\u00e8te :<\/p>\n<ul data-start=\"3851\" data-end=\"4072\">\n<li data-start=\"3851\" data-end=\"3884\">\n<p data-start=\"3853\" data-end=\"3884\"><strong>Marque priv\u00e9e &amp; impression de logo<\/strong><\/p>\n<\/li>\n<li data-start=\"3885\" data-end=\"3955\">\n<p data-start=\"3887\" data-end=\"3955\">Emballage multilingue (Anglais, Fran\u00e7ais, Arabe, Russe, etc.)<\/p>\n<\/li>\n<li data-start=\"3956\" data-end=\"3992\">\n<p data-start=\"3958\" data-end=\"3992\">Conception de carton &amp; impression de code-barres<\/p>\n<\/li>\n<li data-start=\"3993\" data-end=\"4034\">\n<p data-start=\"3995\" data-end=\"4034\">Brix personnalis\u00e9, profil de go\u00fbt et couleur<\/p>\n<\/li>\n<li data-start=\"4035\" data-end=\"4072\">\n<p data-start=\"4037\" data-end=\"4072\">MOQ flexible avec d\u00e9lai de livraison rapide<\/p>\n<\/li>\n<\/ul>\n<p data-start=\"4074\" data-end=\"4098\"><strong data-start=\"4074\" data-end=\"4096\">Options d'emballage :<\/strong><\/p>\n<ul data-start=\"4099\" data-end=\"4184\">\n<li data-start=\"4099\" data-end=\"4127\">\n<p data-start=\"4101\" data-end=\"4127\">210g \u00d7 25 sachets\/bo\u00eete<\/p>\n<\/li>\n<li data-start=\"4128\" data-end=\"4184\">\n<p data-start=\"4130\" data-end=\"4184\">210g \u00d7 50 sachets\/bo\u00eete<br data-start=\"4154\" data-end=\"4157\" \/>(Personnalisable sur demande)<\/p>\n<\/li>\n<\/ul>\n<hr data-start=\"4186\" data-end=\"4189\" \/>\n<h2 data-start=\"4191\" data-end=\"4234\">Approvisionnement stable &amp; capacit\u00e9 d'exportation mondiale<\/h2>\n<ul data-start=\"4236\" data-end=\"4432\">\n<li data-start=\"4236\" data-end=\"4295\">\n<p data-start=\"4238\" data-end=\"4295\">Plus de <strong data-start=\"4243\" data-end=\"4293\">10 ans d'exp\u00e9rience dans la production de concentr\u00e9 de tomate<\/strong><\/p>\n<\/li>\n<li data-start=\"4296\" data-end=\"4330\">\n<p data-start=\"4298\" data-end=\"4330\">Capacit\u00e9 de production mensuelle stable<\/p>\n<\/li>\n<li data-start=\"4331\" data-end=\"4374\">\n<p data-start=\"4333\" data-end=\"4374\">Export\u00e9 vers <strong data-start=\"4345\" data-end=\"4372\">plus de 30 pays dans le monde<\/strong><\/p>\n<\/li>\n<li data-start=\"4375\" data-end=\"4432\">\n<p data-start=\"4377\" data-end=\"4432\">Documentation d'exportation professionnelle &amp; support logistique<\/p>\n<\/li>\n<\/ul>\n<p data-start=\"4434\" data-end=\"4619\">Si vous recherchez une <strong data-start=\"4461\" data-end=\"4515\">usine fiable de concentr\u00e9 de tomate en sachet de 210g en Chine<\/strong>, Taichy est positionn\u00e9 pour soutenir une coop\u00e9ration \u00e0 long terme avec une qualit\u00e9 constante et des prix comp\u00e9titifs.<\/p>\n<hr data-start=\"4621\" data-end=\"4624\" \/>\n<h2 data-start=\"4626\" data-end=\"4653\">En savoir plus &amp; Obtenir un devis<\/h2>\n<p data-start=\"4655\" data-end=\"4764\">Vous souhaitez voir comment nous transformons des tomates fra\u00eeches de qualit\u00e9 sup\u00e9rieure en <strong data-start=\"4714\" data-end=\"4742\">sachet de 210g de p\u00e2te de tomate<\/strong> ce que vos clients ont confiance ?<\/p>\n<ul data-start=\"4766\" data-end=\"4949\">\n<li data-start=\"4766\" data-end=\"4803\">\n<p data-start=\"4768\" data-end=\"4803\">D\u00e9couvrez nos avantages de production<\/p>\n<\/li>\n<li data-start=\"4804\" data-end=\"4855\">\n<p data-start=\"4806\" data-end=\"4855\">Voir notre <strong data-start=\"4815\" data-end=\"4853\">Guide d'achat de concentr\u00e9 de tomate en sachet<\/strong><\/p>\n<\/li>\n<li data-start=\"4856\" data-end=\"4949\">\n<p data-start=\"4858\" data-end=\"4949\">D\u00e9couvrez pourquoi <strong data-start=\"4871\" data-end=\"4947\">les sachets de concentr\u00e9 de tomate sont id\u00e9aux pour la restauration rapide et la livraison \u00e0 emporter<\/strong><\/p>\n<\/li>\n<\/ul>\n<p data-start=\"4951\" data-end=\"5145\">Pour <strong data-start=\"4955\" data-end=\"5031\">solutions personnalis\u00e9es, achats en gros, tarification, \u00e9chantillons ou demandes OEM<\/strong>, veuillez contacter notre \u00e9quipe commerciale \u00e0 tout moment.<br data-start=\"5071\" data-end=\"5074\" \/>Construisons ensemble votre marque de concentr\u00e9 de tomate\u2014directement de l'usine.<\/p>","protected":false},"excerpt":{"rendered":"<p>Brix : 18-20%, 22-24%, 26-28%, 28-30%<br \/>\nBo\u00eete en t\u00f4le anti-rouille\/anti-stress\/humidit\u00e9<br \/>\nMarque : Design ou OEM<br \/>\nQuantit\u00e9 minimale : 1X20ft<br \/>\nD\u00e9tail de livraison : 30-35 jours apr\u00e8s r\u00e9ception de l'acompte ou de la lettre de cr\u00e9dit. Livraison la plus rapide.<br \/>\nCode SH : 2002901100<\/p>","protected":false},"featured_media":3304,"template":"","meta":{"_acf_changed":false,"_seopress_robots_primary_cat":"none","_seopress_titles_title":"210g Sachet Tomato Paste | Manufacturer | Wholesale Supply","_seopress_titles_desc":"As the original manufacturer of 210g sachet tomato paste, we provide competitive prices and high-quality products. Ideal for food processing company.","_seopress_robots_index":"","site-sidebar-layout":"default","site-content-layout":"","ast-site-content-layout":"default","site-content-style":"default","site-sidebar-style":"default","ast-global-header-display":"","ast-banner-title-visibility":"","ast-main-header-display":"","ast-hfb-above-header-display":"","ast-hfb-below-header-display":"","ast-hfb-mobile-header-display":"","site-post-title":"","ast-breadcrumbs-content":"","ast-featured-img":"","footer-sml-layout":"","ast-disable-related-posts":"","theme-transparent-header-meta":"default","adv-header-id-meta":"","stick-header-meta":"","header-above-stick-meta":"","header-main-stick-meta":"","header-below-stick-meta":"","astra-migrate-meta-layouts":"set","ast-page-background-enabled":"default","ast-page-background-meta":{"desktop":{"background-color":"var(--ast-global-color-5)","background-image":"","background-repeat":"repeat","background-position":"center center","background-size":"auto","background-attachment":"scroll","background-type":"","background-media":"","overlay-type":"","overlay-color":"","overlay-opacity":"","overlay-gradient":""},"tablet":{"background-color":"","background-image":"","background-repeat":"repeat","background-position":"center center","background-size":"auto","background-attachment":"scroll","background-type":"","background-media":"","overlay-type":"","overlay-color":"","overlay-opacity":"","overlay-gradient":""},"mobile":{"background-color":"","background-image":"","background-repeat":"repeat","background-position":"center center","background-size":"auto","background-attachment":"scroll","background-type":"","background-media":"","overlay-type":"","overlay-color":"","overlay-opacity":"","overlay-gradient":""}},"ast-content-background-meta":{"desktop":{"background-color":"var(--ast-global-color-4)","background-image":"","background-repeat":"repeat","background-position":"center center","background-size":"auto","background-attachment":"scroll","background-type":"","background-media":"","overlay-type":"","overlay-color":"","overlay-opacity":"","overlay-gradient":""},"tablet":{"background-color":"var(--ast-global-color-4)","background-image":"","background-repeat":"repeat","background-position":"center center","background-size":"auto","background-attachment":"scroll","background-type":"","background-media":"","overlay-type":"","overlay-color":"","overlay-opacity":"","overlay-gradient":""},"mobile":{"background-color":"var(--ast-global-color-4)","background-image":"","background-repeat":"repeat","background-position":"center center","background-size":"auto","background-attachment":"scroll","background-type":"","background-media":"","overlay-type":"","overlay-color":"","overlay-opacity":"","overlay-gradient":""}}},"product_brand":[],"product_cat":[97],"product_tag":[211,166,210],"class_list":{"0":"post-1011","1":"product","2":"type-product","3":"status-publish","4":"has-post-thumbnail","6":"product_cat-tomato-paste-in-sachet","7":"product_tag-210g-tomato-paste-sauce","8":"product_tag-tomato-paste-sachet","9":"product_tag-tomato-paste-sauce","10":"desktop-align-left","11":"tablet-align-left","12":"mobile-align-left","14":"first","15":"instock","16":"sale","17":"shipping-taxable","18":"purchasable","19":"product-type-simple"},"acf":[],"_links":{"self":[{"href":"https:\/\/taichytomato.com\/fr\/wp-json\/wp\/v2\/product\/1011","targetHints":{"allow":["GET"]}}],"collection":[{"href":"https:\/\/taichytomato.com\/fr\/wp-json\/wp\/v2\/product"}],"about":[{"href":"https:\/\/taichytomato.com\/fr\/wp-json\/wp\/v2\/types\/product"}],"version-history":[{"count":0,"href":"https:\/\/taichytomato.com\/fr\/wp-json\/wp\/v2\/product\/1011\/revisions"}],"wp:featuredmedia":[{"embeddable":true,"href":"https:\/\/taichytomato.com\/fr\/wp-json\/wp\/v2\/media\/3304"}],"wp:attachment":[{"href":"https:\/\/taichytomato.com\/fr\/wp-json\/wp\/v2\/media?parent=1011"}],"wp:term":[{"taxonomy":"product_brand","embeddable":true,"href":"https:\/\/taichytomato.com\/fr\/wp-json\/wp\/v2\/product_brand?post=1011"},{"taxonomy":"product_cat","embeddable":true,"href":"https:\/\/taichytomato.com\/fr\/wp-json\/wp\/v2\/product_cat?post=1011"},{"taxonomy":"product_tag","embeddable":true,"href":"https:\/\/taichytomato.com\/fr\/wp-json\/wp\/v2\/product_tag?post=1011"}],"curies":[{"name":"wp","href":"https:\/\/api.w.org\/{rel}","templated":true}]}}