{"id":98,"date":"2025-04-19T19:29:40","date_gmt":"2025-04-20T03:29:40","guid":{"rendered":"https:\/\/taichytomato.com\/?page_id=98"},"modified":"2025-11-19T19:45:45","modified_gmt":"2025-11-20T03:45:45","slug":"about","status":"publish","type":"page","link":"https:\/\/taichytomato.com\/fr\/about\/","title":{"rendered":"\u00c0 propos"},"content":{"rendered":"<div data-elementor-type=\"wp-page\" data-elementor-id=\"98\" class=\"elementor elementor-98\" data-elementor-post-type=\"page\">\n\t\t\t\t<div class=\"elementor-element elementor-element-3743f70 e-flex e-con-boxed e-con e-parent\" data-id=\"3743f70\" data-element_type=\"container\" data-e-type=\"container\">\n\t\t\t\t\t<div class=\"e-con-inner\">\n\t\t\t\t<div class=\"elementor-element elementor-element-dee1564 elementor-widget elementor-widget-woocommerce-breadcrumb\" data-id=\"dee1564\" data-element_type=\"widget\" data-e-type=\"widget\" data-widget_type=\"woocommerce-breadcrumb.default\">\n\t\t\t\t<div class=\"elementor-widget-container\">\n\t\t\t\t\t<nav class=\"woocommerce-breadcrumb\" aria-label=\"Breadcrumb\" data-no-translation=\"\" data-trp-gettext=\"\">Accueil<\/nav>\t\t\t\t<\/div>\n\t\t\t\t<\/div>\n\t\t\t\t\t<\/div>\n\t\t\t\t<\/div>\n\t\t<div class=\"elementor-element elementor-element-af7118b e-flex e-con-boxed e-con e-parent\" data-id=\"af7118b\" data-element_type=\"container\" data-e-type=\"container\">\n\t\t\t\t\t<div class=\"e-con-inner\">\n\t\t\t\t<div class=\"elementor-element elementor-element-15f4d57 elementor-widget elementor-widget-heading\" data-id=\"15f4d57\" data-element_type=\"widget\" data-e-type=\"widget\" data-widget_type=\"heading.default\">\n\t\t\t\t<div class=\"elementor-widget-container\">\n\t\t\t\t\t<h1 class=\"elementor-heading-title elementor-size-default\"><span style=\"font-size: 2.5rem\">\u00c0 propos de Taichy Food Company <\/span><\/h1>\t\t\t\t<\/div>\n\t\t\t\t<\/div>\n\t\t\t\t\t<\/div>\n\t\t\t\t<\/div>\n\t\t<div class=\"elementor-element elementor-element-444965e e-flex e-con-boxed e-con e-parent\" data-id=\"444965e\" data-element_type=\"container\" data-e-type=\"container\">\n\t\t\t\t\t<div class=\"e-con-inner\">\n\t\t<div class=\"elementor-element elementor-element-e93c2b0 e-con-full e-flex e-con e-child\" data-id=\"e93c2b0\" data-element_type=\"container\" data-e-type=\"container\">\n\t\t\t\t<div class=\"elementor-element elementor-element-6bd8f0d elementor-widget elementor-widget-video\" data-id=\"6bd8f0d\" data-element_type=\"widget\" data-e-type=\"widget\" data-settings=\"{&quot;youtube_url&quot;:&quot;https:\\\/\\\/www.youtube.com\\\/watch?v=ykC3-sutXPE&quot;,&quot;show_image_overlay&quot;:&quot;yes&quot;,&quot;image_overlay&quot;:{&quot;url&quot;:&quot;https:\\\/\\\/taichytomato.com\\\/wp-content\\\/uploads\\\/2025\\\/04\\\/\\u56fe\\u72471.png&quot;,&quot;id&quot;:131,&quot;size&quot;:&quot;&quot;,&quot;alt&quot;:&quot;Taichy food logo&quot;,&quot;source&quot;:&quot;library&quot;},&quot;video_type&quot;:&quot;youtube&quot;,&quot;controls&quot;:&quot;yes&quot;}\" data-widget_type=\"video.default\">\n\t\t\t\t<div class=\"elementor-widget-container\">\n\t\t\t\t\t\t\t<div class=\"elementor-wrapper elementor-open-inline\">\n\t\t\t<div class=\"elementor-video\"><\/div>\t\t\t\t<div class=\"elementor-custom-embed-image-overlay\" style=\"background-image: url(https:\/\/taichytomato.com\/wp-content\/uploads\/2025\/04\/\u56fe\u72471.png);\">\n\t\t\t\t\t\t\t\t\t\t\t\t\t\t\t\t<div class=\"elementor-custom-embed-play\" role=\"button\" aria-label=\"\u0412\u043e\u0441\u043f\u0440\u043e\u0438\u0437\u0432\u0435\u0441\u0442\u0438 \u0432\u0438\u0434\u0435\u043e \u043e Taichy food logo\" tabindex=\"0\" data-no-translation-aria-label=\"\">\n\t\t\t\t\t\t\t<svg aria-hidden=\"true\" class=\"e-font-icon-svg e-eicon-play\" viewbox=\"0 0 1000 1000\" xmlns=\"http:\/\/www.w3.org\/2000\/svg\"><path d=\"M838 162C746 71 633 25 500 25 371 25 258 71 163 162 71 254 25 367 25 500 25 633 71 746 163 837 254 929 367 979 500 979 633 979 746 933 838 837 929 746 975 633 975 500 975 367 929 254 838 162M808 192C892 279 933 379 933 500 933 621 892 725 808 808 725 892 621 938 500 938 379 938 279 896 196 808 113 725 67 621 67 500 67 379 108 279 196 192 279 108 383 62 500 62 621 62 721 108 808 192M438 392V642L642 517 438 392Z\"><\/path><\/svg>\t\t\t\t\t\t<\/div>\n\t\t\t\t\t\t\t\t\t<\/div>\n\t\t\t\t\t<\/div>\n\t\t\t\t\t\t<\/div>\n\t\t\t\t<\/div>\n\t\t\t\t<\/div>\n\t\t<div class=\"elementor-element elementor-element-50b796c e-con-full e-flex e-con e-child\" data-id=\"50b796c\" data-element_type=\"container\" data-e-type=\"container\">\n\t\t\t\t<div class=\"elementor-element elementor-element-e1015ff elementor-widget elementor-widget-heading\" data-id=\"e1015ff\" data-element_type=\"widget\" data-e-type=\"widget\" data-widget_type=\"heading.default\">\n\t\t\t\t<div class=\"elementor-widget-container\">\n\t\t\t\t\t<h2 class=\"elementor-heading-title elementor-size-default\">Rencontrez Taichy Food <\/h2>\t\t\t\t<\/div>\n\t\t\t\t<\/div>\n\t\t\t\t<div class=\"elementor-element elementor-element-fe42cb0 elementor-widget elementor-widget-text-editor\" data-id=\"fe42cb0\" data-element_type=\"widget\" data-e-type=\"widget\" data-widget_type=\"text-editor.default\">\n\t\t\t\t<div class=\"elementor-widget-container\">\n\t\t\t\t\t\t\t\t\t<p>P\u00e2te de tomate premium avec emballage personnalisable, id\u00e9ale pour les march\u00e9s mondiaux. Choisissez parmi des bo\u00eetes, des f\u00fbts ou des sachets avec des options d'\u00e9tiquetage priv\u00e9. Fiable par les importateurs du monde entier.P\u00e2te de tomate premium avec emballage personnalisable, id\u00e9ale pour les march\u00e9s mondiaux. Choisissez parmi des bo\u00eetes, des f\u00fbts ou des sachets avec des options d'\u00e9tiquetage priv\u00e9. Fiable par les importateurs du monde entier.P\u00e2te de tomate premium avec emballage personnalisable, id\u00e9ale pour les march\u00e9s mondiaux. Choisissez parmi des bo\u00eetes, des f\u00fbts ou des sachets avec des options d'\u00e9tiquetage priv\u00e9. Fiable par les importateurs du monde entier.<\/p>\t\t\t\t\t\t\t\t<\/div>\n\t\t\t\t<\/div>\n\t\t\t\t<\/div>\n\t\t\t\t\t<\/div>\n\t\t\t\t<\/div>\n\t\t<div class=\"elementor-element elementor-element-22959a0 e-flex e-con-boxed e-con e-parent\" data-id=\"22959a0\" data-element_type=\"container\" data-e-type=\"container\" data-settings=\"{&quot;background_background&quot;:&quot;classic&quot;}\">\n\t\t\t\t\t<div class=\"e-con-inner\">\n\t\t<div class=\"elementor-element elementor-element-d9d566d e-con-full e-flex e-con e-child\" data-id=\"d9d566d\" data-element_type=\"container\" data-e-type=\"container\" data-settings=\"{&quot;background_background&quot;:&quot;classic&quot;}\">\n\t\t\t\t<div class=\"elementor-element elementor-element-4248645 elementor-widget elementor-widget-heading\" data-id=\"4248645\" data-element_type=\"widget\" data-e-type=\"widget\" data-widget_type=\"heading.default\">\n\t\t\t\t<div class=\"elementor-widget-container\">\n\t\t\t\t\t<h3 class=\"elementor-heading-title elementor-size-default\">Usine Taichy Food <\/h3>\t\t\t\t<\/div>\n\t\t\t\t<\/div>\n\t\t\t\t<div class=\"elementor-element elementor-element-1fd8296 elementor-widget elementor-widget-text-editor\" data-id=\"1fd8296\" data-element_type=\"widget\" data-e-type=\"widget\" data-widget_type=\"text-editor.default\">\n\t\t\t\t<div class=\"elementor-widget-container\">\n\t\t\t\t\t\t\t\t\t<p>Nous sommes une usine de transformation alimentaire moderne \u00e9quip\u00e9e d'installations de production avanc\u00e9es et d'un syst\u00e8me de contr\u00f4le qualit\u00e9 strict. Nos principaux produits incluent la p\u00e2te de tomate, les produits \u00e0 base de tomate, et d'autres produits agricoles, qui sont export\u00e9s vers de nombreux pays et r\u00e9gions du monde. En adh\u00e9rant \u00e0 la philosophie de \u201c<strong>Qualit\u00e9 d'abord, Client avant tout<\/strong>,\u201d, nous nous engageons \u00e0 fournir des produits et services de haute qualit\u00e9, s\u00fbrs et durables \u00e0 nos clients du monde entier. <a href=\"https:\/\/taichytomato.com\/fr\/?elementor_library=prodcut-archive\"><strong>En savoir plus sur notre p\u00e2te de tomate\u00a0<\/strong><\/a><\/p>\t\t\t\t\t\t\t\t<\/div>\n\t\t\t\t<\/div>\n\t\t\t\t<div class=\"elementor-element elementor-element-3f4e134 elementor-widget elementor-widget-video\" data-id=\"3f4e134\" data-element_type=\"widget\" data-e-type=\"widget\" data-settings=\"{&quot;youtube_url&quot;:&quot;https:\\\/\\\/youtu.be\\\/ykC3-sutXPE&quot;,&quot;show_image_overlay&quot;:&quot;yes&quot;,&quot;image_overlay&quot;:{&quot;url&quot;:&quot;https:\\\/\\\/taichytomato.com\\\/wp-content\\\/uploads\\\/2025\\\/04\\\/a12ec7c5202785755cb4b170f925cb6-e1745327015432.jpg&quot;,&quot;id&quot;:152,&quot;size&quot;:&quot;&quot;,&quot;alt&quot;:&quot;tomato&quot;,&quot;source&quot;:&quot;library&quot;},&quot;video_type&quot;:&quot;youtube&quot;,&quot;controls&quot;:&quot;yes&quot;}\" data-widget_type=\"video.default\">\n\t\t\t\t<div class=\"elementor-widget-container\">\n\t\t\t\t\t\t\t<div class=\"elementor-wrapper elementor-open-inline\">\n\t\t\t<div class=\"elementor-video\"><\/div>\t\t\t\t<div class=\"elementor-custom-embed-image-overlay\" style=\"background-image: url(https:\/\/taichytomato.com\/wp-content\/uploads\/2025\/04\/a12ec7c5202785755cb4b170f925cb6-e1745327015432.jpg);\">\n\t\t\t\t\t\t\t\t\t\t\t\t\t\t\t\t<div class=\"elementor-custom-embed-play\" role=\"button\" aria-label=\"\u0412\u043e\u0441\u043f\u0440\u043e\u0438\u0437\u0432\u0435\u0441\u0442\u0438 \u0432\u0438\u0434\u0435\u043e \u043e tomato\" tabindex=\"0\" data-no-translation-aria-label=\"\">\n\t\t\t\t\t\t\t<svg aria-hidden=\"true\" class=\"e-font-icon-svg e-eicon-play\" viewbox=\"0 0 1000 1000\" xmlns=\"http:\/\/www.w3.org\/2000\/svg\"><path d=\"M838 162C746 71 633 25 500 25 371 25 258 71 163 162 71 254 25 367 25 500 25 633 71 746 163 837 254 929 367 979 500 979 633 979 746 933 838 837 929 746 975 633 975 500 975 367 929 254 838 162M808 192C892 279 933 379 933 500 933 621 892 725 808 808 725 892 621 938 500 938 379 938 279 896 196 808 113 725 67 621 67 500 67 379 108 279 196 192 279 108 383 62 500 62 621 62 721 108 808 192M438 392V642L642 517 438 392Z\"><\/path><\/svg>\t\t\t\t\t\t<\/div>\n\t\t\t\t\t\t\t\t\t<\/div>\n\t\t\t\t\t<\/div>\n\t\t\t\t\t\t<\/div>\n\t\t\t\t<\/div>\n\t\t\t\t<\/div>\n\t\t<div class=\"elementor-element elementor-element-ffc1d21 e-con-full e-flex e-con e-child\" data-id=\"ffc1d21\" data-element_type=\"container\" data-e-type=\"container\" data-settings=\"{&quot;background_background&quot;:&quot;classic&quot;}\">\n\t\t\t\t<div class=\"elementor-element elementor-element-0f47064 elementor-widget elementor-widget-heading\" data-id=\"0f47064\" data-element_type=\"widget\" data-e-type=\"widget\" data-widget_type=\"heading.default\">\n\t\t\t\t<div class=\"elementor-widget-container\">\n\t\t\t\t\t<h3 class=\"elementor-heading-title elementor-size-default\">Bienvenue chez Taichy Food <\/h3>\t\t\t\t<\/div>\n\t\t\t\t<\/div>\n\t\t\t\t<div class=\"elementor-element elementor-element-72d214b elementor-widget elementor-widget-text-editor\" data-id=\"72d214b\" data-element_type=\"widget\" data-e-type=\"widget\" data-widget_type=\"text-editor.default\">\n\t\t\t\t<div class=\"elementor-widget-container\">\n\t\t\t\t\t\t\t\t\t<p>Notre usine est situ\u00e9e dans la belle r\u00e9gion du Nord-Ouest, connue pour ses ressources agricoles abondantes, tandis que notre bureau est bas\u00e9 dans la ville c\u00f4ti\u00e8re pittoresque de Tianjin, offrant un acc\u00e8s pratique aux principaux ports internationaux.<br data-start=\"307\" data-end=\"310\" \/>Avec une solide exp\u00e9rience dans l'approvisionnement en mati\u00e8res premi\u00e8res et une localisation strat\u00e9gique pour la logistique mondiale, nous sommes en mesure d'offrir aux clients un approvisionnement stable, des prix comp\u00e9titifs, des solutions d'emballage personnalis\u00e9es et un service rapide et efficace.<br data-start=\"540\" data-end=\"543\" \/>Nous nous engageons \u00e0 fournir des produits de tomate de haute qualit\u00e9, s\u00fbrs et durables pour r\u00e9pondre aux besoins divers de nos partenaires \u00e0 travers le monde.<strong><a href=\"https:\/\/taichytomato.com\/fr\/why-choose-us\/\">En savoir plus sur pourquoi nous choisir\u00a0<\/a><\/strong><\/p>\t\t\t\t\t\t\t\t<\/div>\n\t\t\t\t<\/div>\n\t\t\t\t<div class=\"elementor-element elementor-element-1332bb1 elementor-widget elementor-widget-google_maps\" data-id=\"1332bb1\" data-element_type=\"widget\" data-e-type=\"widget\" data-widget_type=\"google_maps.default\">\n\t\t\t\t<div class=\"elementor-widget-container\">\n\t\t\t\t\t\t\t<div class=\"elementor-custom-embed\">\n\t\t\t<iframe loading=\"lazy\"\n\t\t\t\t\tsrc=\"https:\/\/maps.google.com\/maps?q=%E5%A4%A9%E6%B4%A5%E6%BB%A8%E6%B5%B7%E6%96%B0%E5%8C%BA%E5%A1%98%E6%B2%BD&#038;t=m&#038;z=10&#038;output=embed&#038;iwloc=near\"\n\t\t\t\t\ttitle=\"Tianjin Binhai New Area, Tanggu\"\n\t\t\t\t\taria-label=\"Tianjin Binhai New Area, Tanggu\"\n\t\t\t><\/iframe>\n\t\t<\/div>\n\t\t\t\t\t\t<\/div>\n\t\t\t\t<\/div>\n\t\t\t\t<\/div>\n\t\t\t\t\t<\/div>\n\t\t\t\t<\/div>\n\t\t<div class=\"elementor-element elementor-element-d196e2c e-flex e-con-boxed e-con e-parent\" data-id=\"d196e2c\" data-element_type=\"container\" data-e-type=\"container\" data-settings=\"{&quot;background_background&quot;:&quot;classic&quot;}\">\n\t\t\t\t\t<div class=\"e-con-inner\">\n\t\t\t\t<div class=\"elementor-element elementor-element-56b0ff1 elementor-widget elementor-widget-text-editor\" data-id=\"56b0ff1\" data-element_type=\"widget\" data-e-type=\"widget\" data-widget_type=\"text-editor.default\">\n\t\t\t\t<div class=\"elementor-widget-container\">\n\t\t\t\t\t\t\t\t\t<h3 data-start=\"363\" data-end=\"386\">\u00a0Durabilit\u00e9<\/h3><ul data-start=\"387\" data-end=\"741\"><li data-start=\"387\" data-end=\"575\"><p data-start=\"389\" data-end=\"575\">Nous privil\u00e9gions l'approvisionnement en tomates cultiv\u00e9es selon des pratiques agricoles soutenant la sant\u00e9 des sols et l'\u00e9quilibre \u00e9cologique, en veillant \u00e0 ce que chaque \u00e9tape de notre cha\u00eene d'approvisionnement favorise la durabilit\u00e9 \u00e0 long terme.<\/p><\/li><li data-start=\"576\" data-end=\"741\"><p data-start=\"578\" data-end=\"741\">Dans l'emballage, nous passons progressivement \u00e0 des mat\u00e9riaux recyclables et biod\u00e9gradables pour minimiser l'impact \u00e0 long terme des plastiques et m\u00e9taux sur l'environnement.<\/p><\/li><\/ul><h3 data-start=\"743\" data-end=\"774\">Contribution communautaire<\/h3><ul data-start=\"775\" data-end=\"1207\"><li data-start=\"775\" data-end=\"979\"><p data-start=\"777\" data-end=\"979\">Nous participons activement \u00e0 des partenariats agricoles locaux, en fournissant un soutien technique et des ressources pour aider les agriculteurs \u00e0 am\u00e9liorer \u00e0 la fois le rendement et la qualit\u00e9, permettant \u00e0 davantage de familles de b\u00e9n\u00e9ficier de meilleures r\u00e9coltes.<\/p><\/li><li data-start=\"980\" data-end=\"1207\"><p data-start=\"982\" data-end=\"1207\">En soutenant des initiatives communautaires environnementales et \u00e9ducatives, nous encourageons les jeunes et les familles \u00e0 apprendre l'agriculture et la durabilit\u00e9, renfor\u00e7ant ainsi le lien entre producteurs et consommateurs.<\/p><\/li><\/ul><h3 data-start=\"1209\" data-end=\"1242\">\u00a0Engagement environnemental<\/h3><ul data-start=\"1243\" data-end=\"1608\"><li data-start=\"1243\" data-end=\"1440\"><p data-start=\"1245\" data-end=\"1440\">Au sein de nos installations de production, nous nous engageons en faveur de l'efficacit\u00e9 \u00e9nerg\u00e9tique et de la r\u00e9duction des \u00e9missions, en optimisant les processus pour conserver l'eau et l'\u00e9nergie tout en maintenant une qualit\u00e9 premium dans chaque bo\u00eete.<\/p><\/li><li data-start=\"1441\" data-end=\"1608\"><p data-start=\"1443\" data-end=\"1608\">En favorisant l'emballage en vrac et les solutions OEM (telles que les f\u00fbts, les bo\u00eetes et les sachets), nous r\u00e9duisons les d\u00e9chets d'emballage et l'impact logistique, assurant une meilleure utilisation des ressources.<\/p><\/li><\/ul><h3>Contactez-moi<\/h3><ul><li>Vous souhaitez en savoir plus ou demander un devis ? <a href=\"https:\/\/taichytomato.com\/fr\/contact\/\">Contact<\/a> notre \u00e9quipe commerciale d\u00e8s aujourd'hui.<\/li><\/ul>\t\t\t\t\t\t\t\t<\/div>\n\t\t\t\t<\/div>\n\t\t\t\t\t<\/div>\n\t\t\t\t<\/div>\n\t\t\t\t<\/div>","protected":false},"excerpt":{"rendered":"<p>\u00c0 propos de Taichy Food Company Rencontrez la p\u00e2te de tomate premium Taichy Food avec un emballage personnalisable, id\u00e9ale pour les march\u00e9s mondiaux. Choisissez parmi des bo\u00eetes, [\u2026]<\/p>","protected":false},"author":4,"featured_media":131,"parent":0,"menu_order":0,"comment_status":"closed","ping_status":"closed","template":"","meta":{"_acf_changed":false,"_seopress_robots_primary_cat":"","_seopress_titles_title":"About Us - Trusted Tomato Paste Exporter & Manufacturer","_seopress_titles_desc":"Discover our mission in producing and exporting tomato paste, with a focus on sustainable sourcing and advanced processing.","_seopress_robots_index":"","site-sidebar-layout":"default","site-content-layout":"","ast-site-content-layout":"default","site-content-style":"default","site-sidebar-style":"default","ast-global-header-display":"","ast-banner-title-visibility":"","ast-main-header-display":"","ast-hfb-above-header-display":"","ast-hfb-below-header-display":"","ast-hfb-mobile-header-display":"","site-post-title":"","ast-breadcrumbs-content":"","ast-featured-img":"","footer-sml-layout":"","ast-disable-related-posts":"","theme-transparent-header-meta":"","adv-header-id-meta":"","stick-header-meta":"","header-above-stick-meta":"","header-main-stick-meta":"","header-below-stick-meta":"","astra-migrate-meta-layouts":"default","ast-page-background-enabled":"default","ast-page-background-meta":{"desktop":{"background-color":"var(--ast-global-color-5)","background-image":"","background-repeat":"repeat","background-position":"center center","background-size":"auto","background-attachment":"scroll","background-type":"","background-media":"","overlay-type":"","overlay-color":"","overlay-opacity":"","overlay-gradient":""},"tablet":{"background-color":"","background-image":"","background-repeat":"repeat","background-position":"center center","background-size":"auto","background-attachment":"scroll","background-type":"","background-media":"","overlay-type":"","overlay-color":"","overlay-opacity":"","overlay-gradient":""},"mobile":{"background-color":"","background-image":"","background-repeat":"repeat","background-position":"center center","background-size":"auto","background-attachment":"scroll","background-type":"","background-media":"","overlay-type":"","overlay-color":"","overlay-opacity":"","overlay-gradient":""}},"ast-content-background-meta":{"desktop":{"background-color":"var(--ast-global-color-4)","background-image":"","background-repeat":"repeat","background-position":"center center","background-size":"auto","background-attachment":"scroll","background-type":"","background-media":"","overlay-type":"","overlay-color":"","overlay-opacity":"","overlay-gradient":""},"tablet":{"background-color":"var(--ast-global-color-4)","background-image":"","background-repeat":"repeat","background-position":"center center","background-size":"auto","background-attachment":"scroll","background-type":"","background-media":"","overlay-type":"","overlay-color":"","overlay-opacity":"","overlay-gradient":""},"mobile":{"background-color":"var(--ast-global-color-4)","background-image":"","background-repeat":"repeat","background-position":"center center","background-size":"auto","background-attachment":"scroll","background-type":"","background-media":"","overlay-type":"","overlay-color":"","overlay-opacity":"","overlay-gradient":""}},"footnotes":""},"class_list":["post-98","page","type-page","status-publish","has-post-thumbnail"],"acf":[],"_links":{"self":[{"href":"https:\/\/taichytomato.com\/fr\/wp-json\/wp\/v2\/pages\/98","targetHints":{"allow":["GET"]}}],"collection":[{"href":"https:\/\/taichytomato.com\/fr\/wp-json\/wp\/v2\/pages"}],"about":[{"href":"https:\/\/taichytomato.com\/fr\/wp-json\/wp\/v2\/types\/page"}],"author":[{"embeddable":true,"href":"https:\/\/taichytomato.com\/fr\/wp-json\/wp\/v2\/users\/4"}],"replies":[{"embeddable":true,"href":"https:\/\/taichytomato.com\/fr\/wp-json\/wp\/v2\/comments?post=98"}],"version-history":[{"count":0,"href":"https:\/\/taichytomato.com\/fr\/wp-json\/wp\/v2\/pages\/98\/revisions"}],"wp:featuredmedia":[{"embeddable":true,"href":"https:\/\/taichytomato.com\/fr\/wp-json\/wp\/v2\/media\/131"}],"wp:attachment":[{"href":"https:\/\/taichytomato.com\/fr\/wp-json\/wp\/v2\/media?parent=98"}],"curies":[{"name":"wp","href":"https:\/\/api.w.org\/{rel}","templated":true}]}}